{"id":26,"date":"2019-10-30T08:04:23","date_gmt":"2019-10-30T05:04:23","guid":{"rendered":"https:\/\/demo.casethemes.net\/consultio-corporate3\/?page_id=26"},"modified":"2022-01-13T13:33:43","modified_gmt":"2022-01-13T10:33:43","slug":"hakkimizda","status":"publish","type":"page","link":"https:\/\/novahidrolik.com.tr\/index.php\/hakkimizda\/","title":{"rendered":"Hakk\u0131m\u0131zda"},"content":{"rendered":"\t\t<div data-elementor-type=\"wp-page\" data-elementor-id=\"26\" class=\"elementor elementor-26\" data-elementor-post-type=\"page\">\n\t\t\t\t\t\t\t        <section class=\"elementor-section elementor-top-section elementor-element elementor-element-f88eb36 elementor-section-boxed elementor-section-height-default elementor-section-height-default\" data-id=\"f88eb36\" data-element_type=\"section\">\n            \n                        <div class=\"elementor-container elementor-column-gap-default \">\n                    <div class=\"elementor-column elementor-col-100 elementor-top-column elementor-element elementor-element-c12c3f4\" data-id=\"c12c3f4\" data-element_type=\"column\">\n            <div class=\"elementor-widget-wrap elementor-element-populated\">\n                        \t\t<div class=\"elementor-element elementor-element-cd0ec7e elementor-widget elementor-widget-spacer\" data-id=\"cd0ec7e\" data-element_type=\"widget\" data-widget_type=\"spacer.default\">\n\t\t\t\t<div class=\"elementor-widget-container\">\n\t\t\t\t\t<div class=\"elementor-spacer\">\n\t\t\t<div class=\"elementor-spacer-inner\"><\/div>\n\t\t<\/div>\n\t\t\t\t<\/div>\n\t\t\t\t<\/div>\n\t\t            <\/div>\n        <\/div>\n                            <\/div>\n        <\/section>\n                <section class=\"elementor-section elementor-top-section elementor-element elementor-element-cfa3dce elementor-section-boxed elementor-section-height-default elementor-section-height-default\" data-id=\"cfa3dce\" data-element_type=\"section\">\n            \n                        <div class=\"elementor-container elementor-column-gap-default \">\n                    <div class=\"elementor-column elementor-col-50 elementor-top-column elementor-element elementor-element-bddbe34 elementor-invisible\" data-id=\"bddbe34\" data-element_type=\"column\" data-settings=\"{&quot;animation&quot;:&quot;fadeInLeft&quot;}\">\n            <div class=\"elementor-widget-wrap elementor-element-populated\">\n                        \t\t<div class=\"elementor-element elementor-element-3bf6ba5 elementor-widget elementor-widget-ct_heading\" data-id=\"3bf6ba5\" data-element_type=\"widget\" data-widget_type=\"ct_heading.default\">\n\t\t\t\t<div class=\"elementor-widget-container\">\n\t\t\t<div class=\"ct-heading h-align-  sub- ct-heading-left item-st-line-left1\" data-wow-delay=\"ms\">\r\n\t    <h3 class=\"item--title st-line-left1\">\r\n                <span>\r\n                            <i><\/i>\r\n                        Hakk\u0131m\u0131zda                    <\/span>\r\n            <\/h3>\r\n<\/div>\t\t<\/div>\n\t\t\t\t<\/div>\n\t\t\t\t<div class=\"elementor-element elementor-element-bacf130 elementor-widget elementor-widget-text-editor\" data-id=\"bacf130\" data-element_type=\"widget\" data-widget_type=\"text-editor.default\">\n\t\t\t\t<div class=\"elementor-widget-container\">\n\t\t\t\t\t\t\t<p>Nova Hidrolik Ltd. \u015eti. sekt\u00f6r\u00fcnde \u00e7eyrek as\u0131rl\u0131k tecr\u00fcbesiyle hidrolik, pnomatik, vakum ve otomasyon sistemlerinde kullan\u0131lan malzemelerin \u00fcretimi ithalat\u0131 ve sat\u0131\u015f\u0131 konusunda m\u00fc\u015fterilerine hizmet vermektedir. Merkezi Bursa\u2019da olan firmam\u0131z bu faliyetlerini ger\u00e7ekle\u015ftirirken direk sat\u0131\u015fla birlikte \u015fube bayii ve sat\u0131c\u0131 a\u011f\u0131n\u0131 kullanmaktad\u0131r. Firmam\u0131z\u00a0 2021 y\u0131l\u0131nda Bursa&#8217;da Nova Hidrolik \u00fcnvan\u0131 ile kurulmu\u015ftur. Fabrikalarda teknik taahh\u00fct i\u015fleri ve hidrolik sistemlerde kullan\u0131lan malzemelerin ticaretini yap\u0131lmaktad\u0131r. \u015eirket kurulu\u015f amac\u0131na uygun olarak, Hidrolik, Pn\u00f6matik, Otomasyon ve Vakum konular\u0131n\u0131 kapsayan \u00fcr\u00fcnlerin, imalat\u0131n\u0131, sat\u0131\u015f\u0131n\u0131, ithalat ve ihracat\u0131n\u0131 yapmaktad\u0131r. Firmam\u0131z y\u0131llar i\u00e7inde geli\u015ferek, mekan, \u00fcr\u00fcn \u00e7e\u015fitlili\u011fi ve personel say\u0131s\u0131 olarak art\u0131\u015f kaydetmi\u015ftir.\u00a0 Sat\u0131\u015flar\u0131m\u0131z\u0131 yurt i\u00e7inde, \u015fubeler, bayiler ve sat\u0131c\u0131lar, yurt d\u0131\u015f\u0131ndada sat\u0131c\u0131lar vas\u0131tas\u0131yla ger\u00e7ekle\u015ftiriyoruz.\u00a0<\/p>\t\t\t\t\t\t<\/div>\n\t\t\t\t<\/div>\n\t\t            <\/div>\n        <\/div>\n                <div class=\"elementor-column elementor-col-50 elementor-top-column elementor-element elementor-element-58e1a05 elementor-invisible\" data-id=\"58e1a05\" data-element_type=\"column\" data-settings=\"{&quot;animation&quot;:&quot;fadeInRight&quot;}\">\n            <div class=\"elementor-widget-wrap elementor-element-populated\">\n                        \t\t<div class=\"elementor-element elementor-element-5a9a4d0 elementor-widget elementor-widget-image\" data-id=\"5a9a4d0\" data-element_type=\"widget\" data-widget_type=\"image.default\">\n\t\t\t\t<div class=\"elementor-widget-container\">\n\t\t\t\t\t\t\t\t\t\t\t\t<figure class=\"wp-caption\">\n\t\t\t\t\t\t\t\t\t\t\t<a href=\"https:\/\/utdev.site\/nova\/wp-content\/uploads\/2022\/01\/nova-ev.jpg\" data-elementor-open-lightbox=\"yes\" data-elementor-lightbox-title=\"nova-ev\" data-e-action-hash=\"#elementor-action%3Aaction%3Dlightbox%26settings%3DeyJpZCI6NTk3MiwidXJsIjoiaHR0cHM6XC9cL25vdmFoaWRyb2xpay5jb20udHJcL3dwLWNvbnRlbnRcL3VwbG9hZHNcLzIwMjJcLzAxXC9ub3ZhLWV2LmpwZyJ9\">\n\t\t\t\t\t\t\t<img loading=\"lazy\" decoding=\"async\" width=\"2400\" height=\"1650\" src=\"https:\/\/novahidrolik.com.tr\/wp-content\/uploads\/2022\/01\/nova-ev.jpg\" class=\"attachment-full size-full wp-image-5972\" alt=\"\" srcset=\"https:\/\/novahidrolik.com.tr\/wp-content\/uploads\/2022\/01\/nova-ev.jpg 2400w, https:\/\/novahidrolik.com.tr\/wp-content\/uploads\/2022\/01\/nova-ev-600x413.jpg 600w, https:\/\/novahidrolik.com.tr\/wp-content\/uploads\/2022\/01\/nova-ev-300x206.jpg 300w, https:\/\/novahidrolik.com.tr\/wp-content\/uploads\/2022\/01\/nova-ev-1024x704.jpg 1024w, https:\/\/novahidrolik.com.tr\/wp-content\/uploads\/2022\/01\/nova-ev-768x528.jpg 768w, https:\/\/novahidrolik.com.tr\/wp-content\/uploads\/2022\/01\/nova-ev-1536x1056.jpg 1536w, https:\/\/novahidrolik.com.tr\/wp-content\/uploads\/2022\/01\/nova-ev-2048x1408.jpg 2048w\" sizes=\"auto, (max-width: 2400px) 100vw, 2400px\" \/>\t\t\t\t\t\t\t\t<\/a>\n\t\t\t\t\t\t\t\t\t\t\t<figcaption class=\"widget-image-caption wp-caption-text\"><\/figcaption>\n\t\t\t\t\t\t\t\t\t\t<\/figure>\n\t\t\t\t\t\t\t\t\t<\/div>\n\t\t\t\t<\/div>\n\t\t\t\t<div class=\"elementor-element elementor-element-0cd2a6b elementor-widget elementor-widget-heading\" data-id=\"0cd2a6b\" data-element_type=\"widget\" data-widget_type=\"heading.default\">\n\t\t\t\t<div class=\"elementor-widget-container\">\n\t\t\t<h6 class=\"elementor-heading-title elementor-size-default\">Nova Hidrolik Pn\u00f6matik ve G\u00fc\u00e7 Aktarma Sistemleri<\/h6>\t\t<\/div>\n\t\t\t\t<\/div>\n\t\t\t\t<div class=\"elementor-element elementor-element-6471618 elementor-widget elementor-widget-heading\" data-id=\"6471618\" data-element_type=\"widget\" data-widget_type=\"heading.default\">\n\t\t\t\t<div class=\"elementor-widget-container\">\n\t\t\t<h6 class=\"elementor-heading-title elementor-size-default\">San. ve Tic. Ltd. \u015eti.<\/h6>\t\t<\/div>\n\t\t\t\t<\/div>\n\t\t\t\t<div class=\"elementor-element elementor-element-dffa2c1 elementor-widget elementor-widget-image\" data-id=\"dffa2c1\" data-element_type=\"widget\" data-widget_type=\"image.default\">\n\t\t\t\t<div class=\"elementor-widget-container\">\n\t\t\t\t\t\t\t\t\t\t\t\t\t\t\t<img loading=\"lazy\" decoding=\"async\" width=\"350\" height=\"1\" src=\"https:\/\/novahidrolik.com.tr\/wp-content\/uploads\/2019\/12\/about-gap.png\" class=\"attachment-full size-full wp-image-1896\" alt=\"\" srcset=\"https:\/\/novahidrolik.com.tr\/wp-content\/uploads\/2019\/12\/about-gap.png 350w, https:\/\/novahidrolik.com.tr\/wp-content\/uploads\/2019\/12\/about-gap-300x1.png 300w, https:\/\/novahidrolik.com.tr\/wp-content\/uploads\/2019\/12\/about-gap-250x1.png 250w, https:\/\/novahidrolik.com.tr\/wp-content\/uploads\/2019\/12\/about-gap-150x1.png 150w\" sizes=\"auto, (max-width: 350px) 100vw, 350px\" \/>\t\t\t\t\t\t\t\t\t\t\t\t\t\t\t<\/div>\n\t\t\t\t<\/div>\n\t\t            <\/div>\n        <\/div>\n                            <\/div>\n        <\/section>\n        \t\t\t\t\t<\/div>\n\t\t","protected":false},"excerpt":{"rendered":"<p>Hakk\u0131m\u0131zda Nova Hidrolik Ltd. \u015eti. sekt\u00f6r\u00fcnde \u00e7eyrek as\u0131rl\u0131k tecr\u00fcbesiyle hidrolik, pnomatik, vakum ve otomasyon sistemlerinde kullan\u0131lan malzemelerin \u00fcretimi ithalat\u0131 ve sat\u0131\u015f\u0131 konusunda m\u00fc\u015fterilerine hizmet vermektedir. Merkezi Bursa\u2019da olan firmam\u0131z bu faliyetlerini ger\u00e7ekle\u015ftirirken direk sat\u0131\u015fla birlikte \u015fube bayii ve sat\u0131c\u0131 a\u011f\u0131n\u0131 kullanmaktad\u0131r. Firmam\u0131z\u00a0 2021 y\u0131l\u0131nda Bursa&#8217;da Nova Hidrolik \u00fcnvan\u0131 ile kurulmu\u015ftur. Fabrikalarda teknik taahh\u00fct i\u015fleri ve [&hellip;]<\/p>\n","protected":false},"author":1,"featured_media":0,"parent":0,"menu_order":0,"comment_status":"closed","ping_status":"closed","template":"","meta":{"footnotes":""},"class_list":["post-26","page","type-page","status-publish","hentry"],"_links":{"self":[{"href":"https:\/\/novahidrolik.com.tr\/index.php\/wp-json\/wp\/v2\/pages\/26","targetHints":{"allow":["GET"]}}],"collection":[{"href":"https:\/\/novahidrolik.com.tr\/index.php\/wp-json\/wp\/v2\/pages"}],"about":[{"href":"https:\/\/novahidrolik.com.tr\/index.php\/wp-json\/wp\/v2\/types\/page"}],"author":[{"embeddable":true,"href":"https:\/\/novahidrolik.com.tr\/index.php\/wp-json\/wp\/v2\/users\/1"}],"replies":[{"embeddable":true,"href":"https:\/\/novahidrolik.com.tr\/index.php\/wp-json\/wp\/v2\/comments?post=26"}],"version-history":[{"count":0,"href":"https:\/\/novahidrolik.com.tr\/index.php\/wp-json\/wp\/v2\/pages\/26\/revisions"}],"wp:attachment":[{"href":"https:\/\/novahidrolik.com.tr\/index.php\/wp-json\/wp\/v2\/media?parent=26"}],"curies":[{"name":"wp","href":"https:\/\/api.w.org\/{rel}","templated":true}]}}