{"id":6076,"date":"2022-01-11T13:31:24","date_gmt":"2022-01-11T10:31:24","guid":{"rendered":"https:\/\/utdev.site\/nova\/?page_id=6076"},"modified":"2022-01-11T13:40:12","modified_gmt":"2022-01-11T10:40:12","slug":"misyon-vizyon","status":"publish","type":"page","link":"https:\/\/novahidrolik.com.tr\/index.php\/misyon-vizyon\/","title":{"rendered":"Misyon &#038; Vizyon"},"content":{"rendered":"\t\t<div data-elementor-type=\"wp-page\" data-elementor-id=\"6076\" class=\"elementor elementor-6076\" data-elementor-post-type=\"page\">\n\t\t\t\t\t\t\t        <section class=\"elementor-section elementor-top-section elementor-element elementor-element-f88eb36 elementor-section-boxed elementor-section-height-default elementor-section-height-default\" data-id=\"f88eb36\" data-element_type=\"section\">\n            \n                        <div class=\"elementor-container elementor-column-gap-default \">\n                    <div class=\"elementor-column elementor-col-100 elementor-top-column elementor-element elementor-element-c12c3f4\" data-id=\"c12c3f4\" data-element_type=\"column\">\n            <div class=\"elementor-widget-wrap elementor-element-populated\">\n                        \t\t<div class=\"elementor-element elementor-element-cd0ec7e elementor-widget elementor-widget-spacer\" data-id=\"cd0ec7e\" data-element_type=\"widget\" data-widget_type=\"spacer.default\">\n\t\t\t\t<div class=\"elementor-widget-container\">\n\t\t\t\t\t<div class=\"elementor-spacer\">\n\t\t\t<div class=\"elementor-spacer-inner\"><\/div>\n\t\t<\/div>\n\t\t\t\t<\/div>\n\t\t\t\t<\/div>\n\t\t            <\/div>\n        <\/div>\n                            <\/div>\n        <\/section>\n                <section class=\"elementor-section elementor-top-section elementor-element elementor-element-cfa3dce elementor-section-boxed elementor-section-height-default elementor-section-height-default elementor-invisible\" data-id=\"cfa3dce\" data-element_type=\"section\" data-settings=\"{&quot;animation&quot;:&quot;fadeInUp&quot;}\">\n            \n                        <div class=\"elementor-container elementor-column-gap-default \">\n                    <div class=\"elementor-column elementor-col-100 elementor-top-column elementor-element elementor-element-bddbe34\" data-id=\"bddbe34\" data-element_type=\"column\">\n            <div class=\"elementor-widget-wrap elementor-element-populated\">\n                        \t\t<div class=\"elementor-element elementor-element-3bf6ba5 elementor-widget elementor-widget-ct_heading\" data-id=\"3bf6ba5\" data-element_type=\"widget\" data-widget_type=\"ct_heading.default\">\n\t\t\t\t<div class=\"elementor-widget-container\">\n\t\t\t<div class=\"ct-heading h-align-  sub- ct-heading-left item-st-line-left1\" data-wow-delay=\"ms\">\r\n\t    <h5 class=\"item--title st-line-left1\">\r\n                <span>\r\n                            <i><\/i>\r\n                        Misyonumuz                    <\/span>\r\n            <\/h5>\r\n<\/div>\t\t<\/div>\n\t\t\t\t<\/div>\n\t\t            <\/div>\n        <\/div>\n                            <\/div>\n        <\/section>\n                <section class=\"elementor-section elementor-top-section elementor-element elementor-element-8237ac4 elementor-section-stretched elementor-section-boxed elementor-section-height-default elementor-section-height-default elementor-invisible\" data-id=\"8237ac4\" data-element_type=\"section\" data-settings=\"{&quot;stretch_section&quot;:&quot;section-stretched&quot;,&quot;animation&quot;:&quot;fadeInUp&quot;}\">\n            \n                        <div class=\"elementor-container elementor-column-gap-narrow \">\n                    <div class=\"elementor-column elementor-col-100 elementor-top-column elementor-element elementor-element-bc20df9\" data-id=\"bc20df9\" data-element_type=\"column\">\n            <div class=\"elementor-widget-wrap elementor-element-populated\">\n                        \t\t<div class=\"elementor-element elementor-element-17aa5a5 elementor-widget elementor-widget-text-editor\" data-id=\"17aa5a5\" data-element_type=\"widget\" data-widget_type=\"text-editor.default\">\n\t\t\t\t<div class=\"elementor-widget-container\">\n\t\t\t\t\t\t\t<p>Nova Hidrolik markas\u0131 alt\u0131nda m\u00fchendislik bilimlerindeki en son teknolojik olanaklar\u0131 kullanarak ve sekt\u00f6r\u00fcnde meydana gelen geli\u015fmeleri yak\u0131ndan takip ederek daima y\u00fcksek kalite standartlar\u0131nda, m\u00fc\u015fterilerin gereksinimlerini a\u015farak kar\u015f\u0131layan \u00fcr\u00fcnleri geli\u015ftirmek, \u00fcretmek, sunmak,<br \/>Vermi\u015f oldu\u011fumuz sat\u0131\u015f sonras\u0131 hizmetler \u00e7er\u00e7evesinde m\u00fc\u015fteri memnuniyetini \u00f6n planda tutmak ve m\u00fckemmelle\u015fme anlay\u0131\u015f\u0131n\u0131 esas alarak, insana, do\u011faya, \u00e7evreye ve topluma sayg\u0131l\u0131 hizmetlerle birle\u015ftirerek kusursuz proje ve uygulama sistemleriyle birlikte m\u00fc\u015fterilerimize sunmak,<br \/>\u00c7al\u0131\u015fma ortam\u0131m\u0131z\u0131n g\u00fcvenli ve verimli olmas\u0131n\u0131 sa\u011flayarak, adil tutum, ekip \u00e7al\u0131\u015fmas\u0131, a\u00e7\u0131k ileti\u015fim, ki\u015fisel g\u00fcvenilirlik ve geli\u015fme olanaklar\u0131 tan\u0131mak,<br \/>T\u00fcm kaynaklar\u0131 en etkin bi\u00e7imde kullanmak suretiyle, payda\u015flar\u0131n beklentilerini kar\u015f\u0131layarak, hedef pazarlarda s\u00fcrekli geli\u015fmek ve b\u00fcy\u00fcmek,<br \/>Gelenek ve k\u00fclt\u00fcr\u00fcm\u00fcz\u00fc en iyi \u015fekilde s\u00fcrd\u00fcrmektir.<\/p>\t\t\t\t\t\t<\/div>\n\t\t\t\t<\/div>\n\t\t            <\/div>\n        <\/div>\n                            <\/div>\n        <\/section>\n                <section class=\"elementor-section elementor-top-section elementor-element elementor-element-5540155 elementor-section-boxed elementor-section-height-default elementor-section-height-default elementor-invisible\" data-id=\"5540155\" data-element_type=\"section\" data-settings=\"{&quot;animation&quot;:&quot;fadeInUp&quot;}\">\n            \n                        <div class=\"elementor-container elementor-column-gap-default \">\n                    <div class=\"elementor-column elementor-col-100 elementor-top-column elementor-element elementor-element-a58a26f\" data-id=\"a58a26f\" data-element_type=\"column\">\n            <div class=\"elementor-widget-wrap elementor-element-populated\">\n                        \t\t<div class=\"elementor-element elementor-element-271d23a elementor-widget elementor-widget-ct_heading\" data-id=\"271d23a\" data-element_type=\"widget\" data-widget_type=\"ct_heading.default\">\n\t\t\t\t<div class=\"elementor-widget-container\">\n\t\t\t<div class=\"ct-heading h-align-  sub- ct-heading-left item-st-line-left1\" data-wow-delay=\"ms\">\r\n\t    <h5 class=\"item--title st-line-left1\">\r\n                <span>\r\n                            <i><\/i>\r\n                        Vizyonumuz                    <\/span>\r\n            <\/h5>\r\n<\/div>\t\t<\/div>\n\t\t\t\t<\/div>\n\t\t            <\/div>\n        <\/div>\n                            <\/div>\n        <\/section>\n                <section class=\"elementor-section elementor-top-section elementor-element elementor-element-9735d0a elementor-section-stretched elementor-section-boxed elementor-section-height-default elementor-section-height-default elementor-invisible\" data-id=\"9735d0a\" data-element_type=\"section\" data-settings=\"{&quot;stretch_section&quot;:&quot;section-stretched&quot;,&quot;animation&quot;:&quot;fadeInUp&quot;}\">\n            \n                        <div class=\"elementor-container elementor-column-gap-narrow \">\n                    <div class=\"elementor-column elementor-col-100 elementor-top-column elementor-element elementor-element-2627e12\" data-id=\"2627e12\" data-element_type=\"column\">\n            <div class=\"elementor-widget-wrap elementor-element-populated\">\n                        \t\t<div class=\"elementor-element elementor-element-93eda04 elementor-widget elementor-widget-text-editor\" data-id=\"93eda04\" data-element_type=\"widget\" data-widget_type=\"text-editor.default\">\n\t\t\t\t<div class=\"elementor-widget-container\">\n\t\t\t\t\t\t\t<p>Sekt\u00f6r\u00fcm\u00fczde \u00fcretim ve hizmet anlay\u0131\u015f\u0131nda ve uygulamas\u0131nda \u00f6rnek, pazar\u0131n\u0131 s\u00fcrekli geli\u015ftiren firmalar aras\u0131nda olmak.\u00a0<\/p><p>\u201cKaliteye Sayg\u0131\u201d ve \u201c\u00c7evreye Sayg\u0131\u201d konular\u0131nda asla taviz vermeden bulundu\u011fumuz sekt\u00f6rde en \u00fcst s\u0131raya y\u00fckselmek.<\/p>\t\t\t\t\t\t<\/div>\n\t\t\t\t<\/div>\n\t\t            <\/div>\n        <\/div>\n                            <\/div>\n        <\/section>\n                <section class=\"elementor-section elementor-top-section elementor-element elementor-element-3deb8b2 elementor-section-boxed elementor-section-height-default elementor-section-height-default\" data-id=\"3deb8b2\" data-element_type=\"section\">\n            \n                        <div class=\"elementor-container elementor-column-gap-default \">\n                    <div class=\"elementor-column elementor-col-100 elementor-top-column elementor-element elementor-element-7114ccb\" data-id=\"7114ccb\" data-element_type=\"column\">\n            <div class=\"elementor-widget-wrap elementor-element-populated\">\n                        \t\t<div class=\"elementor-element elementor-element-ab9395c elementor-widget elementor-widget-spacer\" data-id=\"ab9395c\" data-element_type=\"widget\" data-widget_type=\"spacer.default\">\n\t\t\t\t<div class=\"elementor-widget-container\">\n\t\t\t\t\t<div class=\"elementor-spacer\">\n\t\t\t<div class=\"elementor-spacer-inner\"><\/div>\n\t\t<\/div>\n\t\t\t\t<\/div>\n\t\t\t\t<\/div>\n\t\t            <\/div>\n        <\/div>\n                            <\/div>\n        <\/section>\n        \t\t\t\t\t<\/div>\n\t\t","protected":false},"excerpt":{"rendered":"<p>Misyonumuz Nova Hidrolik markas\u0131 alt\u0131nda m\u00fchendislik bilimlerindeki en son teknolojik olanaklar\u0131 kullanarak ve sekt\u00f6r\u00fcnde meydana gelen geli\u015fmeleri yak\u0131ndan takip ederek daima y\u00fcksek kalite standartlar\u0131nda, m\u00fc\u015fterilerin gereksinimlerini a\u015farak kar\u015f\u0131layan \u00fcr\u00fcnleri geli\u015ftirmek, \u00fcretmek, sunmak,Vermi\u015f oldu\u011fumuz sat\u0131\u015f sonras\u0131 hizmetler \u00e7er\u00e7evesinde m\u00fc\u015fteri memnuniyetini \u00f6n planda tutmak ve m\u00fckemmelle\u015fme anlay\u0131\u015f\u0131n\u0131 esas alarak, insana, do\u011faya, \u00e7evreye ve topluma sayg\u0131l\u0131 hizmetlerle birle\u015ftirerek [&hellip;]<\/p>\n","protected":false},"author":1,"featured_media":0,"parent":0,"menu_order":0,"comment_status":"closed","ping_status":"closed","template":"","meta":{"footnotes":""},"class_list":["post-6076","page","type-page","status-publish","hentry"],"_links":{"self":[{"href":"https:\/\/novahidrolik.com.tr\/index.php\/wp-json\/wp\/v2\/pages\/6076","targetHints":{"allow":["GET"]}}],"collection":[{"href":"https:\/\/novahidrolik.com.tr\/index.php\/wp-json\/wp\/v2\/pages"}],"about":[{"href":"https:\/\/novahidrolik.com.tr\/index.php\/wp-json\/wp\/v2\/types\/page"}],"author":[{"embeddable":true,"href":"https:\/\/novahidrolik.com.tr\/index.php\/wp-json\/wp\/v2\/users\/1"}],"replies":[{"embeddable":true,"href":"https:\/\/novahidrolik.com.tr\/index.php\/wp-json\/wp\/v2\/comments?post=6076"}],"version-history":[{"count":0,"href":"https:\/\/novahidrolik.com.tr\/index.php\/wp-json\/wp\/v2\/pages\/6076\/revisions"}],"wp:attachment":[{"href":"https:\/\/novahidrolik.com.tr\/index.php\/wp-json\/wp\/v2\/media?parent=6076"}],"curies":[{"name":"wp","href":"https:\/\/api.w.org\/{rel}","templated":true}]}}