{"id":6078,"date":"2022-01-11T13:31:26","date_gmt":"2022-01-11T10:31:26","guid":{"rendered":"https:\/\/utdev.site\/nova\/?page_id=6078"},"modified":"2022-01-11T13:49:26","modified_gmt":"2022-01-11T10:49:26","slug":"kvkk-aydinlatma-m","status":"publish","type":"page","link":"https:\/\/novahidrolik.com.tr\/index.php\/kvkk-aydinlatma-m\/","title":{"rendered":"KVKK Ayd\u0131nlatma M."},"content":{"rendered":"\t\t<div data-elementor-type=\"wp-page\" data-elementor-id=\"6078\" class=\"elementor elementor-6078\" data-elementor-post-type=\"page\">\n\t\t\t\t\t\t\t        <section class=\"elementor-section elementor-top-section elementor-element elementor-element-f88eb36 elementor-section-boxed elementor-section-height-default elementor-section-height-default\" data-id=\"f88eb36\" data-element_type=\"section\">\n            \n                        <div class=\"elementor-container elementor-column-gap-default \">\n                    <div class=\"elementor-column elementor-col-100 elementor-top-column elementor-element elementor-element-c12c3f4\" data-id=\"c12c3f4\" data-element_type=\"column\">\n            <div class=\"elementor-widget-wrap elementor-element-populated\">\n                        \t\t<div class=\"elementor-element elementor-element-cd0ec7e elementor-widget elementor-widget-spacer\" data-id=\"cd0ec7e\" data-element_type=\"widget\" data-widget_type=\"spacer.default\">\n\t\t\t\t<div class=\"elementor-widget-container\">\n\t\t\t\t\t<div class=\"elementor-spacer\">\n\t\t\t<div class=\"elementor-spacer-inner\"><\/div>\n\t\t<\/div>\n\t\t\t\t<\/div>\n\t\t\t\t<\/div>\n\t\t            <\/div>\n        <\/div>\n                            <\/div>\n        <\/section>\n                <section class=\"elementor-section elementor-top-section elementor-element elementor-element-cfa3dce elementor-section-boxed elementor-section-height-default elementor-section-height-default elementor-invisible\" data-id=\"cfa3dce\" data-element_type=\"section\" data-settings=\"{&quot;animation&quot;:&quot;fadeInUp&quot;}\">\n            \n                        <div class=\"elementor-container elementor-column-gap-default \">\n                    <div class=\"elementor-column elementor-col-100 elementor-top-column elementor-element elementor-element-bddbe34\" data-id=\"bddbe34\" data-element_type=\"column\">\n            <div class=\"elementor-widget-wrap elementor-element-populated\">\n                        \t\t<div class=\"elementor-element elementor-element-3bf6ba5 elementor-widget elementor-widget-ct_heading\" data-id=\"3bf6ba5\" data-element_type=\"widget\" data-widget_type=\"ct_heading.default\">\n\t\t\t\t<div class=\"elementor-widget-container\">\n\t\t\t<div class=\"ct-heading h-align-  sub- ct-heading-left item-st-line-left1\" data-wow-delay=\"ms\">\r\n\t    <h5 class=\"item--title st-line-left1\">\r\n                <span>\r\n                            <i><\/i>\r\n                        KVKK Ayd\u0131nlatma Metni                    <\/span>\r\n            <\/h5>\r\n<\/div>\t\t<\/div>\n\t\t\t\t<\/div>\n\t\t            <\/div>\n        <\/div>\n                            <\/div>\n        <\/section>\n                <section class=\"elementor-section elementor-top-section elementor-element elementor-element-8237ac4 elementor-section-stretched elementor-section-boxed elementor-section-height-default elementor-section-height-default elementor-invisible\" data-id=\"8237ac4\" data-element_type=\"section\" data-settings=\"{&quot;stretch_section&quot;:&quot;section-stretched&quot;,&quot;animation&quot;:&quot;fadeInUp&quot;}\">\n            \n                        <div class=\"elementor-container elementor-column-gap-narrow \">\n                    <div class=\"elementor-column elementor-col-100 elementor-top-column elementor-element elementor-element-bc20df9\" data-id=\"bc20df9\" data-element_type=\"column\">\n            <div class=\"elementor-widget-wrap elementor-element-populated\">\n                        \t\t<div class=\"elementor-element elementor-element-17aa5a5 elementor-widget elementor-widget-text-editor\" data-id=\"17aa5a5\" data-element_type=\"widget\" data-widget_type=\"text-editor.default\">\n\t\t\t\t<div class=\"elementor-widget-container\">\n\t\t\t\t\t\t\t<p><strong>Ki\u015fisel Verilerin Korunmas\u0131 ve \u0130\u015flenmesi Hakk\u0131nda Ayd\u0131nlatma Metni<\/strong><\/p><p>\u0130\u015fbu Ki\u015fisel Verilerin Korunmas\u0131 ve \u0130\u015flenmesi Hakk\u0131nda Bilgilendirme\u2019nin (Bilgilendirme) amac\u0131, I\u015f\u0131n Nova Hidrolik Pn\u00f6matik ve G\u00fc\u00e7 Aktarma Sistemleri (Nova Hidrolik) taraf\u0131ndan y\u00f6netilmekte olan https:\/\/www.novahidrolik.com.tr\/ adresinde yer alan internet sitesinin, (Portal) kullan\u0131m\u0131 s\u0131ras\u0131nda elde edilen ve\/veya \u00fc\u00e7\u00fcnc\u00fc ki\u015filerden al\u0131nan ki\u015fisel verilerin kullan\u0131m\u0131na ili\u015fkin olarak 6698 say\u0131l\u0131 Ki\u015fisel Verilerin Korunmas\u0131 Hakk\u0131nda Kanun\u2019un (Ki\u015fisel Verilerin Korunmas\u0131 Kanunu) 10. maddesi ile getirilen ayd\u0131nlatma y\u00fck\u00fcml\u00fcl\u00fc\u011f\u00fcn\u00fcn yerine getirilmesidir. Ayr\u0131ca Kullan\u0131c\u0131lar\u2019\u0131n Portal\u2019\u0131n kullan\u0131m\u0131 ile ilgili olarak Nova Hidrolik taraf\u0131ndan toplanan veya Kullan\u0131c\u0131lar\u0131n pozitif hareketleri ile kendilerinin Portal\u2019a girdikleri ki\u015fisel verilerin toplanma \u015fekilleri, i\u015flenme ama\u00e7lar\u0131, hukuki nedenleri ve haklar\u0131 konular\u0131nda \u015feffaf bir \u015fekilde Kullan\u0131c\u0131lar\u0131 bilgilendirmektir. \u00c7e\u015fitli kategorilerdeki \u00fcr\u00fcn ve hizmetleri sunanlar ile potansiyel al\u0131c\u0131lar, Nova Hidrolik sundu\u011fu g\u00fcvenli ortam \u00fczerinden bulu\u015farak al\u0131\u015fveri\u015flerini yapmaktad\u0131rlar. Bu faaliyet i\u00e7erisinde i\u015fbu Bilgilendirme metninde belirtildi\u011fi \u015fekilde ki\u015fisel veriler Nova Hidrolik fonksiyonlar\u0131n\u0131n kullan\u0131labilmesinin gere\u011fi olarak i\u015flenmektedir.Nova Hidrolik, teknolojiye yat\u0131r\u0131m yaparak yenilik\u00e7i \u00fcr\u00fcn ve hizmet uygulamalar\u0131 ile internet alan\u0131nda Kullan\u0131c\u0131lar\u0131na daha iyi hizmet vermek i\u00e7in s\u00fcrekli kendisini yenilemekte ve en iyi hizmeti verebilmek i\u00e7in \u00e7al\u0131\u015fmakta, ki\u015fisel verilerin hukuka uygun olarak toplanmas\u0131, saklanmas\u0131 ve payla\u015f\u0131lmas\u0131n\u0131 sa\u011flamak ve gizlili\u011fini korumak amac\u0131yla m\u00fcmk\u00fcn olan en \u00fcst seviyede g\u00fcvenlik tedbirlerini almaktad\u0131r. Bu amac\u0131n\u0131 ger\u00e7ekle\u015ftirebilmek i\u00e7in Kullan\u0131c\u0131lar\u0131n ki\u015fisel verileri a\u015fa\u011f\u0131da detaylar\u0131 a\u00e7\u0131klanan kapsam ve ko\u015fullarda i\u015flenmektedir. Nova Hidrolik, i\u015fbu Bilgilendirme h\u00fck\u00fcmlerini diledi\u011fi zaman Portal \u00fczerinden yay\u0131mlamak suretiyle g\u00fcncelleyebilir ve de\u011fi\u015ftirebilir. Nova Hidrolik yapt\u0131\u011f\u0131 g\u00fcncelleme ve de\u011fi\u015fiklikler Portal\u2019da yay\u0131nland\u0131\u011f\u0131 tarihten itibaren ge\u00e7erli olacakt\u0131r.<\/p><p><strong>1) Veri Sorumlusu<\/strong><\/p><p>Ki\u015fisel Verilerin Korunmas\u0131 Kanunu uyar\u0131nca, ki\u015fisel verileriniz; veri sorumlusu olarak Nova Hidrolik taraf\u0131ndan a\u015fa\u011f\u0131da a\u00e7\u0131klanan kapsamda toplanacak ve i\u015flenebilecektir.<\/p><p><strong>2) Toplanan Ki\u015fisel Veriler<\/strong><\/p><p>Nova Hidrolik, a\u015fa\u011f\u0131da belirtilen metodlarla Kullan\u0131c\u0131lar\u2019dan \u00e7e\u015fitli statik (sabit) ve dinamik (de\u011fi\u015fken) veriler toplamaktad\u0131r. Nova Hidrolik toplad\u0131\u011f\u0131 veriler, Kullan\u0131c\u0131lar\u0131n kulland\u0131\u011f\u0131 hizmetlere ve \u00f6zelliklere ba\u011fl\u0131d\u0131r. \u0130\u015fbu ba\u015fl\u0131k alt\u0131nda, Nova Hidrolik taraf\u0131ndan sunulan Hizmetler kapsam\u0131nda i\u015flenen ve Ki\u015fisel Verilerin Korunmas\u0131 Kanunu uyar\u0131nca ki\u015fisel veri say\u0131lan verilerin hangileri oldu\u011fu a\u015fa\u011f\u0131da gruplar halinde s\u0131ralanm\u0131\u015ft\u0131r. Aksi a\u00e7\u0131k\u00e7a belirtilmedik\u00e7e, i\u015fbu Bilgilendirme\u2019de arz edilen h\u00fck\u00fcm ve ko\u015fullar kapsam\u0131nda \u201cki\u015fisel veri\u201d ve \u201c\u00f6zel nitelikli ki\u015fisel veri\u201d ifadeleri a\u015fa\u011f\u0131da yer alan bilgileri i\u00e7ermektedir:<\/p><p>Ad ve \u0130leti\u015fim Bilgileri: Ad, soyad\u0131, cep telefonu, ev telefonu, i\u015f telefonu, adresi, e-posta adresi, fatura bilgileri, TC kimlik numaras\u0131 (ulusal kimlik numaras\u0131), kimlik fotokopisi ve benzer di\u011fer belgeler.<\/p><p>Kimlik Do\u011frulama Bilgileri: Kullan\u0131c\u0131lar\u0131n \u00fcyelik bilgileri, kimli\u011fi do\u011frulamak i\u00e7in ve hesaba eri\u015fimi sa\u011flamak i\u00e7in kullan\u0131lan parolalar\u0131, Kullan\u0131c\u0131 Ad\u0131, kontak bilgileri, parola ipu\u00e7lar\u0131, Kullan\u0131c\u0131 numaralar\u0131, ilan numaralar\u0131.<\/p><p>Demografik Veriler: Do\u011fum tarihi, ya\u015f, cinsiyet, medeni hali, e\u011fitim durumu, meslek, ilgi alanlar\u0131, tercih edilen dil verileri.<\/p><p>Kullan\u0131m Verileri ve S\u0131k Kullan\u0131lanlar: \u00c7e\u015fitli yaz\u0131l\u0131m ve teknolojik ara\u00e7lar vas\u0131tas\u0131yla cihazlar\u0131n\u0131zdan toplanan veriler Nova Hidrolik veya \u00c7a\u011fr\u0131 Merkezlerini arama nedenleriniz, ses kay\u0131tlar\u0131, Portal \u00fczerinden bak\u0131lan \u00fcr\u00fcnler,<\/p><p>\u00d6deme Verileri: Ajans ve m\u00fc\u015fteri fatura ve \u00f6deme bilgileri (ad\u0131, soyad\u0131, fatura adresi, TC kimlik numaras\u0131, vergi kimlik numaras\u0131), \u00fcyeye g\u00f6nderilen faturalar ve \u00fcyelerden al\u0131nan \u00f6demelere ait dekont \u00f6rnekleri, \u00f6deme numaras\u0131, fatura numaras\u0131, fatura tutar\u0131, fatura kesim tarihi gibi veriler.<\/p><p>Ki\u015fisel Veriler Nerede Depolan\u0131r ve \u0130\u015flenir?Elde etti\u011fimiz ki\u015fisel verileriniz yurti\u00e7inde Nova Hidrolik hizmet servis sa\u011flay\u0131c\u0131lar\u0131nda depolan\u0131r ve i\u015flenir. \u0130\u015fbu Bilgilendirme kapsam\u0131nda toplanan ki\u015fisel verileriniz burada yer alan h\u00fck\u00fcmlere ve verilerin depoland\u0131\u011f\u0131 ve i\u015flendi\u011fi \u00fclkede y\u00fcr\u00fcrl\u00fckte olan mevzuat kapsam\u0131nda ve \u00f6ng\u00f6r\u00fclen g\u00fcvenlik \u00f6nlemleri d\u00e2hilinde i\u015flenecektir.<\/p><p><strong>3) Ki\u015fisel Verilerin Hangi Ama\u00e7la \u0130\u015flenece\u011fi<\/strong><\/p><p>\u0130\u015fbu Bilgilendirme ile \u00dcyelik S\u00f6zle\u015fmesi\u2019nde yer alan ama\u00e7lar do\u011frultusunda ki\u015fisel verileriniz, 6698 Say\u0131l\u0131 Ki\u015fisel Verilerin Korunmas\u0131 Kanunu ile d\u00fczenlenen \u0130lkeler ve \u0130\u015fleme \u015eartlar\u0131 uyar\u0131nca ve a\u015fa\u011f\u0131da detaylar\u0131 belirtilen ama\u00e7lar dairesinde i\u015flenecektir:<\/p><p>Ad ve \u0130leti\u015fim Bilgileri: \u015eirket i\u00e7i de\u011ferlendirme, ileti\u015fim, Kullan\u0131c\u0131 kay\u0131t, potansiyel m\u00fc\u015fteri bilgisi elde etmek, sat\u0131\u015f sonras\u0131 s\u00fcre\u00e7lerin geli\u015ftirilmesi, i\u015f geli\u015ftirme, tahsilat, m\u00fc\u015fteri portf\u00f6y y\u00f6netimi, promosyon, analiz, \u015fikayet y\u00f6netimi, m\u00fc\u015fteri memnuniyeti s\u00fcre\u00e7lerini y\u00f6netmek, pazarlama, reklam, ara\u015ft\u0131rma, faturaland\u0131rma, etkinlik bilgilendirmesi, operasyonel faaliyetlerin y\u00fcr\u00fct\u00fclmesi, hizmet kalitesinin \u00f6l\u00e7\u00fclmesi, geli\u015ftirilmesi, denetim, kontrol, optimizasyon, m\u00fc\u015fteri do\u011frulama, pazarlama, sat\u0131\u015f, reklam, sat\u0131\u015f sonras\u0131 hizmetleri, doland\u0131r\u0131c\u0131l\u0131\u011f\u0131n tespiti ve \u00f6nlenmesi;<\/p><p>Kimlik Do\u011frulama Bilgileri: Kullan\u0131c\u0131 kay\u0131t, sorun\/hata bildirimi, kontrol, operasyonel faaliyetlerin geli\u015ftirilmesi, y\u00fcr\u00fct\u00fclmesi, sat\u0131\u015f sonras\u0131 s\u00fcre\u00e7lerin geli\u015ftirilmesi, i\u015f geli\u015ftirme, tahsilat, \u015firket i\u00e7i de\u011ferlendirme, m\u00fc\u015fteri portf\u00f6y y\u00f6netimi, hizmet kalitesinin \u00f6l\u00e7\u00fclmesi, ileti\u015fim, optimizasyon, moderasyon, denetim, risk y\u00f6netimi, denetim, m\u00fc\u015fteri do\u011frulama, doland\u0131r\u0131c\u0131l\u0131\u011f\u0131n tespiti ve \u00f6nlenmesi;<\/p><p>Demografik Veriler: Promosyon, \u015firket i\u00e7i de\u011ferlendirme, analiz, ileti\u015fim, sat\u0131\u015f sonras\u0131 s\u00fcre\u00e7lerin geli\u015ftirilmesi, i\u015f geli\u015ftirme, tahsilat, kullan\u0131m verileri ve ilgi alanlar\u0131, s\u0131k kullan\u0131lanlar, pazarlama, sat\u0131\u015f, reklam, denetim ve kontrol, risk y\u00f6netimi, sat\u0131\u015f sonras\u0131 s\u00fcre\u00e7lerin geli\u015ftirilmesi, i\u015f geli\u015ftirme, tahsilat, \u015firket i\u00e7i de\u011ferlendirme, m\u00fc\u015fteri portf\u00f6y y\u00f6netimi, sat\u0131\u015f sonras\u0131 hizmetler, hizmet kalitesinin \u00f6l\u00e7\u00fclmesi, geli\u015ftirilmesi, ileti\u015fim, \u015fikayet y\u00f6netimi s\u00fcre\u00e7lerini y\u00fcr\u00fctmek, operasyonel faaliyetlerin y\u00fcr\u00fct\u00fclmesi ve geli\u015ftirilmesi, kay\u0131t, sorun\/hata bildirimi;<\/p><p>Kullan\u0131m Verileri ve S\u0131k Kullan\u0131lanlar: Kullan\u0131c\u0131 kay\u0131t, sorun\/hata bildirimi, kontrol, sorgulama, operasyonel faaliyetlerin y\u00fcr\u00fct\u00fclmesi ve geli\u015ftirilmesi, sat\u0131\u015f sonras\u0131 hizmetler ve sat\u0131\u015f sonras\u0131 s\u00fcre\u00e7lerin geli\u015ftirilmesi, i\u015f geli\u015ftirme, tahsilat, \u015firket i\u00e7i de\u011ferlendirme, \u00e7evrimi\u00e7i davran\u0131\u015fsal reklamc\u0131l\u0131k ve pazarlama, m\u00fc\u015fteri portf\u00f6y y\u00f6netimi, hizmet kalitesinin \u00f6l\u00e7\u00fclmesi ve geli\u015ftirilmesi, ileti\u015fim, optimizasyon, denetim, risk y\u00f6netimi ve kontrol, promosyon, analiz, ilgi alanlar\u0131 belirleme, skorlama, profilleme, pazarlama, sat\u0131\u015f, reklam, ileti\u015fim, \u015fikayet y\u00f6netimi s\u00fcre\u00e7lerini y\u00fcr\u00fctmek, kay\u0131t, sorun\/hata bildirimi;<\/p><p>\u00d6deme Verileri: Faturaland\u0131rma s\u00fcrecini y\u00f6netmek, muhasebe, sat\u0131\u015f sonras\u0131 s\u00fcre\u00e7lerin geli\u015ftirilmesi, i\u015f geli\u015ftirme, tahsilat, \u015firket i\u00e7i de\u011ferlendirme, skorlama, profilleme, m\u00fc\u015fteri portf\u00f6y y\u00f6netimi, sat\u0131\u015f sonras\u0131 hizmetler, ileti\u015fim, pazarlama, denetim, kontrol, \u00f6deme hizmet sa\u011flay\u0131c\u0131lar\u0131 ile y\u00fcr\u00fct\u00fclen s\u00fcre\u00e7ler;<\/p><p>\u0130\u00e7erik: \u0130\u015f geli\u015ftirme, optimizasyon, m\u00fc\u015fteri portf\u00f6y y\u00f6netimi, denetim, kontrol, operasyonel faaliyetlerin geli\u015ftirilmesi, i\u015f geli\u015ftirme, promosyon, \u015firket i\u00e7i de\u011ferlendirme, m\u00fc\u015fteri y\u00f6netimi, analiz, skorlama, profilleme, sat\u0131\u015f sonras\u0131 s\u00fcre\u00e7lerin geli\u015ftirilmesi, tahsilat, sat\u0131\u015f sonras\u0131 hizmetler, ileti\u015fim, hizmet kalitesi \u00f6l\u00e7\u00fclmesi, geli\u015ftirilmesi, \u015fikayet y\u00f6netimi s\u00fcre\u00e7lerini y\u00fcr\u00fctme;<\/p><p>Ki\u015fisel Verileri Saklama S\u00fcresi<br \/>Sahibinden, elde etti\u011fi ki\u015fisel verileri, Kullan\u0131c\u0131lar\u2019a Hizmet\u2019ten en iyi \u015fekilde faydalanabilmeleri i\u00e7in i\u015fbu Bilgilendirme ile \u00dcyelik S\u00f6zle\u015fmesi\u2019nde belirtilen \u015fartlar \u00e7er\u00e7evesinde ve \u00dcyelik S\u00f6zle\u015fmesi\u2019nin mahiyetinden kaynaklanan y\u00fck\u00fcml\u00fcl\u00fckleri yerine getirebilmesi ad\u0131na i\u015flendikleri ama\u00e7 i\u00e7in gerekli olan s\u00fcre kadar muhafaza edecektir.<\/p><p>Buna ek olarak, Nova Hidrolik ile do\u011fabilecek herhangi bir uyu\u015fmazl\u0131k durumunda, uyu\u015fmazl\u0131k kapsam\u0131nda idari veya yarg\u0131 s\u00fcre\u00e7lerinin y\u00fcr\u00fct\u00fclebilmesi amac\u0131yla s\u0131n\u0131rl\u0131 olmak \u00fczere ve ilgili mevzuat uyar\u0131nca belirlenen zamana\u015f\u0131m\u0131 s\u00fcreleri boyunca ki\u015fisel verileri saklayacakt\u0131r.<\/p><p><strong>4) Ki\u015fisel Veri Toplaman\u0131n Y\u00f6ntemi ve Hukuki Sebebi<\/strong><\/p><p>Nova Hidrolik, daha etkin bir \u015fekilde \u00e7al\u0131\u015fmak ve size en iyi deneyimi sunmak i\u00e7in ki\u015fisel verilerinizi toplamaktad\u0131r. Nova Hidrolik, ki\u015fisel verilerinizi, do\u011frudan sizden (veri sahibi), sizin ad\u0131n\u0131za hareket eden vekil ve\/veya hareket etmeye yetkili ki\u015filer taraf\u0131ndan verileriniz a\u015fa\u011f\u0131daki y\u00f6ntemler kullan\u0131larak toplanmaktad\u0131r:<\/p><p><strong>5) Veri G\u00fcvenli\u011fine \u0130li\u015fkin \u00d6nlemlerimiz ve Taahh\u00fctlerimiz<\/strong><\/p><p>Nova Hidrolik, ki\u015fisel verileri g\u00fcvenli bir \u015fekilde korumay\u0131 taahh\u00fct eder. Ki\u015fisel verilerin hukuka ayk\u0131r\u0131 olarak i\u015flenmesini ve eri\u015filmesini engellemek ve ki\u015fisel verilerin muhafazas\u0131n\u0131 sa\u011flamak amac\u0131yla uygun g\u00fcvenlik d\u00fczeyini temin etmeye y\u00f6nelik teknik ve idari tedbirleri \u00e7e\u015fitli y\u00f6ntemler ve g\u00fcvenlik teknolojileri kullanarak ger\u00e7ekle\u015ftirilmektedir.<\/p><p>Nova Hidrolik, elde etti\u011fi ki\u015fisel verileri bu i\u015fbu Bilgilendirme ve 6698 Say\u0131l\u0131 Ki\u015fisel Verilerin Korunmas\u0131 Kanunu h\u00fck\u00fcmlerine ayk\u0131r\u0131 olarak ba\u015fkas\u0131na a\u00e7\u0131klamayacakt\u0131r ve i\u015fleme amac\u0131 d\u0131\u015f\u0131nda kullanmayacakt\u0131r. Nova Hidrolik, i\u015fbu Bilgilendirme uyar\u0131nca d\u0131\u015f kaynak hizmet sa\u011flay\u0131c\u0131larla Kullan\u0131c\u0131lar\u2019a ait ki\u015fisel verilerin payla\u015f\u0131lmas\u0131 durumunda, s\u00f6z konusu d\u0131\u015f kaynak tedarik\u00e7ilerinin de i\u015fbu madde alt\u0131nda yer alan taahh\u00fctlere riayet etmeleri i\u00e7in gerekli uyar\u0131 ve denetim faaliyetlerini icra edece\u011fini beyan eder.<\/p>\t\t\t\t\t\t<\/div>\n\t\t\t\t<\/div>\n\t\t            <\/div>\n        <\/div>\n                            <\/div>\n        <\/section>\n                <section class=\"elementor-section elementor-top-section elementor-element elementor-element-3deb8b2 elementor-section-boxed elementor-section-height-default elementor-section-height-default\" data-id=\"3deb8b2\" data-element_type=\"section\">\n            \n                        <div class=\"elementor-container elementor-column-gap-default \">\n                    <div class=\"elementor-column elementor-col-100 elementor-top-column elementor-element elementor-element-7114ccb\" data-id=\"7114ccb\" data-element_type=\"column\">\n            <div class=\"elementor-widget-wrap elementor-element-populated\">\n                        \t\t<div class=\"elementor-element elementor-element-ab9395c elementor-widget elementor-widget-spacer\" data-id=\"ab9395c\" data-element_type=\"widget\" data-widget_type=\"spacer.default\">\n\t\t\t\t<div class=\"elementor-widget-container\">\n\t\t\t\t\t<div class=\"elementor-spacer\">\n\t\t\t<div class=\"elementor-spacer-inner\"><\/div>\n\t\t<\/div>\n\t\t\t\t<\/div>\n\t\t\t\t<\/div>\n\t\t            <\/div>\n        <\/div>\n                            <\/div>\n        <\/section>\n        \t\t\t\t\t<\/div>\n\t\t","protected":false},"excerpt":{"rendered":"<p>KVKK Ayd\u0131nlatma Metni Ki\u015fisel Verilerin Korunmas\u0131 ve \u0130\u015flenmesi Hakk\u0131nda Ayd\u0131nlatma Metni \u0130\u015fbu Ki\u015fisel Verilerin Korunmas\u0131 ve \u0130\u015flenmesi Hakk\u0131nda Bilgilendirme\u2019nin (Bilgilendirme) amac\u0131, I\u015f\u0131n Nova Hidrolik Pn\u00f6matik ve G\u00fc\u00e7 Aktarma Sistemleri (Nova Hidrolik) taraf\u0131ndan y\u00f6netilmekte olan https:\/\/www.novahidrolik.com.tr\/ adresinde yer alan internet sitesinin, (Portal) kullan\u0131m\u0131 s\u0131ras\u0131nda elde edilen ve\/veya \u00fc\u00e7\u00fcnc\u00fc ki\u015filerden al\u0131nan ki\u015fisel verilerin kullan\u0131m\u0131na ili\u015fkin olarak 6698 [&hellip;]<\/p>\n","protected":false},"author":1,"featured_media":0,"parent":0,"menu_order":0,"comment_status":"closed","ping_status":"closed","template":"","meta":{"footnotes":""},"class_list":["post-6078","page","type-page","status-publish","hentry"],"_links":{"self":[{"href":"https:\/\/novahidrolik.com.tr\/index.php\/wp-json\/wp\/v2\/pages\/6078","targetHints":{"allow":["GET"]}}],"collection":[{"href":"https:\/\/novahidrolik.com.tr\/index.php\/wp-json\/wp\/v2\/pages"}],"about":[{"href":"https:\/\/novahidrolik.com.tr\/index.php\/wp-json\/wp\/v2\/types\/page"}],"author":[{"embeddable":true,"href":"https:\/\/novahidrolik.com.tr\/index.php\/wp-json\/wp\/v2\/users\/1"}],"replies":[{"embeddable":true,"href":"https:\/\/novahidrolik.com.tr\/index.php\/wp-json\/wp\/v2\/comments?post=6078"}],"version-history":[{"count":0,"href":"https:\/\/novahidrolik.com.tr\/index.php\/wp-json\/wp\/v2\/pages\/6078\/revisions"}],"wp:attachment":[{"href":"https:\/\/novahidrolik.com.tr\/index.php\/wp-json\/wp\/v2\/media?parent=6078"}],"curies":[{"name":"wp","href":"https:\/\/api.w.org\/{rel}","templated":true}]}}