{"id":6079,"date":"2022-01-11T13:31:26","date_gmt":"2022-01-11T10:31:26","guid":{"rendered":"https:\/\/utdev.site\/nova\/?page_id=6079"},"modified":"2022-01-13T13:35:42","modified_gmt":"2022-01-13T10:35:42","slug":"politika","status":"publish","type":"page","link":"https:\/\/novahidrolik.com.tr\/index.php\/politika\/","title":{"rendered":"Politika"},"content":{"rendered":"\t\t<div data-elementor-type=\"wp-page\" data-elementor-id=\"6079\" class=\"elementor elementor-6079\" data-elementor-post-type=\"page\">\n\t\t\t\t\t\t\t        <section class=\"elementor-section elementor-top-section elementor-element elementor-element-f88eb36 elementor-section-boxed elementor-section-height-default elementor-section-height-default\" data-id=\"f88eb36\" data-element_type=\"section\">\n            \n                        <div class=\"elementor-container elementor-column-gap-default \">\n                    <div class=\"elementor-column elementor-col-100 elementor-top-column elementor-element elementor-element-c12c3f4\" data-id=\"c12c3f4\" data-element_type=\"column\">\n            <div class=\"elementor-widget-wrap elementor-element-populated\">\n                        \t\t<div class=\"elementor-element elementor-element-cd0ec7e elementor-widget elementor-widget-spacer\" data-id=\"cd0ec7e\" data-element_type=\"widget\" data-widget_type=\"spacer.default\">\n\t\t\t\t<div class=\"elementor-widget-container\">\n\t\t\t\t\t<div class=\"elementor-spacer\">\n\t\t\t<div class=\"elementor-spacer-inner\"><\/div>\n\t\t<\/div>\n\t\t\t\t<\/div>\n\t\t\t\t<\/div>\n\t\t            <\/div>\n        <\/div>\n                            <\/div>\n        <\/section>\n                <section class=\"elementor-section elementor-top-section elementor-element elementor-element-cfa3dce elementor-section-boxed elementor-section-height-default elementor-section-height-default elementor-invisible\" data-id=\"cfa3dce\" data-element_type=\"section\" data-settings=\"{&quot;animation&quot;:&quot;fadeInUp&quot;}\">\n            \n                        <div class=\"elementor-container elementor-column-gap-default \">\n                    <div class=\"elementor-column elementor-col-100 elementor-top-column elementor-element elementor-element-bddbe34\" data-id=\"bddbe34\" data-element_type=\"column\">\n            <div class=\"elementor-widget-wrap elementor-element-populated\">\n                        \t\t<div class=\"elementor-element elementor-element-3bf6ba5 elementor-widget elementor-widget-ct_heading\" data-id=\"3bf6ba5\" data-element_type=\"widget\" data-widget_type=\"ct_heading.default\">\n\t\t\t\t<div class=\"elementor-widget-container\">\n\t\t\t<div class=\"ct-heading h-align-  sub- ct-heading-left item-st-line-left1\" data-wow-delay=\"ms\">\r\n\t    <h5 class=\"item--title st-line-left1\">\r\n                <span>\r\n                            <i><\/i>\r\n                        Kalite Politikam\u0131z                    <\/span>\r\n            <\/h5>\r\n<\/div>\t\t<\/div>\n\t\t\t\t<\/div>\n\t\t            <\/div>\n        <\/div>\n                            <\/div>\n        <\/section>\n                <section class=\"elementor-section elementor-top-section elementor-element elementor-element-8237ac4 elementor-section-stretched elementor-section-boxed elementor-section-height-default elementor-section-height-default elementor-invisible\" data-id=\"8237ac4\" data-element_type=\"section\" data-settings=\"{&quot;stretch_section&quot;:&quot;section-stretched&quot;,&quot;animation&quot;:&quot;fadeInUp&quot;}\">\n            \n                        <div class=\"elementor-container elementor-column-gap-narrow \">\n                    <div class=\"elementor-column elementor-col-100 elementor-top-column elementor-element elementor-element-bc20df9\" data-id=\"bc20df9\" data-element_type=\"column\">\n            <div class=\"elementor-widget-wrap elementor-element-populated\">\n                        \t\t<div class=\"elementor-element elementor-element-17aa5a5 elementor-widget elementor-widget-text-editor\" data-id=\"17aa5a5\" data-element_type=\"widget\" data-widget_type=\"text-editor.default\">\n\t\t\t\t<div class=\"elementor-widget-container\">\n\t\t\t\t\t\t\t<p>Nova Hidrolik TKY (Toplam Kalite Y\u00f6netimi) modeliyle in\u015fa edilmi\u015f kalite politikas\u0131n\u0131 genel olarak 4 ana ba\u015fl\u0131k alt\u0131nda \u00e7er\u00e7evelemi\u015ftir:<\/p><p><strong>Sat\u0131\u015f \u00d6ncesi Hizmet Kalitesi<\/strong><br \/>\u00d6zel proje ve tasar\u0131mlar i\u00e7in en \u00f6nemli konu sat\u0131\u015f \u00f6ncesi hizmetlerdir. Zira \u00fcretilecek \u00fcr\u00fcn\u00fcn \u00fcretim, tasar\u0131m, malzeme ve sair \u00f6zellikleri konusunda verilecek do\u011fru ve yerinde kararlar hem esteti\u011fi hem de dayan\u0131kl\u0131l\u0131\u011f\u0131 do\u011frudan etkilemektedir. Toplam kalite \u00e7\u0131tas\u0131n\u0131 y\u00fcksek tutmak i\u00e7in sat\u0131\u015f \u00f6ncesi bilgi payla\u015f\u0131m\u0131 ve y\u00f6nlendirmelere \u00f6zellikle \u00f6nem veriyor ve gerekli payla\u015f\u0131mlar\u0131 yaparak m\u00fc\u015fterimiz ile birlikte karar al\u0131yoruz.<br \/>Ayr\u0131ca, bu a\u015famada termin s\u00fcreleri konusunda da a\u00e7\u0131k ve kesin bilgiler verilmektedir. Ger\u00e7eklikten uzak termin taahh\u00fcd\u00fc \u00f6zellikle ka\u00e7\u0131nd\u0131\u011f\u0131m\u0131z bir kalite standard\u0131d\u0131r.<\/p><p><strong>\u00dcr\u00fcn Kalitesi<\/strong><br \/>TKY (Toplam Kalite Y\u00f6netimi) modelimizde \u00fcr\u00fcn kalitesini s\u00fcrd\u00fcr\u00fclebilir k\u0131lmak ve \u00fcr\u00fcn esteti\u011fini muhafaza etmek i\u00e7in \u00fcretim faaliyetleri iki ana ba\u015fl\u0131k halinde de\u011ferlendirilmektedir:<br \/><strong>\u2013 Hammadde ve Malzeme Kalitesi<\/strong><br \/>\u00dcretimde kullan\u0131lacak hammadde ve malzemelerin kalitesi ve cinsleri hakk\u0131nda Sat\u0131\u015f \u00d6ncesi Hizmetler a\u015famas\u0131nda karar verilmektedir. Bu kararlar do\u011frultusunda istenilen kalitede hammadde ve malzeme kullan\u0131lmaktad\u0131r.<\/p><p><strong>\u2013 \u0130\u015f\u00e7ilik ve Di\u011fer \u00dcretim Kalitesi<\/strong><br \/>Nova Hidrolik mutfa\u011f\u0131 olan bu a\u015famada titiz bir \u00fcretim yolu takip edilmektedir. Gerekli her i\u015flem sonunda kalite kontrolleri yap\u0131larak \u00fcr\u00fcn montaj ve kullan\u0131m\u0131nda kar\u015f\u0131la\u015f\u0131lmas\u0131 muhtemel sorunlar \u00fcretim band\u0131nda \u00e7\u00f6z\u00fcmlenmektedir.<\/p><p><strong>\u00dcr\u00fcn Teslimi<\/strong><br \/>\u00d6zel proje \u00fcreticilerinin ta\u015f\u0131d\u0131klar\u0131 y\u00fcksek risk sipari\u015flerinin zaman\u0131nda, istenilen kalitede ve eksiksiz olarak teslim edilmemesidir.<br \/>Nova Hidrolik, toplam kalitesi bu \u00fc\u00e7 unsurun birle\u015fimi ile \u015fekillenmektedir.<br \/>\u00dcr\u00fcn teslimleri sipari\u015f ile belirlenen \u015fekil, adet ve terminde ger\u00e7ekle\u015fmektedir.<\/p><p><strong>Sat\u0131\u015f Sonras\u0131 Hizmet Kalitesi<\/strong><br \/>Sat\u0131\u015f sonras\u0131 hizmetler teslim edilen \u00fcr\u00fcn\u00fcn arzu edilen kullan\u0131m \u00f6zelliklerini sa\u011flayana kadar devam etmektedir. Bu s\u00fcre\u00e7 i\u00e7inde estetik kayg\u0131lardan kesinlikle feragat edilmeden \u00e7\u00f6z\u00fcmler \u00fcretilir.<\/p>\t\t\t\t\t\t<\/div>\n\t\t\t\t<\/div>\n\t\t            <\/div>\n        <\/div>\n                            <\/div>\n        <\/section>\n                <section class=\"elementor-section elementor-top-section elementor-element elementor-element-3deb8b2 elementor-section-boxed elementor-section-height-default elementor-section-height-default\" data-id=\"3deb8b2\" data-element_type=\"section\">\n            \n                        <div class=\"elementor-container elementor-column-gap-default \">\n                    <div class=\"elementor-column elementor-col-100 elementor-top-column elementor-element elementor-element-7114ccb\" data-id=\"7114ccb\" data-element_type=\"column\">\n            <div class=\"elementor-widget-wrap elementor-element-populated\">\n                        \t\t<div class=\"elementor-element elementor-element-ab9395c elementor-widget elementor-widget-spacer\" data-id=\"ab9395c\" data-element_type=\"widget\" data-widget_type=\"spacer.default\">\n\t\t\t\t<div class=\"elementor-widget-container\">\n\t\t\t\t\t<div class=\"elementor-spacer\">\n\t\t\t<div class=\"elementor-spacer-inner\"><\/div>\n\t\t<\/div>\n\t\t\t\t<\/div>\n\t\t\t\t<\/div>\n\t\t            <\/div>\n        <\/div>\n                            <\/div>\n        <\/section>\n        \t\t\t\t\t<\/div>\n\t\t","protected":false},"excerpt":{"rendered":"<p>Kalite Politikam\u0131z Nova Hidrolik TKY (Toplam Kalite Y\u00f6netimi) modeliyle in\u015fa edilmi\u015f kalite politikas\u0131n\u0131 genel olarak 4 ana ba\u015fl\u0131k alt\u0131nda \u00e7er\u00e7evelemi\u015ftir: Sat\u0131\u015f \u00d6ncesi Hizmet Kalitesi\u00d6zel proje ve tasar\u0131mlar i\u00e7in en \u00f6nemli konu sat\u0131\u015f \u00f6ncesi hizmetlerdir. Zira \u00fcretilecek \u00fcr\u00fcn\u00fcn \u00fcretim, tasar\u0131m, malzeme ve sair \u00f6zellikleri konusunda verilecek do\u011fru ve yerinde kararlar hem esteti\u011fi hem de dayan\u0131kl\u0131l\u0131\u011f\u0131 do\u011frudan [&hellip;]<\/p>\n","protected":false},"author":1,"featured_media":0,"parent":0,"menu_order":0,"comment_status":"closed","ping_status":"closed","template":"","meta":{"footnotes":""},"class_list":["post-6079","page","type-page","status-publish","hentry"],"_links":{"self":[{"href":"https:\/\/novahidrolik.com.tr\/index.php\/wp-json\/wp\/v2\/pages\/6079","targetHints":{"allow":["GET"]}}],"collection":[{"href":"https:\/\/novahidrolik.com.tr\/index.php\/wp-json\/wp\/v2\/pages"}],"about":[{"href":"https:\/\/novahidrolik.com.tr\/index.php\/wp-json\/wp\/v2\/types\/page"}],"author":[{"embeddable":true,"href":"https:\/\/novahidrolik.com.tr\/index.php\/wp-json\/wp\/v2\/users\/1"}],"replies":[{"embeddable":true,"href":"https:\/\/novahidrolik.com.tr\/index.php\/wp-json\/wp\/v2\/comments?post=6079"}],"version-history":[{"count":0,"href":"https:\/\/novahidrolik.com.tr\/index.php\/wp-json\/wp\/v2\/pages\/6079\/revisions"}],"wp:attachment":[{"href":"https:\/\/novahidrolik.com.tr\/index.php\/wp-json\/wp\/v2\/media?parent=6079"}],"curies":[{"name":"wp","href":"https:\/\/api.w.org\/{rel}","templated":true}]}}