{"id":6082,"date":"2022-01-11T13:31:30","date_gmt":"2022-01-11T10:31:30","guid":{"rendered":"https:\/\/utdev.site\/nova\/?page_id=6082"},"modified":"2024-04-27T10:33:46","modified_gmt":"2024-04-27T07:33:46","slug":"banka-bilgileri","status":"publish","type":"page","link":"https:\/\/novahidrolik.com.tr\/index.php\/banka-bilgileri\/","title":{"rendered":"Banka Bilgileri"},"content":{"rendered":"\t\t<div data-elementor-type=\"wp-page\" data-elementor-id=\"6082\" class=\"elementor elementor-6082\" data-elementor-post-type=\"page\">\n\t\t\t\t\t\t\t        <section class=\"elementor-section elementor-top-section elementor-element elementor-element-f88eb36 elementor-section-boxed elementor-section-height-default elementor-section-height-default\" data-id=\"f88eb36\" data-element_type=\"section\">\n            \n                        <div class=\"elementor-container elementor-column-gap-default \">\n                    <div class=\"elementor-column elementor-col-100 elementor-top-column elementor-element elementor-element-c12c3f4\" data-id=\"c12c3f4\" data-element_type=\"column\">\n            <div class=\"elementor-widget-wrap elementor-element-populated\">\n                        \t\t<div class=\"elementor-element elementor-element-cd0ec7e elementor-widget elementor-widget-spacer\" data-id=\"cd0ec7e\" data-element_type=\"widget\" data-widget_type=\"spacer.default\">\n\t\t\t\t<div class=\"elementor-widget-container\">\n\t\t\t\t\t<div class=\"elementor-spacer\">\n\t\t\t<div class=\"elementor-spacer-inner\"><\/div>\n\t\t<\/div>\n\t\t\t\t<\/div>\n\t\t\t\t<\/div>\n\t\t            <\/div>\n        <\/div>\n                            <\/div>\n        <\/section>\n                <section class=\"elementor-section elementor-top-section elementor-element elementor-element-cfa3dce elementor-section-boxed elementor-section-height-default elementor-section-height-default elementor-invisible\" data-id=\"cfa3dce\" data-element_type=\"section\" data-settings=\"{&quot;animation&quot;:&quot;fadeInUp&quot;}\">\n            \n                        <div class=\"elementor-container elementor-column-gap-default \">\n                    <div class=\"elementor-column elementor-col-100 elementor-top-column elementor-element elementor-element-bddbe34\" data-id=\"bddbe34\" data-element_type=\"column\">\n            <div class=\"elementor-widget-wrap elementor-element-populated\">\n                        \t\t<div class=\"elementor-element elementor-element-3bf6ba5 elementor-widget elementor-widget-ct_heading\" data-id=\"3bf6ba5\" data-element_type=\"widget\" data-widget_type=\"ct_heading.default\">\n\t\t\t\t<div class=\"elementor-widget-container\">\n\t\t\t<div class=\"ct-heading h-align-  sub- ct-heading-left item-st-line-left1\" data-wow-delay=\"ms\">\r\n\t    <h5 class=\"item--title st-line-left1\">\r\n                <span>\r\n                            <i><\/i>\r\n                        Banka Bilgilerimiz                    <\/span>\r\n            <\/h5>\r\n<\/div>\t\t<\/div>\n\t\t\t\t<\/div>\n\t\t\t\t<div class=\"elementor-element elementor-element-d08678f elementor-widget elementor-widget-spacer\" data-id=\"d08678f\" data-element_type=\"widget\" data-widget_type=\"spacer.default\">\n\t\t\t\t<div class=\"elementor-widget-container\">\n\t\t\t\t\t<div class=\"elementor-spacer\">\n\t\t\t<div class=\"elementor-spacer-inner\"><\/div>\n\t\t<\/div>\n\t\t\t\t<\/div>\n\t\t\t\t<\/div>\n\t\t            <\/div>\n        <\/div>\n                            <\/div>\n        <\/section>\n                <section class=\"elementor-section elementor-top-section elementor-element elementor-element-8237ac4 elementor-section-stretched elementor-section-boxed elementor-section-height-default elementor-section-height-default elementor-invisible\" data-id=\"8237ac4\" data-element_type=\"section\" data-settings=\"{&quot;stretch_section&quot;:&quot;section-stretched&quot;,&quot;animation&quot;:&quot;fadeInUp&quot;}\">\n            \n                        <div class=\"elementor-container elementor-column-gap-narrow \">\n                    <div class=\"elementor-column elementor-col-33 elementor-top-column elementor-element elementor-element-bc20df9\" data-id=\"bc20df9\" data-element_type=\"column\">\n            <div class=\"elementor-widget-wrap elementor-element-populated\">\n                        \t\t<div class=\"elementor-element elementor-element-266af53 elementor-widget elementor-widget-image\" data-id=\"266af53\" data-element_type=\"widget\" data-widget_type=\"image.default\">\n\t\t\t\t<div class=\"elementor-widget-container\">\n\t\t\t\t\t\t\t\t\t\t\t\t\t\t\t<img loading=\"lazy\" decoding=\"async\" width=\"400\" height=\"103\" src=\"https:\/\/novahidrolik.com.tr\/wp-content\/uploads\/2022\/01\/20200407192312Qnb-finansbank.png\" class=\"attachment-large size-large wp-image-6134\" alt=\"\" srcset=\"https:\/\/novahidrolik.com.tr\/wp-content\/uploads\/2022\/01\/20200407192312Qnb-finansbank.png 400w, https:\/\/novahidrolik.com.tr\/wp-content\/uploads\/2022\/01\/20200407192312Qnb-finansbank-300x77.png 300w\" sizes=\"auto, (max-width: 400px) 100vw, 400px\" \/>\t\t\t\t\t\t\t\t\t\t\t\t\t\t\t<\/div>\n\t\t\t\t<\/div>\n\t\t            <\/div>\n        <\/div>\n                <div class=\"elementor-column elementor-col-33 elementor-top-column elementor-element elementor-element-8b7d4a5\" data-id=\"8b7d4a5\" data-element_type=\"column\">\n            <div class=\"elementor-widget-wrap\">\n                                    <\/div>\n        <\/div>\n                <div class=\"elementor-column elementor-col-33 elementor-top-column elementor-element elementor-element-e6ed55c\" data-id=\"e6ed55c\" data-element_type=\"column\">\n            <div class=\"elementor-widget-wrap elementor-element-populated\">\n                        \t\t<div class=\"elementor-element elementor-element-17aa5a5 elementor-widget elementor-widget-text-editor\" data-id=\"17aa5a5\" data-element_type=\"widget\" data-widget_type=\"text-editor.default\">\n\t\t\t\t<div class=\"elementor-widget-container\">\n\t\t\t\t\t\t\t<p><strong>Hesap Bilgileri;<\/strong><\/p>\n<p><strong>Banka<\/strong>&nbsp; &nbsp; &nbsp; &nbsp; &nbsp; &nbsp; <strong>:<\/strong> QNB F\u0130NANSBANK<br><strong>Hesap&nbsp; &nbsp; &nbsp; &nbsp; &nbsp; &nbsp; :<\/strong> NOVA H\u0130DROL\u0130K PN\u00d6MAT\u0130K VE G\u00dc\u00c7 AKTARMA SAN. VE T\u0130C.LTD.\u015eT\u0130.<br><strong>TL&nbsp; &nbsp; &#8211; IBAN&nbsp; :<\/strong> TR 46 0011 1000 0000 0102 620927<br><strong>USD &#8211; IBAN&nbsp; :<\/strong> TR 79 0011 1000 0000 0104 3170 57<\/p>\t\t\t\t\t\t<\/div>\n\t\t\t\t<\/div>\n\t\t            <\/div>\n        <\/div>\n                            <\/div>\n        <\/section>\n                <section class=\"elementor-section elementor-top-section elementor-element elementor-element-c4ef958 elementor-section-boxed elementor-section-height-default elementor-section-height-default\" data-id=\"c4ef958\" data-element_type=\"section\">\n            \n                        <div class=\"elementor-container elementor-column-gap-default \">\n                    <div class=\"elementor-column elementor-col-100 elementor-top-column elementor-element elementor-element-cc726cb\" data-id=\"cc726cb\" data-element_type=\"column\">\n            <div class=\"elementor-widget-wrap elementor-element-populated\">\n                        \t\t<div class=\"elementor-element elementor-element-040a910 elementor-widget-divider--view-line elementor-widget elementor-widget-divider\" data-id=\"040a910\" data-element_type=\"widget\" data-widget_type=\"divider.default\">\n\t\t\t\t<div class=\"elementor-widget-container\">\n\t\t\t\t\t<div class=\"elementor-divider\">\n\t\t\t<span class=\"elementor-divider-separator\">\n\t\t\t\t\t\t<\/span>\n\t\t<\/div>\n\t\t\t\t<\/div>\n\t\t\t\t<\/div>\n\t\t            <\/div>\n        <\/div>\n                            <\/div>\n        <\/section>\n                <section class=\"elementor-section elementor-top-section elementor-element elementor-element-9e7b7fd elementor-section-stretched elementor-section-boxed elementor-section-height-default elementor-section-height-default elementor-invisible\" data-id=\"9e7b7fd\" data-element_type=\"section\" data-settings=\"{&quot;stretch_section&quot;:&quot;section-stretched&quot;,&quot;animation&quot;:&quot;fadeInUp&quot;}\">\n            \n                        <div class=\"elementor-container elementor-column-gap-narrow \">\n                    <div class=\"elementor-column elementor-col-33 elementor-top-column elementor-element elementor-element-5258dd8\" data-id=\"5258dd8\" data-element_type=\"column\">\n            <div class=\"elementor-widget-wrap elementor-element-populated\">\n                        \t\t<div class=\"elementor-element elementor-element-981554a elementor-widget elementor-widget-image\" data-id=\"981554a\" data-element_type=\"widget\" data-widget_type=\"image.default\">\n\t\t\t\t<div class=\"elementor-widget-container\">\n\t\t\t\t\t\t\t\t\t\t\t\t\t\t\t<img loading=\"lazy\" decoding=\"async\" width=\"1478\" height=\"730\" src=\"https:\/\/novahidrolik.com.tr\/wp-content\/uploads\/2022\/01\/kt_beyaz_logo_orj_01-f7c59c76-3dc3-496c-a2cd-29b850d5a109.jpg\" class=\"attachment-2048x2048 size-2048x2048 wp-image-6140\" alt=\"\" srcset=\"https:\/\/novahidrolik.com.tr\/wp-content\/uploads\/2022\/01\/kt_beyaz_logo_orj_01-f7c59c76-3dc3-496c-a2cd-29b850d5a109.jpg 1478w, https:\/\/novahidrolik.com.tr\/wp-content\/uploads\/2022\/01\/kt_beyaz_logo_orj_01-f7c59c76-3dc3-496c-a2cd-29b850d5a109-600x296.jpg 600w, https:\/\/novahidrolik.com.tr\/wp-content\/uploads\/2022\/01\/kt_beyaz_logo_orj_01-f7c59c76-3dc3-496c-a2cd-29b850d5a109-300x148.jpg 300w, https:\/\/novahidrolik.com.tr\/wp-content\/uploads\/2022\/01\/kt_beyaz_logo_orj_01-f7c59c76-3dc3-496c-a2cd-29b850d5a109-1024x506.jpg 1024w, https:\/\/novahidrolik.com.tr\/wp-content\/uploads\/2022\/01\/kt_beyaz_logo_orj_01-f7c59c76-3dc3-496c-a2cd-29b850d5a109-768x379.jpg 768w\" sizes=\"auto, (max-width: 1478px) 100vw, 1478px\" \/>\t\t\t\t\t\t\t\t\t\t\t\t\t\t\t<\/div>\n\t\t\t\t<\/div>\n\t\t            <\/div>\n        <\/div>\n                <div class=\"elementor-column elementor-col-33 elementor-top-column elementor-element elementor-element-9f2acea\" data-id=\"9f2acea\" data-element_type=\"column\">\n            <div class=\"elementor-widget-wrap\">\n                                    <\/div>\n        <\/div>\n                <div class=\"elementor-column elementor-col-33 elementor-top-column elementor-element elementor-element-589e9cb\" data-id=\"589e9cb\" data-element_type=\"column\">\n            <div class=\"elementor-widget-wrap elementor-element-populated\">\n                        \t\t<div class=\"elementor-element elementor-element-13d6b3a elementor-widget elementor-widget-text-editor\" data-id=\"13d6b3a\" data-element_type=\"widget\" data-widget_type=\"text-editor.default\">\n\t\t\t\t<div class=\"elementor-widget-container\">\n\t\t\t\t\t\t\t<p><strong>Hesap Bilgileri;<\/strong><\/p><p><strong>Banka<\/strong>\u00a0 \u00a0 \u00a0 \u00a0 \u00a0 \u00a0 <strong>:<\/strong> KUVEYT T\u00dcRK KATILIM BANKASI<br \/><strong>Hesap\u00a0 \u00a0 \u00a0 \u00a0 \u00a0 \u00a0 :<\/strong> NOVA H\u0130DROL\u0130K PN\u00d6MAT\u0130K VE G\u00dc\u00c7 AKTARMA SAN. VE T\u0130C.LTD.\u015eT\u0130.<br \/><strong>TL\u00a0 \u00a0 &#8211; IBAN\u00a0 :<\/strong> TR 04 0020 5000 0975 6432 3000 01<br \/><strong>USD &#8211; IBAN\u00a0 :<\/strong> TR 90 0020 5000 0975 6432 3001 02<br \/><strong>EUR &#8211; IBAN\u00a0 :<\/strong> TR 20 0020 5000 0975 6432 3001 01<\/p>\t\t\t\t\t\t<\/div>\n\t\t\t\t<\/div>\n\t\t            <\/div>\n        <\/div>\n                            <\/div>\n        <\/section>\n                <section class=\"elementor-section elementor-top-section elementor-element elementor-element-bf0c4c3 elementor-section-boxed elementor-section-height-default elementor-section-height-default\" data-id=\"bf0c4c3\" data-element_type=\"section\">\n            \n                        <div class=\"elementor-container elementor-column-gap-default \">\n                    <div class=\"elementor-column elementor-col-100 elementor-top-column elementor-element elementor-element-1131abc\" data-id=\"1131abc\" data-element_type=\"column\">\n            <div class=\"elementor-widget-wrap elementor-element-populated\">\n                        \t\t<div class=\"elementor-element elementor-element-9f8eece elementor-widget-divider--view-line elementor-widget elementor-widget-divider\" data-id=\"9f8eece\" data-element_type=\"widget\" data-widget_type=\"divider.default\">\n\t\t\t\t<div class=\"elementor-widget-container\">\n\t\t\t\t\t<div class=\"elementor-divider\">\n\t\t\t<span class=\"elementor-divider-separator\">\n\t\t\t\t\t\t<\/span>\n\t\t<\/div>\n\t\t\t\t<\/div>\n\t\t\t\t<\/div>\n\t\t            <\/div>\n        <\/div>\n                            <\/div>\n        <\/section>\n                <section class=\"elementor-section elementor-top-section elementor-element elementor-element-57fb3ec elementor-section-stretched elementor-section-boxed elementor-section-height-default elementor-section-height-default elementor-invisible\" data-id=\"57fb3ec\" data-element_type=\"section\" data-settings=\"{&quot;stretch_section&quot;:&quot;section-stretched&quot;,&quot;animation&quot;:&quot;fadeInUp&quot;}\">\n            \n                        <div class=\"elementor-container elementor-column-gap-narrow \">\n                    <div class=\"elementor-column elementor-col-33 elementor-top-column elementor-element elementor-element-9fe88d1\" data-id=\"9fe88d1\" data-element_type=\"column\">\n            <div class=\"elementor-widget-wrap elementor-element-populated\">\n                        \t\t<div class=\"elementor-element elementor-element-7a1cc96 elementor-widget elementor-widget-image\" data-id=\"7a1cc96\" data-element_type=\"widget\" data-widget_type=\"image.default\">\n\t\t\t\t<div class=\"elementor-widget-container\">\n\t\t\t\t\t\t\t\t\t\t\t\t\t\t\t<img loading=\"lazy\" decoding=\"async\" width=\"640\" height=\"115\" src=\"https:\/\/novahidrolik.com.tr\/wp-content\/uploads\/2022\/01\/Garanti_BBVA.png\" class=\"attachment-large size-large wp-image-6138\" alt=\"\" srcset=\"https:\/\/novahidrolik.com.tr\/wp-content\/uploads\/2022\/01\/Garanti_BBVA.png 986w, https:\/\/novahidrolik.com.tr\/wp-content\/uploads\/2022\/01\/Garanti_BBVA-600x108.png 600w, https:\/\/novahidrolik.com.tr\/wp-content\/uploads\/2022\/01\/Garanti_BBVA-300x54.png 300w, https:\/\/novahidrolik.com.tr\/wp-content\/uploads\/2022\/01\/Garanti_BBVA-768x138.png 768w\" sizes=\"auto, (max-width: 640px) 100vw, 640px\" \/>\t\t\t\t\t\t\t\t\t\t\t\t\t\t\t<\/div>\n\t\t\t\t<\/div>\n\t\t            <\/div>\n        <\/div>\n                <div class=\"elementor-column elementor-col-33 elementor-top-column elementor-element elementor-element-16c3d5e\" data-id=\"16c3d5e\" data-element_type=\"column\">\n            <div class=\"elementor-widget-wrap\">\n                                    <\/div>\n        <\/div>\n                <div class=\"elementor-column elementor-col-33 elementor-top-column elementor-element elementor-element-b8c317a\" data-id=\"b8c317a\" data-element_type=\"column\">\n            <div class=\"elementor-widget-wrap elementor-element-populated\">\n                        \t\t<div class=\"elementor-element elementor-element-7ff631a elementor-widget elementor-widget-text-editor\" data-id=\"7ff631a\" data-element_type=\"widget\" data-widget_type=\"text-editor.default\">\n\t\t\t\t<div class=\"elementor-widget-container\">\n\t\t\t\t\t\t\t<p><strong>Hesap Bilgileri;<\/strong><\/p><p><strong>Banka<\/strong>\u00a0 \u00a0 \u00a0 \u00a0 \u00a0 \u00a0 <strong>:<\/strong> GARANT\u0130 BBVA<br \/><strong>Hesap\u00a0 \u00a0 \u00a0 \u00a0 \u00a0 \u00a0 :<\/strong> NOVA H\u0130DROL\u0130K PN\u00d6MAT\u0130K VE G\u00dc\u00c7 AKTARMA SAN. VE T\u0130C.LTD.\u015eT\u0130.<br \/><strong>TL\u00a0 \u00a0 &#8211; IBAN\u00a0 :<\/strong> TR 94 0006 2000 5260 0006 2917 96<br \/><strong>USD &#8211; IBAN\u00a0 :<\/strong> TR 47 0006 2000 5260 0009 0775 12<br \/><strong>EUR &#8211; IBAN\u00a0 :<\/strong> TR 74 0006 2000 5260 0009 0775 11<\/p>\t\t\t\t\t\t<\/div>\n\t\t\t\t<\/div>\n\t\t            <\/div>\n        <\/div>\n                            <\/div>\n        <\/section>\n                <section class=\"elementor-section elementor-top-section elementor-element elementor-element-3deb8b2 elementor-section-boxed elementor-section-height-default elementor-section-height-default\" data-id=\"3deb8b2\" data-element_type=\"section\">\n            \n                        <div class=\"elementor-container elementor-column-gap-default \">\n                    <div class=\"elementor-column elementor-col-100 elementor-top-column elementor-element elementor-element-7114ccb\" data-id=\"7114ccb\" data-element_type=\"column\">\n            <div class=\"elementor-widget-wrap elementor-element-populated\">\n                        \t\t<div class=\"elementor-element elementor-element-ab9395c elementor-widget elementor-widget-spacer\" data-id=\"ab9395c\" data-element_type=\"widget\" data-widget_type=\"spacer.default\">\n\t\t\t\t<div class=\"elementor-widget-container\">\n\t\t\t\t\t<div class=\"elementor-spacer\">\n\t\t\t<div class=\"elementor-spacer-inner\"><\/div>\n\t\t<\/div>\n\t\t\t\t<\/div>\n\t\t\t\t<\/div>\n\t\t            <\/div>\n        <\/div>\n                            <\/div>\n        <\/section>\n        \t\t\t\t\t<\/div>\n\t\t","protected":false},"excerpt":{"rendered":"<p>Banka Bilgilerimiz Hesap Bilgileri; Banka&nbsp; &nbsp; &nbsp; &nbsp; &nbsp; &nbsp; : QNB F\u0130NANSBANKHesap&nbsp; &nbsp; &nbsp; &nbsp; &nbsp; &nbsp; : NOVA H\u0130DROL\u0130K PN\u00d6MAT\u0130K VE G\u00dc\u00c7 AKTARMA SAN. VE T\u0130C.LTD.\u015eT\u0130.TL&nbsp; &nbsp; &#8211; IBAN&nbsp; : TR 46 0011 1000 0000 0102 620927USD &#8211; IBAN&nbsp; : TR 79 0011 1000 0000 0104 3170 57 Hesap Bilgileri; Banka\u00a0 \u00a0 \u00a0 [&hellip;]<\/p>\n","protected":false},"author":1,"featured_media":0,"parent":0,"menu_order":0,"comment_status":"closed","ping_status":"closed","template":"","meta":{"footnotes":""},"class_list":["post-6082","page","type-page","status-publish","hentry"],"_links":{"self":[{"href":"https:\/\/novahidrolik.com.tr\/index.php\/wp-json\/wp\/v2\/pages\/6082","targetHints":{"allow":["GET"]}}],"collection":[{"href":"https:\/\/novahidrolik.com.tr\/index.php\/wp-json\/wp\/v2\/pages"}],"about":[{"href":"https:\/\/novahidrolik.com.tr\/index.php\/wp-json\/wp\/v2\/types\/page"}],"author":[{"embeddable":true,"href":"https:\/\/novahidrolik.com.tr\/index.php\/wp-json\/wp\/v2\/users\/1"}],"replies":[{"embeddable":true,"href":"https:\/\/novahidrolik.com.tr\/index.php\/wp-json\/wp\/v2\/comments?post=6082"}],"version-history":[{"count":3,"href":"https:\/\/novahidrolik.com.tr\/index.php\/wp-json\/wp\/v2\/pages\/6082\/revisions"}],"predecessor-version":[{"id":7799,"href":"https:\/\/novahidrolik.com.tr\/index.php\/wp-json\/wp\/v2\/pages\/6082\/revisions\/7799"}],"wp:attachment":[{"href":"https:\/\/novahidrolik.com.tr\/index.php\/wp-json\/wp\/v2\/media?parent=6082"}],"curies":[{"name":"wp","href":"https:\/\/api.w.org\/{rel}","templated":true}]}}