{"id":6181,"date":"2022-01-11T14:56:04","date_gmt":"2022-01-11T11:56:04","guid":{"rendered":"https:\/\/utdev.site\/nova\/?page_id=6181"},"modified":"2022-01-11T18:05:49","modified_gmt":"2022-01-11T15:05:49","slug":"insan-kaynaklari","status":"publish","type":"page","link":"https:\/\/novahidrolik.com.tr\/index.php\/insan-kaynaklari\/","title":{"rendered":"\u0130nsan Kaynaklar\u0131"},"content":{"rendered":"\t\t<div data-elementor-type=\"wp-page\" data-elementor-id=\"6181\" class=\"elementor elementor-6181\" data-elementor-post-type=\"page\">\n\t\t\t\t\t\t\t        <section class=\"elementor-section elementor-top-section elementor-element elementor-element-f88eb36 elementor-section-boxed elementor-section-height-default elementor-section-height-default\" data-id=\"f88eb36\" data-element_type=\"section\">\n            \n                        <div class=\"elementor-container elementor-column-gap-default \">\n                    <div class=\"elementor-column elementor-col-100 elementor-top-column elementor-element elementor-element-c12c3f4\" data-id=\"c12c3f4\" data-element_type=\"column\">\n            <div class=\"elementor-widget-wrap elementor-element-populated\">\n                        \t\t<div class=\"elementor-element elementor-element-cd0ec7e elementor-widget elementor-widget-spacer\" data-id=\"cd0ec7e\" data-element_type=\"widget\" data-widget_type=\"spacer.default\">\n\t\t\t\t<div class=\"elementor-widget-container\">\n\t\t\t\t\t<div class=\"elementor-spacer\">\n\t\t\t<div class=\"elementor-spacer-inner\"><\/div>\n\t\t<\/div>\n\t\t\t\t<\/div>\n\t\t\t\t<\/div>\n\t\t            <\/div>\n        <\/div>\n                            <\/div>\n        <\/section>\n                <section class=\"elementor-section elementor-top-section elementor-element elementor-element-cfa3dce elementor-section-boxed elementor-section-height-default elementor-section-height-default elementor-invisible\" data-id=\"cfa3dce\" data-element_type=\"section\" data-settings=\"{&quot;animation&quot;:&quot;fadeInUp&quot;}\">\n            \n                        <div class=\"elementor-container elementor-column-gap-default \">\n                    <div class=\"elementor-column elementor-col-100 elementor-top-column elementor-element elementor-element-bddbe34\" data-id=\"bddbe34\" data-element_type=\"column\">\n            <div class=\"elementor-widget-wrap elementor-element-populated\">\n                        \t\t<div class=\"elementor-element elementor-element-3bf6ba5 elementor-widget elementor-widget-ct_heading\" data-id=\"3bf6ba5\" data-element_type=\"widget\" data-widget_type=\"ct_heading.default\">\n\t\t\t\t<div class=\"elementor-widget-container\">\n\t\t\t<div class=\"ct-heading h-align-  sub- ct-heading-left item-st-line-left1\" data-wow-delay=\"ms\">\r\n\t    <h5 class=\"item--title st-line-left1\">\r\n                <span>\r\n                            <i><\/i>\r\n                        \u0130nsan Kaynaklar\u0131                    <\/span>\r\n            <\/h5>\r\n<\/div>\t\t<\/div>\n\t\t\t\t<\/div>\n\t\t            <\/div>\n        <\/div>\n                            <\/div>\n        <\/section>\n                <section class=\"elementor-section elementor-top-section elementor-element elementor-element-8237ac4 elementor-section-stretched elementor-section-boxed elementor-section-height-default elementor-section-height-default elementor-invisible\" data-id=\"8237ac4\" data-element_type=\"section\" data-settings=\"{&quot;stretch_section&quot;:&quot;section-stretched&quot;,&quot;animation&quot;:&quot;fadeInUp&quot;}\">\n            \n                        <div class=\"elementor-container elementor-column-gap-narrow \">\n                    <div class=\"elementor-column elementor-col-100 elementor-top-column elementor-element elementor-element-bc20df9\" data-id=\"bc20df9\" data-element_type=\"column\">\n            <div class=\"elementor-widget-wrap elementor-element-populated\">\n                        \t\t<div class=\"elementor-element elementor-element-17aa5a5 elementor-widget elementor-widget-text-editor\" data-id=\"17aa5a5\" data-element_type=\"widget\" data-widget_type=\"text-editor.default\">\n\t\t\t\t<div class=\"elementor-widget-container\">\n\t\t\t\t\t\t\t<p>\u015eirket stratejilerini destekleyen, verimlili\u011fi y\u00fcksek, dinamik, geli\u015fime a\u00e7\u0131k, ben yerine biz diyen, mutlu, motive insan g\u00fcc\u00fcne sahip ve \u00e7al\u0131\u015f\u0131lmak istenen bir \u015firket olmak.<\/p><p>Yarat\u0131c\u0131l\u0131k \/ \u015eeffafl\u0131k \/ D\u00fcr\u00fcstl\u00fck \/ \u0130nsana ve \u00c7evreye Sayg\u0131 \/ M\u00fc\u015fteri ve \u00c7al\u0131\u015fanlar\u0131n Mutlulu\u011fu \/ M\u00fckemmeliyet \/ Rekabet\u00e7ilik \/ G\u00fcvenilirlik de\u011ferlerini \u00f6n planda tutan ve y\u00f6netimin her ad\u0131m\u0131nda bu de\u011ferleri benimseyen \u00e7al\u0131\u015fanlar\u0131yla yola devam etmeyi ama\u00e7lamaktad\u0131r..<\/p>\t\t\t\t\t\t<\/div>\n\t\t\t\t<\/div>\n\t\t\t\t<div class=\"elementor-element elementor-element-fa18713 elementor-widget elementor-widget-text-editor\" data-id=\"fa18713\" data-element_type=\"widget\" data-widget_type=\"text-editor.default\">\n\t\t\t\t<div class=\"elementor-widget-container\">\n\t\t\t\t\t\t\t<p>\u00a0<\/p><p><strong>A\u00e7\u0131k Pozisyonlar i\u00e7in bizimle \u00e7al\u0131\u015fmak ister misiniz?<\/strong><\/p>\t\t\t\t\t\t<\/div>\n\t\t\t\t<\/div>\n\t\t            <\/div>\n        <\/div>\n                            <\/div>\n        <\/section>\n                <section class=\"elementor-section elementor-top-section elementor-element elementor-element-d3ca51f elementor-section-boxed elementor-section-height-default elementor-section-height-default\" data-id=\"d3ca51f\" data-element_type=\"section\">\n            \n                        <div class=\"elementor-container elementor-column-gap-default \">\n                    <div class=\"elementor-column elementor-col-100 elementor-top-column elementor-element elementor-element-f5d2d7b\" data-id=\"f5d2d7b\" data-element_type=\"column\">\n            <div class=\"elementor-widget-wrap elementor-element-populated\">\n                        \t\t<div class=\"elementor-element elementor-element-343005e elementor-invisible elementor-widget elementor-widget-ct_ctf7\" data-id=\"343005e\" data-element_type=\"widget\" data-settings=\"{&quot;_animation&quot;:&quot;fadeInUp&quot;}\" data-widget_type=\"ct_ctf7.default\">\n\t\t\t\t<div class=\"elementor-widget-container\">\n\t\t\t    <div class=\"ct-contact-form-layout1 style8 \">\r\n                <div class=\"ct-contact-form-inner\">\r\n        \t            <div class=\"ct-contact-form\">\r\n                \n<div class=\"wpcf7 no-js\" id=\"wpcf7-f2840-o1\" lang=\"en-US\" dir=\"ltr\">\n<div class=\"screen-reader-response\"><p role=\"status\" aria-live=\"polite\" aria-atomic=\"true\"><\/p> <ul><\/ul><\/div>\n<form action=\"\/index.php\/wp-json\/wp\/v2\/pages\/6181#wpcf7-f2840-o1\" method=\"post\" class=\"wpcf7-form init\" aria-label=\"Contact form\" enctype=\"multipart\/form-data\" novalidate=\"novalidate\" data-status=\"init\">\n<div style=\"display: none;\">\n<input type=\"hidden\" name=\"_wpcf7\" value=\"2840\" \/>\n<input type=\"hidden\" name=\"_wpcf7_version\" value=\"5.9.3\" \/>\n<input type=\"hidden\" name=\"_wpcf7_locale\" value=\"en_US\" \/>\n<input type=\"hidden\" name=\"_wpcf7_unit_tag\" value=\"wpcf7-f2840-o1\" \/>\n<input type=\"hidden\" name=\"_wpcf7_container_post\" value=\"0\" \/>\n<input type=\"hidden\" name=\"_wpcf7_posted_data_hash\" value=\"\" \/>\n<\/div>\n<div class=\"row\">\n\t<div class=\"input-filled col-lg-6 col-md-6\">\n\t\t<p><label>Ad<span>*<\/span><\/label><span class=\"wpcf7-form-control-wrap\" data-name=\"your-name\"><input size=\"40\" class=\"wpcf7-form-control wpcf7-text wpcf7-validates-as-required\" aria-required=\"true\" aria-invalid=\"false\" placeholder=\"\" value=\"\" type=\"text\" name=\"your-name\" \/><\/span>\n\t\t<\/p>\n\t<\/div>\n\t<div class=\"input-filled col-lg-6 col-md-6\">\n\t\t<p><label>Soyad<span>*<\/span><\/label><span class=\"wpcf7-form-control-wrap\" data-name=\"your-name\"><input size=\"40\" class=\"wpcf7-form-control wpcf7-text wpcf7-validates-as-required\" aria-required=\"true\" aria-invalid=\"false\" placeholder=\"\" value=\"\" type=\"text\" name=\"your-name\" \/><\/span>\n\t\t<\/p>\n\t<\/div>\n<\/div>\n<div class=\"row\">\n\t<div class=\"input-filled col-lg-6 col-md-6\">\n\t\t<p><label>A\u00e7\u0131k Pozisyonlar<span>*<\/span><\/label><span class=\"wpcf7-form-control-wrap\" data-name=\"your-subject\"><select class=\"wpcf7-form-control wpcf7-select wpcf7-validates-as-required\" aria-required=\"true\" aria-invalid=\"false\" name=\"your-subject\"><option value=\"L\u00fctfen Se\u00e7in\">L\u00fctfen Se\u00e7in<\/option><option value=\"Pazarlama\">Pazarlama<\/option><option value=\"Muhasebe\">Muhasebe<\/option><option value=\"Lojistik\">Lojistik<\/option><option value=\"Depo\">Depo<\/option><\/select><\/span>\n\t\t<\/p>\n\t<\/div>\n\t<div class=\"input-filled col-lg-6 col-md-6\">\n\t\t<p><label>E-Posta Adresiniz<span>*<\/span><\/label><span class=\"wpcf7-form-control-wrap\" data-name=\"your-email\"><input size=\"40\" class=\"wpcf7-form-control wpcf7-email wpcf7-validates-as-required wpcf7-text wpcf7-validates-as-email\" aria-required=\"true\" aria-invalid=\"false\" placeholder=\"\" value=\"\" type=\"email\" name=\"your-email\" \/><\/span>\n\t\t<\/p>\n\t<\/div>\n<\/div>\n<div class=\"row\">\n\t<div class=\"input-filled col-12\">\n\t\t<p><label>Kendinizden Bahsedin<span>*<\/span><\/label><span class=\"wpcf7-form-control-wrap\" data-name=\"your-message\"><textarea cols=\"40\" rows=\"10\" class=\"wpcf7-form-control wpcf7-textarea wpcf7-validates-as-required\" aria-required=\"true\" aria-invalid=\"false\" placeholder=\"\" name=\"your-message\"><\/textarea><\/span>\n\t\t<\/p>\n\t<\/div>\n\t<div class=\"input-filled col-12\">\n\t\t<p><label>CV ni Ekle.<\/label><span class=\"wpcf7-form-control-wrap\" data-name=\"cvdosya-592\"><input size=\"40\" class=\"wpcf7-form-control wpcf7-file wpcf7-validates-as-required\" accept=\".png,.gif,.jpg,.doc,.xls,.ppt,.pdf\" aria-required=\"true\" aria-invalid=\"false\" type=\"file\" name=\"cvdosya-592\" \/><\/span>\n\t\t<\/p>\n\t<\/div>\n\t<div class=\"input-filled col-12\">\n\t\t<p><label>Robot olmad\u0131\u011f\u0131n\u0131 do\u011frulamak i\u00e7in l\u00fctfen i\u015faretle.<\/label><span class=\"wpcf7-form-control-wrap\" data-name=\"onaykutusu-266\"><span class=\"wpcf7-form-control wpcf7-acceptance\"><span class=\"wpcf7-list-item\"><label><input type=\"checkbox\" name=\"onaykutusu-266\" value=\"1\" aria-invalid=\"false\" \/><span class=\"wpcf7-list-item-label\">G\u00f6nderimi onayl\u0131yorum<\/span><\/label><\/span><\/span><\/span>\n\t\t<\/p>\n\t<\/div>\n\t<div class=\"input-filled col-12\">\n\t\t<p><button type=\"submit\" class=\"wpcf7-submit btn\"><i class=\"fac fac-cloud-upload-alt space-right\"><\/i>Ba\u015fvurumu G\u00f6nder<\/button>\n\t\t<\/p>\n\t<\/div>\n<\/div><div class=\"wpcf7-response-output\" aria-hidden=\"true\"><\/div>\n<\/form>\n<\/div>\n            <\/div>\r\n        <\/div>\r\n            <\/div>\r\n\t\t<\/div>\n\t\t\t\t<\/div>\n\t\t            <\/div>\n        <\/div>\n                            <\/div>\n        <\/section>\n                <section class=\"elementor-section elementor-top-section elementor-element elementor-element-3deb8b2 elementor-section-boxed elementor-section-height-default elementor-section-height-default\" data-id=\"3deb8b2\" data-element_type=\"section\">\n            \n                        <div class=\"elementor-container elementor-column-gap-default \">\n                    <div class=\"elementor-column elementor-col-100 elementor-top-column elementor-element elementor-element-7114ccb\" data-id=\"7114ccb\" data-element_type=\"column\">\n            <div class=\"elementor-widget-wrap elementor-element-populated\">\n                        \t\t<div class=\"elementor-element elementor-element-ab9395c elementor-widget elementor-widget-spacer\" data-id=\"ab9395c\" data-element_type=\"widget\" data-widget_type=\"spacer.default\">\n\t\t\t\t<div class=\"elementor-widget-container\">\n\t\t\t\t\t<div class=\"elementor-spacer\">\n\t\t\t<div class=\"elementor-spacer-inner\"><\/div>\n\t\t<\/div>\n\t\t\t\t<\/div>\n\t\t\t\t<\/div>\n\t\t            <\/div>\n        <\/div>\n                            <\/div>\n        <\/section>\n        \t\t\t\t\t<\/div>\n\t\t","protected":false},"excerpt":{"rendered":"<p>\u0130nsan Kaynaklar\u0131 \u015eirket stratejilerini destekleyen, verimlili\u011fi y\u00fcksek, dinamik, geli\u015fime a\u00e7\u0131k, ben yerine biz diyen, mutlu, motive insan g\u00fcc\u00fcne sahip ve \u00e7al\u0131\u015f\u0131lmak istenen bir \u015firket olmak. Yarat\u0131c\u0131l\u0131k \/ \u015eeffafl\u0131k \/ D\u00fcr\u00fcstl\u00fck \/ \u0130nsana ve \u00c7evreye Sayg\u0131 \/ M\u00fc\u015fteri ve \u00c7al\u0131\u015fanlar\u0131n Mutlulu\u011fu \/ M\u00fckemmeliyet \/ Rekabet\u00e7ilik \/ G\u00fcvenilirlik de\u011ferlerini \u00f6n planda tutan ve y\u00f6netimin her ad\u0131m\u0131nda bu [&hellip;]<\/p>\n","protected":false},"author":1,"featured_media":0,"parent":0,"menu_order":0,"comment_status":"closed","ping_status":"closed","template":"","meta":{"footnotes":""},"class_list":["post-6181","page","type-page","status-publish","hentry"],"_links":{"self":[{"href":"https:\/\/novahidrolik.com.tr\/index.php\/wp-json\/wp\/v2\/pages\/6181","targetHints":{"allow":["GET"]}}],"collection":[{"href":"https:\/\/novahidrolik.com.tr\/index.php\/wp-json\/wp\/v2\/pages"}],"about":[{"href":"https:\/\/novahidrolik.com.tr\/index.php\/wp-json\/wp\/v2\/types\/page"}],"author":[{"embeddable":true,"href":"https:\/\/novahidrolik.com.tr\/index.php\/wp-json\/wp\/v2\/users\/1"}],"replies":[{"embeddable":true,"href":"https:\/\/novahidrolik.com.tr\/index.php\/wp-json\/wp\/v2\/comments?post=6181"}],"version-history":[{"count":0,"href":"https:\/\/novahidrolik.com.tr\/index.php\/wp-json\/wp\/v2\/pages\/6181\/revisions"}],"wp:attachment":[{"href":"https:\/\/novahidrolik.com.tr\/index.php\/wp-json\/wp\/v2\/media?parent=6181"}],"curies":[{"name":"wp","href":"https:\/\/api.w.org\/{rel}","templated":true}]}}