{"id":6541,"date":"2022-01-14T14:53:18","date_gmt":"2022-01-14T11:53:18","guid":{"rendered":"https:\/\/novahidrolik.com.tr\/?post_type=product&#038;p=6541"},"modified":"2022-01-19T14:50:43","modified_gmt":"2022-01-19T11:50:43","slug":"sq-series-sq50x150-s","status":"publish","type":"product","link":"https:\/\/novahidrolik.com.tr\/index.php\/urun\/sq-series-sq50x150-s\/","title":{"rendered":"SQ Serisi Silindir"},"content":{"rendered":"<p>Patent \u00dcr\u00fcn\u00fc<br \/>\n\u0130hlali yasaklanmal\u0131d\u0131r<br \/>\nPatent No.\uff1aZL 200930344937.0<br \/>\nZL 200920124808.5<\/p>\n<p>&nbsp;<\/p>\n<p><img loading=\"lazy\" decoding=\"async\" src=\"https:\/\/www.jelpc.com\/wp-content\/uploads\/2019\/12\/55.png\" alt=\"\" width=\"1100\" height=\"1\" \/><\/p>\n<p>&nbsp;<\/p>\n<p>\u00d6zellik<\/p>\n<p>&nbsp;<\/p>\n<p>SQ Serisi silindir, yeni bir s\u00fcper ekonomik silindir patent \u00fcr\u00fcn\u00fcd\u00fcr.\u00a0G\u00f6vde ve kapaklar en son yenilikler, yeni yap\u0131, ak\u0131ll\u0131, d\u00fc\u015f\u00fck maliyetli, malzeme tasarrufu.\u00a0Kurulum boyutu SI ile ayn\u0131d\u0131r, ISO 15552 standard\u0131na uygundur.<\/p>\n<p>&nbsp;<\/p>\n<p><img loading=\"lazy\" decoding=\"async\" src=\"https:\/\/www.jelpc.com\/wp-content\/uploads\/2019\/12\/55.png\" alt=\"\" width=\"1100\" height=\"1\" \/><\/p>\n<p>&nbsp;<\/p>\n<p>Sipari\u015f kodu<\/p>\n<p>&nbsp;<\/p>\n<p><img loading=\"lazy\" decoding=\"async\" class=\"alignnone size-full wp-image-3979\" src=\"https:\/\/www.jelpc.com\/wp-content\/uploads\/2020\/01\/112.png\" alt=\"\" width=\"1314\" height=\"652\" \/><\/p>\n<p><img loading=\"lazy\" decoding=\"async\" src=\"https:\/\/www.jelpc.com\/wp-content\/uploads\/2019\/12\/55.png\" alt=\"\" width=\"1100\" height=\"1\" \/><\/p>\n<p>\u015eartname<\/p>\n<p>&nbsp;<\/p>\n<table border=\"1\" width=\"100%\" cellspacing=\"0\" cellpadding=\"0\">\n<tbody>\n<tr>\n<td>Delik (mm)<\/td>\n<td>32<\/td>\n<td>40<\/td>\n<td>50<\/td>\n<td>63<\/td>\n<td>80<\/td>\n<td>100<\/td>\n<td>125<\/td>\n<\/tr>\n<tr>\n<td>Operasyon<\/td>\n<td colspan=\"7\">\u00c7ift Oyunculuk<\/td>\n<\/tr>\n<tr>\n<td>\u00c7al\u0131\u015fma Ortam\u0131<\/td>\n<td colspan=\"7\">Hava<\/td>\n<\/tr>\n<tr>\n<td>Montaj<\/td>\n<td colspan=\"7\">Temel FA FB CA CB LB YB<\/td>\n<\/tr>\n<tr>\n<td>\u00c7al\u0131\u015fma Bas\u0131nc\u0131 Aral\u0131\u011f\u0131<\/td>\n<td colspan=\"7\">0.1\uff5e1MPa<\/td>\n<\/tr>\n<tr>\n<td>Bas\u0131n\u00e7 ge\u00e7irmez<\/td>\n<td colspan=\"7\">1.5MPa<\/td>\n<\/tr>\n<tr>\n<td>\u00c7al\u0131\u015fma S\u0131cakl\u0131\u011f\u0131 Aral\u0131\u011f\u0131<\/td>\n<td colspan=\"7\">-20~70\u2103<\/td>\n<\/tr>\n<tr>\n<td>\u00c7al\u0131\u015fma H\u0131z Aral\u0131\u011f\u0131<\/td>\n<td colspan=\"7\">50~800 mm\/sn<\/td>\n<\/tr>\n<tr>\n<td>Yast\u0131k<\/td>\n<td colspan=\"7\">Ayarlanabilir Yast\u0131k<\/td>\n<\/tr>\n<tr>\n<td>Ayarlanabilir Yast\u0131k \u0130nme<\/td>\n<td colspan=\"3\">20 mm<\/td>\n<td colspan=\"4\">26 mm<\/td>\n<\/tr>\n<tr>\n<td>Ba\u011flant\u0131 noktas\u0131 boyutu<\/td>\n<td>G1\/8&#8243;<\/td>\n<td colspan=\"2\">G1\/4&#8243;<\/td>\n<td colspan=\"2\">G3\/8&#8243;<\/td>\n<td colspan=\"2\">G1\/2&#8243;<\/td>\n<\/tr>\n<\/tbody>\n<\/table>\n<p>Ortalama boyut<\/p>\n<p>&nbsp;<\/p>\n<p><img loading=\"lazy\" decoding=\"async\" class=\"alignnone size-full wp-image-3007\" src=\"https:\/\/www.jelpc.com\/wp-content\/uploads\/2020\/01\/SQ32-100.jpg\" alt=\"\" width=\"950\" height=\"294\" \/><\/p>\n<p>&nbsp;<\/p>\n<p>Boyut<\/p>\n<p>&nbsp;<\/p>\n<table border=\"1\" width=\"100%\" cellspacing=\"0\" cellpadding=\"0\">\n<tbody>\n<tr>\n<td>Delik\/Sembol<\/td>\n<td>A<\/td>\n<td>B<\/td>\n<td>C<\/td>\n<td>D<\/td>\n<td>E<\/td>\n<td>F<\/td>\n<td>G<\/td>\n<td>H<\/td>\n<td>Bence<\/td>\n<td>J<\/td>\n<td>K<\/td>\n<td>L<\/td>\n<\/tr>\n<tr>\n<td>32<\/td>\n<td>142<\/td>\n<td>16<\/td>\n<td>94<\/td>\n<td>30<\/td>\n<td>33<\/td>\n<td>4<\/td>\n<td>25<\/td>\n<td>22<\/td>\n<td>17<\/td>\n<td>6<\/td>\n<td>M10xl.25<\/td>\n<td>M6<\/td>\n<\/tr>\n<tr>\n<td>40<\/td>\n<td>159<\/td>\n<td>20<\/td>\n<td>105<\/td>\n<td>35<\/td>\n<td>34<\/td>\n<td>4<\/td>\n<td>29,5<\/td>\n<td>24<\/td>\n<td>17<\/td>\n<td>7<\/td>\n<td>M12xl.25<\/td>\n<td>M6<\/td>\n<\/tr>\n<tr>\n<td>50<\/td>\n<td>175<\/td>\n<td>27<\/td>\n<td>106<\/td>\n<td>40<\/td>\n<td>42.5<\/td>\n<td>5<\/td>\n<td>32<\/td>\n<td>32<\/td>\n<td>23<\/td>\n<td>8<\/td>\n<td>M16xl.5<\/td>\n<td>M8<\/td>\n<\/tr>\n<tr>\n<td>63<\/td>\n<td>190<\/td>\n<td>26<\/td>\n<td>122<\/td>\n<td>45<\/td>\n<td>42<\/td>\n<td>5<\/td>\n<td>36<\/td>\n<td>32<\/td>\n<td>23<\/td>\n<td>8<\/td>\n<td>M16xl.5<\/td>\n<td>M8<\/td>\n<\/tr>\n<tr>\n<td>80<\/td>\n<td>214<\/td>\n<td>35<\/td>\n<td>127<\/td>\n<td>45<\/td>\n<td>53<\/td>\n<td>6<\/td>\n<td>37<\/td>\n<td>40<\/td>\n<td>26<\/td>\n<td>10<\/td>\n<td>M20xl.5<\/td>\n<td>M10<\/td>\n<\/tr>\n<tr>\n<td>100<\/td>\n<td>229<\/td>\n<td>40<\/td>\n<td>137<\/td>\n<td>55<\/td>\n<td>52<\/td>\n<td>6<\/td>\n<td>39<\/td>\n<td>40<\/td>\n<td>26<\/td>\n<td>10<\/td>\n<td>M20xl.5<\/td>\n<td>M10<\/td>\n<\/tr>\n<\/tbody>\n<\/table>\n<p>&nbsp;<\/p>\n<table border=\"1\" width=\"100%\" cellspacing=\"0\" cellpadding=\"0\">\n<tbody>\n<tr>\n<td>Delik\/Sembol<\/td>\n<td>m<\/td>\n<td>n<\/td>\n<td>\u00d6<\/td>\n<td>P<\/td>\n<td>Q<\/td>\n<td>r<\/td>\n<td>S<\/td>\n<td>T<\/td>\n<td>sen<\/td>\n<td>V<\/td>\n<td>W<\/td>\n<td>x<\/td>\n<\/tr>\n<tr>\n<td>32<\/td>\n<td>12<\/td>\n<td>15<\/td>\n<td>G1\/8<\/td>\n<td>5<\/td>\n<td>3<\/td>\n<td>6.5<\/td>\n<td>45<\/td>\n<td>32.5<\/td>\n<td>12<\/td>\n<td>10<\/td>\n<td>25<\/td>\n<td>4<\/td>\n<\/tr>\n<tr>\n<td>40<\/td>\n<td>12<\/td>\n<td>17.5<\/td>\n<td>G1\/4<\/td>\n<td>7<\/td>\n<td>3<\/td>\n<td>7<\/td>\n<td>52<\/td>\n<td>38<\/td>\n<td>16<\/td>\n<td>13<\/td>\n<td>33<\/td>\n<td>4<\/td>\n<\/tr>\n<tr>\n<td>50<\/td>\n<td>12<\/td>\n<td>20<\/td>\n<td>G1\/4<\/td>\n<td>7<\/td>\n<td>3<\/td>\n<td>9<\/td>\n<td>65<\/td>\n<td>46.5<\/td>\n<td>20<\/td>\n<td>17<\/td>\n<td>36<\/td>\n<td>4<\/td>\n<\/tr>\n<tr>\n<td>63<\/td>\n<td>12<\/td>\n<td>22<\/td>\n<td>G3\/8<\/td>\n<td>8<\/td>\n<td>5<\/td>\n<td>9<\/td>\n<td>76<\/td>\n<td>56.5<\/td>\n<td>20<\/td>\n<td>17<\/td>\n<td>38<\/td>\n<td>4<\/td>\n<\/tr>\n<tr>\n<td>80<\/td>\n<td>15<\/td>\n<td>23<\/td>\n<td>G3\/8<\/td>\n<td>10<\/td>\n<td>5<\/td>\n<td>12<\/td>\n<td>94<\/td>\n<td>72<\/td>\n<td>25<\/td>\n<td>22<\/td>\n<td>43<\/td>\n<td>5<\/td>\n<\/tr>\n<tr>\n<td>100<\/td>\n<td>15<\/td>\n<td>26<\/td>\n<td>G1\/2<\/td>\n<td>10<\/td>\n<td>5<\/td>\n<td>14<\/td>\n<td>112<\/td>\n<td>89<\/td>\n<td>25<\/td>\n<td>22<\/td>\n<td>43,5<\/td>\n<td>6<\/td>\n<\/tr>\n<\/tbody>\n<\/table>\n<p>&nbsp;<\/p>\n<p>*S\u00fcper ekonomi SQ serisi silindirin montaj boyutu SI serisi silindir ile ayn\u0131d\u0131r ve t\u00fcm silindir aksesuarlar\u0131 ve sens\u00f6r anahtar\u0131 SI silindir ile payla\u015f\u0131labilir.<\/p>\n","protected":false},"excerpt":{"rendered":"<p>S\u00fcper Ekonomik Tip<\/p>\n<p>Patent \u00dcr\u00fcn\u00fc<br \/>\n\u0130hlali yasaklanmal\u0131d\u0131r<br \/>\nPatent No.\uff1aZL 200930344937.0<br \/>\nZL 200920124808.5<\/p>\n","protected":false},"featured_media":6542,"template":"","meta":[],"product_cat":[47,73,74],"product_tag":[122,428,426,458,123,121,124,125],"class_list":{"0":"post-6541","1":"product","2":"type-product","3":"status-publish","4":"has-post-thumbnail","6":"product_cat-tum-urunleri","7":"product_cat-pnomatik","8":"product_cat-silindirler","9":"product_tag-bursa-pnomatik-silindir","10":"product_tag-nova","11":"product_tag-nova-hidrolik","12":"product_tag-nova-pnomatik","13":"product_tag-pnomatik-silindir-fiyati","14":"product_tag-pnomatik-silindirler","15":"product_tag-sq-silindir-bursa","16":"product_tag-sq-silindirler","18":"first","19":"instock","20":"shipping-taxable","21":"product-type-simple"},"_links":{"self":[{"href":"https:\/\/novahidrolik.com.tr\/index.php\/wp-json\/wp\/v2\/product\/6541","targetHints":{"allow":["GET"]}}],"collection":[{"href":"https:\/\/novahidrolik.com.tr\/index.php\/wp-json\/wp\/v2\/product"}],"about":[{"href":"https:\/\/novahidrolik.com.tr\/index.php\/wp-json\/wp\/v2\/types\/product"}],"version-history":[{"count":0,"href":"https:\/\/novahidrolik.com.tr\/index.php\/wp-json\/wp\/v2\/product\/6541\/revisions"}],"wp:featuredmedia":[{"embeddable":true,"href":"https:\/\/novahidrolik.com.tr\/index.php\/wp-json\/wp\/v2\/media\/6542"}],"wp:attachment":[{"href":"https:\/\/novahidrolik.com.tr\/index.php\/wp-json\/wp\/v2\/media?parent=6541"}],"wp:term":[{"taxonomy":"product_cat","embeddable":true,"href":"https:\/\/novahidrolik.com.tr\/index.php\/wp-json\/wp\/v2\/product_cat?post=6541"},{"taxonomy":"product_tag","embeddable":true,"href":"https:\/\/novahidrolik.com.tr\/index.php\/wp-json\/wp\/v2\/product_tag?post=6541"}],"curies":[{"name":"wp","href":"https:\/\/api.w.org\/{rel}","templated":true}]}}