{"id":6544,"date":"2022-01-14T15:20:09","date_gmt":"2022-01-14T12:20:09","guid":{"rendered":"https:\/\/novahidrolik.com.tr\/?post_type=product&#038;p=6544"},"modified":"2022-01-19T14:51:23","modified_gmt":"2022-01-19T11:51:23","slug":"dsn-serisi-paslanmaz-celik","status":"publish","type":"product","link":"https:\/\/novahidrolik.com.tr\/index.php\/urun\/dsn-serisi-paslanmaz-celik\/","title":{"rendered":"DSN Serisi Silindir"},"content":{"rendered":"<p>\u00d6zellikleri<\/p>\n<p>&nbsp;<\/p>\n<p>1. Piston \u00e7ubu\u011funun hassas bir \u015fekilde parlat\u0131lmas\u0131, daha fazla \u00fcr\u00fcn kalitesi ve \u00f6n contan\u0131n daha uzun \u00f6m\u00fcrl\u00fc olmas\u0131 ile geni\u015f kapsaml\u0131 uygulamalar\u0131 uyarlamak i\u00e7in iyile\u015ftirme.<\/p>\n<p>2. Optima, \u00fcretim verimlili\u011fini tasarlar ve geli\u015ftirir.<\/p>\n<p>3. Kurumsal renk planlamas\u0131 ve yeni yap\u0131 tasar\u0131m\u0131 ile birlikte, yar\u0131m daire bi\u00e7imli oluk kramp\u0131 olarak entegre paslanmaz \u00e7elik seri silindir.<\/p>\n<p>4. Stabilizasyonda tamponlama i\u015flevini sa\u011flamak i\u00e7in silindir yast\u0131k yap\u0131s\u0131n\u0131n i\u015fleme teknolojisini de\u011fi\u015ftirin.<\/p>\n<p>5. Arabelle\u011fe alma ince ayar aral\u0131\u011f\u0131 iyile\u015ftirildi, m\u00fc\u015fterilerin arabellek daraltma h\u0131z\u0131n\u0131 daha kolay ayarlamas\u0131n\u0131 sa\u011flay\u0131n.<\/p>\n<p>&nbsp;<\/p>\n<p><img loading=\"lazy\" decoding=\"async\" src=\"https:\/\/www.jelpc.com\/wp-content\/uploads\/2019\/12\/55.png\" alt=\"\" width=\"1100\" height=\"1\" \/><\/p>\n<p>&nbsp;<\/p>\n<p>\u0130\u00e7 yap\u0131<\/p>\n<p>&nbsp;<\/p>\n<p><img loading=\"lazy\" decoding=\"async\" class=\"alignnone size-full wp-image-3063\" src=\"https:\/\/www.jelpc.com\/wp-content\/uploads\/2020\/01\/DSN-Internal-Structure.jpg\" alt=\"\" width=\"950\" height=\"543\" \/><\/p>\n<p>&nbsp;<\/p>\n<p>Par\u00e7alar<\/p>\n<p>&nbsp;<\/p>\n<table border=\"1\" width=\"100%\" cellspacing=\"0\" cellpadding=\"0\">\n<tbody>\n<tr>\n<td>Numara<\/td>\n<td>\u0130sim<\/td>\n<td>Numara<\/td>\n<td>\u0130sim<\/td>\n<\/tr>\n<tr>\n<td>ben<\/td>\n<td>Piston kolu<\/td>\n<td>9<\/td>\n<td>Varil<\/td>\n<\/tr>\n<tr>\n<td>2<\/td>\n<td>alt\u0131gen somun<\/td>\n<td>10<\/td>\n<td>Piston<\/td>\n<\/tr>\n<tr>\n<td>3<\/td>\n<td>salmastra<\/td>\n<td>11<\/td>\n<td>Piston contas\u0131<\/td>\n<\/tr>\n<tr>\n<td>4<\/td>\n<td>alt\u0131gen somun<\/td>\n<td>12<\/td>\n<td>S\u00fcrt\u00fcnme \u00f6nleyici conta<\/td>\n<\/tr>\n<tr>\n<td>5<\/td>\n<td>DU rulman<\/td>\n<td>13<\/td>\n<td>M\u0131knat\u0131s<\/td>\n<\/tr>\n<tr>\n<td>6<\/td>\n<td>\u00d6n kapak<\/td>\n<td>14<\/td>\n<td>Soket ba\u015fl\u0131 vida<\/td>\n<\/tr>\n<tr>\n<td>7<\/td>\n<td>\u00c7arp\u0131\u015fma \u00f6nleyici conta<\/td>\n<td>15<\/td>\n<td>Yast\u0131k<\/td>\n<\/tr>\n<tr>\n<td>8<\/td>\n<td>Yast\u0131k<\/td>\n<td>16<\/td>\n<td>Arka kapak<\/td>\n<\/tr>\n<\/tbody>\n<\/table>\n<p>&nbsp;<\/p>\n<p><img loading=\"lazy\" decoding=\"async\" src=\"https:\/\/www.jelpc.com\/wp-content\/uploads\/2019\/12\/55.png\" alt=\"\" width=\"1100\" height=\"1\" \/><\/p>\n<p>&nbsp;<\/p>\n<p>Sipari\u015f kodu<\/p>\n<p>&nbsp;<\/p>\n<p><img loading=\"lazy\" decoding=\"async\" class=\"alignnone size-full wp-image-3064\" src=\"https:\/\/www.jelpc.com\/wp-content\/uploads\/2020\/01\/DSN-Ordering-Code.jpg\" alt=\"\" width=\"950\" height=\"362\" \/><\/p>\n<p>&nbsp;<\/p>\n<p><img loading=\"lazy\" decoding=\"async\" src=\"https:\/\/www.jelpc.com\/wp-content\/uploads\/2019\/12\/55.png\" alt=\"\" width=\"1100\" height=\"1\" \/><\/p>\n<p>&nbsp;<\/p>\n<p>\u015eartname<\/p>\n<p>&nbsp;<\/p>\n<table border=\"1\" width=\"100%\" cellspacing=\"0\" cellpadding=\"0\">\n<tbody>\n<tr>\n<td>Delik (mm)<\/td>\n<td>16<\/td>\n<td>20<\/td>\n<td>25<\/td>\n<td>32<\/td>\n<td>40<\/td>\n<\/tr>\n<tr>\n<td>Operasyon<\/td>\n<td colspan=\"5\">\u00c7ift Oyunculuk<\/td>\n<\/tr>\n<tr>\n<td>\u00c7al\u0131\u015fma Ortam\u0131<\/td>\n<td colspan=\"5\">Hava<\/td>\n<\/tr>\n<tr>\n<td>Montajlar<\/td>\n<td colspan=\"5\">Temel LB FA FB SDB<\/td>\n<\/tr>\n<tr>\n<td>\u00c7al\u0131\u015fma Bas\u0131nc\u0131 Aral\u0131\u011f\u0131<\/td>\n<td colspan=\"5\">0.1\uff5e1.0MPa<\/td>\n<\/tr>\n<tr>\n<td>Bas\u0131n\u00e7 ge\u00e7irmez<\/td>\n<td colspan=\"5\">1.5 MPa<\/td>\n<\/tr>\n<tr>\n<td>\u00c7al\u0131\u015fma S\u0131cakl\u0131\u011f\u0131 Aral\u0131\u011f\u0131<\/td>\n<td colspan=\"5\">-20\uff5e80\u2103<\/td>\n<\/tr>\n<tr>\n<td>\u00c7al\u0131\u015fma H\u0131z Aral\u0131\u011f\u0131<\/td>\n<td colspan=\"5\">50~800 mm\/sn<\/td>\n<\/tr>\n<tr>\n<td>Yast\u0131k<\/td>\n<td colspan=\"5\">Ayarlanabilir Hava Yast\u0131\u011f\u0131<\/td>\n<\/tr>\n<tr>\n<td>Ba\u011flant\u0131 noktas\u0131 boyutu<\/td>\n<td>M5X0.8<\/td>\n<td colspan=\"4\">G1\/8&#8243;<\/td>\n<\/tr>\n<\/tbody>\n<\/table>\n<p>&nbsp;<\/p>\n<h3><strong>Ortalama boyut;<\/strong><\/h3>\n<p><img loading=\"lazy\" decoding=\"async\" class=\"alignnone size-full wp-image-3066\" src=\"https:\/\/www.jelpc.com\/wp-content\/uploads\/2020\/01\/DSN-Overall-Dimension.jpg\" alt=\"\" width=\"950\" height=\"543\" \/><\/p>\n<p>&nbsp;<\/p>\n<p>Boyut<\/p>\n<p>&nbsp;<\/p>\n<table border=\"1\" width=\"100%\" cellspacing=\"0\" cellpadding=\"0\">\n<tbody>\n<tr>\n<td>Delik\/Sembol<\/td>\n<td>A<\/td>\n<td>A1<\/td>\n<td>A2<\/td>\n<td>A3<\/td>\n<td>A4<\/td>\n<td>A5<\/td>\n<td>B<\/td>\n<td>C<\/td>\n<td>C1<\/td>\n<td>D<\/td>\n<td>D1<\/td>\n<td>D2<\/td>\n<td>E<\/td>\n<td>E1<\/td>\n<td>E2<\/td>\n<td>F<\/td>\n<td>G<\/td>\n<td>G1<\/td>\n<td>G2<\/td>\n<td>H<\/td>\n<td>Bence<\/td>\n<\/tr>\n<tr>\n<td>16<\/td>\n<td>98<\/td>\n<td>82<\/td>\n<td>55<\/td>\n<td>111<\/td>\n<td>92<\/td>\n<td>111<\/td>\n<td>37<\/td>\n<td>19<\/td>\n<td>19<\/td>\n<td>10.5<\/td>\n<td>6<\/td>\n<td>7<\/td>\n<td>10.5<\/td>\n<td>6<\/td>\n<td>7<\/td>\n<td>9<\/td>\n<td>10.5<\/td>\n<td>6<\/td>\n<td>7<\/td>\n<td>16<\/td>\n<td>16<\/td>\n<\/tr>\n<tr>\n<td>20<\/td>\n<td>115<\/td>\n<td>95<\/td>\n<td>64<\/td>\n<td>128<\/td>\n<td>107<\/td>\n<td>128<\/td>\n<td>43<\/td>\n<td>21<\/td>\n<td>21<\/td>\n<td>14<\/td>\n<td>7.5<\/td>\n<td>10<\/td>\n<td>14<\/td>\n<td>7.5<\/td>\n<td>10<\/td>\n<td>9<\/td>\n<td>14<\/td>\n<td>7.5<\/td>\n<td>10<\/td>\n<td>20<\/td>\n<td>18<\/td>\n<\/tr>\n<tr>\n<td>25<\/td>\n<td>126<\/td>\n<td>104<\/td>\n<td>66<\/td>\n<td>137<\/td>\n<td>116<\/td>\n<td>137<\/td>\n<td>50<\/td>\n<td>21<\/td>\n<td>21<\/td>\n<td>15<\/td>\n<td>8<\/td>\n<td>10.5<\/td>\n<td>15<\/td>\n<td>8<\/td>\n<td>10.5<\/td>\n<td>12<\/td>\n<td>15<\/td>\n<td>8<\/td>\n<td>10.5<\/td>\n<td>22<\/td>\n<td>22<\/td>\n<\/tr>\n<tr>\n<td>32<\/td>\n<td>135<\/td>\n<td>113<\/td>\n<td>72<\/td>\n<td>147<\/td>\n<td>120<\/td>\n<td>132<\/td>\n<td>48<\/td>\n<td>27<\/td>\n<td>12<\/td>\n<td>17<\/td>\n<td>8.5<\/td>\n<td>12<\/td>\n<td>17<\/td>\n<td>8.5<\/td>\n<td>12<\/td>\n<td>15<\/td>\n<td>17<\/td>\n<td>8.5<\/td>\n<td>12<\/td>\n<td>22<\/td>\n<td>18<\/td>\n<\/tr>\n<tr>\n<td>40<\/td>\n<td>138<\/td>\n<td>115<\/td>\n<td>72<\/td>\n<td>150<\/td>\n<td>123<\/td>\n<td>136<\/td>\n<td>51<\/td>\n<td>27<\/td>\n<td>14<\/td>\n<td>16<\/td>\n<td>8<\/td>\n<td>11.5<\/td>\n<td>16<\/td>\n<td>8<\/td>\n<td>11.5<\/td>\n<td>15<\/td>\n<td>16<\/td>\n<td>8<\/td>\n<td>11.5<\/td>\n<td>23<\/td>\n<td>20<\/td>\n<\/tr>\n<\/tbody>\n<\/table>\n<p>&nbsp;<\/p>\n<p>&nbsp;<\/p>\n<table border=\"1\" width=\"100%\" cellspacing=\"0\" cellpadding=\"0\">\n<tbody>\n<tr>\n<td>Delik\/Sembol<\/td>\n<td>J<\/td>\n<td>K<\/td>\n<td>L<\/td>\n<td>m<\/td>\n<td>n<\/td>\n<td>\u00d6<\/td>\n<td>P<\/td>\n<td>P1<\/td>\n<td>D<\/td>\n<td>r<\/td>\n<td>S1<\/td>\n<td>S2<\/td>\n<td>T<\/td>\n<td>T1<\/td>\n<td>x<\/td>\n<td>V<\/td>\n<td>W<\/td>\n<td>Y<\/td>\n<\/tr>\n<tr>\n<td>16<\/td>\n<td>5<\/td>\n<td>M6\u00d71<\/td>\n<td>M16\u00d71.5<\/td>\n<td>6<\/td>\n<td>21<\/td>\n<td>13<\/td>\n<td>21<\/td>\n<td>6<\/td>\n<td>12<\/td>\n<td>16<\/td>\n<td>19<\/td>\n<td>19<\/td>\n<td>10<\/td>\n<td>24<\/td>\n<td>M5\u00d70.8<\/td>\n<td>6<\/td>\n<td>15.5<\/td>\n<td>5<\/td>\n<\/tr>\n<tr>\n<td>20<\/td>\n<td>6<\/td>\n<td>M8 \u00d7 1.25<\/td>\n<td>M22\u00d71.5<\/td>\n<td>7<\/td>\n<td>23<\/td>\n<td>13<\/td>\n<td>30<\/td>\n<td>8<\/td>\n<td>16<\/td>\n<td>22<\/td>\n<td>27<\/td>\n<td>28,5<\/td>\n<td>12<\/td>\n<td>29<\/td>\n<td>G18<\/td>\n<td>8<\/td>\n<td>17.5<\/td>\n<td>6<\/td>\n<\/tr>\n<tr>\n<td>25<\/td>\n<td>6<\/td>\n<td>M10\u00d71.25<\/td>\n<td>M22\u00d71.5<\/td>\n<td>7<\/td>\n<td>28<\/td>\n<td>11<\/td>\n<td>30<\/td>\n<td>8<\/td>\n<td>16<\/td>\n<td>22<\/td>\n<td>27<\/td>\n<td>28,5<\/td>\n<td>17<\/td>\n<td>29<\/td>\n<td>G1\/8<\/td>\n<td>10<\/td>\n<td>17.5<\/td>\n<td>8<\/td>\n<\/tr>\n<tr>\n<td>32<\/td>\n<td>6<\/td>\n<td>M10\u00d71.25<\/td>\n<td>M27\u00d72<\/td>\n<td>9<\/td>\n<td>26<\/td>\n<td>12<\/td>\n<td>38<\/td>\n<td>10<\/td>\n<td>20<\/td>\n<td>27<\/td>\n<td>35<\/td>\n<td>36.5<\/td>\n<td>17<\/td>\n<td>36<\/td>\n<td>G1\/8<\/td>\n<td>12<\/td>\n<td>8<\/td>\n<td>10<\/td>\n<\/tr>\n<tr>\n<td>40<\/td>\n<td>8<\/td>\n<td>M14\u00d71.5<\/td>\n<td>M33\u00d72<\/td>\n<td>9<\/td>\n<td>28<\/td>\n<td>12<\/td>\n<td>45<\/td>\n<td>10<\/td>\n<td>20<\/td>\n<td>33<\/td>\n<td>42<\/td>\n<td>43,5<\/td>\n<td>22<\/td>\n<td>45<\/td>\n<td>G1\/4<\/td>\n<td>16<\/td>\n<td>10<\/td>\n<td>14<\/td>\n<\/tr>\n<\/tbody>\n<\/table>\n<p>&nbsp;<\/p>\n<p>Ortalama boyut<\/p>\n<p>&nbsp;<\/p>\n<p><img loading=\"lazy\" decoding=\"async\" class=\"alignnone size-full wp-image-3067\" src=\"https:\/\/www.jelpc.com\/wp-content\/uploads\/2020\/01\/DSND-DSNJ-Overall-Dimension.jpg\" alt=\"\" width=\"950\" height=\"633\" \/><\/p>\n<p>&nbsp;<\/p>\n<p>Boyut<\/p>\n<p>&nbsp;<\/p>\n<table border=\"1\" width=\"100%\" cellspacing=\"0\" cellpadding=\"0\">\n<tbody>\n<tr>\n<td>Delik\/Sembol<\/td>\n<td>A<\/td>\n<td>A1<\/td>\n<td>A2<\/td>\n<td>B<\/td>\n<td>B1<\/td>\n<td>C<\/td>\n<td>D<\/td>\n<td>G<\/td>\n<td>G1<\/td>\n<td>G2<\/td>\n<td>H<\/td>\n<td>Bence<\/td>\n<td>J<\/td>\n<td>K<\/td>\n<td>L<\/td>\n<td>m<\/td>\n<td>T<\/td>\n<td>T1<\/td>\n<td>V<\/td>\n<td>x<\/td>\n<\/tr>\n<tr>\n<td>16<\/td>\n<td>129<\/td>\n<td>55<\/td>\n<td>129<\/td>\n<td>21<\/td>\n<td>21<\/td>\n<td>13<\/td>\n<td>5<\/td>\n<td>10.5<\/td>\n<td>6<\/td>\n<td>7<\/td>\n<td>16<\/td>\n<td>16<\/td>\n<td>5<\/td>\n<td>M6x1<\/td>\n<td>M16x1.5<\/td>\n<td>6<\/td>\n<td>10<\/td>\n<td>24<\/td>\n<td>6<\/td>\n<td>M5x0.8<\/td>\n<\/tr>\n<tr>\n<td>20<\/td>\n<td>150<\/td>\n<td>64<\/td>\n<td>150<\/td>\n<td>27<\/td>\n<td>25<\/td>\n<td>14.5<\/td>\n<td>6<\/td>\n<td>14<\/td>\n<td>7.5<\/td>\n<td>10<\/td>\n<td>20<\/td>\n<td>18<\/td>\n<td>6<\/td>\n<td>M8x1.25<\/td>\n<td>M22x1.5<\/td>\n<td>7<\/td>\n<td>12<\/td>\n<td>29<\/td>\n<td>8<\/td>\n<td>G1\/8<\/td>\n<\/tr>\n<tr>\n<td>25<\/td>\n<td>166<\/td>\n<td>66<\/td>\n<td>165<\/td>\n<td>28<\/td>\n<td>27<\/td>\n<td>18.5<\/td>\n<td>8<\/td>\n<td>15<\/td>\n<td>8<\/td>\n<td>10.5<\/td>\n<td>22<\/td>\n<td>22<\/td>\n<td>6<\/td>\n<td>M10x1.25<\/td>\n<td>M22x1.5<\/td>\n<td>7<\/td>\n<td>17<\/td>\n<td>29<\/td>\n<td>10<\/td>\n<td>G1\/8<\/td>\n<\/tr>\n<tr>\n<td>32<\/td>\n<td>168<\/td>\n<td>72<\/td>\n<td>165<\/td>\n<td>30<\/td>\n<td>27<\/td>\n<td>14<\/td>\n<td>10<\/td>\n<td>17<\/td>\n<td>8.5<\/td>\n<td>12<\/td>\n<td>22<\/td>\n<td>18<\/td>\n<td>6<\/td>\n<td>M10x1.25<\/td>\n<td>M27x2<\/td>\n<td>9<\/td>\n<td>17<\/td>\n<td>36<\/td>\n<td>12<\/td>\n<td>G1\/8<\/td>\n<\/tr>\n<tr>\n<td>40<\/td>\n<td>174<\/td>\n<td>72<\/td>\n<td>172<\/td>\n<td>31<\/td>\n<td>29<\/td>\n<td>16<\/td>\n<td>14<\/td>\n<td>16<\/td>\n<td>8<\/td>\n<td>11.5<\/td>\n<td>23<\/td>\n<td>20<\/td>\n<td>8<\/td>\n<td>M14x1.5<\/td>\n<td>M33x2<\/td>\n<td>9<\/td>\n<td>22<\/td>\n<td>45<\/td>\n<td>16<\/td>\n<td>G1\/4<\/td>\n<\/tr>\n<\/tbody>\n<\/table>\n","protected":false},"excerpt":{"rendered":"<h1 class=\"pro_tit\">DSN Serisi Paslanmaz \u00c7elik<\/h1>\n<p>Mini Silindir ISO6432 Standard\u0131<\/p>\n<p><strong>\u00d6zellikleri;<\/strong><\/p>\n<p>1. Piston \u00e7ubu\u011funun hassas bir \u015fekilde parlat\u0131lmas\u0131, daha fazla \u00fcr\u00fcn kalitesi ve \u00f6n contan\u0131n daha uzun \u00f6m\u00fcrl\u00fc olmas\u0131 ile geni\u015f kapsaml\u0131 uygulamalar\u0131 uyarlamak i\u00e7in iyile\u015ftirme.<\/p>\n<p>2. Optima, \u00fcretim verimlili\u011fini tasarlar ve geli\u015ftirir.<\/p>\n<p>3. Kurumsal renk planlamas\u0131 ve yeni yap\u0131 tasar\u0131m\u0131 ile birlikte, yar\u0131m daire bi\u00e7imli oluk kramp\u0131 olarak entegre paslanmaz \u00e7elik seri silindir.<\/p>\n<p>4. Stabilizasyonda tamponlama i\u015flevini sa\u011flamak i\u00e7in silindir yast\u0131k yap\u0131s\u0131n\u0131n i\u015fleme teknolojisini de\u011fi\u015ftirin.<\/p>\n<p>5. Arabelle\u011fe alma ince ayar aral\u0131\u011f\u0131 iyile\u015ftirildi, m\u00fc\u015fterilerin arabellek daraltma h\u0131z\u0131n\u0131 daha kolay ayarlamas\u0131n\u0131 sa\u011flay\u0131n.<\/p>\n","protected":false},"featured_media":6545,"template":"","meta":[],"product_cat":[47,73,74],"product_tag":[122,428,426,458,123,121,124,125],"class_list":{"0":"post-6544","1":"product","2":"type-product","3":"status-publish","4":"has-post-thumbnail","6":"product_cat-tum-urunleri","7":"product_cat-pnomatik","8":"product_cat-silindirler","9":"product_tag-bursa-pnomatik-silindir","10":"product_tag-nova","11":"product_tag-nova-hidrolik","12":"product_tag-nova-pnomatik","13":"product_tag-pnomatik-silindir-fiyati","14":"product_tag-pnomatik-silindirler","15":"product_tag-sq-silindir-bursa","16":"product_tag-sq-silindirler","18":"first","19":"instock","20":"shipping-taxable","21":"product-type-simple"},"_links":{"self":[{"href":"https:\/\/novahidrolik.com.tr\/index.php\/wp-json\/wp\/v2\/product\/6544","targetHints":{"allow":["GET"]}}],"collection":[{"href":"https:\/\/novahidrolik.com.tr\/index.php\/wp-json\/wp\/v2\/product"}],"about":[{"href":"https:\/\/novahidrolik.com.tr\/index.php\/wp-json\/wp\/v2\/types\/product"}],"version-history":[{"count":0,"href":"https:\/\/novahidrolik.com.tr\/index.php\/wp-json\/wp\/v2\/product\/6544\/revisions"}],"wp:featuredmedia":[{"embeddable":true,"href":"https:\/\/novahidrolik.com.tr\/index.php\/wp-json\/wp\/v2\/media\/6545"}],"wp:attachment":[{"href":"https:\/\/novahidrolik.com.tr\/index.php\/wp-json\/wp\/v2\/media?parent=6544"}],"wp:term":[{"taxonomy":"product_cat","embeddable":true,"href":"https:\/\/novahidrolik.com.tr\/index.php\/wp-json\/wp\/v2\/product_cat?post=6544"},{"taxonomy":"product_tag","embeddable":true,"href":"https:\/\/novahidrolik.com.tr\/index.php\/wp-json\/wp\/v2\/product_tag?post=6544"}],"curies":[{"name":"wp","href":"https:\/\/api.w.org\/{rel}","templated":true}]}}