{"id":6556,"date":"2022-01-14T16:04:21","date_gmt":"2022-01-14T13:04:21","guid":{"rendered":"https:\/\/novahidrolik.com.tr\/?post_type=product&#038;p=6556"},"modified":"2022-01-19T14:52:32","modified_gmt":"2022-01-19T11:52:32","slug":"msqb-serisi-doner-platformlu-rotary-silindir","status":"publish","type":"product","link":"https:\/\/novahidrolik.com.tr\/index.php\/urun\/msqb-serisi-doner-platformlu-rotary-silindir\/","title":{"rendered":"MSQB D\u00f6ner Silindir"},"content":{"rendered":"<h2><strong>\u00d6zellikleri<\/strong><\/h2>\n<p>&nbsp;<\/p>\n<p>1. Rulmanda kullan\u0131lan y\u00fcksek hassasiyetli bilyeler, dikey ve yatay hassasiyet \u00b10.01 mm&#8217;ye kadard\u0131r.<\/p>\n<p>2. D\u00f6ner tip kurulum i\u00e7in kolayd\u0131r.<\/p>\n<p>3. Rulman tasar\u0131m\u0131, y\u00fck CRQ serisinden 3 ila 4 kat daha b\u00fcy\u00fckt\u00fcr.<\/p>\n<p>4. D\u00f6nd\u00fcrme d\u00fczg\u00fcn ve do\u011frudur.<\/p>\n<p>5. Tel veya borunun ge\u00e7mesi i\u00e7in delikli merkez \u00e7ubuklar.<\/p>\n<p>6. Daha geni\u015f a\u00e7\u0131 ayar\u0131 i\u00e7in standart a\u00e7\u0131 ayar cihaz\u0131 (0\u00b0~190\u00b0).<\/p>\n<p>7. Sens\u00f6r anahtar\u0131 uygulamas\u0131 i\u00e7in m\u0131knat\u0131s halkal\u0131.<\/p>\n<p>&nbsp;<\/p>\n<h2><strong>Sipari\u015f kodu<\/strong><\/h2>\n<p>&nbsp;<\/p>\n<p><img loading=\"lazy\" decoding=\"async\" class=\"alignnone size-full wp-image-3668\" src=\"https:\/\/www.jelpc.com\/wp-content\/uploads\/2020\/01\/MSQ-Ordering-Code.jpg\" alt=\"\" width=\"2100\" height=\"430\" \/><\/p>\n<p>&nbsp;<\/p>\n<h2>Strok \/ Sens\u00f6r Anahtar\u0131 Modeli<\/h2>\n<p>&nbsp;<\/p>\n<table border=\"1\" width=\"100%\" cellspacing=\"0\" cellpadding=\"0\">\n<tbody>\n<tr>\n<td>modeli<\/td>\n<td>*Sens\u00f6r Anahtarl\u0131 Model \uff08Kayd\u0131rmal\u0131 Montaj \u0130\u00e7in\uff09<\/td>\n<\/tr>\n<tr>\n<td>10<\/td>\n<td rowspan=\"7\">D-A90L<br \/>\nD-A93L<br \/>\nD-A96L<br \/>\nD-F9NL<br \/>\nD-F9BL&nbsp;<\/td>\n<\/tr>\n<tr>\n<td>20<\/td>\n<\/tr>\n<tr>\n<td>30<\/td>\n<\/tr>\n<tr>\n<td>50<\/td>\n<\/tr>\n<tr>\n<td>70<\/td>\n<\/tr>\n<tr>\n<td>100<\/td>\n<\/tr>\n<tr>\n<td>200<\/td>\n<\/tr>\n<\/tbody>\n<\/table>\n<p>&nbsp;<\/p>\n<h2>\u015eartname<\/h2>\n<p>&nbsp;<\/p>\n<table border=\"1\" width=\"100%\" cellspacing=\"0\" cellpadding=\"0\">\n<tbody>\n<tr>\n<td colspan=\"2\">Delik (mm)<\/td>\n<td>10<\/td>\n<td>20<\/td>\n<td>30<\/td>\n<td>50<\/td>\n<td>70<\/td>\n<td>100<\/td>\n<td>200<\/td>\n<\/tr>\n<tr>\n<td colspan=\"2\">Operasyon Fulid<\/td>\n<td colspan=\"7\">Hava (Ya\u011fs\u0131z)<\/td>\n<\/tr>\n<tr>\n<td colspan=\"2\">Operasyon<\/td>\n<td colspan=\"7\">\u00c7ift Oyunculuk<\/td>\n<\/tr>\n<tr>\n<td rowspan=\"2\">Maks.\u00a0\u00c7al\u0131\u015fma Bas\u0131nc\u0131<\/td>\n<td>A\u00e7\u0131 ayar vidas\u0131 ile<\/td>\n<td colspan=\"7\">1 MPa<\/td>\n<\/tr>\n<tr>\n<td>Hidrolik Yast\u0131kl\u0131<\/td>\n<td colspan=\"7\">0,6 MPa<\/td>\n<\/tr>\n<tr>\n<td colspan=\"2\">Min.\u00a0\u00c7al\u0131\u015fma Bas\u0131nc\u0131<\/td>\n<td colspan=\"7\">0.1 MPa<\/td>\n<\/tr>\n<tr>\n<td colspan=\"2\">Ortam ve s\u0131v\u0131 s\u0131cakl\u0131\u011f\u0131<\/td>\n<td colspan=\"7\">0~60 \u2103<\/td>\n<\/tr>\n<tr>\n<td colspan=\"2\">Yast\u0131k<\/td>\n<td colspan=\"7\">Kau\u00e7uk Tampon (Standart) \/ Hidrolik Yast\u0131k cihaz\u0131 (Opsiyonel)<\/td>\n<\/tr>\n<tr>\n<td rowspan=\"2\">\u0130\u015flev<\/td>\n<td>A\u00e7\u0131 ayar vidas\u0131 ile<\/td>\n<td>0,007J<\/td>\n<td>0025J<\/td>\n<td>0.048J<\/td>\n<td>0.081J<\/td>\n<td>0.24J<\/td>\n<td>0.32J<\/td>\n<td>0,56J<\/td>\n<\/tr>\n<tr>\n<td>Hidrolik Yast\u0131kl\u0131<\/td>\n<td>0.039J<\/td>\n<td colspan=\"2\">0.116J<\/td>\n<td>0,294J<\/td>\n<td>1.1J<\/td>\n<td>1,6J<\/td>\n<td>2.9J<\/td>\n<\/tr>\n<tr>\n<td>A\u00e7\u0131 ayar aral\u0131\u011f\u0131<\/td>\n<td colspan=\"8\">0~190\u00b0<\/td>\n<\/tr>\n<tr>\n<td>Maks.\u00a0d\u00f6n\u00fc\u015f a\u00e7\u0131s\u0131<\/td>\n<td colspan=\"8\">190\u00b0<\/td>\n<\/tr>\n<tr>\n<td rowspan=\"2\">S\u00fcrekli d\u00f6nen Zaman aral\u0131\u011f\u0131<\/td>\n<td>A\u00e7\u0131 ayar vidas\u0131 ile<\/td>\n<td colspan=\"4\">0,2~1,0 sn\/90\u00b0<\/td>\n<td>0,2~1,5 sn\/90\u00b0<\/td>\n<td>0,2~2,0 sn\/90\u00b0<\/td>\n<td>0,2~2,5 sn\/90\u00b0<\/td>\n<\/tr>\n<tr>\n<td>Hidrolik Yast\u0131kl\u0131<\/td>\n<td colspan=\"4\">0,2~0,7 sn\/90\u00b0<\/td>\n<td colspan=\"3\">0,2~1,0 sn\/90\u00b0<\/td>\n<\/tr>\n<tr>\n<td colspan=\"2\">delik<\/td>\n<td>\u042415<\/td>\n<td>\u042418<\/td>\n<td>\u042421<\/td>\n<td>\u042425<\/td>\n<td>\u042428<\/td>\n<td>\u042432<\/td>\n<td>\u042440<\/td>\n<\/tr>\n<tr>\n<td colspan=\"2\">Ba\u011flant\u0131 noktas\u0131 boyutu<\/td>\n<td colspan=\"2\">M5\u00d70.8<\/td>\n<td colspan=\"5\">Kc1\/8<\/td>\n<\/tr>\n<\/tbody>\n<\/table>\n<p>Maks.\u00a0\u00e7al\u0131\u015fma bas\u0131nc\u0131 Maks.\u00a0Hidrolik Yast\u0131k cihaz\u0131n\u0131n y\u00fck\u00fc.<\/p>\n<p>&nbsp;<\/p>\n<p>Maks.\u00a0Y\u00fck<\/p>\n<p>&nbsp;<\/p>\n<p><img loading=\"lazy\" decoding=\"async\" class=\"alignnone size-full wp-image-3215\" src=\"https:\/\/www.jelpc.com\/wp-content\/uploads\/2020\/01\/MSQ-Max-Load.jpg\" alt=\"\" width=\"1400\" height=\"300\" \/><\/p>\n<p>&nbsp;<\/p>\n<table border=\"1\" width=\"100%\" cellspacing=\"0\" cellpadding=\"0\">\n<tbody>\n<tr>\n<td rowspan=\"2\">modeli<\/td>\n<td rowspan=\"2\">Max.honjontal y\u00fck (N)<\/td>\n<td colspan=\"2\">Maks.\u00a0dikey y\u00fck (N)<\/td>\n<td rowspan=\"2\">Maks.\u00a0b\u00fckme (Nm)<\/td>\n<\/tr>\n<tr>\n<td>(a)<\/td>\n<td>(B)<\/td>\n<\/tr>\n<tr>\n<td>MSQ(10)<\/td>\n<td>78<\/td>\n<td>74<\/td>\n<td>78<\/td>\n<td>2.4<\/td>\n<\/tr>\n<tr>\n<td>MSQ\u25a120\u25a1<\/td>\n<td>147<\/td>\n<td>137<\/td>\n<td>137<\/td>\n<td>4.0<\/td>\n<\/tr>\n<tr>\n<td>MSQ(30)<\/td>\n<td>196<\/td>\n<td>197<\/td>\n<td>363<\/td>\n<td>5.3<\/td>\n<\/tr>\n<tr>\n<td>MSQ(50)<\/td>\n<td>314<\/td>\n<td>296<\/td>\n<td>451<\/td>\n<td>9.7<\/td>\n<\/tr>\n<tr>\n<td>MSQ (70)<\/td>\n<td>333<\/td>\n<td>296<\/td>\n<td>476<\/td>\n<td>12.0<\/td>\n<\/tr>\n<tr>\n<td>MSQ(100)<\/td>\n<td>390<\/td>\n<td>493<\/td>\n<td>708<\/td>\n<td>18.0<\/td>\n<\/tr>\n<tr>\n<td>MSQ (200)<\/td>\n<td>543<\/td>\n<td>740<\/td>\n<td>1009<\/td>\n<td>25.0<\/td>\n<\/tr>\n<\/tbody>\n<\/table>\n<p>Ortalama boyut<\/p>\n<p>MSQA<\/p>\n<p>&nbsp;<\/p>\n<p><img loading=\"lazy\" decoding=\"async\" class=\"alignnone size-full wp-image-3216\" src=\"https:\/\/www.jelpc.com\/wp-content\/uploads\/2020\/01\/MSQA-Overall-Dimension.jpg\" alt=\"\" width=\"900\" height=\"510\" \/><\/p>\n<p>&nbsp;<\/p>\n<table border=\"1\" width=\"100%\" cellspacing=\"0\" cellpadding=\"0\">\n<tbody>\n<tr>\n<td>modeli<\/td>\n<td>DA<\/td>\n<td>DB<\/td>\n<td>DC<\/td>\n<td>DD<\/td>\n<td>HA<\/td>\n<td>HB<\/td>\n<td>BD<\/td>\n<\/tr>\n<tr>\n<td>MSQA10\u25a1<\/td>\n<td>46h8<\/td>\n<td>45h8<\/td>\n<td>20H8<\/td>\n<td>15H8<\/td>\n<td>10<\/td>\n<td>18 5<\/td>\n<td>52.5<\/td>\n<\/tr>\n<tr>\n<td>MSQA20\u25a1<\/td>\n<td>61h8<\/td>\n<td>60h8<\/td>\n<td>28H8<\/td>\n<td>17H8<\/td>\n<td>15.5<\/td>\n<td>26<\/td>\n<td>63<\/td>\n<\/tr>\n<tr>\n<td>MSQA30\u25a1<\/td>\n<td>67h8<\/td>\n<td>65h8<\/td>\n<td>32H8<\/td>\n<td>22H8<\/td>\n<td>16.5<\/td>\n<td>27<\/td>\n<td>67<\/td>\n<\/tr>\n<tr>\n<td>MSQA50\u25a1<\/td>\n<td>77h8<\/td>\n<td>75h8<\/td>\n<td>35H8<\/td>\n<td>26H8<\/td>\n<td>17.5<\/td>\n<td>30<\/td>\n<td>76<\/td>\n<\/tr>\n<\/tbody>\n<\/table>\n<p>&nbsp;<\/p>\n<p>Genel Boyut \u00d810, 20, 30, 50<\/p>\n<p>MSQB<\/p>\n<p><img loading=\"lazy\" decoding=\"async\" class=\"alignnone size-full wp-image-3217\" src=\"https:\/\/www.jelpc.com\/wp-content\/uploads\/2020\/01\/MSQB-Overall-Dimension.jpg\" alt=\"\" width=\"1500\" height=\"900\" \/><\/p>\n<p>&nbsp;<\/p>\n<table border=\"1\" width=\"100%\" cellspacing=\"0\" cellpadding=\"0\">\n<tbody>\n<tr>\n<td>modeli<\/td>\n<td>Tur ba\u015f\u0131na ula\u015f\u0131lan ayar a\u00e7\u0131s\u0131*<\/td>\n<\/tr>\n<tr>\n<td>MSQB10\u25a1<\/td>\n<td>10.2\u00b0&#8217;nin \u00fczerinde<\/td>\n<\/tr>\n<tr>\n<td>MSQB20\u25a1<\/td>\n<td>7.2\u00b0&#8217;nin \u00fczerinde<\/td>\n<\/tr>\n<tr>\n<td>MSQB30\u25a1<\/td>\n<td>6,5\u00b0&#8217;nin \u00fczerinde<\/td>\n<\/tr>\n<tr>\n<td>MSQB40\u25a1<\/td>\n<td>8.2\u00b0&#8217;nin \u00fczerinde<\/td>\n<\/tr>\n<\/tbody>\n<\/table>\n<p>A\u00e7\u0131 ayar vidas\u0131 veya hidrolik yast\u0131\u011f\u0131n bir daire d\u00f6nd\u00fcrmesi durumunda.<\/p>\n<p>&nbsp;<\/p>\n<p>Boyut<\/p>\n<p>&nbsp;<\/p>\n<table border=\"1\" width=\"100%\" cellspacing=\"0\" cellpadding=\"0\">\n<tbody>\n<tr>\n<td width=\"10%\">modeli<\/td>\n<td width=\"3%\">A<\/td>\n<td width=\"2%\">B<\/td>\n<td width=\"4%\">C<\/td>\n<td width=\"2%\">D<\/td>\n<td width=\"8%\">E<\/td>\n<td width=\"4%\">F<\/td>\n<td width=\"8%\">G<\/td>\n<td width=\"4%\">H<\/td>\n<td width=\"2%\">Bence<\/td>\n<td width=\"4%\">J<\/td>\n<td width=\"4%\">K<\/td>\n<td width=\"3%\">L<\/td>\n<td width=\"2%\">m<\/td>\n<td width=\"3%\">n<\/td>\n<td width=\"5%\">\u00d6<\/td>\n<td width=\"2%\">P<\/td>\n<td width=\"4%\">Q<\/td>\n<td width=\"4%\">r<\/td>\n<td width=\"4%\">S<\/td>\n<td width=\"2%\">T<\/td>\n<td width=\"2%\">sen<\/td>\n<td width=\"3%\">V<\/td>\n<td width=\"3%\">W<\/td>\n<td width=\"2%\">x<\/td>\n<td width=\"2%\">Y<\/td>\n<td width=\"4%\">Z<\/td>\n<\/tr>\n<tr>\n<td>MSQB10\u25a1<\/td>\n<td>60<\/td>\n<td>27<\/td>\n<td>15<\/td>\n<td>2<\/td>\n<td>M5\u00d70.8<\/td>\n<td>8<\/td>\n<td>M5\u00d70.8<\/td>\n<td>6.8<\/td>\n<td>11<\/td>\n<td>6.5<\/td>\n<td>3H9<\/td>\n<td>3.5<\/td>\n<td>32<\/td>\n<td>92<\/td>\n<td>15H9<\/td>\n<td>5<\/td>\n<td>9.5<\/td>\n<td>8.6<\/td>\n<td>17.7<\/td>\n<td>47<\/td>\n<td>34<\/td>\n<td>4.5<\/td>\n<td>3<\/td>\n<td>13<\/td>\n<td>8<\/td>\n<td>4<\/td>\n<\/tr>\n<tr>\n<td>MSQB20\u25a1<\/td>\n<td>76<\/td>\n<td>34<\/td>\n<td>20.5<\/td>\n<td>2<\/td>\n<td>M6\u00d71<\/td>\n<td>10<\/td>\n<td>M6\u00d71<\/td>\n<td>8.6<\/td>\n<td>14<\/td>\n<td>8.5<\/td>\n<td>4H9<\/td>\n<td>4.5<\/td>\n<td>43<\/td>\n<td>117<\/td>\n<td>17H9<\/td>\n<td>9<\/td>\n<td>12<\/td>\n<td>10.6<\/td>\n<td>25<\/td>\n<td>54<\/td>\n<td>37<\/td>\n<td>6.5<\/td>\n<td>2.5<\/td>\n<td>17<\/td>\n<td>10<\/td>\n<td>6<\/td>\n<\/tr>\n<tr>\n<td>MSQB30\u25a1<\/td>\n<td>84<\/td>\n<td>37<\/td>\n<td>23<\/td>\n<td>2<\/td>\n<td>M6\u00d71<\/td>\n<td>10<\/td>\n<td>M6\u00d71<\/td>\n<td>8.6<\/td>\n<td>14<\/td>\n<td>8.5<\/td>\n<td>4H9<\/td>\n<td>4.5<\/td>\n<td>48<\/td>\n<td>127<\/td>\n<td>22H9<\/td>\n<td>9<\/td>\n<td>12<\/td>\n<td>10.6<\/td>\n<td>25<\/td>\n<td>57<\/td>\n<td>40<\/td>\n<td>6.5<\/td>\n<td>3<\/td>\n<td>17<\/td>\n<td>10<\/td>\n<td>4.5<\/td>\n<\/tr>\n<tr>\n<td>MSQB50\u25a1<\/td>\n<td>100<\/td>\n<td>50<\/td>\n<td>26.5<\/td>\n<td>2<\/td>\n<td>M8 \u00d7 1.25<\/td>\n<td>12<\/td>\n<td>M8 \u00d7 1.25<\/td>\n<td>10.5<\/td>\n<td>18<\/td>\n<td>10.5<\/td>\n<td>5H9<\/td>\n<td>5.5<\/td>\n<td>55<\/td>\n<td>152<\/td>\n<td>26H9<\/td>\n<td>10<\/td>\n<td>15.5<\/td>\n<td>14<\/td>\n<td>31.4<\/td>\n<td>66<\/td>\n<td>46<\/td>\n<td>7.5<\/td>\n<td>3<\/td>\n<td>20<\/td>\n<td>12<\/td>\n<td>5<\/td>\n<\/tr>\n<\/tbody>\n<\/table>\n<p>&nbsp;<\/p>\n<table border=\"1\" width=\"100%\" cellspacing=\"0\" cellpadding=\"0\">\n<tbody>\n<tr>\n<td>modeli<\/td>\n<td>AA<\/td>\n<td>BB<\/td>\n<td>bilgi<\/td>\n<td>DD<\/td>\n<td>EE<\/td>\n<td>FF<\/td>\n<td>\u0130yi oyun<\/td>\n<td>HH<\/td>\n<td>II<\/td>\n<td>JJ<\/td>\n<td>KK<\/td>\n<td>LL<\/td>\n<td>AA<\/td>\n<td>NN<\/td>\n<td>OO<\/td>\n<td>PP<\/td>\n<td>QQ<\/td>\n<td>RR<\/td>\n<td>SS<\/td>\n<td>TT<\/td>\n<td>Hidrolik Yast\u0131k cihaz\u0131n\u0131n kodu<\/td>\n<\/tr>\n<tr>\n<td>MSQB10\u25a1<\/td>\n<td>46<\/td>\n<td>45<\/td>\n<td>20<\/td>\n<td>M8 \u00d7 1.25<\/td>\n<td>12<\/td>\n<td>M8\u00d71<\/td>\n<td>50<\/td>\n<td>45<\/td>\n<td>20<\/td>\n<td>12<\/td>\n<td>4<\/td>\n<td>27.8<\/td>\n<td>15.5<\/td>\n<td>34.5<\/td>\n<td>9<\/td>\n<td>13<\/td>\n<td>M5\u00d70.8<\/td>\n<td>31.5<\/td>\n<td>8.6<\/td>\n<td>M8\u00d71<\/td>\n<td>RBA0805-X692<\/td>\n<\/tr>\n<tr>\n<td>MSQB20\u25a1<\/td>\n<td>61<\/td>\n<td>60<\/td>\n<td>28<\/td>\n<td>M10\u00d71.5<\/td>\n<td>15<\/td>\n<td>M10\u00d71<\/td>\n<td>65<\/td>\n<td>60<\/td>\n<td>27.5<\/td>\n<td>14<\/td>\n<td>5<\/td>\n<td>28.8<\/td>\n<td>16<\/td>\n<td>51<\/td>\n<td>10<\/td>\n<td>12<\/td>\n<td>M5\u00d70.8<\/td>\n<td>34.7<\/td>\n<td>10.6<\/td>\n<td>M10\u00d71<\/td>\n<td>RBA1006-X692<\/td>\n<\/tr>\n<tr>\n<td>MSQB30\u25a1<\/td>\n<td>67<\/td>\n<td>65<\/td>\n<td>32<\/td>\n<td>M10\u00d71.5<\/td>\n<td>15<\/td>\n<td>M10\u00d71<\/td>\n<td>70<\/td>\n<td>65<\/td>\n<td>29<\/td>\n<td>14<\/td>\n<td>5<\/td>\n<td>32<\/td>\n<td>18.5<\/td>\n<td>50<\/td>\n<td>11.5<\/td>\n<td>14<\/td>\n<td>1\/8<\/td>\n<td>34.7<\/td>\n<td>10.6<\/td>\n<td>M10\u00d71<\/td>\n<td>RBA1006-X692<\/td>\n<\/tr>\n<tr>\n<td>MSQB50\u25a1<\/td>\n<td>77<\/td>\n<td>75<\/td>\n<td>35<\/td>\n<td>M12\u00d71.75<\/td>\n<td>18<\/td>\n<td>M14\u00d715<\/td>\n<td>80<\/td>\n<td>75<\/td>\n<td>38<\/td>\n<td>19<\/td>\n<td>6<\/td>\n<td>37.5<\/td>\n<td>22<\/td>\n<td>63<\/td>\n<td>14.5<\/td>\n<td>15<\/td>\n<td>1\/8<\/td>\n<td>51.7<\/td>\n<td>14<\/td>\n<td>M14\u00d71.5<\/td>\n<td>RBA1411-X692<\/td>\n<\/tr>\n<\/tbody>\n<\/table>\n<p>Maks.\u00a0\u00f6l\u00e7\u00fcm Max.\u00a0d\u00f6n\u00fc\u015f a\u00e7\u0131s\u0131 (190\u00b0)<\/p>\n<p><img loading=\"lazy\" decoding=\"async\" class=\"alignnone size-full wp-image-3218\" src=\"https:\/\/www.jelpc.com\/wp-content\/uploads\/2020\/01\/MSQB-Overall-Dimension-2.jpg\" alt=\"\" width=\"2100\" height=\"800\" \/><\/p>\n<p><img loading=\"lazy\" decoding=\"async\" class=\"alignnone size-full wp-image-3219\" src=\"https:\/\/www.jelpc.com\/wp-content\/uploads\/2020\/01\/MSQB-Overall-Dimension-3.jpg\" alt=\"\" width=\"2100\" height=\"2700\" \/><\/p>\n","protected":false},"excerpt":{"rendered":"<h2>MSQB SER\u0130S\u0130 D\u00d6NER PLATFORMLU ROTARY S\u0130L\u0130ND\u0130R<\/h2>\n","protected":false},"featured_media":6558,"template":"","meta":[],"product_cat":[47,73,74],"product_tag":[122,127,126,428,426,458,123,121],"class_list":{"0":"post-6556","1":"product","2":"type-product","3":"status-publish","4":"has-post-thumbnail","6":"product_cat-tum-urunleri","7":"product_cat-pnomatik","8":"product_cat-silindirler","9":"product_tag-bursa-pnomatik-silindir","10":"product_tag-doner-platform","11":"product_tag-msqb-doner-silindir","12":"product_tag-nova","13":"product_tag-nova-hidrolik","14":"product_tag-nova-pnomatik","15":"product_tag-pnomatik-silindir-fiyati","16":"product_tag-pnomatik-silindirler","18":"first","19":"instock","20":"shipping-taxable","21":"product-type-simple"},"_links":{"self":[{"href":"https:\/\/novahidrolik.com.tr\/index.php\/wp-json\/wp\/v2\/product\/6556","targetHints":{"allow":["GET"]}}],"collection":[{"href":"https:\/\/novahidrolik.com.tr\/index.php\/wp-json\/wp\/v2\/product"}],"about":[{"href":"https:\/\/novahidrolik.com.tr\/index.php\/wp-json\/wp\/v2\/types\/product"}],"version-history":[{"count":0,"href":"https:\/\/novahidrolik.com.tr\/index.php\/wp-json\/wp\/v2\/product\/6556\/revisions"}],"wp:featuredmedia":[{"embeddable":true,"href":"https:\/\/novahidrolik.com.tr\/index.php\/wp-json\/wp\/v2\/media\/6558"}],"wp:attachment":[{"href":"https:\/\/novahidrolik.com.tr\/index.php\/wp-json\/wp\/v2\/media?parent=6556"}],"wp:term":[{"taxonomy":"product_cat","embeddable":true,"href":"https:\/\/novahidrolik.com.tr\/index.php\/wp-json\/wp\/v2\/product_cat?post=6556"},{"taxonomy":"product_tag","embeddable":true,"href":"https:\/\/novahidrolik.com.tr\/index.php\/wp-json\/wp\/v2\/product_tag?post=6556"}],"curies":[{"name":"wp","href":"https:\/\/api.w.org\/{rel}","templated":true}]}}