{"id":6565,"date":"2022-01-14T16:22:54","date_gmt":"2022-01-14T13:22:54","guid":{"rendered":"https:\/\/novahidrolik.com.tr\/?post_type=product&#038;p=6565"},"modified":"2022-01-19T14:53:08","modified_gmt":"2022-01-19T11:53:08","slug":"adn-serisi-silindir","status":"publish","type":"product","link":"https:\/\/novahidrolik.com.tr\/index.php\/urun\/adn-serisi-silindir\/","title":{"rendered":"ADN Serisi Silindir"},"content":{"rendered":"<h2>\u00d6zellikleri<\/h2>\n<p>&nbsp;<\/p>\n<p>1. ADN serisi kompakt silindir, ISO21287 standard\u0131na uygundur.<\/p>\n<p>2. Kompakt yap\u0131ya sahip ADN serisi silindir, t\u00fcretilmi\u015f \u00e7ok \u00e7e\u015fitli tipler ve geni\u015f uygulama yelpazesi.<\/p>\n<p>3. Y\u00fcksek h\u0131zl\u0131 hareketin ve makine d\u00f6ng\u00fcs\u00fcn\u00fcn kalan enerjisini emmek i\u00e7in her iki u\u00e7ta da kau\u00e7uk conta kullan\u0131l\u0131r.<\/p>\n<p>4. Her ammsebly yolu \u00e7ok say\u0131da aksesuara sahiptir, bu nedenle \u00e7ok \u00f6rnektir.<\/p>\n<p>&nbsp;<\/p>\n<p><img loading=\"lazy\" decoding=\"async\" src=\"https:\/\/www.jelpc.com\/wp-content\/uploads\/2019\/12\/55.png\" alt=\"\" width=\"1100\" height=\"1\" \/><\/p>\n<p>&nbsp;<\/p>\n<p>\u0130\u00e7 yap\u0131<\/p>\n<p>&nbsp;<\/p>\n<p><img loading=\"lazy\" decoding=\"async\" class=\"alignnone size-full wp-image-3180\" src=\"https:\/\/www.jelpc.com\/wp-content\/uploads\/2020\/01\/ADN-Internal-Structure.jpg\" alt=\"\" width=\"950\" height=\"611\" \/><\/p>\n<p>&nbsp;<\/p>\n<p>Par\u00e7alar<\/p>\n<p>&nbsp;<\/p>\n<table border=\"1\" width=\"100%\" cellspacing=\"0\" cellpadding=\"0\">\n<tbody>\n<tr>\n<td>Numara<\/td>\n<td>\u0130sim<\/td>\n<td>Numara<\/td>\n<td>\u0130sim<\/td>\n<\/tr>\n<tr>\n<td>1<\/td>\n<td>Piston kolu<\/td>\n<td>7<\/td>\n<td>O y\u00fcz\u00fck<\/td>\n<\/tr>\n<tr>\n<td>2<\/td>\n<td>salmastra<\/td>\n<td>8<\/td>\n<td>Varil<\/td>\n<\/tr>\n<tr>\n<td>3<\/td>\n<td>Kapak vidas\u0131<\/td>\n<td>9<\/td>\n<td>O y\u00fcz\u00fck<\/td>\n<\/tr>\n<tr>\n<td>4<\/td>\n<td>DU rulman<\/td>\n<td>10<\/td>\n<td>Piston contas\u0131<\/td>\n<\/tr>\n<tr>\n<td>5<\/td>\n<td>\u00d6n kapak<\/td>\n<td>11<\/td>\n<td>S\u00fcrt\u00fcnme \u00f6nleyici conta<\/td>\n<\/tr>\n<tr>\n<td>6<\/td>\n<td>\u00c7arp\u0131\u015fma \u00f6nleyici conta<\/td>\n<td>12<\/td>\n<td>Arka kapak<\/td>\n<\/tr>\n<\/tbody>\n<\/table>\n<p>&nbsp;<\/p>\n<p><img loading=\"lazy\" decoding=\"async\" src=\"https:\/\/www.jelpc.com\/wp-content\/uploads\/2019\/12\/55.png\" alt=\"\" width=\"1100\" height=\"1\" \/><\/p>\n<p>&nbsp;<\/p>\n<p>Sipari\u015f kodu<\/p>\n<p>&nbsp;<\/p>\n<p><img loading=\"lazy\" decoding=\"async\" class=\"alignnone size-full wp-image-3181\" src=\"https:\/\/www.jelpc.com\/wp-content\/uploads\/2020\/01\/ADN-Ordering-Code.jpg\" alt=\"\" width=\"950\" height=\"452\" \/><\/p>\n<p>&nbsp;<\/p>\n<p><img loading=\"lazy\" decoding=\"async\" src=\"https:\/\/www.jelpc.com\/wp-content\/uploads\/2019\/12\/55.png\" alt=\"\" width=\"1100\" height=\"1\" \/><\/p>\n<p>&nbsp;<\/p>\n<p>\u015eartname<\/p>\n<p>&nbsp;<\/p>\n<table border=\"1\" width=\"100%\" cellspacing=\"0\" cellpadding=\"0\">\n<tbody>\n<tr>\n<td>Delik (mm)<\/td>\n<td>20<\/td>\n<td>25<\/td>\n<td>32<\/td>\n<td>40<\/td>\n<td>50<\/td>\n<td>63<\/td>\n<td>80<\/td>\n<td>100<\/td>\n<\/tr>\n<tr>\n<td>Operasyon<\/td>\n<td colspan=\"8\">\u00c7ift Oyunculuk<\/td>\n<\/tr>\n<tr>\n<td>\u00c7al\u0131\u015fma Ortam\u0131<\/td>\n<td colspan=\"8\">Hava<\/td>\n<\/tr>\n<tr>\n<td>\u00c7al\u0131\u015fma Bas\u0131nc\u0131 Aral\u0131\u011f\u0131<\/td>\n<td colspan=\"8\">0.1\uff5e1.0MPa<\/td>\n<\/tr>\n<tr>\n<td>Bas\u0131n\u00e7 ge\u00e7irmez<\/td>\n<td colspan=\"8\">1.5MPa<\/td>\n<\/tr>\n<tr>\n<td>\u00c7al\u0131\u015fma S\u0131cakl\u0131\u011f\u0131 Aral\u0131\u011f\u0131<\/td>\n<td colspan=\"8\">-20\uff5e80\u2103<\/td>\n<\/tr>\n<tr>\n<td>\u00c7al\u0131\u015fma H\u0131z Aral\u0131\u011f\u0131<\/td>\n<td colspan=\"8\">30\uff5e500 mm\/sn<\/td>\n<\/tr>\n<tr>\n<td>Ba\u011flant\u0131 noktas\u0131 boyutu<\/td>\n<td colspan=\"2\">M5x0.8<\/td>\n<td colspan=\"6\">G1\/8&#8243;<\/td>\n<\/tr>\n<\/tbody>\n<\/table>\n<p>Ortalama boyut<\/p>\n<p>&nbsp;<\/p>\n<p><img loading=\"lazy\" decoding=\"async\" class=\"alignnone size-full wp-image-3182\" src=\"https:\/\/www.jelpc.com\/wp-content\/uploads\/2020\/01\/ADN-Overall-Dimension.jpg\" alt=\"\" width=\"950\" height=\"724\" \/><\/p>\n<p>&nbsp;<\/p>\n<p>Boyut<\/p>\n<p>&nbsp;<\/p>\n<table border=\"1\" width=\"100%\" cellspacing=\"0\" cellpadding=\"0\">\n<tbody>\n<tr>\n<td>Delik\/Sembol<\/td>\n<td>Strok Aral\u0131\u011f\u0131 (mm)<\/td>\n<td>A<\/td>\n<td>AF<\/td>\n<td>KG Min.<\/td>\n<td>D1<\/td>\n<td>D5<\/td>\n<td>E<\/td>\n<td>EE<\/td>\n<td>G<\/td>\n<td>KA<\/td>\n<td>KF<\/td>\n<td>KK<\/td>\n<td>Los Angeles<\/td>\n<\/tr>\n<tr>\n<td>20<\/td>\n<td rowspan=\"8\">5-200<\/td>\n<td rowspan=\"2\">16<\/td>\n<td rowspan=\"2\">14<\/td>\n<td rowspan=\"2\">15<\/td>\n<td rowspan=\"4\">9<\/td>\n<td rowspan=\"4\">9<\/td>\n<td>36<\/td>\n<td rowspan=\"2\">M5<\/td>\n<td>10.5<\/td>\n<td rowspan=\"2\">6.5<\/td>\n<td rowspan=\"2\">M6\u00d71<\/td>\n<td rowspan=\"2\">M8 \u00d7 1.25<\/td>\n<td rowspan=\"6\">5<\/td>\n<\/tr>\n<tr>\n<td>25<\/td>\n<td>40<\/td>\n<td>11<\/td>\n<\/tr>\n<tr>\n<td>32<\/td>\n<td rowspan=\"2\">19<\/td>\n<td rowspan=\"2\">16<\/td>\n<td rowspan=\"4\">16<\/td>\n<td>47.5<\/td>\n<td rowspan=\"6\">G1\/8<\/td>\n<td rowspan=\"4\">14<\/td>\n<td rowspan=\"2\">8.5<\/td>\n<td rowspan=\"2\">M8 \u00d7 1.25<\/td>\n<td rowspan=\"2\">M10\u00d71.25<\/td>\n<\/tr>\n<tr>\n<td>40<\/td>\n<td>55<\/td>\n<\/tr>\n<tr>\n<td>50<\/td>\n<td rowspan=\"2\">22<\/td>\n<td rowspan=\"4\">20<\/td>\n<td rowspan=\"4\">12<\/td>\n<td rowspan=\"4\">12<\/td>\n<td>66<\/td>\n<td rowspan=\"2\">10.5<\/td>\n<td rowspan=\"2\">M10\u00d71.5<\/td>\n<td rowspan=\"2\">M12 \u00d7 1.25<\/td>\n<\/tr>\n<tr>\n<td>63<\/td>\n<td>78.3<\/td>\n<\/tr>\n<tr>\n<td>80<\/td>\n<td rowspan=\"2\">28<\/td>\n<td rowspan=\"2\">17<\/td>\n<td>96<\/td>\n<td>15<\/td>\n<td rowspan=\"2\">12.5<\/td>\n<td rowspan=\"2\">M12\u00d71.75<\/td>\n<td rowspan=\"2\">M16\u00d7l.5<\/td>\n<td rowspan=\"2\">&#8211;<\/td>\n<\/tr>\n<tr>\n<td>100<\/td>\n<td>116<\/td>\n<td>21<\/td>\n<\/tr>\n<\/tbody>\n<\/table>\n<p>&nbsp;<\/p>\n<table border=\"1\" width=\"100%\" cellspacing=\"0\" cellpadding=\"0\">\n<tbody>\n<tr>\n<td>Delik\/Sembol<\/td>\n<td>AA<\/td>\n<td>PL<\/td>\n<td>RT<\/td>\n<td>S<\/td>\n<td>bilimkurgu<\/td>\n<td>T<\/td>\n<td>T2<\/td>\n<td>T4<\/td>\n<td>TG<\/td>\n<td>WH<\/td>\n<td>ABD<\/td>\n<td>ZB<\/td>\n<\/tr>\n<tr>\n<td>20<\/td>\n<td rowspan=\"2\">10<\/td>\n<td rowspan=\"2\">5<\/td>\n<td rowspan=\"2\">M5\u00d70.8<\/td>\n<td rowspan=\"2\">12<\/td>\n<td rowspan=\"2\">9<\/td>\n<td rowspan=\"2\">5<\/td>\n<td rowspan=\"4\">2.1<\/td>\n<td rowspan=\"2\">2.6<\/td>\n<td>22<\/td>\n<td rowspan=\"2\">6<\/td>\n<td>37<\/td>\n<td>43<\/td>\n<\/tr>\n<tr>\n<td>25<\/td>\n<td>26<\/td>\n<td>39<\/td>\n<td>45<\/td>\n<\/tr>\n<tr>\n<td>32<\/td>\n<td rowspan=\"2\">12<\/td>\n<td rowspan=\"6\">7.5<\/td>\n<td rowspan=\"2\">M6\u00d71<\/td>\n<td rowspan=\"4\">17<\/td>\n<td rowspan=\"2\">10<\/td>\n<td rowspan=\"2\">6<\/td>\n<td rowspan=\"2\">3.3<\/td>\n<td>32.5<\/td>\n<td rowspan=\"2\">7<\/td>\n<td>44<\/td>\n<td>51<\/td>\n<\/tr>\n<tr>\n<td>40<\/td>\n<td>38<\/td>\n<td rowspan=\"2\">45<\/td>\n<td>52<\/td>\n<\/tr>\n<tr>\n<td>50<\/td>\n<td rowspan=\"2\">16<\/td>\n<td rowspan=\"2\">M8 \u00d7 1.25<\/td>\n<td rowspan=\"2\">13<\/td>\n<td rowspan=\"2\">7<\/td>\n<td rowspan=\"4\">2.6<\/td>\n<td rowspan=\"2\">4.7<\/td>\n<td>46.5<\/td>\n<td rowspan=\"2\">8<\/td>\n<td>53<\/td>\n<\/tr>\n<tr>\n<td>63<\/td>\n<td>56.5<\/td>\n<td>49<\/td>\n<td>57<\/td>\n<\/tr>\n<tr>\n<td>80<\/td>\n<td rowspan=\"2\">20<\/td>\n<td rowspan=\"2\">M10\u00d71.5<\/td>\n<td rowspan=\"2\">23<\/td>\n<td rowspan=\"2\">17<\/td>\n<td rowspan=\"2\">8<\/td>\n<td rowspan=\"2\">6.1<\/td>\n<td>72<\/td>\n<td rowspan=\"2\">10<\/td>\n<td>54<\/td>\n<td>64<\/td>\n<\/tr>\n<tr>\n<td>100<\/td>\n<td>89<\/td>\n<td>67<\/td>\n<td>77<\/td>\n<\/tr>\n<\/tbody>\n<\/table>\n<p>&nbsp;<\/p>\n<p><img loading=\"lazy\" decoding=\"async\" class=\"alignnone size-full wp-image-3183\" src=\"https:\/\/www.jelpc.com\/wp-content\/uploads\/2020\/01\/ADN-Overall-Dimension-2.jpg\" alt=\"\" width=\"950\" height=\"724\" \/><\/p>\n<p>&nbsp;<\/p>\n<table border=\"1\" width=\"100%\" cellspacing=\"0\" cellpadding=\"0\">\n<tbody>\n<tr>\n<td>Delik\/Sembol<\/td>\n<td>Strok Aral\u0131\u011f\u0131 (mm)<\/td>\n<td>A<\/td>\n<td>AF<\/td>\n<td>KG Min.<\/td>\n<td>D5<\/td>\n<td>E<\/td>\n<td>EE<\/td>\n<td>G<\/td>\n<td>KA<\/td>\n<td>KF<\/td>\n<td>KK<\/td>\n<td>Los Angeles<\/td>\n<\/tr>\n<tr>\n<td>20<\/td>\n<td rowspan=\"8\">5-200<\/td>\n<td rowspan=\"2\">16<\/td>\n<td rowspan=\"2\">14<\/td>\n<td rowspan=\"2\">15<\/td>\n<td rowspan=\"4\">9<\/td>\n<td>36<\/td>\n<td rowspan=\"2\">M5<\/td>\n<td>10.5<\/td>\n<td rowspan=\"2\">6.5<\/td>\n<td rowspan=\"2\">M6\u00d71<\/td>\n<td rowspan=\"2\">M8 \u00d7 1.25<\/td>\n<td rowspan=\"6\">5<\/p>\n<p>&nbsp;<\/td>\n<\/tr>\n<tr>\n<td>25<\/td>\n<td>40<\/td>\n<td>11<\/td>\n<\/tr>\n<tr>\n<td>32<\/td>\n<td rowspan=\"2\">19<\/td>\n<td rowspan=\"2\">16<\/td>\n<td rowspan=\"4\">16<\/td>\n<td>47.5<\/td>\n<td rowspan=\"6\">G1\/8<\/td>\n<td rowspan=\"4\">14<\/td>\n<td rowspan=\"2\">8.5<\/td>\n<td rowspan=\"2\">M8 \u00d7 1.25<\/td>\n<td rowspan=\"2\">M10\u00d71.25<\/td>\n<\/tr>\n<tr>\n<td>40<\/td>\n<td>55<\/td>\n<\/tr>\n<tr>\n<td>50<\/td>\n<td rowspan=\"2\">22<\/td>\n<td rowspan=\"4\">20<\/td>\n<td rowspan=\"2\">12<\/td>\n<td>66<\/td>\n<td rowspan=\"2\">10.5<\/td>\n<td rowspan=\"2\">M10\u00d71.5<\/td>\n<td rowspan=\"2\">M12 \u00d7 1.25<\/td>\n<\/tr>\n<tr>\n<td>63<\/td>\n<td>78.3<\/td>\n<\/tr>\n<tr>\n<td>80<\/td>\n<td rowspan=\"2\">28<\/td>\n<td rowspan=\"2\">17<\/td>\n<td rowspan=\"2\">&#8211;<\/td>\n<td>96<\/td>\n<td>15<\/td>\n<td rowspan=\"2\">12.5<\/td>\n<td rowspan=\"2\">M12\u00d71.75<\/td>\n<td rowspan=\"2\">M16\u00d71.5<\/td>\n<td rowspan=\"2\">&#8211;<\/td>\n<\/tr>\n<tr>\n<td>100<\/td>\n<td>116<\/td>\n<td>21<\/td>\n<\/tr>\n<\/tbody>\n<\/table>\n<p>&nbsp;<\/p>\n<table border=\"1\" width=\"100%\" cellspacing=\"0\" cellpadding=\"0\">\n<tbody>\n<tr>\n<td>Delik\/Sembol<\/td>\n<td>AA<\/td>\n<td>PL<\/td>\n<td>RT<\/td>\n<td>S<\/td>\n<td>bilimkurgu<\/td>\n<td>T<\/td>\n<td>T4<\/td>\n<td colspan=\"2\">TG WH<\/td>\n<td>ABD<\/td>\n<td>ZM<\/td>\n<\/tr>\n<tr>\n<td>20<\/td>\n<td rowspan=\"2\">10<\/td>\n<td rowspan=\"2\">5<\/td>\n<td rowspan=\"2\">M5\u00d70.8<\/td>\n<td rowspan=\"2\">12<\/td>\n<td rowspan=\"2\">9<\/td>\n<td rowspan=\"2\">5<\/td>\n<td rowspan=\"2\">2.6<\/td>\n<td>22<\/td>\n<td rowspan=\"2\">6<\/td>\n<td>37<\/td>\n<td>43<\/td>\n<\/tr>\n<tr>\n<td>25<\/td>\n<td>26<\/td>\n<td>39<\/td>\n<td>45<\/td>\n<\/tr>\n<tr>\n<td>32<\/td>\n<td rowspan=\"2\">12<\/td>\n<td rowspan=\"6\">7.5<\/p>\n<p>&nbsp;<\/td>\n<td rowspan=\"2\">M6\u00d71<\/td>\n<td rowspan=\"4\">17<\/td>\n<td rowspan=\"2\">10<\/td>\n<td rowspan=\"2\">6<\/td>\n<td rowspan=\"2\">3.3<\/td>\n<td>32.5<\/td>\n<td rowspan=\"2\">7<\/td>\n<td>44<\/td>\n<td>58<\/td>\n<\/tr>\n<tr>\n<td>40<\/td>\n<td>38<\/td>\n<td rowspan=\"2\">45<\/td>\n<td>59<\/td>\n<\/tr>\n<tr>\n<td>50<\/td>\n<td rowspan=\"2\">16<\/td>\n<td rowspan=\"2\">M8 \u00d7 1.25<\/td>\n<td rowspan=\"2\">13<\/td>\n<td rowspan=\"2\">7<\/td>\n<td rowspan=\"2\">4.7<\/td>\n<td>46.5<\/td>\n<td rowspan=\"2\">8<\/td>\n<td>61<\/td>\n<\/tr>\n<tr>\n<td>63<\/td>\n<td>56.5<\/td>\n<td>49<\/td>\n<td>65<\/td>\n<\/tr>\n<tr>\n<td>80<\/td>\n<td rowspan=\"2\">20<\/td>\n<td rowspan=\"2\">M10\u00d71.5<\/td>\n<td rowspan=\"2\">23<\/td>\n<td rowspan=\"2\">17<\/td>\n<td rowspan=\"2\">8<\/td>\n<td rowspan=\"2\">6.1<\/td>\n<td>72<\/td>\n<td rowspan=\"2\">10<\/td>\n<td>54<\/td>\n<td>74<\/td>\n<\/tr>\n<tr>\n<td>100<\/td>\n<td>89<\/td>\n<td>67<\/td>\n<td>87<\/td>\n<\/tr>\n<\/tbody>\n<\/table>\n<p>&nbsp;<\/p>\n<p><img loading=\"lazy\" decoding=\"async\" class=\"alignnone size-full wp-image-3184\" src=\"https:\/\/www.jelpc.com\/wp-content\/uploads\/2020\/01\/ADN-Overall-Dimension-3.jpg\" alt=\"\" width=\"950\" height=\"724\" \/><\/p>\n<p>&nbsp;<\/p>\n<table border=\"1\" width=\"100%\" cellspacing=\"0\" cellpadding=\"0\">\n<tbody>\n<tr>\n<td>Delik\/Sembol<\/td>\n<td>Strok Aral\u0131\u011f\u0131 (mm)<\/td>\n<td>A<\/td>\n<td>AF<\/td>\n<td>KG Min.<\/td>\n<td>D5<\/td>\n<td>E<\/td>\n<td>EE<\/td>\n<td>G<\/td>\n<td>KA<\/td>\n<td>KF<\/td>\n<td>KK<\/td>\n<td>Los Angeles<\/td>\n<\/tr>\n<tr>\n<td>20<\/td>\n<td rowspan=\"8\">5-200<\/td>\n<td rowspan=\"2\">16<\/td>\n<td rowspan=\"2\">14<\/td>\n<td rowspan=\"2\">15<\/td>\n<td rowspan=\"4\">9<\/td>\n<td>36<\/td>\n<td rowspan=\"2\">M5<\/td>\n<td>10.5<\/td>\n<td rowspan=\"2\">6.5<\/td>\n<td rowspan=\"2\">M6\u00d71<\/td>\n<td rowspan=\"2\">M8 \u00d7 1.25<\/td>\n<td rowspan=\"6\">5<\/td>\n<\/tr>\n<tr>\n<td>25<\/td>\n<td>40<\/td>\n<td>11<\/td>\n<\/tr>\n<tr>\n<td>32<\/td>\n<td rowspan=\"2\">19<\/td>\n<td rowspan=\"2\">16<\/td>\n<td rowspan=\"4\">16<\/td>\n<td>47.5<\/td>\n<td rowspan=\"6\">G1\/8<\/td>\n<td rowspan=\"4\">14<\/td>\n<td rowspan=\"2\">8.5<\/td>\n<td rowspan=\"2\">M8 \u00d7 1.25<\/td>\n<td rowspan=\"2\">M10\u00d71.25<\/td>\n<\/tr>\n<tr>\n<td>40<\/td>\n<td>55<\/td>\n<\/tr>\n<tr>\n<td>50<\/td>\n<td rowspan=\"2\">22<\/td>\n<td rowspan=\"4\">20<\/td>\n<td rowspan=\"2\">12<\/td>\n<td>66<\/td>\n<td rowspan=\"2\">10.5<\/td>\n<td rowspan=\"2\">M10\u00d71.5<\/td>\n<td rowspan=\"2\">M12 \u00d7 1.25<\/td>\n<\/tr>\n<tr>\n<td>63<\/td>\n<td>78.3<\/td>\n<\/tr>\n<tr>\n<td>80<\/td>\n<td rowspan=\"2\">28<\/td>\n<td rowspan=\"2\">17<\/td>\n<td rowspan=\"2\"><\/td>\n<td>96<\/td>\n<td>15<\/td>\n<td rowspan=\"2\">12.5<\/td>\n<td rowspan=\"2\">M12\u00d71.75<\/td>\n<td rowspan=\"2\">M16\u00d71.5<\/td>\n<td rowspan=\"2\">&#8211;<\/td>\n<\/tr>\n<tr>\n<td>100<\/td>\n<td>116<\/td>\n<td>21<\/td>\n<\/tr>\n<\/tbody>\n<\/table>\n<p>&nbsp;<\/p>\n<table border=\"1\" width=\"100%\" cellspacing=\"0\" cellpadding=\"0\">\n<tbody>\n<tr>\n<td>Delik\/Sembol<\/td>\n<td>AA<\/td>\n<td>\u00d6<\/td>\n<td>PL<\/td>\n<td>RT<\/td>\n<td>S<\/td>\n<td>bilimkurgu<\/td>\n<td>T<\/td>\n<td>T4<\/td>\n<td>TG<\/td>\n<td>WH<\/td>\n<td>ABD<\/td>\n<td>ZN<\/td>\n<\/tr>\n<tr>\n<td>20<\/td>\n<td rowspan=\"2\">10<\/td>\n<td rowspan=\"2\">19<\/td>\n<td rowspan=\"4\">5<\/td>\n<td rowspan=\"2\">M5\u00d70.8<\/td>\n<td rowspan=\"2\">12<\/td>\n<td rowspan=\"2\">9<\/td>\n<td rowspan=\"2\">5<\/td>\n<td rowspan=\"2\">2.6<\/td>\n<td>22<\/td>\n<td rowspan=\"2\">6<\/td>\n<td>37<\/td>\n<td>62<\/td>\n<\/tr>\n<tr>\n<td>25<\/td>\n<td>26<\/td>\n<td>39<\/td>\n<td>64<\/td>\n<\/tr>\n<tr>\n<td>32<\/td>\n<td rowspan=\"2\">12<\/td>\n<td rowspan=\"2\">27<\/td>\n<td rowspan=\"2\">M6\u00d71<\/td>\n<td rowspan=\"4\">17<\/td>\n<td rowspan=\"2\">10<\/td>\n<td rowspan=\"2\">6<\/td>\n<td rowspan=\"2\">3.3<\/td>\n<td>32.5<\/td>\n<td rowspan=\"2\">7<\/td>\n<td>44<\/td>\n<td>78<\/td>\n<\/tr>\n<tr>\n<td>40<\/td>\n<td>38<\/td>\n<td rowspan=\"2\">45<\/td>\n<td>79<\/td>\n<\/tr>\n<tr>\n<td>50<\/td>\n<td rowspan=\"2\">16<\/td>\n<td rowspan=\"2\">28<\/td>\n<td rowspan=\"4\">7.5<\/td>\n<td rowspan=\"2\">M8 \u00d7 1.25<\/td>\n<td rowspan=\"2\">13<\/td>\n<td rowspan=\"2\">7<\/td>\n<td rowspan=\"2\">4.7<\/td>\n<td>46.5<\/td>\n<td rowspan=\"2\">8<\/td>\n<td>81<\/td>\n<\/tr>\n<tr>\n<td>63<\/td>\n<td>56.5<\/td>\n<td>49<\/td>\n<td>85<\/td>\n<\/tr>\n<tr>\n<td>80<\/td>\n<td rowspan=\"2\">20<\/td>\n<td rowspan=\"2\">29<\/td>\n<td rowspan=\"2\">M10\u00d71.5<\/td>\n<td rowspan=\"2\">23<\/td>\n<td rowspan=\"2\">17<\/td>\n<td rowspan=\"2\">8<\/td>\n<td rowspan=\"2\">6.1<\/td>\n<td>72<\/td>\n<td rowspan=\"2\">10<\/td>\n<td>54<\/td>\n<td>93<\/td>\n<\/tr>\n<tr>\n<td>100<\/td>\n<td>89<\/td>\n<td>67<\/td>\n<td>96<\/td>\n<\/tr>\n<\/tbody>\n<\/table>\n","protected":false},"excerpt":{"rendered":"<h2>ADN Serisi Silindir<\/h2>\n<p>Yeni Kompakt Silindir ISO21287 Standard\u0131<\/p>\n<h2>\u00d6zellikleri<\/h2>\n<p>&nbsp;<\/p>\n<p>1. ADN serisi kompakt silindir, ISO21287 standard\u0131na uygundur.<\/p>\n<p>2. Kompakt yap\u0131ya sahip ADN serisi silindir, t\u00fcretilmi\u015f \u00e7ok \u00e7e\u015fitli tipler ve geni\u015f uygulama yelpazesi.<\/p>\n<p>3. Y\u00fcksek h\u0131zl\u0131 hareketin ve makine d\u00f6ng\u00fcs\u00fcn\u00fcn kalan enerjisini emmek i\u00e7in her iki u\u00e7ta da kau\u00e7uk conta kullan\u0131l\u0131r.<\/p>\n<p>4. Her ammsebly yolu \u00e7ok say\u0131da aksesuara sahiptir, bu nedenle \u00e7ok \u00f6rnektir.<\/p>\n","protected":false},"featured_media":6568,"template":"","meta":[],"product_cat":[47,73,74],"product_tag":[128,122,428,426,458,123,121],"class_list":{"0":"post-6565","1":"product","2":"type-product","3":"status-publish","4":"has-post-thumbnail","6":"product_cat-tum-urunleri","7":"product_cat-pnomatik","8":"product_cat-silindirler","9":"product_tag-adn-serisi","10":"product_tag-bursa-pnomatik-silindir","11":"product_tag-nova","12":"product_tag-nova-hidrolik","13":"product_tag-nova-pnomatik","14":"product_tag-pnomatik-silindir-fiyati","15":"product_tag-pnomatik-silindirler","17":"first","18":"instock","19":"shipping-taxable","20":"product-type-simple"},"_links":{"self":[{"href":"https:\/\/novahidrolik.com.tr\/index.php\/wp-json\/wp\/v2\/product\/6565","targetHints":{"allow":["GET"]}}],"collection":[{"href":"https:\/\/novahidrolik.com.tr\/index.php\/wp-json\/wp\/v2\/product"}],"about":[{"href":"https:\/\/novahidrolik.com.tr\/index.php\/wp-json\/wp\/v2\/types\/product"}],"version-history":[{"count":0,"href":"https:\/\/novahidrolik.com.tr\/index.php\/wp-json\/wp\/v2\/product\/6565\/revisions"}],"wp:featuredmedia":[{"embeddable":true,"href":"https:\/\/novahidrolik.com.tr\/index.php\/wp-json\/wp\/v2\/media\/6568"}],"wp:attachment":[{"href":"https:\/\/novahidrolik.com.tr\/index.php\/wp-json\/wp\/v2\/media?parent=6565"}],"wp:term":[{"taxonomy":"product_cat","embeddable":true,"href":"https:\/\/novahidrolik.com.tr\/index.php\/wp-json\/wp\/v2\/product_cat?post=6565"},{"taxonomy":"product_tag","embeddable":true,"href":"https:\/\/novahidrolik.com.tr\/index.php\/wp-json\/wp\/v2\/product_tag?post=6565"}],"curies":[{"name":"wp","href":"https:\/\/api.w.org\/{rel}","templated":true}]}}