{"id":6575,"date":"2022-01-14T17:32:40","date_gmt":"2022-01-14T14:32:40","guid":{"rendered":"https:\/\/novahidrolik.com.tr\/?post_type=product&#038;p=6575"},"modified":"2022-01-14T17:32:40","modified_gmt":"2022-01-14T14:32:40","slug":"ma-serisi-silindir","status":"publish","type":"product","link":"https:\/\/novahidrolik.com.tr\/index.php\/urun\/ma-serisi-silindir\/","title":{"rendered":"MA Serisi Silindir"},"content":{"rendered":"<h2><strong>\u00d6zellikleri<\/strong><\/h2>\n<p><span>1. Piston \u00e7ubu\u011funun hassas bir \u015fekilde parlat\u0131lmas\u0131, daha fazla \u00fcr\u00fcn kalitesi ve \u00f6n contan\u0131n daha uzun \u00f6m\u00fcrl\u00fc olmas\u0131 ile geni\u015f kapsaml\u0131 uygulamalar\u0131 uyarlamak i\u00e7in iyile\u015ftirme.<\/span><\/p>\n<p><span>2. Optima, \u00fcretim verimlili\u011fini tasarlar ve geli\u015ftirir.<\/span><\/p>\n<p><span>3. Kurumsal renk planlamas\u0131 ve yeni yap\u0131 tasar\u0131m\u0131 ile birlikte, yar\u0131m daire bi\u00e7imli oluk kramp\u0131 olarak entegre paslanmaz \u00e7elik seri silindir.<\/span><\/p>\n<p><span>4. G\u00f6m\u00fcl\u00fc conta kullanarak, \u00e7arp\u0131\u015fmadan sonra pistonlar\u0131n bas\u0131n\u00e7l\u0131 alan\u0131n\u0131 art\u0131r\u0131n.<\/span><\/p>\n<p>&nbsp;<\/p>\n<p><img loading=\"lazy\" decoding=\"async\" src=\"https:\/\/www.jelpc.com\/wp-content\/uploads\/2019\/12\/55.png\" alt=\"\" width=\"1100\" height=\"1\" \/><\/p>\n<p>&nbsp;<\/p>\n<p><span>\u0130\u00e7 yap\u0131<\/span><\/p>\n<p>&nbsp;<\/p>\n<p><img loading=\"lazy\" decoding=\"async\" class=\"alignnone size-full wp-image-3071\" src=\"https:\/\/www.jelpc.com\/wp-content\/uploads\/2020\/01\/MA-Internal-Structure.jpg\" alt=\"\" width=\"950\" height=\"498\" \/><\/p>\n<p>&nbsp;<\/p>\n<p><span>Par\u00e7alar<\/span><\/p>\n<p>&nbsp;<\/p>\n<table border=\"1\" width=\"100%\" cellspacing=\"0\" cellpadding=\"0\">\n<tbody>\n<tr>\n<td><span>Numara<\/span><\/td>\n<td><span>\u0130sim<\/span><\/td>\n<td><span>Numara<\/span><\/td>\n<td><span>\u0130sim<\/span><\/td>\n<\/tr>\n<tr>\n<td><span>ben<\/span><\/td>\n<td><span>Piston kolu<\/span><\/td>\n<td><span>9<\/span><\/td>\n<td><span>O y\u00fcz\u00fck<\/span><\/td>\n<\/tr>\n<tr>\n<td><span>2<\/span><\/td>\n<td><span>alt\u0131gen somun<\/span><\/td>\n<td><span>10<\/span><\/td>\n<td><span>Piston contas\u0131<\/span><\/td>\n<\/tr>\n<tr>\n<td><span>3<\/span><\/td>\n<td><span>salmastra<\/span><\/td>\n<td><span>11<\/span><\/td>\n<td><span>S\u00fcrt\u00fcnme \u00f6nleyici conta<\/span><\/td>\n<\/tr>\n<tr>\n<td><span>4<\/span><\/td>\n<td><span>alt\u0131gen somun<\/span><\/td>\n<td><span>12<\/span><\/td>\n<td><span>M\u0131knat\u0131s<\/span><\/td>\n<\/tr>\n<tr>\n<td><span>5<\/span><\/td>\n<td><span>DU rulman<\/span><\/td>\n<td><span>13<\/span><\/td>\n<td><span>Piston<\/span><\/td>\n<\/tr>\n<tr>\n<td><span>6<\/span><\/td>\n<td><span>\u00d6n kapak<\/span><\/td>\n<td><span>14<\/span><\/td>\n<td><span>Soket ba\u015fl\u0131 vida<\/span><\/td>\n<\/tr>\n<tr>\n<td><span>7<\/span><\/td>\n<td><span>\u00c7arp\u0131\u015fma \u00f6nleyici conta<\/span><\/td>\n<td><span>15<\/span><\/td>\n<td><span>Arka kapak<\/span><\/td>\n<\/tr>\n<tr>\n<td><span>8<\/span><\/td>\n<td><span>Varil<\/span><\/td>\n<td>&nbsp;<\/td>\n<td>&nbsp;<\/td>\n<\/tr>\n<\/tbody>\n<\/table>\n<p>&nbsp;<\/p>\n<p><img loading=\"lazy\" decoding=\"async\" src=\"https:\/\/www.jelpc.com\/wp-content\/uploads\/2019\/12\/55.png\" alt=\"\" width=\"1100\" height=\"1\" \/><\/p>\n<p>&nbsp;<\/p>\n<p><span>Sipari\u015f kodu<\/span><\/p>\n<p>&nbsp;<\/p>\n<p><img loading=\"lazy\" decoding=\"async\" class=\"alignnone size-full wp-image-3072\" src=\"https:\/\/www.jelpc.com\/wp-content\/uploads\/2020\/01\/MA-Ordering-Code.jpg\" alt=\"\" width=\"950\" height=\"407\" \/><\/p>\n<p>&nbsp;<\/p>\n<p><img loading=\"lazy\" decoding=\"async\" src=\"https:\/\/www.jelpc.com\/wp-content\/uploads\/2019\/12\/55.png\" alt=\"\" width=\"1100\" height=\"1\" \/><\/p>\n<p>&nbsp;<\/p>\n<p><span>\u015eartname<\/span><\/p>\n<p>&nbsp;<\/p>\n<table border=\"1\" width=\"100%\" cellspacing=\"0\" cellpadding=\"0\">\n<tbody>\n<tr>\n<td><span>Delik (mm)<\/span><\/td>\n<td><span>12<\/span><\/td>\n<td><span>16<\/span><\/td>\n<td><span>20<\/span><\/td>\n<td><span>25<\/span><\/td>\n<td><span>32<\/span><\/td>\n<td><span>40<\/span><\/td>\n<\/tr>\n<tr>\n<td><span>Operasyon<\/span><\/td>\n<td colspan=\"6\"><span>\u00c7ift Etkili veya Tek Etkili<\/span><\/td>\n<\/tr>\n<tr>\n<td><span>\u00c7al\u0131\u015fma Ortam\u0131<\/span><\/td>\n<td colspan=\"6\"><span>Hava<\/span><\/td>\n<\/tr>\n<tr>\n<td><span>Montajlar<\/span><\/td>\n<td colspan=\"6\"><span>Temel LB FA FB SDB<\/span><\/td>\n<\/tr>\n<tr>\n<td><span>\u00c7al\u0131\u015fma Bas\u0131nc\u0131 Aral\u0131\u011f\u0131<\/span><\/td>\n<td colspan=\"6\"><span>0.1\uff5e1.0MPa<\/span><\/td>\n<\/tr>\n<tr>\n<td><span>Bas\u0131n\u00e7 ge\u00e7irmez<\/span><\/td>\n<td colspan=\"6\"><span>1.5 MPa<\/span><\/td>\n<\/tr>\n<tr>\n<td><span>\u00c7al\u0131\u015fma S\u0131cakl\u0131\u011f\u0131 Aral\u0131\u011f\u0131<\/span><\/td>\n<td colspan=\"6\"><span>-20\uff5e80\u2103<\/span><\/td>\n<\/tr>\n<tr>\n<td><span>\u00c7al\u0131\u015fma H\u0131z Aral\u0131\u011f\u0131<\/span><\/td>\n<td colspan=\"6\"><span>50~800 mm\/sn<\/span><\/td>\n<\/tr>\n<tr>\n<td><span>Yast\u0131k<\/span><\/td>\n<td colspan=\"6\"><span>Conta Yast\u0131\u011f\u0131<\/span><\/td>\n<\/tr>\n<tr>\n<td><span>Ba\u011flant\u0131 noktas\u0131 boyutu<\/span><\/td>\n<td colspan=\"2\"><span>M5\u00d70.8<\/span><\/td>\n<td colspan=\"4\"><span>G1\/8&#8243;<\/span><\/td>\n<\/tr>\n<\/tbody>\n<\/table>\n<p>&nbsp;<\/p>\n<p><span>Ortalama boyut<\/span><\/p>\n<p>&nbsp;<\/p>\n<p><img loading=\"lazy\" decoding=\"async\" class=\"alignnone size-full wp-image-3073\" src=\"https:\/\/www.jelpc.com\/wp-content\/uploads\/2020\/01\/MA-Overall-Dimension.jpg\" alt=\"\" width=\"950\" height=\"498\" \/><\/p>\n<p><span>Boyut<\/span><\/p>\n<p>&nbsp;<\/p>\n<table border=\"1\" width=\"100%\" cellspacing=\"0\" cellpadding=\"0\">\n<tbody>\n<tr>\n<td><span>Delik\/Strok<\/span><\/td>\n<td><span>A<\/span><\/td>\n<td><span>A1<\/span><\/td>\n<td><span>B<\/span><\/td>\n<td><span>C<\/span><\/td>\n<td><span>D<\/span><\/td>\n<td><span>D1<\/span><\/td>\n<td><span>E<\/span><\/td>\n<td><span>F<\/span><\/td>\n<td><span>G<\/span><\/td>\n<td><span>H<\/span><\/td>\n<td><span>Bence<\/span><\/td>\n<td><span>J<\/span><\/td>\n<td><span>K<\/span><\/td>\n<\/tr>\n<tr>\n<td><span>12<\/span><\/td>\n<td><span>113<\/span><\/td>\n<td><span>97<\/span><\/td>\n<td><span>38<\/span><\/td>\n<td><span>59<\/span><\/td>\n<td><span>16<\/span><\/td>\n<td><span>12<\/span><\/td>\n<td><span>22<\/span><\/td>\n<td><span>16<\/span><\/td>\n<td><span>12<\/span><\/td>\n<td><span>16<\/span><\/td>\n<td><span>10<\/span><\/td>\n<td><span>5<\/span><\/td>\n<td><span>M6x1<\/span><\/td>\n<\/tr>\n<tr>\n<td><span>16<\/span><\/td>\n<td><span>114<\/span><\/td>\n<td><span>98<\/span><\/td>\n<td><span>38<\/span><\/td>\n<td><span>60<\/span><\/td>\n<td><span>16<\/span><\/td>\n<td><span>12<\/span><\/td>\n<td><span>22<\/span><\/td>\n<td><span>16<\/span><\/td>\n<td><span>12<\/span><\/td>\n<td><span>16<\/span><\/td>\n<td><span>10<\/span><\/td>\n<td><span>5<\/span><\/td>\n<td><span>M6x1<\/span><\/td>\n<\/tr>\n<tr>\n<td><span>20<\/span><\/td>\n<td><span>137<\/span><\/td>\n<td><span>116<\/span><\/td>\n<td><span>40<\/span><\/td>\n<td><span>76<\/span><\/td>\n<td><span>21<\/span><\/td>\n<td><span>12<\/span><\/td>\n<td><span>28<\/span><\/td>\n<td><span>12<\/span><\/td>\n<td><span>18<\/span><\/td>\n<td><span>20<\/span><\/td>\n<td><span>12<\/span><\/td>\n<td><span>6<\/span><\/td>\n<td><span>M8x1.25<\/span><\/td>\n<\/tr>\n<tr>\n<td><span>25<\/span><\/td>\n<td><span>141<\/span><\/td>\n<td><span>120<\/span><\/td>\n<td><span>44<\/span><\/td>\n<td><span>76<\/span><\/td>\n<td><span>21<\/span><\/td>\n<td><span>14<\/span><\/td>\n<td><span>30<\/span><\/td>\n<td><span>14<\/span><\/td>\n<td><span>16<\/span><\/td>\n<td><span>22<\/span><\/td>\n<td><span>17<\/span><\/td>\n<td><span>6<\/span><\/td>\n<td><span>M10x1.25<\/span><\/td>\n<\/tr>\n<tr>\n<td><span>32<\/span><\/td>\n<td><span>147<\/span><\/td>\n<td><span>120<\/span><\/td>\n<td><span>44<\/span><\/td>\n<td><span>76<\/span><\/td>\n<td><span>27<\/span><\/td>\n<td><span>14<\/span><\/td>\n<td><span>30<\/span><\/td>\n<td><span>14<\/span><\/td>\n<td><span>16<\/span><\/td>\n<td><span>22<\/span><\/td>\n<td><span>17<\/span><\/td>\n<td><span>6<\/span><\/td>\n<td><span>M10x1.25<\/span><\/td>\n<\/tr>\n<tr>\n<td><span>40<\/span><\/td>\n<td><span>150<\/span><\/td>\n<td><span>123<\/span><\/td>\n<td><span>46<\/span><\/td>\n<td><span>77<\/span><\/td>\n<td><span>27<\/span><\/td>\n<td><span>14<\/span><\/td>\n<td><span>32<\/span><\/td>\n<td><span>14<\/span><\/td>\n<td><span>16.7<\/span><\/td>\n<td><span>24<\/span><\/td>\n<td><span>19<\/span><\/td>\n<td><span>7<\/span><\/td>\n<td><span>M12x1.25<\/span><\/td>\n<\/tr>\n<\/tbody>\n<\/table>\n<p>&nbsp;<\/p>\n<p>&nbsp;<\/p>\n<table border=\"1\" width=\"100%\" cellspacing=\"0\" cellpadding=\"0\">\n<tbody>\n<tr>\n<td><span>Delik\/Strok<\/span><\/td>\n<td><span>L<\/span><\/td>\n<td><span>P<\/span><\/td>\n<td><span>Q<\/span><\/td>\n<td><span>S<\/span><\/td>\n<td><span>sen<\/span><\/td>\n<td><span>V<\/span><\/td>\n<td><span>W<\/span><\/td>\n<td><span>x<\/span><\/td>\n<td><span>AR<\/span><\/td>\n<td><span>balta<\/span><\/td>\n<td><span>AY<\/span><\/td>\n<\/tr>\n<tr>\n<td><span>12<\/span><\/td>\n<td><span>M16xl.5<\/span><\/td>\n<td><span>6<\/span><\/td>\n<td><span>12<\/span><\/td>\n<td><span>9.5<\/span><\/td>\n<td><span>21<\/span><\/td>\n<td><span>6<\/span><\/td>\n<td><span>5<\/span><\/td>\n<td><span>M5\u00d70.8<\/span><\/td>\n<td><span>6<\/span><\/td>\n<td><span>27.8<\/span><\/td>\n<td><span>24<\/span><\/td>\n<\/tr>\n<tr>\n<td><span>16<\/span><\/td>\n<td><span>M16xl.5<\/span><\/td>\n<td><span>6<\/span><\/td>\n<td><span>12<\/span><\/td>\n<td><span>9<\/span><\/td>\n<td><span>21<\/span><\/td>\n<td><span>6<\/span><\/td>\n<td><span>5<\/span><\/td>\n<td><span>M5\u00d70.8<\/span><\/td>\n<td><span>6<\/span><\/td>\n<td><span>27.8<\/span><\/td>\n<td><span>24<\/span><\/td>\n<\/tr>\n<tr>\n<td><span>20<\/span><\/td>\n<td><span>M22xl.5<\/span><\/td>\n<td><span>8<\/span><\/td>\n<td><span>16<\/span><\/td>\n<td><span>12<\/span><\/td>\n<td><span>27<\/span><\/td>\n<td><span>8<\/span><\/td>\n<td><span>6<\/span><\/td>\n<td><span>G1\/8<\/span><\/td>\n<td><span>7<\/span><\/td>\n<td><span>33,5<\/span><\/td>\n<td><span>29<\/span><\/td>\n<\/tr>\n<tr>\n<td><span>25<\/span><\/td>\n<td><span>M22xl.5<\/span><\/td>\n<td><span>8<\/span><\/td>\n<td><span>16<\/span><\/td>\n<td><span>12<\/span><\/td>\n<td><span>30<\/span><\/td>\n<td><span>10<\/span><\/td>\n<td><span>8<\/span><\/td>\n<td><span>G1\/8<\/span><\/td>\n<td><span>7<\/span><\/td>\n<td><span>33,5<\/span><\/td>\n<td><span>29<\/span><\/td>\n<\/tr>\n<tr>\n<td><span>32<\/span><\/td>\n<td><span>M24x2<\/span><\/td>\n<td><span>10<\/span><\/td>\n<td><span>16<\/span><\/td>\n<td><span>15<\/span><\/td>\n<td><span>35<\/span><\/td>\n<td><span>12<\/span><\/td>\n<td><span>10<\/span><\/td>\n<td><span>G1\/8<\/span><\/td>\n<td><span>9<\/span><\/td>\n<td><span>37<\/span><\/td>\n<td><span>32<\/span><\/td>\n<\/tr>\n<tr>\n<td><span>40<\/span><\/td>\n<td><span>M30x2<\/span><\/td>\n<td><span>12<\/span><\/td>\n<td><span>20<\/span><\/td>\n<td><span>15<\/span><\/td>\n<td><span>42<\/span><\/td>\n<td><span>16<\/span><\/td>\n<td><span>14<\/span><\/td>\n<td><span>G1\/8<\/span><\/td>\n<td><span>9<\/span><\/td>\n<td><span>46<\/span><\/td>\n<td><span>40<\/span><\/td>\n<\/tr>\n<\/tbody>\n<\/table>\n<p>&nbsp;<\/p>\n<h2><strong>Ortalama boyut<\/strong><\/h2>\n<p>&nbsp;<\/p>\n<p><img loading=\"lazy\" decoding=\"async\" class=\"alignnone size-full wp-image-3074\" src=\"https:\/\/www.jelpc.com\/wp-content\/uploads\/2020\/01\/MSA-MTA-Overall-Dimension.jpg\" alt=\"\" width=\"950\" height=\"724\" \/><\/p>\n<p><span>Boyut<\/span><\/p>\n<p>&nbsp;<\/p>\n<table border=\"1\" width=\"100%\" cellspacing=\"0\" cellpadding=\"0\">\n<tbody>\n<tr>\n<td><span>sembol<\/span><\/td>\n<td colspan=\"3\"><span>A<\/span><\/td>\n<td colspan=\"3\"><span>A1<\/span><\/td>\n<td rowspan=\"2\"><span>B<\/span><\/td>\n<td colspan=\"3\"><span>C<\/span><\/td>\n<td rowspan=\"2\"><span>D<\/span><\/td>\n<td rowspan=\"2\"><span>D1<\/span><\/td>\n<td rowspan=\"2\"><span>E<\/span><\/td>\n<td rowspan=\"2\"><span>F<\/span><\/td>\n<td rowspan=\"2\"><span>G<\/span><\/td>\n<\/tr>\n<tr>\n<td><span>Delik\/Strok<\/span><\/td>\n<td><span>0-50<\/span><\/td>\n<td><span>50-100<\/span><\/td>\n<td><span>100-150<\/span><\/td>\n<td><span>0-50<\/span><\/td>\n<td><span>50-100<\/span><\/td>\n<td><span>100-150<\/span><\/td>\n<td><span>0-50<\/span><\/td>\n<td><span>50-100<\/span><\/td>\n<td><span>100-150<\/span><\/td>\n<\/tr>\n<tr>\n<td><span>12<\/span><\/td>\n<td><span>138<\/span><\/td>\n<td><span>&#8211;<\/span><\/td>\n<td><span>&#8211;<\/span><\/td>\n<td><span>122<\/span><\/td>\n<td><span>&#8211;<\/span><\/td>\n<td><span>&#8211;<\/span><\/td>\n<td><span>38<\/span><\/td>\n<td><span>84<\/span><\/td>\n<td><span>&#8211;<\/span><\/td>\n<td><span>&#8211;<\/span><\/td>\n<td><span>16<\/span><\/td>\n<td><span>12<\/span><\/td>\n<td><span>22<\/span><\/td>\n<td><span>16<\/span><\/td>\n<td><span>12<\/span><\/td>\n<\/tr>\n<tr>\n<td><span>16<\/span><\/td>\n<td><span>139<\/span><\/td>\n<td><span>164<\/span><\/td>\n<td><span>&#8211;<\/span><\/td>\n<td><span>123<\/span><\/td>\n<td><span>148<\/span><\/td>\n<td><span>&#8211;<\/span><\/td>\n<td><span>38<\/span><\/td>\n<td><span>85<\/span><\/td>\n<td><span>110<\/span><\/td>\n<td><span>&#8211;<\/span><\/td>\n<td><span>16<\/span><\/td>\n<td><span>12<\/span><\/td>\n<td><span>22<\/span><\/td>\n<td><span>16<\/span><\/td>\n<td><span>12<\/span><\/td>\n<\/tr>\n<tr>\n<td><span>20<\/span><\/td>\n<td><span>162<\/span><\/td>\n<td><span>187<\/span><\/td>\n<td><span>212<\/span><\/td>\n<td><span>141<\/span><\/td>\n<td><span>166<\/span><\/td>\n<td><span>191<\/span><\/td>\n<td><span>40<\/span><\/td>\n<td><span>101<\/span><\/td>\n<td><span>126<\/span><\/td>\n<td><span>151<\/span><\/td>\n<td><span>21<\/span><\/td>\n<td><span>12<\/span><\/td>\n<td><span>28<\/span><\/td>\n<td><span>12<\/span><\/td>\n<td><span>18<\/span><\/td>\n<\/tr>\n<tr>\n<td><span>25<\/span><\/td>\n<td><span>166<\/span><\/td>\n<td><span>191<\/span><\/td>\n<td><span>216<\/span><\/td>\n<td><span>145<\/span><\/td>\n<td><span>170<\/span><\/td>\n<td><span>195<\/span><\/td>\n<td><span>44<\/span><\/td>\n<td><span>101<\/span><\/td>\n<td><span>126<\/span><\/td>\n<td><span>151<\/span><\/td>\n<td><span>21<\/span><\/td>\n<td><span>14<\/span><\/td>\n<td><span>30<\/span><\/td>\n<td><span>14<\/span><\/td>\n<td><span>16<\/span><\/td>\n<\/tr>\n<tr>\n<td><span>32<\/span><\/td>\n<td><span>172<\/span><\/td>\n<td><span>197<\/span><\/td>\n<td><span>222<\/span><\/td>\n<td><span>145<\/span><\/td>\n<td><span>170<\/span><\/td>\n<td><span>195<\/span><\/td>\n<td><span>44<\/span><\/td>\n<td><span>101<\/span><\/td>\n<td><span>126<\/span><\/td>\n<td><span>151<\/span><\/td>\n<td><span>27<\/span><\/td>\n<td><span>14<\/span><\/td>\n<td><span>30<\/span><\/td>\n<td><span>14<\/span><\/td>\n<td><span>16<\/span><\/td>\n<\/tr>\n<tr>\n<td><span>40<\/span><\/td>\n<td><span>175<\/span><\/td>\n<td><span>200<\/span><\/td>\n<td><span>225<\/span><\/td>\n<td><span>148<\/span><\/td>\n<td><span>173<\/span><\/td>\n<td><span>198<\/span><\/td>\n<td><span>46<\/span><\/td>\n<td><span>102<\/span><\/td>\n<td><span>127<\/span><\/td>\n<td><span>152<\/span><\/td>\n<td><span>27<\/span><\/td>\n<td><span>14<\/span><\/td>\n<td><span>32<\/span><\/td>\n<td><span>14<\/span><\/td>\n<td><span>16.7<\/span><\/td>\n<\/tr>\n<\/tbody>\n<\/table>\n<p>&nbsp;<\/p>\n<table border=\"1\" width=\"100%\" cellspacing=\"0\" cellpadding=\"0\">\n<tbody>\n<tr>\n<td><span>Delik\/Sembol<\/span><\/td>\n<td><span>H<\/span><\/td>\n<td><span>Bence<\/span><\/td>\n<td><span>J<\/span><\/td>\n<td><span>K<\/span><\/td>\n<td><span>L<\/span><\/td>\n<td><span>P<\/span><\/td>\n<td><span>B<\/span><\/td>\n<td><span>S<\/span><\/td>\n<td><span>sen<\/span><\/td>\n<td><span>V<\/span><\/td>\n<td><span>W<\/span><\/td>\n<td><span>x<\/span><\/td>\n<td><span>AR<\/span><\/td>\n<td><span>balta<\/span><\/td>\n<td><span>AY<\/span><\/td>\n<\/tr>\n<tr>\n<td><span>12<\/span><\/td>\n<td><span>16<\/span><\/td>\n<td><span>10<\/span><\/td>\n<td><span>5<\/span><\/td>\n<td><span>M6xl<\/span><\/td>\n<td><span>M16xl.5<\/span><\/td>\n<td><span>6<\/span><\/td>\n<td><span>12<\/span><\/td>\n<td><span>9.5<\/span><\/td>\n<td><span>21<\/span><\/td>\n<td><span>6<\/span><\/td>\n<td><span>5<\/span><\/td>\n<td><span>M5x0.8<\/span><\/td>\n<td><span>6<\/span><\/td>\n<td><span>27.8<\/span><\/td>\n<td><span>24<\/span><\/td>\n<\/tr>\n<tr>\n<td><span>16<\/span><\/td>\n<td><span>16<\/span><\/td>\n<td><span>10<\/span><\/td>\n<td><span>5<\/span><\/td>\n<td><span>M6xl<\/span><\/td>\n<td><span>M16xl.5<\/span><\/td>\n<td><span>6<\/span><\/td>\n<td><span>12<\/span><\/td>\n<td><span>9<\/span><\/td>\n<td><span>21<\/span><\/td>\n<td><span>6<\/span><\/td>\n<td><span>5<\/span><\/td>\n<td><span>M5x0.8<\/span><\/td>\n<td><span>6<\/span><\/td>\n<td><span>27.8<\/span><\/td>\n<td><span>24<\/span><\/td>\n<\/tr>\n<tr>\n<td><span>20<\/span><\/td>\n<td><span>20<\/span><\/td>\n<td><span>12<\/span><\/td>\n<td><span>6<\/span><\/td>\n<td><span>M8xl.25<\/span><\/td>\n<td><span>M22xl.5<\/span><\/td>\n<td><span>8<\/span><\/td>\n<td><span>16<\/span><\/td>\n<td><span>12<\/span><\/td>\n<td><span>27<\/span><\/td>\n<td><span>8<\/span><\/td>\n<td><span>6<\/span><\/td>\n<td><span>G1\/8<\/span><\/td>\n<td><span>7<\/span><\/td>\n<td><span>33,5<\/span><\/td>\n<td><span>29<\/span><\/td>\n<\/tr>\n<tr>\n<td><span>25<\/span><\/td>\n<td><span>22<\/span><\/td>\n<td><span>17<\/span><\/td>\n<td><span>6<\/span><\/td>\n<td><span>M10xl.25<\/span><\/td>\n<td><span>M22xl.5<\/span><\/td>\n<td><span>8<\/span><\/td>\n<td><span>16<\/span><\/td>\n<td><span>12<\/span><\/td>\n<td><span>30<\/span><\/td>\n<td><span>10<\/span><\/td>\n<td><span>8<\/span><\/td>\n<td><span>G1\/8<\/span><\/td>\n<td><span>7<\/span><\/td>\n<td><span>33,5<\/span><\/td>\n<td><span>29<\/span><\/td>\n<\/tr>\n<tr>\n<td><span>32<\/span><\/td>\n<td><span>22<\/span><\/td>\n<td><span>17<\/span><\/td>\n<td><span>6<\/span><\/td>\n<td><span>M10xl.25<\/span><\/td>\n<td><span>M24x2<\/span><\/td>\n<td><span>10<\/span><\/td>\n<td><span>16<\/span><\/td>\n<td><span>15<\/span><\/td>\n<td><span>35<\/span><\/td>\n<td><span>12<\/span><\/td>\n<td><span>10<\/span><\/td>\n<td><span>G1\/8<\/span><\/td>\n<td><span>9<\/span><\/td>\n<td><span>37<\/span><\/td>\n<td><span>32<\/span><\/td>\n<\/tr>\n<tr>\n<td><span>40<\/span><\/td>\n<td><span>24<\/span><\/td>\n<td><span>19<\/span><\/td>\n<td><span>7<\/span><\/td>\n<td><span>M12xl.25<\/span><\/td>\n<td><span>M30x2<\/span><\/td>\n<td><span>12<\/span><\/td>\n<td><span>20<\/span><\/td>\n<td><span>15<\/span><\/td>\n<td><span>42<\/span><\/td>\n<td><span>16<\/span><\/td>\n<td><span>14<\/span><\/td>\n<td><span>G1\/8<\/span><\/td>\n<td><span>9<\/span><\/td>\n<td><span>46<\/span><\/td>\n<td><span>40<\/span><\/td>\n<\/tr>\n<\/tbody>\n<\/table>\n<p>&nbsp;<\/p>\n<p><span>Ortalama boyut<\/span><\/p>\n<p>&nbsp;<\/p>\n<p><img loading=\"lazy\" decoding=\"async\" class=\"alignnone size-full wp-image-3075\" src=\"https:\/\/www.jelpc.com\/wp-content\/uploads\/2020\/01\/MAD-MAJ-Overall-Dimension.jpg\" alt=\"\" width=\"950\" height=\"633\" \/><\/p>\n<p>&nbsp;<\/p>\n<table border=\"1\" width=\"100%\" cellspacing=\"0\" cellpadding=\"0\">\n<tbody>\n<tr>\n<td><span>Delik\/Sembol<\/span><\/td>\n<td><span>A<\/span><\/td>\n<td><span>A1<\/span><\/td>\n<td><span>B<\/span><\/td>\n<td><span>B1<\/span><\/td>\n<td><span>C<\/span><\/td>\n<td><span>E<\/span><\/td>\n<td><span>E1<\/span><\/td>\n<td><span>F<\/span><\/td>\n<td><span>G<\/span><\/td>\n<td><span>H<\/span><\/td>\n<td><span>Bence<\/span><\/td>\n<td><span>J<\/span><\/td>\n<td><span>K<\/span><\/td>\n<td><span>L<\/span><\/td>\n<td><span>sen<\/span><\/td>\n<td><span>V<\/span><\/td>\n<td><span>W<\/span><\/td>\n<td><span>x<\/span><\/td>\n<td><span>AR<\/span><\/td>\n<td><span>balta<\/span><\/td>\n<td><span>AY<\/span><\/td>\n<td><span>Y<\/span><\/td>\n<\/tr>\n<tr>\n<td><span>12<\/span><\/td>\n<td><span>135<\/span><\/td>\n<td><span>135<\/span><\/td>\n<td><span>38<\/span><\/td>\n<td><span>38<\/span><\/td>\n<td><span>59<\/span><\/td>\n<td><span>22<\/span><\/td>\n<td><span>21<\/span><\/td>\n<td><span>16<\/span><\/td>\n<td><span>12<\/span><\/td>\n<td><span>16<\/span><\/td>\n<td><span>10<\/span><\/td>\n<td><span>5<\/span><\/td>\n<td><span>M6x1<\/span><\/td>\n<td><span>M16\u00d71.5<\/span><\/td>\n<td><span>21<\/span><\/td>\n<td><span>6<\/span><\/td>\n<td><span>5<\/span><\/td>\n<td><span>M5\u00d70.8<\/span><\/td>\n<td><span>6<\/span><\/td>\n<td><span>27.8<\/span><\/td>\n<td><span>24<\/span><\/td>\n<td><span>6<\/span><\/td>\n<\/tr>\n<tr>\n<td><span>16<\/span><\/td>\n<td><span>136<\/span><\/td>\n<td><span>135<\/span><\/td>\n<td><span>38<\/span><\/td>\n<td><span>37<\/span><\/td>\n<td><span>60<\/span><\/td>\n<td><span>22<\/span><\/td>\n<td><span>21<\/span><\/td>\n<td><span>16<\/span><\/td>\n<td><span>12<\/span><\/td>\n<td><span>16<\/span><\/td>\n<td><span>10<\/span><\/td>\n<td><span>5<\/span><\/td>\n<td><span>M6x1<\/span><\/td>\n<td><span>M16\u00d71.5<\/span><\/td>\n<td><span>21<\/span><\/td>\n<td><span>6<\/span><\/td>\n<td><span>5<\/span><\/td>\n<td><span>M5\u00d70.8<\/span><\/td>\n<td><span>6<\/span><\/td>\n<td><span>27.8<\/span><\/td>\n<td><span>24<\/span><\/td>\n<td><span>6<\/span><\/td>\n<\/tr>\n<tr>\n<td><span>20<\/span><\/td>\n<td><span>156<\/span><\/td>\n<td><span>153<\/span><\/td>\n<td><span>40<\/span><\/td>\n<td><span>37<\/span><\/td>\n<td><span>76<\/span><\/td>\n<td><span>28<\/span><\/td>\n<td><span>25<\/span><\/td>\n<td><span>12<\/span><\/td>\n<td><span>18<\/span><\/td>\n<td><span>20<\/span><\/td>\n<td><span>12<\/span><\/td>\n<td><span>6<\/span><\/td>\n<td><span>M8x1.25<\/span><\/td>\n<td><span>M22\u00d71.5<\/span><\/td>\n<td><span>27<\/span><\/td>\n<td><span>8<\/span><\/td>\n<td><span>6<\/span><\/td>\n<td><span>G1\/8<\/span><\/td>\n<td><span>7<\/span><\/td>\n<td><span>33,5<\/span><\/td>\n<td><span>29<\/span><\/td>\n<td><span>8.5<\/span><\/td>\n<\/tr>\n<tr>\n<td><span>25<\/span><\/td>\n<td><span>164<\/span><\/td>\n<td><span>161<\/span><\/td>\n<td><span>44<\/span><\/td>\n<td><span>41<\/span><\/td>\n<td><span>76<\/span><\/td>\n<td><span>30<\/span><\/td>\n<td><span>27<\/span><\/td>\n<td><span>14<\/span><\/td>\n<td><span>16<\/span><\/td>\n<td><span>22<\/span><\/td>\n<td><span>17<\/span><\/td>\n<td><span>6<\/span><\/td>\n<td><span>M10x1.25<\/span><\/td>\n<td><span>M22\u00d71.5<\/span><\/td>\n<td><span>30<\/span><\/td>\n<td><span>10<\/span><\/td>\n<td><span>8<\/span><\/td>\n<td><span>G1\/8<\/span><\/td>\n<td><span>7<\/span><\/td>\n<td><span>33,5<\/span><\/td>\n<td><span>29<\/span><\/td>\n<td><span>9.5<\/span><\/td>\n<\/tr>\n<tr>\n<td><span>32<\/span><\/td>\n<td><span>164<\/span><\/td>\n<td><span>161<\/span><\/td>\n<td><span>44<\/span><\/td>\n<td><span>41<\/span><\/td>\n<td><span>76<\/span><\/td>\n<td><span>30<\/span><\/td>\n<td><span>27<\/span><\/td>\n<td><span>14<\/span><\/td>\n<td><span>16<\/span><\/td>\n<td><span>22<\/span><\/td>\n<td><span>17<\/span><\/td>\n<td><span>6<\/span><\/td>\n<td><span>M10x1.25<\/span><\/td>\n<td><span>M24\u00d72<\/span><\/td>\n<td><span>35<\/span><\/td>\n<td><span>12<\/span><\/td>\n<td><span>10<\/span><\/td>\n<td><span>G1\/8<\/span><\/td>\n<td><span>9<\/span><\/td>\n<td><span>37<\/span><\/td>\n<td><span>32<\/span><\/td>\n<td><span>11.5<\/span><\/td>\n<\/tr>\n<tr>\n<td><span>40<\/span><\/td>\n<td><span>169<\/span><\/td>\n<td><span>166<\/span><\/td>\n<td><span>46<\/span><\/td>\n<td><span>42<\/span><\/td>\n<td><span>77<\/span><\/td>\n<td><span>32<\/span><\/td>\n<td><span>28<\/span><\/td>\n<td><span>14<\/span><\/td>\n<td><span>16.7<\/span><\/td>\n<td><span>24<\/span><\/td>\n<td><span>19<\/span><\/td>\n<td><span>7<\/span><\/td>\n<td><span>M12x1.25<\/span><\/td>\n<td><span>M30\u00d72<\/span><\/td>\n<td><span>42<\/span><\/td>\n<td><span>16<\/span><\/td>\n<td><span>14<\/span><\/td>\n<td><span>G1\/8<\/span><\/td>\n<td><span>9<\/span><\/td>\n<td><span>46<\/span><\/td>\n<td><span>40<\/span><\/td>\n<td><span>14<\/span><\/td>\n<\/tr>\n<\/tbody>\n<\/table>\n","protected":false},"excerpt":{"rendered":"<h1 class=\"pro_tit\"><span>MA Serisi Mini Paslanmaz \u00c7elik Silindir\u00a0<\/span><\/h1>\n<h3><strong>\u00d6zellikleri<\/strong><\/h3>\n<p><span>1. Piston \u00e7ubu\u011funun hassas bir \u015fekilde parlat\u0131lmas\u0131, daha fazla \u00fcr\u00fcn kalitesi ve \u00f6n contan\u0131n daha uzun \u00f6m\u00fcrl\u00fc olmas\u0131 ile geni\u015f kapsaml\u0131 uygulamalar\u0131 uyarlamak i\u00e7in iyile\u015ftirme.<\/span><\/p>\n<p><span>2. Optima, \u00fcretim verimlili\u011fini tasarlar ve geli\u015ftirir.<\/span><\/p>\n<p><span>3. Kurumsal renk planlamas\u0131 ve yeni yap\u0131 tasar\u0131m\u0131 ile birlikte, yar\u0131m daire bi\u00e7imli oluk kramp\u0131 olarak entegre paslanmaz \u00e7elik seri silindir.<\/span><\/p>\n<p><span>4. G\u00f6m\u00fcl\u00fc conta kullanarak, \u00e7arp\u0131\u015fmadan sonra pistonlar\u0131n bas\u0131n\u00e7l\u0131 alan\u0131n\u0131 art\u0131r\u0131n.<\/span><\/p>\n","protected":false},"featured_media":6576,"template":"","meta":[],"product_cat":[47,73,74],"product_tag":[122,123,121,124,125],"class_list":{"0":"post-6575","1":"product","2":"type-product","3":"status-publish","4":"has-post-thumbnail","6":"product_cat-tum-urunleri","7":"product_cat-pnomatik","8":"product_cat-silindirler","9":"product_tag-bursa-pnomatik-silindir","10":"product_tag-pnomatik-silindir-fiyati","11":"product_tag-pnomatik-silindirler","12":"product_tag-sq-silindir-bursa","13":"product_tag-sq-silindirler","15":"first","16":"instock","17":"shipping-taxable","18":"product-type-simple"},"_links":{"self":[{"href":"https:\/\/novahidrolik.com.tr\/index.php\/wp-json\/wp\/v2\/product\/6575","targetHints":{"allow":["GET"]}}],"collection":[{"href":"https:\/\/novahidrolik.com.tr\/index.php\/wp-json\/wp\/v2\/product"}],"about":[{"href":"https:\/\/novahidrolik.com.tr\/index.php\/wp-json\/wp\/v2\/types\/product"}],"version-history":[{"count":0,"href":"https:\/\/novahidrolik.com.tr\/index.php\/wp-json\/wp\/v2\/product\/6575\/revisions"}],"wp:featuredmedia":[{"embeddable":true,"href":"https:\/\/novahidrolik.com.tr\/index.php\/wp-json\/wp\/v2\/media\/6576"}],"wp:attachment":[{"href":"https:\/\/novahidrolik.com.tr\/index.php\/wp-json\/wp\/v2\/media?parent=6575"}],"wp:term":[{"taxonomy":"product_cat","embeddable":true,"href":"https:\/\/novahidrolik.com.tr\/index.php\/wp-json\/wp\/v2\/product_cat?post=6575"},{"taxonomy":"product_tag","embeddable":true,"href":"https:\/\/novahidrolik.com.tr\/index.php\/wp-json\/wp\/v2\/product_tag?post=6575"}],"curies":[{"name":"wp","href":"https:\/\/api.w.org\/{rel}","templated":true}]}}