{"id":6581,"date":"2022-01-14T17:42:27","date_gmt":"2022-01-14T14:42:27","guid":{"rendered":"https:\/\/novahidrolik.com.tr\/?post_type=product&#038;p=6581"},"modified":"2022-01-19T14:54:16","modified_gmt":"2022-01-19T11:54:16","slug":"si-serisi-silindir","status":"publish","type":"product","link":"https:\/\/novahidrolik.com.tr\/index.php\/urun\/si-serisi-silindir\/","title":{"rendered":"SI Serisi  Silindir"},"content":{"rendered":"<h2><strong>\u00d6zellikleri<\/strong><\/h2>\n<p>1. Silindir, ISO15552&#8217;ye uygundur.<\/p>\n<p>2. Piston contas\u0131, telafi fonksiyonu, uzun hizmet \u00f6mr\u00fc ve d\u00fc\u015f\u00fck ba\u015flang\u0131\u00e7 \u200b\u200bbas\u0131nc\u0131 ile Y tipi tek y\u00f6nl\u00fc s\u0131zd\u0131rmazl\u0131k yap\u0131s\u0131 olarak iki NBR + PA malzemesini benimser.<\/p>\n<p>3. \u00c7ubuk contas\u0131, y\u00fcksek mukavemet, iyi tokluk, a\u015f\u0131nma direnci, ya\u011f direnci ve ya\u015flanma direnci \u00f6zelliklerine sahip PU malzeme kullan\u0131r.<\/p>\n<p>4. Piston \u00e7ubu\u011fu malzemesi, y\u00fczeyde sert krom kaplamal\u0131 45C Karbon \u00c7elikten ve iyi a\u015f\u0131nma<br \/>\ndirenci ve pas direnci ile Ra &lt;0.4 p\u00fcr\u00fczl\u00fcl\u00fckten yap\u0131lm\u0131\u015ft\u0131r.<\/p>\n<p>&nbsp;<\/p>\n<p><img loading=\"lazy\" decoding=\"async\" src=\"https:\/\/www.jelpc.com\/wp-content\/uploads\/2019\/12\/55.png\" alt=\"\" width=\"1100\" height=\"1\" \/><\/p>\n<p>&nbsp;<\/p>\n<p>\u0130\u00e7 yap\u0131<\/p>\n<p><img loading=\"lazy\" decoding=\"async\" class=\"alignnone size-full wp-image-2991\" src=\"https:\/\/www.jelpc.com\/wp-content\/uploads\/2020\/01\/SI-Internal-Structure.jpg\" alt=\"\" width=\"950\" height=\"520\" \/><\/p>\n<p>&nbsp;<\/p>\n<p>Par\u00e7alar<\/p>\n<p>&nbsp;<\/p>\n<table border=\"1\" width=\"100%\" cellspacing=\"0\" cellpadding=\"0\">\n<tbody>\n<tr>\n<td>Numara<\/td>\n<td>\u0130sim<\/td>\n<td>Numara<\/td>\n<td>\u0130sim<\/td>\n<\/tr>\n<tr>\n<td>1<\/td>\n<td>Piston kolu<\/td>\n<td>8<\/td>\n<td>Piston<\/td>\n<\/tr>\n<tr>\n<td>2<\/td>\n<td>alt\u0131gen somun<\/td>\n<td>9<\/td>\n<td>y\u0131l<\/td>\n<\/tr>\n<tr>\n<td>3<\/td>\n<td>salmastra<\/td>\n<td>10<\/td>\n<td>M\u0131knat\u0131s<\/td>\n<\/tr>\n<tr>\n<td>4<\/td>\n<td>\u00d6n kapak<\/td>\n<td>11<\/td>\n<td>S\u00fcrt\u00fcnme \u00f6nleyici halka<\/td>\n<\/tr>\n<tr>\n<td>5<\/td>\n<td>Bak\u0131r boru<\/td>\n<td>12<\/td>\n<td>Varil<\/td>\n<\/tr>\n<tr>\n<td>6<\/td>\n<td>Yast\u0131k ayar vidas\u0131<\/td>\n<td>13<\/td>\n<td>Arka kapak<\/td>\n<\/tr>\n<tr>\n<td>7<\/td>\n<td>yast\u0131k m\u00fch\u00fcr<\/td>\n<td>14<\/td>\n<td>0 y\u00fcz\u00fck<\/td>\n<\/tr>\n<\/tbody>\n<\/table>\n<p>&nbsp;<\/p>\n<p>Ortalama boyut<\/p>\n<p>&nbsp;<\/p>\n<p><img loading=\"lazy\" decoding=\"async\" class=\"alignnone size-full wp-image-2992\" src=\"https:\/\/www.jelpc.com\/wp-content\/uploads\/2020\/01\/SI-Overall-Dimension.jpg\" alt=\"\" width=\"950\" height=\"633\" \/><\/p>\n<p>&nbsp;<\/p>\n<p>Boyut<\/p>\n<p>&nbsp;<\/p>\n<table border=\"1\" width=\"100%\" cellspacing=\"0\" cellpadding=\"0\">\n<tbody>\n<tr>\n<td>Delik\/ Sembol<\/td>\n<td>A<\/td>\n<td>A1<\/td>\n<td>A2<\/td>\n<td>B<\/td>\n<td>C<\/td>\n<td>D<\/td>\n<td>E<\/td>\n<td>F<\/td>\n<td>G<\/td>\n<td>H<\/td>\n<td>Bence<\/td>\n<td>J<\/td>\n<td>K<\/td>\n<td>L<\/td>\n<\/tr>\n<tr>\n<td>32<\/td>\n<td>142<\/td>\n<td>190<\/td>\n<td>185<\/td>\n<td>16<\/td>\n<td>94<\/td>\n<td>30<\/td>\n<td>33<\/td>\n<td>10<\/td>\n<td>25<\/td>\n<td>22<\/td>\n<td>17<\/td>\n<td>6<\/td>\n<td>M10x1.25<\/td>\n<td>M6<\/td>\n<\/tr>\n<tr>\n<td>40<\/td>\n<td>159<\/td>\n<td>213<\/td>\n<td>207<\/td>\n<td>20<\/td>\n<td>105<\/td>\n<td>35<\/td>\n<td>34<\/td>\n<td>10<\/td>\n<td>29 5<\/td>\n<td>24<\/td>\n<td>17<\/td>\n<td>7<\/td>\n<td>M12x125<\/td>\n<td>M6<\/td>\n<\/tr>\n<tr>\n<td>50<\/td>\n<td>175<\/td>\n<td>244<\/td>\n<td>233<\/td>\n<td>27<\/td>\n<td>106<\/td>\n<td>40<\/td>\n<td>42 5<\/td>\n<td>10<\/td>\n<td>32<\/td>\n<td>32<\/td>\n<td>23<\/td>\n<td>8<\/td>\n<td>M16x1.5<\/td>\n<td>M8<\/td>\n<\/tr>\n<tr>\n<td>63<\/td>\n<td>190<\/td>\n<td>258<\/td>\n<td>247<\/td>\n<td>26<\/td>\n<td>122<\/td>\n<td>45<\/td>\n<td>42<\/td>\n<td>10<\/td>\n<td>36<\/td>\n<td>32<\/td>\n<td>23<\/td>\n<td>8<\/td>\n<td>M16x1.5<\/td>\n<td>M8<\/td>\n<\/tr>\n<tr>\n<td>80<\/td>\n<td>214<\/td>\n<td>301<\/td>\n<td>288<\/td>\n<td>35<\/td>\n<td>126<\/td>\n<td>45<\/td>\n<td>53<\/td>\n<td>10<\/td>\n<td>37<\/td>\n<td>40<\/td>\n<td>26<\/td>\n<td>10<\/td>\n<td>M20x1.5<\/td>\n<td>M10<\/td>\n<\/tr>\n<tr>\n<td>100<\/td>\n<td>229<\/td>\n<td>321<\/td>\n<td>308<\/td>\n<td>40<\/td>\n<td>137<\/td>\n<td>55<\/td>\n<td>52<\/td>\n<td>10<\/td>\n<td>39<\/td>\n<td>40<\/td>\n<td>26<\/td>\n<td>10<\/td>\n<td>M20x1.5<\/td>\n<td>M10<\/td>\n<\/tr>\n<tr>\n<td>125<\/td>\n<td>277<\/td>\n<td>394<\/td>\n<td>378<\/td>\n<td>47<\/td>\n<td>160<\/td>\n<td>60<\/td>\n<td>71<\/td>\n<td>10<\/td>\n<td>43<\/td>\n<td>54<\/td>\n<td>40<\/td>\n<td>10<\/td>\n<td>M27x2<\/td>\n<td>M12<\/td>\n<\/tr>\n<\/tbody>\n<\/table>\n<p>&nbsp;<\/p>\n<table border=\"1\" width=\"100%\" cellspacing=\"0\" cellpadding=\"0\">\n<tbody>\n<tr>\n<td>Delik\/ Sembol<\/td>\n<td>m<\/td>\n<td>n<\/td>\n<td>\u00d6<\/td>\n<td>P<\/td>\n<td>Q<\/td>\n<td>r<\/td>\n<td>S<\/td>\n<td>T<\/td>\n<td>sen<\/td>\n<td>V<\/td>\n<td>W<\/td>\n<td>x<\/td>\n<td>Y<\/td>\n<td>Z<\/td>\n<td>Z1<\/td>\n<\/tr>\n<tr>\n<td>32<\/td>\n<td>12<\/td>\n<td>15<\/td>\n<td>G1\/8<\/td>\n<td>5<\/td>\n<td>3<\/td>\n<td>65<\/td>\n<td>45<\/td>\n<td>32 5<\/td>\n<td>12<\/td>\n<td>10<\/td>\n<td>28<\/td>\n<td>4<\/td>\n<td>46<\/td>\n<td>58 7<\/td>\n<td>21<\/td>\n<\/tr>\n<tr>\n<td>40<\/td>\n<td>12<\/td>\n<td>17 5<\/td>\n<td>G1\/4<\/td>\n<td>7<\/td>\n<td>3<\/td>\n<td>7<\/td>\n<td>52<\/td>\n<td>38<\/td>\n<td>16<\/td>\n<td>13<\/td>\n<td>33<\/td>\n<td>4<\/td>\n<td>53 7<\/td>\n<td>68<\/td>\n<td>21<\/td>\n<\/tr>\n<tr>\n<td>50<\/td>\n<td>12<\/td>\n<td>20<\/td>\n<td>G1\/4<\/td>\n<td>7<\/td>\n<td>3<\/td>\n<td>9<\/td>\n<td>65<\/td>\n<td>46.5<\/td>\n<td>20<\/td>\n<td>17<\/td>\n<td>38<\/td>\n<td>4<\/td>\n<td>65.8<\/td>\n<td>84.5<\/td>\n<td>23<\/td>\n<\/tr>\n<tr>\n<td>63<\/td>\n<td>12<\/td>\n<td>22<\/td>\n<td>G3\/8<\/td>\n<td>8<\/td>\n<td>5<\/td>\n<td>9<\/td>\n<td>76<\/td>\n<td>56.5<\/td>\n<td>20<\/td>\n<td>17<\/td>\n<td>38<\/td>\n<td>4<\/td>\n<td>79.9<\/td>\n<td>99.6<\/td>\n<td>23<\/td>\n<\/tr>\n<tr>\n<td>80<\/td>\n<td>15<\/td>\n<td>23<\/td>\n<td>G3\/8<\/td>\n<td>10<\/td>\n<td>5<\/td>\n<td>12<\/td>\n<td>94<\/td>\n<td>72<\/td>\n<td>25<\/td>\n<td>22<\/td>\n<td>43,5<\/td>\n<td>4<\/td>\n<td>101.8<\/td>\n<td>123.8<\/td>\n<td>29<\/td>\n<\/tr>\n<tr>\n<td>100<\/td>\n<td>15<\/td>\n<td>26<\/td>\n<td>G1\/2<\/td>\n<td>10<\/td>\n<td>5<\/td>\n<td>14<\/td>\n<td>112<\/td>\n<td>89<\/td>\n<td>25<\/td>\n<td>22<\/td>\n<td>47<\/td>\n<td>4<\/td>\n<td>125 9<\/td>\n<td>148 9<\/td>\n<td>29<\/td>\n<\/tr>\n<tr>\n<td>125<\/td>\n<td>20<\/td>\n<td>29<\/td>\n<td>G1\/2<\/td>\n<td>10<\/td>\n<td>5<\/td>\n<td>14<\/td>\n<td>134<\/td>\n<td>110<\/td>\n<td>32<\/td>\n<td>27<\/td>\n<td>53<\/td>\n<td>6<\/td>\n<td>156.9<\/td>\n<td>179.6<\/td>\n<td>40.5<\/td>\n<\/tr>\n<\/tbody>\n<\/table>\n<p>&nbsp;<\/p>\n<p>SI Serisi Standart Silindir Aksesuar\u0131(ISO15552 Standard\u0131na Uygun)<\/p>\n<p>&nbsp;<\/p>\n<p>Ortalama boyut<\/p>\n<p>&nbsp;<\/p>\n<p>LB Ayak<\/p>\n<p><img loading=\"lazy\" decoding=\"async\" class=\"alignnone size-full wp-image-2993\" src=\"https:\/\/www.jelpc.com\/wp-content\/uploads\/2020\/01\/LB-Foot.jpg\" alt=\"\" width=\"950\" height=\"850\" \/><\/p>\n<p>Boyut<\/p>\n<p>&nbsp;<\/p>\n<table border=\"1\" width=\"100%\" cellspacing=\"0\" cellpadding=\"0\">\n<tbody>\n<tr>\n<td>Delik\/Sembol<\/td>\n<td>32<\/td>\n<td>40<\/td>\n<td>50<\/td>\n<td>63<\/td>\n<td>80<\/td>\n<td>100<\/td>\n<td>125<\/td>\n<\/tr>\n<tr>\n<td>AA<\/td>\n<td>32<\/td>\n<td>36<\/td>\n<td>45<\/td>\n<td>50<\/td>\n<td>63<\/td>\n<td>71<\/td>\n<td>90<\/td>\n<\/tr>\n<tr>\n<td>AB<\/td>\n<td>30<\/td>\n<td>35<\/td>\n<td>40<\/td>\n<td>45<\/td>\n<td>45<\/td>\n<td>55<\/td>\n<td>60<\/td>\n<\/tr>\n<tr>\n<td>AC<\/td>\n<td>32<\/td>\n<td>36<\/td>\n<td>45<\/td>\n<td>50<\/td>\n<td>63<\/td>\n<td>75<\/td>\n<td>90<\/td>\n<\/tr>\n<tr>\n<td>AD<\/td>\n<td>32.5<\/td>\n<td>38<\/td>\n<td>46.5<\/td>\n<td>56.5<\/td>\n<td>72<\/td>\n<td>89<\/td>\n<td>110<\/td>\n<\/tr>\n<tr>\n<td>AE<\/td>\n<td>45<\/td>\n<td>52<\/td>\n<td>65<\/td>\n<td>75<\/td>\n<td>95<\/td>\n<td>115<\/td>\n<td>140<\/td>\n<\/tr>\n<tr>\n<td>AF<\/td>\n<td>24<\/td>\n<td>28<\/td>\n<td>32<\/td>\n<td>32<\/td>\n<td>41<\/td>\n<td>41<\/td>\n<td>45<\/td>\n<\/tr>\n<tr>\n<td>AG<\/td>\n<td>11<\/td>\n<td>8<\/td>\n<td>15<\/td>\n<td>13<\/td>\n<td>14<\/td>\n<td>16<\/td>\n<td>18<\/td>\n<\/tr>\n<tr>\n<td>AH<\/td>\n<td>15.8<\/td>\n<td>17<\/td>\n<td>21.8<\/td>\n<td>21.8<\/td>\n<td>27<\/td>\n<td>26.5<\/td>\n<td>35<\/td>\n<\/tr>\n<tr>\n<td>yapay zeka<\/td>\n<td>4<\/td>\n<td>4<\/td>\n<td>5<\/td>\n<td>5<\/td>\n<td>6<\/td>\n<td>6<\/td>\n<td>8<\/td>\n<\/tr>\n<tr>\n<td>AJ<\/td>\n<td>142<\/td>\n<td>161<\/td>\n<td>170<\/td>\n<td>186<\/td>\n<td>208<\/td>\n<td>219<\/td>\n<td>250<\/td>\n<\/tr>\n<tr>\n<td>AK<\/td>\n<td>7<\/td>\n<td>7<\/td>\n<td>9<\/td>\n<td>9<\/td>\n<td>11<\/td>\n<td>11<\/td>\n<td>12.5<\/td>\n<\/tr>\n<tr>\n<td>AL<\/td>\n<td>7<\/td>\n<td>10<\/td>\n<td>10<\/td>\n<td>10<\/td>\n<td>12<\/td>\n<td>14.5<\/td>\n<td>16.5<\/td>\n<\/tr>\n<\/tbody>\n<\/table>\n<p>&nbsp;<\/p>\n<p>Ortalama boyut<\/p>\n<p>&nbsp;<\/p>\n<p>FA \/ FB Flan\u015f<\/p>\n<p>&nbsp;<\/p>\n<p><img loading=\"lazy\" decoding=\"async\" class=\"alignnone size-full wp-image-2994\" src=\"https:\/\/www.jelpc.com\/wp-content\/uploads\/2020\/01\/FA-FB-Flange.jpg\" alt=\"\" width=\"950\" height=\"750\" \/><\/p>\n<p>&nbsp;<\/p>\n<p>Boyut<\/p>\n<p>&nbsp;<\/p>\n<table border=\"1\" width=\"100%\" cellspacing=\"0\" cellpadding=\"0\">\n<tbody>\n<tr>\n<td>Delik\/Sembol<\/td>\n<td>32<\/td>\n<td>40<\/td>\n<td>50<\/td>\n<td>63<\/td>\n<td>80<\/td>\n<td>100<\/td>\n<td>125<\/td>\n<\/tr>\n<tr>\n<td>BA<\/td>\n<td>30.3<\/td>\n<td>35.3<\/td>\n<td>40.3<\/td>\n<td>45.3<\/td>\n<td>45.3<\/td>\n<td>55 3<\/td>\n<td>60.3<\/td>\n<\/tr>\n<tr>\n<td>BB<\/td>\n<td>10<\/td>\n<td>10<\/td>\n<td>12<\/td>\n<td>12<\/td>\n<td>16<\/td>\n<td>16<\/td>\n<td>20<\/td>\n<\/tr>\n<tr>\n<td>M.\u00d6<\/td>\n<td>45<\/td>\n<td>52<\/td>\n<td>65<\/td>\n<td>76<\/td>\n<td>94<\/td>\n<td>112<\/td>\n<td>140<\/td>\n<\/tr>\n<tr>\n<td>BD<\/td>\n<td>32<\/td>\n<td>36<\/td>\n<td>45<\/td>\n<td>50<\/td>\n<td>63<\/td>\n<td>75<\/td>\n<td>90<\/td>\n<\/tr>\n<tr>\n<td>OLMAK<\/td>\n<td>80<\/td>\n<td>90<\/td>\n<td>110<\/td>\n<td>120<\/td>\n<td>150<\/td>\n<td>175<\/td>\n<td>224<\/td>\n<\/tr>\n<tr>\n<td>k\u0131z arkada\u015f<\/td>\n<td>64<\/td>\n<td>72<\/td>\n<td>90<\/td>\n<td>100<\/td>\n<td>126<\/td>\n<td>150<\/td>\n<td>180<\/td>\n<\/tr>\n<tr>\n<td>BH<\/td>\n<td>6.5<\/td>\n<td>6.5<\/td>\n<td>8.5<\/td>\n<td>8.5<\/td>\n<td>10 5<\/td>\n<td>10 5<\/td>\n<td>15<\/td>\n<\/tr>\n<tr>\n<td>AJ<\/td>\n<td>10.5<\/td>\n<td>10.5<\/td>\n<td>13,5<\/td>\n<td>13,5<\/td>\n<td>16.5<\/td>\n<td>16.5<\/td>\n<td>19<\/td>\n<\/tr>\n<tr>\n<td>AK<\/td>\n<td>6.5<\/td>\n<td>6.5<\/td>\n<td>8.5<\/td>\n<td>8.5<\/td>\n<td>10.5<\/td>\n<td>10.5<\/td>\n<td>12.5<\/td>\n<\/tr>\n<tr>\n<td>BP<\/td>\n<td>7<\/td>\n<td>9<\/td>\n<td>9<\/td>\n<td>9<\/td>\n<td>12<\/td>\n<td>14<\/td>\n<td>16<\/td>\n<\/tr>\n<tr>\n<td>T<\/td>\n<td>32.5<\/td>\n<td>38<\/td>\n<td>46.5<\/td>\n<td>56.5<\/td>\n<td>72<\/td>\n<td>89<\/td>\n<td>110<\/td>\n<\/tr>\n<\/tbody>\n<\/table>\n<p>&nbsp;<\/p>\n<p>Ortalama boyut<\/p>\n<p>&nbsp;<\/p>\n<p>CA Mente\u015fe<\/p>\n<p>&nbsp;<\/p>\n<p><img loading=\"lazy\" decoding=\"async\" class=\"alignnone size-full wp-image-2995\" src=\"https:\/\/www.jelpc.com\/wp-content\/uploads\/2020\/01\/CA-Hinge.jpg\" alt=\"\" width=\"950\" height=\"600\" \/><\/p>\n<p>&nbsp;<\/p>\n<p>Boyut<\/p>\n<p>&nbsp;<\/p>\n<table border=\"1\" width=\"100%\" cellspacing=\"0\" cellpadding=\"0\">\n<tbody>\n<tr>\n<td>Delik\/Sembol<\/td>\n<td>32<\/td>\n<td>40<\/td>\n<td>50<\/td>\n<td>63<\/td>\n<td>80<\/td>\n<td>100<\/td>\n<td>125<\/td>\n<\/tr>\n<tr>\n<td>S<\/td>\n<td>45<\/td>\n<td>52<\/td>\n<td>65<\/td>\n<td>76<\/td>\n<td>94<\/td>\n<td>112<\/td>\n<td>140<\/td>\n<\/tr>\n<tr>\n<td>T<\/td>\n<td>32.5<\/td>\n<td>38<\/td>\n<td>46.5<\/td>\n<td>56.5<\/td>\n<td>72<\/td>\n<td>89<\/td>\n<td>110<\/td>\n<\/tr>\n<tr>\n<td>RR<\/td>\n<td>6.5<\/td>\n<td>6.5<\/td>\n<td>9<\/td>\n<td>9.5<\/td>\n<td>11<\/td>\n<td>11.5<\/td>\n<td>12<\/td>\n<\/tr>\n<tr>\n<td>DB<\/td>\n<td>34<\/td>\n<td>41<\/td>\n<td>54<\/td>\n<td>65<\/td>\n<td>83<\/td>\n<td>101<\/td>\n<td>123<\/td>\n<\/tr>\n<tr>\n<td>DC<\/td>\n<td>22<\/td>\n<td>25<\/td>\n<td>27<\/td>\n<td>32<\/td>\n<td>36<\/td>\n<td>41<\/td>\n<td>50<\/td>\n<\/tr>\n<tr>\n<td>DD<\/td>\n<td>10<\/td>\n<td>11<\/td>\n<td>13<\/td>\n<td>16<\/td>\n<td>16<\/td>\n<td>20<\/td>\n<td>25<\/td>\n<\/tr>\n<tr>\n<td>DE<\/td>\n<td>10<\/td>\n<td>12<\/td>\n<td>12<\/td>\n<td>16<\/td>\n<td>16<\/td>\n<td>20<\/td>\n<td>25<\/td>\n<\/tr>\n<tr>\n<td>DQ<\/td>\n<td>26<\/td>\n<td>28<\/td>\n<td>32<\/td>\n<td>40<\/td>\n<td>50<\/td>\n<td>60<\/td>\n<td>70<\/td>\n<\/tr>\n<tr>\n<td>D<\/td>\n<td>6.5<\/td>\n<td>6.5<\/td>\n<td>8.5<\/td>\n<td>8.5<\/td>\n<td>10 5<\/td>\n<td>10 5<\/td>\n<td>12.5<\/td>\n<\/tr>\n<tr>\n<td>E<\/td>\n<td>14<\/td>\n<td>17<\/td>\n<td>17<\/td>\n<td>22<\/td>\n<td>24<\/td>\n<td>25<\/td>\n<td>30<\/td>\n<\/tr>\n<\/tbody>\n<\/table>\n<p>&nbsp;<\/p>\n<p>&nbsp;<\/p>\n<h2><strong>Ortalama boyut<\/strong><\/h2>\n<p>&nbsp;<\/p>\n<p>CB Mente\u015fe<\/p>\n<p>&nbsp;<\/p>\n<p><img loading=\"lazy\" decoding=\"async\" class=\"alignnone size-full wp-image-2996\" src=\"https:\/\/www.jelpc.com\/wp-content\/uploads\/2020\/01\/CB-Hinge.jpg\" alt=\"\" width=\"950\" height=\"700\" \/><\/p>\n<p>&nbsp;<\/p>\n<p>Boyut<\/p>\n<p>&nbsp;<\/p>\n<table border=\"1\" width=\"100%\" cellspacing=\"0\" cellpadding=\"0\">\n<tbody>\n<tr>\n<td>Delik\/Sembol<\/td>\n<td>32<\/td>\n<td>40<\/td>\n<td>50<\/td>\n<td>63<\/td>\n<td>80<\/td>\n<td>100<\/td>\n<td>125<\/td>\n<\/tr>\n<tr>\n<td>S<\/td>\n<td>45<\/td>\n<td>52<\/td>\n<td>65<\/td>\n<td>76<\/td>\n<td>94<\/td>\n<td>112<\/td>\n<td>140<\/td>\n<\/tr>\n<tr>\n<td>T<\/td>\n<td>32.5<\/td>\n<td>38<\/td>\n<td>46.5<\/td>\n<td>56.5<\/td>\n<td>72<\/td>\n<td>89<\/td>\n<td>110<\/td>\n<\/tr>\n<tr>\n<td>D<\/td>\n<td>6.5<\/td>\n<td>6.5<\/td>\n<td>8.5<\/td>\n<td>8.5<\/td>\n<td>10.5<\/td>\n<td>10.5<\/td>\n<td>12.5<\/td>\n<\/tr>\n<tr>\n<td>E<\/td>\n<td>14<\/td>\n<td>17<\/td>\n<td>17<\/td>\n<td>22<\/td>\n<td>24<\/td>\n<td>25<\/td>\n<td>30<\/td>\n<\/tr>\n<tr>\n<td>RR<\/td>\n<td>6.5<\/td>\n<td>6.5<\/td>\n<td>9<\/td>\n<td>9.5<\/td>\n<td>11<\/td>\n<td>11.5<\/td>\n<td>12<\/td>\n<\/tr>\n<tr>\n<td>CB<\/td>\n<td>34<\/td>\n<td>41<\/td>\n<td>54<\/td>\n<td>65<\/td>\n<td>83<\/td>\n<td>101<\/td>\n<td>123<\/td>\n<\/tr>\n<tr>\n<td>bilgi<\/td>\n<td>22<\/td>\n<td>25<\/td>\n<td>27<\/td>\n<td>32<\/td>\n<td>36<\/td>\n<td>41<\/td>\n<td>50<\/td>\n<\/tr>\n<tr>\n<td>CD<\/td>\n<td>10<\/td>\n<td>11<\/td>\n<td>13<\/td>\n<td>16<\/td>\n<td>46<\/td>\n<td>20<\/td>\n<td>25<\/td>\n<\/tr>\n<tr>\n<td>CE<\/td>\n<td>10<\/td>\n<td>12<\/td>\n<td>12<\/td>\n<td>16<\/td>\n<td>16<\/td>\n<td>20<\/td>\n<td>25<\/td>\n<\/tr>\n<tr>\n<td>KP<\/td>\n<td>26<\/td>\n<td>28<\/td>\n<td>32<\/td>\n<td>40<\/td>\n<td>50<\/td>\n<td>60<\/td>\n<td>70<\/td>\n<\/tr>\n<tr>\n<td>BT<\/td>\n<td>45<\/td>\n<td>52<\/td>\n<td>60<\/td>\n<td>70<\/td>\n<td>90<\/td>\n<td>110<\/td>\n<td>120<\/td>\n<\/tr>\n<tr>\n<td>PA1<\/td>\n<td>53<\/td>\n<td>60<\/td>\n<td>68<\/td>\n<td>78<\/td>\n<td>100<\/td>\n<td>120<\/td>\n<td>130<\/td>\n<\/tr>\n<tr>\n<td>PB1<\/td>\n<td>46.5<\/td>\n<td>53,5<\/td>\n<td>61.5<\/td>\n<td>71.5<\/td>\n<td>91.5<\/td>\n<td>111.5<\/td>\n<td>121.5<\/td>\n<\/tr>\n<\/tbody>\n<\/table>\n<p>&nbsp;<\/p>\n<p>Ortalama boyut<\/p>\n<p>&nbsp;<\/p>\n<p>YB Hing<\/p>\n<p>&nbsp;<\/p>\n<p><img loading=\"lazy\" decoding=\"async\" class=\"alignnone size-full wp-image-2997\" src=\"https:\/\/www.jelpc.com\/wp-content\/uploads\/2020\/01\/YB-Hinge.jpg\" alt=\"\" width=\"950\" height=\"610\" \/><\/p>\n<p>&nbsp;<\/p>\n<p>Boyut<\/p>\n<p>&nbsp;<\/p>\n<table border=\"1\" width=\"100%\" cellspacing=\"0\" cellpadding=\"0\">\n<tbody>\n<tr>\n<td>Delik\/Sembol<\/td>\n<td>32<\/td>\n<td>40<\/td>\n<td>50<\/td>\n<td>63<\/td>\n<td>80<\/td>\n<td>100<\/td>\n<td>125<\/td>\n<\/tr>\n<tr>\n<td>AH<\/td>\n<td>32<\/td>\n<td>36<\/td>\n<td>45<\/td>\n<td>50<\/td>\n<td>63<\/td>\n<td>71<\/td>\n<td>90<\/td>\n<\/tr>\n<tr>\n<td>H<\/td>\n<td>8<\/td>\n<td>10<\/td>\n<td>12<\/td>\n<td>12<\/td>\n<td>14<\/td>\n<td>15<\/td>\n<td>20<\/td>\n<\/tr>\n<tr>\n<td>CD<\/td>\n<td>10<\/td>\n<td>12<\/td>\n<td>12<\/td>\n<td>16<\/td>\n<td>16<\/td>\n<td>20<\/td>\n<td>25<\/td>\n<\/tr>\n<tr>\n<td>G1<\/td>\n<td>31<\/td>\n<td>35<\/td>\n<td>45<\/td>\n<td>50<\/td>\n<td>60<\/td>\n<td>70<\/td>\n<td>90<\/td>\n<\/tr>\n<tr>\n<td>G2<\/td>\n<td>18<\/td>\n<td>22<\/td>\n<td>30<\/td>\n<td>35<\/td>\n<td>40<\/td>\n<td>50<\/td>\n<td>60<\/td>\n<\/tr>\n<tr>\n<td>G3<\/td>\n<td>21<\/td>\n<td>24<\/td>\n<td>33<\/td>\n<td>37<\/td>\n<td>47<\/td>\n<td>55<\/td>\n<td>70<\/td>\n<\/tr>\n<tr>\n<td>CB<\/td>\n<td>26<\/td>\n<td>28<\/td>\n<td>32<\/td>\n<td>40<\/td>\n<td>50<\/td>\n<td>60<\/td>\n<td>70<\/td>\n<\/tr>\n<tr>\n<td>K1<\/td>\n<td>38<\/td>\n<td>41<\/td>\n<td>50<\/td>\n<td>52<\/td>\n<td>66<\/td>\n<td>76<\/td>\n<td>94<\/td>\n<\/tr>\n<tr>\n<td>K2<\/td>\n<td>51<\/td>\n<td>54<\/td>\n<td>65<\/td>\n<td>67<\/td>\n<td>86<\/td>\n<td>96<\/td>\n<td>124<\/td>\n<\/tr>\n<tr>\n<td>S\u0130<\/td>\n<td>11<\/td>\n<td>11<\/td>\n<td>14<\/td>\n<td>14<\/td>\n<td>17<\/td>\n<td>17<\/td>\n<td>20<\/td>\n<\/tr>\n<tr>\n<td>S2<\/td>\n<td>6.6<\/td>\n<td>6.6<\/td>\n<td>9<\/td>\n<td>9<\/td>\n<td>11<\/td>\n<td>11<\/td>\n<td>14<\/td>\n<\/tr>\n<tr>\n<td>T<\/td>\n<td>1.6<\/td>\n<td>1.6<\/td>\n<td>1.6<\/td>\n<td>1.6<\/td>\n<td>2.5<\/td>\n<td>2.5<\/td>\n<td>3.2<\/td>\n<\/tr>\n<tr>\n<td>r<\/td>\n<td>10<\/td>\n<td>11<\/td>\n<td>13<\/td>\n<td>15<\/td>\n<td>15<\/td>\n<td>19<\/td>\n<td>22.5<\/td>\n<\/tr>\n<\/tbody>\n<\/table>\n<p><img loading=\"lazy\" decoding=\"async\" src=\"https:\/\/www.jelpc.com\/wp-content\/uploads\/2019\/12\/55.png\" alt=\"\" width=\"1100\" height=\"1\" \/><\/p>\n<p>Sipari\u015f kodu<\/p>\n<p><img loading=\"lazy\" decoding=\"async\" class=\"alignnone size-full wp-image-3977\" src=\"https:\/\/www.jelpc.com\/wp-content\/uploads\/2020\/01\/00-1.png\" alt=\"\" width=\"1289\" height=\"628\" \/><\/p>\n<p>&nbsp;<\/p>\n<p><img loading=\"lazy\" decoding=\"async\" src=\"https:\/\/www.jelpc.com\/wp-content\/uploads\/2019\/12\/55.png\" alt=\"\" width=\"1100\" height=\"1\" \/><\/p>\n<p>\u015eartname<\/p>\n<p>&nbsp;<\/p>\n<table border=\"1\" width=\"100%\" cellspacing=\"0\" cellpadding=\"0\">\n<tbody>\n<tr>\n<td>Delik (mm)<\/td>\n<td>32<\/td>\n<td>40<\/td>\n<td>50<\/td>\n<td>63<\/td>\n<td>80<\/td>\n<td>100<\/td>\n<td>125<\/td>\n<\/tr>\n<tr>\n<td>Operasyon<\/td>\n<td colspan=\"7\">\u00c7ift Oyunculuk<\/td>\n<\/tr>\n<tr>\n<td>\u00c7al\u0131\u015fma Ortam\u0131<\/td>\n<td colspan=\"7\">Hava<\/td>\n<\/tr>\n<tr>\n<td>Montajlar<\/td>\n<td colspan=\"7\">Temel FA FB CA CB LB YB<\/td>\n<\/tr>\n<tr>\n<td>\u00c7al\u0131\u015fma Bas\u0131nc\u0131 Aral\u0131\u011f\u0131<\/td>\n<td colspan=\"7\">1\uff5e9.0 Kgf\/cm\u00b2<\/td>\n<\/tr>\n<tr>\n<td>Bas\u0131n\u00e7 ge\u00e7irmez<\/td>\n<td colspan=\"7\">13,5 Kgf\/cm\u00b2<\/td>\n<\/tr>\n<tr>\n<td>\u00c7al\u0131\u015fma S\u0131cakl\u0131\u011f\u0131 Aral\u0131\u011f\u0131<\/td>\n<td colspan=\"7\">-20\uff5e80\u2103<\/td>\n<\/tr>\n<tr>\n<td>\u00c7al\u0131\u015fma H\u0131z Aral\u0131\u011f\u0131<\/td>\n<td colspan=\"7\">50~800 mm\/sn<\/td>\n<\/tr>\n<tr>\n<td>Yast\u0131k<\/td>\n<td colspan=\"7\">Ayarlanabilir Yast\u0131k<\/td>\n<\/tr>\n<tr>\n<td>Ayarlanabilir Yast\u0131k \u0130nme<\/td>\n<td colspan=\"4\">20 mm<\/td>\n<td colspan=\"3\">26 mm<\/td>\n<\/tr>\n<tr>\n<td>Ba\u011flant\u0131 noktas\u0131 boyutu<\/td>\n<td>G1\/8&#8243;<\/td>\n<td colspan=\"2\">G1\/4&#8243;<\/td>\n<td colspan=\"2\">G3\/8&#8243;<\/td>\n<td colspan=\"2\">G1\/2&#8243;<\/td>\n<\/tr>\n<\/tbody>\n<\/table>\n<p>&nbsp;<\/p>\n<p><img loading=\"lazy\" decoding=\"async\" src=\"https:\/\/www.jelpc.com\/wp-content\/uploads\/2019\/12\/55.png\" alt=\"\" width=\"1100\" height=\"1\" \/><\/p>\n<p>&nbsp;<\/p>\n<p>\u0130nme<\/p>\n<p>&nbsp;<\/p>\n<table border=\"1\" width=\"100%\" cellspacing=\"0\" cellpadding=\"0\">\n<tbody>\n<tr>\n<td>delik<\/td>\n<td>standart vuru\u015f<\/td>\n<td>Maks.\u00a0\u0130nme<\/td>\n<td>izin verilen vuru\u015f<\/td>\n<\/tr>\n<tr>\n<td>32<\/td>\n<td>25 50 75 80 100 125 150 160 175 200 250 300 350 400 450 500<\/td>\n<td>1000<\/td>\n<td>2000<\/td>\n<\/tr>\n<tr>\n<td>40<\/td>\n<td>25 50 75 80 100 125 150 160 175 200 250 300 350 400 450 500 600 700 800<\/td>\n<td>1200<\/td>\n<td>2000<\/td>\n<\/tr>\n<tr>\n<td>50<\/td>\n<td>25 50 75 80 100 125 150 160 175 200 250 300 350 400 450 500 600 700 800 900 1000<\/td>\n<td>1200<\/td>\n<td>2000<\/td>\n<\/tr>\n<tr>\n<td>63<\/td>\n<td>25 50 75 80 100 125 150 160 175 200 250 300 350 400 450 500 600 700 800 900 1000<\/td>\n<td>1500<\/td>\n<td>2000<\/td>\n<\/tr>\n<tr>\n<td>80<\/td>\n<td>25 50 75 80 100 125 150 160 175 200 250 300 350 400 450 500 600 700 800 900 1000<\/td>\n<td>1500<\/td>\n<td>2000<\/td>\n<\/tr>\n<tr>\n<td>100<\/td>\n<td>25 50 75 80 100 125 150 160 175 200 250 300 350 400 450 500 600 700 800 900 1000<\/td>\n<td>1500<\/td>\n<td>2000<\/td>\n<\/tr>\n<tr>\n<td>125<\/td>\n<td>25 50 75 80 100 125 150 160 175 200 250 300 350 400 450 500 600 700 800 900 1000<\/td>\n<td>1500<\/td>\n<td>2000<\/td>\n<\/tr>\n<\/tbody>\n<\/table>\n","protected":false},"excerpt":{"rendered":"<h1 class=\"pro_tit\">SI Serisi ISO15552 Silindir<\/h1>\n<h3><strong>\u00d6zellikleri<\/strong><\/h3>\n<p>1. Silindir, ISO15552&#8217;ye uygundur.<\/p>\n<p>2. Piston contas\u0131, telafi fonksiyonu, uzun hizmet \u00f6mr\u00fc ve d\u00fc\u015f\u00fck ba\u015flang\u0131\u00e7 \u200b\u200bbas\u0131nc\u0131 ile Y tipi tek y\u00f6nl\u00fc s\u0131zd\u0131rmazl\u0131k yap\u0131s\u0131 olarak iki NBR + PA malzemesini benimser.<\/p>\n<p>3. \u00c7ubuk contas\u0131, y\u00fcksek mukavemet, iyi tokluk, a\u015f\u0131nma direnci, ya\u011f direnci ve ya\u015flanma direnci \u00f6zelliklerine sahip PU malzeme kullan\u0131r.<\/p>\n<p>4. Piston \u00e7ubu\u011fu malzemesi, y\u00fczeyde sert krom kaplamal\u0131 45C Karbon \u00c7elikten ve iyi a\u015f\u0131nma<br \/>\ndirenci ve pas direnci ile Ra &lt;0.4 p\u00fcr\u00fczl\u00fcl\u00fckten yap\u0131lm\u0131\u015ft\u0131r.<\/p>\n","protected":false},"featured_media":6583,"template":"","meta":[],"product_cat":[47,73,74],"product_tag":[122,428,426,458,123,121,124,125],"class_list":{"0":"post-6581","1":"product","2":"type-product","3":"status-publish","4":"has-post-thumbnail","6":"product_cat-tum-urunleri","7":"product_cat-pnomatik","8":"product_cat-silindirler","9":"product_tag-bursa-pnomatik-silindir","10":"product_tag-nova","11":"product_tag-nova-hidrolik","12":"product_tag-nova-pnomatik","13":"product_tag-pnomatik-silindir-fiyati","14":"product_tag-pnomatik-silindirler","15":"product_tag-sq-silindir-bursa","16":"product_tag-sq-silindirler","18":"first","19":"instock","20":"shipping-taxable","21":"product-type-simple"},"_links":{"self":[{"href":"https:\/\/novahidrolik.com.tr\/index.php\/wp-json\/wp\/v2\/product\/6581","targetHints":{"allow":["GET"]}}],"collection":[{"href":"https:\/\/novahidrolik.com.tr\/index.php\/wp-json\/wp\/v2\/product"}],"about":[{"href":"https:\/\/novahidrolik.com.tr\/index.php\/wp-json\/wp\/v2\/types\/product"}],"version-history":[{"count":0,"href":"https:\/\/novahidrolik.com.tr\/index.php\/wp-json\/wp\/v2\/product\/6581\/revisions"}],"wp:featuredmedia":[{"embeddable":true,"href":"https:\/\/novahidrolik.com.tr\/index.php\/wp-json\/wp\/v2\/media\/6583"}],"wp:attachment":[{"href":"https:\/\/novahidrolik.com.tr\/index.php\/wp-json\/wp\/v2\/media?parent=6581"}],"wp:term":[{"taxonomy":"product_cat","embeddable":true,"href":"https:\/\/novahidrolik.com.tr\/index.php\/wp-json\/wp\/v2\/product_cat?post=6581"},{"taxonomy":"product_tag","embeddable":true,"href":"https:\/\/novahidrolik.com.tr\/index.php\/wp-json\/wp\/v2\/product_tag?post=6581"}],"curies":[{"name":"wp","href":"https:\/\/api.w.org\/{rel}","templated":true}]}}