{"id":6603,"date":"2022-01-15T09:35:56","date_gmt":"2022-01-15T06:35:56","guid":{"rendered":"https:\/\/novahidrolik.com.tr\/?post_type=product&#038;p=6603"},"modified":"2022-01-19T14:55:57","modified_gmt":"2022-01-19T11:55:57","slug":"cdj2d-serisi-silindir","status":"publish","type":"product","link":"https:\/\/novahidrolik.com.tr\/index.php\/urun\/cdj2d-serisi-silindir\/","title":{"rendered":"CDJ2D Serisi Silindir"},"content":{"rendered":"<p>&nbsp;<\/p>\n<p><img loading=\"lazy\" decoding=\"async\" class=\"alignnone size-full wp-image-3658\" src=\"https:\/\/www.jelpc.com\/wp-content\/uploads\/2020\/01\/CJ2-Ordering-Code.jpg\" alt=\"\" width=\"2100\" height=\"450\" \/><\/p>\n<p>&nbsp;<\/p>\n<p><img loading=\"lazy\" decoding=\"async\" src=\"https:\/\/www.jelpc.com\/wp-content\/uploads\/2019\/12\/55.png\" alt=\"\" width=\"1100\" height=\"1\" \/><\/p>\n<p>&nbsp;<\/p>\n<p>Strok\/Sens\u00f6r Anahtar\u0131 Modeli<\/p>\n<p>&nbsp;<\/p>\n<p>\uff0aUygun sens\u00f6r anahtar\u0131n\u0131 se\u00e7mek i\u00e7in l\u00fctfen strok\/sens\u00f6r anahtar\u0131 tablosuna bak\u0131n.<br \/>\nKur\u015fun tel uzunluk kodu: Bo\u015f\uff0d0,5 m, L\uff0d3 m.\u00a0\u00d6rnek: C73, C73L.<br \/>\nKayar tip sens\u00f6r anahtar\u0131 kurulumu i\u00e7in ek bir aksesuar gerekmez.<\/p>\n<p>&nbsp;<\/p>\n<table border=\"1\" width=\"100%\" cellspacing=\"0\" cellpadding=\"0\">\n<tbody>\n<tr>\n<td rowspan=\"2\">Delik (mm)<\/td>\n<td rowspan=\"2\">standart vuru\u015f<\/td>\n<td>Sens\u00f6r Anahtar\u0131 Kodu<\/td>\n<td rowspan=\"2\">Sens\u00f6r Anahtar Kodu<br \/>\n(Do\u011frudan kurulum)<\/td>\n<td>Kanal kurulum tipi Sens\u00f6r anahtar\u0131<\/td>\n<\/tr>\n<tr>\n<td>Ba\u011flama Tipi Sens\u00f6r Anahtar\u0131<\/td>\n<td>Uygun de\u011fil<\/td>\n<\/tr>\n<tr>\n<td>6<\/td>\n<td>15, 30, 45, 60<\/td>\n<td rowspan=\"3\">D-C73L D-H7A1L<br \/>\nD-C76L DH7BL<br \/>\nD-C80L<\/td>\n<td>BJ2-006<\/td>\n<td rowspan=\"3\">D-A72L D-A73L D-A76L<br \/>\nD-A80L D-F79L D-J79L<\/td>\n<\/tr>\n<tr>\n<td>10<\/td>\n<td>15, 30, 45, 60, 75, 100, 125, 150<\/td>\n<td>BJ2-010<\/td>\n<\/tr>\n<tr>\n<td>16<\/td>\n<td>15, 30, 45, 60, 75, 100, 125, 150, 175, 200<\/td>\n<td>BJ2-016<\/td>\n<\/tr>\n<\/tbody>\n<\/table>\n<p>&nbsp;<\/p>\n<p><img loading=\"lazy\" decoding=\"async\" src=\"https:\/\/www.jelpc.com\/wp-content\/uploads\/2019\/12\/55.png\" alt=\"\" width=\"1100\" height=\"1\" \/><\/p>\n<p>&nbsp;<\/p>\n<p>\u015eartname<\/p>\n<p>&nbsp;<\/p>\n<table border=\"1\" width=\"100%\" cellspacing=\"0\" cellpadding=\"0\">\n<tbody>\n<tr>\n<td>Delik (mm)<\/td>\n<td>6<\/td>\n<td>10<\/td>\n<td>16<\/td>\n<\/tr>\n<tr>\n<td>\u00c7al\u0131\u015fma S\u0131v\u0131s\u0131<\/td>\n<td colspan=\"3\">Hava<\/td>\n<\/tr>\n<tr>\n<td>Operasyon<\/td>\n<td colspan=\"3\">\u00c7ift Oyunculuk<\/td>\n<\/tr>\n<tr>\n<td>Min.\u00a0\u00c7al\u0131\u015fma Bas\u0131nc\u0131<\/td>\n<td colspan=\"3\">1,05 MPa<\/td>\n<\/tr>\n<tr>\n<td>Maks.\u00a0\u00c7al\u0131\u015fma Bas\u0131nc\u0131<\/td>\n<td colspan=\"3\">0,7 MPa<\/td>\n<\/tr>\n<tr>\n<td>Ortam ve s\u0131v\u0131 s\u0131cakl\u0131\u011f\u0131<\/td>\n<td colspan=\"3\">5\uff5e60 \u2103<\/td>\n<\/tr>\n<tr>\n<td>Yast\u0131k<\/td>\n<td colspan=\"3\">ubber Conta Yast\u0131\u011f\u0131 \/ Hava Yast\u0131\u011f\u0131<\/td>\n<\/tr>\n<tr>\n<td>\u00c7ubuk \u00c7al\u0131\u015fma H\u0131z\u0131<\/td>\n<td colspan=\"3\">50\uff5e750 mm\/sn<\/td>\n<\/tr>\n<tr>\n<td>Tolerans \u0130nme<\/td>\n<td colspan=\"3\">+1,0 mm<\/p>\n<p>0 mm<\/td>\n<\/tr>\n<tr>\n<td>ya\u011flay\u0131c\u0131<\/td>\n<td colspan=\"3\">ya\u011fs\u0131z<\/td>\n<\/tr>\n<tr>\n<td><\/td>\n<td colspan=\"3\"><\/td>\n<\/tr>\n<\/tbody>\n<\/table>\n<p>&nbsp;<\/p>\n<p>&nbsp;<\/p>\n<p><img loading=\"lazy\" decoding=\"async\" class=\"alignnone size-full wp-image-3117\" src=\"https:\/\/www.jelpc.com\/wp-content\/uploads\/2020\/01\/CJ2B-Double-Acting-Overall-Dimension.jpg\" alt=\"\" width=\"950\" height=\"407\" \/><\/p>\n<p>&nbsp;<\/p>\n<p>Boyut<\/p>\n<p>&nbsp;<\/p>\n<table border=\"1\" width=\"100%\" cellspacing=\"0\" cellpadding=\"0\">\n<tbody>\n<tr>\n<td>Delik (mm)<\/td>\n<td>A<\/td>\n<td>B<\/td>\n<td>C<\/td>\n<td>D<\/td>\n<td>F<\/td>\n<td>GA<\/td>\n<td>GB<\/td>\n<td>H<\/td>\n<td>AA<\/td>\n<td>NA<\/td>\n<td>not<\/td>\n<td>ND h8<\/td>\n<td>NN<\/td>\n<td>S<\/td>\n<td>T<\/td>\n<td>Z<\/td>\n<\/tr>\n<tr>\n<td>6<\/td>\n<td>15<\/td>\n<td>12<\/td>\n<td>14<\/td>\n<td>3<\/td>\n<td>8<\/td>\n<td>14 5<\/td>\n<td>&#8211;<\/td>\n<td>28<\/td>\n<td>M3\u00d70.5<\/td>\n<td>16<\/td>\n<td>7<\/td>\n<td>6<\/td>\n<td>M6\u00d71.0<\/td>\n<td>49<\/td>\n<td>3<\/td>\n<td>77<\/td>\n<\/tr>\n<tr>\n<td>10<\/td>\n<td>15<\/td>\n<td>12<\/td>\n<td>14<\/td>\n<td>4<\/td>\n<td>8<\/td>\n<td>8<\/td>\n<td>5<\/td>\n<td>28<\/td>\n<td>M4\u00d70.7<\/td>\n<td>12 5<\/td>\n<td>95<\/td>\n<td>8<\/td>\n<td>M8\u00d71.0<\/td>\n<td>46<\/td>\n<td>&#8211;<\/td>\n<td>74<\/td>\n<\/tr>\n<tr>\n<td>16<\/td>\n<td>15<\/td>\n<td>18<\/td>\n<td>20<\/td>\n<td>5<\/td>\n<td>8<\/td>\n<td>8<\/td>\n<td>5<\/td>\n<td>28<\/td>\n<td>M5\u00d70.8<\/td>\n<td>12.5<\/td>\n<td>9.5<\/td>\n<td>10<\/td>\n<td>M10\u00d71.0<\/td>\n<td>47<\/td>\n<td>&#8211;<\/td>\n<td>75<\/td>\n<\/tr>\n<\/tbody>\n<\/table>\n<p>&nbsp;<\/p>\n<p><img loading=\"lazy\" decoding=\"async\" class=\"alignnone size-full wp-image-3118\" src=\"https:\/\/www.jelpc.com\/wp-content\/uploads\/2020\/01\/Foot-Flange-Overall-Dimension.jpg\" alt=\"\" width=\"950\" height=\"249\" \/><\/p>\n<p>&nbsp;<\/p>\n<p>Boyut<\/p>\n<p>&nbsp;<\/p>\n<table border=\"1\" width=\"100%\" cellspacing=\"0\" cellpadding=\"0\">\n<tbody>\n<tr>\n<td rowspan=\"2\">Delik (mm)<\/td>\n<td colspan=\"7\">Ayak Koltuk<\/td>\n<td colspan=\"7\">flan\u015f<\/td>\n<td colspan=\"5\">Kurulum Somunu<\/td>\n<td colspan=\"5\">\u00e7ubuk ucu Somun<\/td>\n<\/tr>\n<tr>\n<td>Par\u00e7a No.<\/td>\n<td>1 POUND = 0.45 KG<\/td>\n<td>\u0424LC<\/td>\n<td>sol<\/td>\n<td>LX<\/td>\n<td>LY<\/td>\n<td>LZ<\/td>\n<td>Par\u00e7a No.<\/td>\n<td>Facebook<\/td>\n<td>\u0424FC<\/td>\n<td>d\u00f6viz<\/td>\n<td>bilginize<\/td>\n<td>FZ<\/td>\n<td>FT<\/td>\n<td>Par\u00e7a No.<\/td>\n<td>B<\/td>\n<td>C<\/td>\n<td>D<\/td>\n<td>H<\/td>\n<td>Par\u00e7a No.<\/td>\n<td>B<\/td>\n<td>C<\/td>\n<td>D<\/td>\n<td>H<\/td>\n<\/tr>\n<tr>\n<td>6<\/td>\n<td>CJ-L006B<\/td>\n<td>13<\/td>\n<td>4.5<\/td>\n<td>9<\/td>\n<td>24<\/td>\n<td>16.5<\/td>\n<td>32<\/td>\n<td>CJ-F006B<\/td>\n<td>11<\/td>\n<td>4.5<\/td>\n<td>24<\/td>\n<td>14<\/td>\n<td>32<\/td>\n<td>1.6<\/td>\n<td>SNJ-006B<\/td>\n<td>8<\/td>\n<td>9.2<\/td>\n<td>M6\u00d71<\/td>\n<td>4<\/td>\n<td>NTJ006A<\/td>\n<td>5.5<\/td>\n<td>6.4<\/td>\n<td>M3\u00d70.5<\/td>\n<td>2.4<\/td>\n<\/tr>\n<tr>\n<td>10<\/td>\n<td>CJ-L010B<\/td>\n<td>15<\/td>\n<td>4.5<\/td>\n<td>9<\/td>\n<td>24<\/td>\n<td>16.5<\/td>\n<td>32<\/td>\n<td>CJ-F010B<\/td>\n<td>13<\/td>\n<td>4.5<\/td>\n<td>24<\/td>\n<td>14<\/td>\n<td>32<\/td>\n<td>1.6<\/td>\n<td>SNJ-010B<\/td>\n<td>11<\/td>\n<td>12.7<\/td>\n<td>M8\u00d71<\/td>\n<td>4<\/td>\n<td>NTJ010A<\/td>\n<td>7<\/td>\n<td>8.1<\/td>\n<td>M4\u00d70.7<\/td>\n<td>3.2<\/td>\n<\/tr>\n<tr>\n<td>16<\/td>\n<td>CJ-L016B<\/td>\n<td>23<\/td>\n<td>5.5<\/td>\n<td>14<\/td>\n<td>33<\/td>\n<td>25<\/td>\n<td>42<\/td>\n<td>CJ-F016B<\/td>\n<td>19<\/td>\n<td>5.5<\/td>\n<td>33<\/td>\n<td>20<\/td>\n<td>42<\/td>\n<td>2.3<\/td>\n<td>SNJ-016B<\/td>\n<td>14<\/td>\n<td>16.2<\/td>\n<td>M10\u00d71<\/td>\n<td>4<\/td>\n<td>NTJ015A<\/td>\n<td>8<\/td>\n<td>9.2<\/td>\n<td>MS\u00d70.8<\/td>\n<td>4<\/td>\n<\/tr>\n<\/tbody>\n<\/table>\n<p>&nbsp;<\/p>\n<p><img loading=\"lazy\" decoding=\"async\" class=\"alignnone size-full wp-image-3119\" src=\"https:\/\/www.jelpc.com\/wp-content\/uploads\/2020\/01\/CJ2D-Double-Earring-Type-Overall-Dimension.jpg\" alt=\"\" width=\"950\" height=\"317\" \/><\/p>\n<p>&nbsp;<\/p>\n<table border=\"1\" width=\"100%\" cellspacing=\"0\" cellpadding=\"0\">\n<tbody>\n<tr>\n<td>Delik (mm)<\/td>\n<td>A<\/td>\n<td>B<\/td>\n<td>C<\/td>\n<td>CD(cd)<\/td>\n<td>m\u00fc\u015fteri deneyimi<\/td>\n<td>CZ<\/td>\n<td>D<\/td>\n<td>GA<\/td>\n<td>GB<\/td>\n<td>H<\/td>\n<td>AA<\/td>\n<td>NA<\/td>\n<td>not<\/td>\n<td>r<\/td>\n<td>S<\/td>\n<td>sen<\/td>\n<td>Z<\/td>\n<td>ZZ<\/td>\n<\/tr>\n<tr>\n<td>10<\/td>\n<td>15<\/td>\n<td>12<\/td>\n<td>14<\/td>\n<td>3.3<\/td>\n<td>3.2<\/td>\n<td>12<\/td>\n<td>4<\/td>\n<td>8<\/td>\n<td>18<\/td>\n<td>28<\/td>\n<td>M4\u00d70 7<\/td>\n<td>12.5<\/td>\n<td>22 5<\/td>\n<td>5<\/td>\n<td>46<\/td>\n<td>8<\/td>\n<td>82<\/td>\n<td>93<\/td>\n<\/tr>\n<tr>\n<td>16<\/td>\n<td>15<\/td>\n<td>18<\/td>\n<td>20<\/td>\n<td>5<\/td>\n<td>6.5<\/td>\n<td>18<\/td>\n<td>5<\/td>\n<td>8<\/td>\n<td>23<\/td>\n<td>28<\/td>\n<td>M5\u00d70.8<\/td>\n<td>12.5<\/td>\n<td>27.5<\/td>\n<td>8<\/td>\n<td>47<\/td>\n<td>10<\/td>\n<td>85<\/td>\n<td>99<\/td>\n<\/tr>\n<\/tbody>\n<\/table>\n<p>&nbsp;<\/p>\n<p>&nbsp;<\/p>\n<p><img loading=\"lazy\" decoding=\"async\" class=\"alignnone size-full wp-image-3120\" src=\"https:\/\/www.jelpc.com\/wp-content\/uploads\/2020\/01\/T-Base-Hinge-with-Pin-Overall-Dimension.jpg\" alt=\"\" width=\"950\" height=\"226\" \/><\/p>\n<p>&nbsp;<\/p>\n<table border=\"1\" width=\"100%\" cellspacing=\"0\" cellpadding=\"0\">\n<tbody>\n<tr>\n<td rowspan=\"2\">Delik (mm)<\/td>\n<td colspan=\"13\">T Tipi piston kolu \u00e7atal\u0131<\/td>\n<td colspan=\"8\">Piston kolu \u00e7atal pimi<\/td>\n<\/tr>\n<tr>\n<td>Par\u00e7a kodu<\/td>\n<td>TC<\/td>\n<td colspan=\"2\">TDH10<\/td>\n<td>TH<\/td>\n<td>TK<\/td>\n<td>TN<\/td>\n<td>TT<\/td>\n<td>TU<\/td>\n<td>televizyon<\/td>\n<td>TW<\/td>\n<td>TX<\/td>\n<td>TY<\/td>\n<td>Par\u00e7a kodu<\/td>\n<td colspan=\"2\">Gd9<\/td>\n<td>\u0424d<\/td>\n<td>L<\/td>\n<td>e<\/td>\n<td>m<\/td>\n<td>T<\/td>\n<\/tr>\n<tr>\n<td rowspan=\"2\">10<\/td>\n<td rowspan=\"2\">CJ-T010B<\/td>\n<td rowspan=\"2\">4.5<\/td>\n<td rowspan=\"2\">3.3<\/td>\n<td>+0.048<\/td>\n<td rowspan=\"2\">29<\/td>\n<td rowspan=\"2\">18<\/td>\n<td rowspan=\"2\">3.1<\/td>\n<td rowspan=\"2\">2<\/td>\n<td rowspan=\"2\">9<\/td>\n<td rowspan=\"2\">40<\/td>\n<td rowspan=\"2\">22<\/td>\n<td rowspan=\"2\">32<\/td>\n<td rowspan=\"2\">12<\/td>\n<td rowspan=\"2\">CD J010<\/td>\n<td rowspan=\"2\">3.3<\/td>\n<td>-0.03<\/td>\n<td rowspan=\"2\">3<\/td>\n<td rowspan=\"2\">15.2<\/td>\n<td rowspan=\"2\">12 2<\/td>\n<td rowspan=\"2\">1.2<\/td>\n<td rowspan=\"2\">0,3<\/td>\n<\/tr>\n<tr>\n<td>0<\/td>\n<td>-0.06<\/td>\n<\/tr>\n<tr>\n<td rowspan=\"2\">16<\/td>\n<td rowspan=\"2\">CJ-T016B<\/td>\n<td rowspan=\"2\">5.5<\/td>\n<td rowspan=\"2\">5<\/td>\n<td>+0.048<\/td>\n<td rowspan=\"2\">35<\/td>\n<td rowspan=\"2\">20<\/td>\n<td rowspan=\"2\">6.4<\/td>\n<td rowspan=\"2\">2.3<\/td>\n<td rowspan=\"2\">14<\/td>\n<td rowspan=\"2\">48<\/td>\n<td rowspan=\"2\">28<\/td>\n<td rowspan=\"2\">38<\/td>\n<td rowspan=\"2\">16<\/td>\n<td rowspan=\"2\">CD-Z015<\/td>\n<td rowspan=\"2\">5<\/td>\n<td>-0.03<\/td>\n<td rowspan=\"2\">4.8<\/td>\n<td rowspan=\"2\">22,7<\/td>\n<td rowspan=\"2\">18.3<\/td>\n<td rowspan=\"2\">1.5<\/td>\n<td rowspan=\"2\">0.7<\/td>\n<\/tr>\n<tr>\n<td>0<\/td>\n<td>-0.06<\/td>\n<\/tr>\n<\/tbody>\n<\/table>\n<p>&nbsp;<\/p>\n<p><img loading=\"lazy\" decoding=\"async\" class=\"alignnone size-full wp-image-3121\" src=\"https:\/\/www.jelpc.com\/wp-content\/uploads\/2020\/01\/I-Type-Piston-rod-clevis-Overall-Dimension.jpg\" alt=\"\" width=\"950\" height=\"249\" \/><\/p>\n<p>&nbsp;<\/p>\n<table border=\"1\" width=\"100%\" cellspacing=\"0\" cellpadding=\"0\">\n<tbody>\n<tr>\n<td rowspan=\"2\">Delik (mm)<\/td>\n<td colspan=\"9\">I Tip piston kolu \u00e7atal\u0131<\/td>\n<td colspan=\"8\">Y Tipi piston kolu \u00e7atal\u0131<\/td>\n<td><\/td>\n<td colspan=\"8\">Piston kolu \u00e7atal pimi<\/td>\n<\/tr>\n<tr>\n<td>Par\u00e7a kodu<\/td>\n<td>A1<\/td>\n<td colspan=\"2\">NDH10<\/td>\n<td>L1<\/td>\n<td>AA<\/td>\n<td>U1<\/td>\n<td>NX<\/td>\n<td>R1<\/td>\n<td>Par\u00e7a kodu<\/td>\n<td>A1<\/td>\n<td colspan=\"2\">NDH10<\/td>\n<td>L1<\/td>\n<td>AA<\/td>\n<td>U1<\/td>\n<td>NX<\/td>\n<td>R1<\/td>\n<td>Par\u00e7a kodu<\/td>\n<td colspan=\"2\">\u0424Dg<\/td>\n<td>L<\/td>\n<td>D<\/td>\n<td>e<\/td>\n<td>m<\/td>\n<td>T<\/td>\n<\/tr>\n<tr>\n<td rowspan=\"2\">10<\/td>\n<td rowspan=\"2\">I-J010B<\/td>\n<td rowspan=\"2\">8<\/td>\n<td rowspan=\"2\">3.3<\/td>\n<td>+0.048<\/td>\n<td rowspan=\"2\">21<\/td>\n<td rowspan=\"2\">M4\u00d70.7<\/td>\n<td rowspan=\"2\">9<\/td>\n<td rowspan=\"2\">3.1<\/td>\n<td rowspan=\"2\">8<\/td>\n<td rowspan=\"2\">Y-J010B<\/td>\n<td rowspan=\"2\">8<\/td>\n<td rowspan=\"2\">3.3<\/td>\n<td>+0.048<\/td>\n<td rowspan=\"2\">21<\/td>\n<td rowspan=\"2\">M4\u00d70.7<\/td>\n<td rowspan=\"2\">10<\/td>\n<td rowspan=\"2\">3.2<\/td>\n<td rowspan=\"2\">8<\/td>\n<td rowspan=\"2\">IY-J010<\/td>\n<td rowspan=\"2\">3.3<\/td>\n<td>-0.03<\/td>\n<td rowspan=\"2\">16.2<\/td>\n<td rowspan=\"2\">3<\/td>\n<td rowspan=\"2\">12.2<\/td>\n<td rowspan=\"2\">1.7<\/td>\n<td rowspan=\"2\">0,3<\/td>\n<\/tr>\n<tr>\n<td>0<\/td>\n<td>0<\/td>\n<td>-0.06<\/td>\n<\/tr>\n<tr>\n<td rowspan=\"2\">16<\/td>\n<td rowspan=\"2\">I-J016B<\/td>\n<td rowspan=\"2\">8<\/td>\n<td rowspan=\"2\">5<\/td>\n<td>+0.048<\/td>\n<td rowspan=\"2\">25<\/td>\n<td rowspan=\"2\">M5\u00d70.8<\/td>\n<td rowspan=\"2\">14<\/td>\n<td rowspan=\"2\">6.4<\/td>\n<td rowspan=\"2\">12<\/td>\n<td rowspan=\"2\">Y-J016B<\/td>\n<td rowspan=\"2\">11<\/td>\n<td rowspan=\"2\">5<\/td>\n<td>+0.048<\/td>\n<td rowspan=\"2\">21<\/td>\n<td rowspan=\"2\">M5\u00d70.8<\/td>\n<td rowspan=\"2\">10<\/td>\n<td rowspan=\"2\">6.5<\/td>\n<td rowspan=\"2\">12<\/td>\n<td rowspan=\"2\">IY-J015<\/td>\n<td rowspan=\"2\">5<\/td>\n<td>0.03<\/td>\n<td rowspan=\"2\">16.6<\/td>\n<td rowspan=\"2\">4.8<\/td>\n<td rowspan=\"2\">12.2<\/td>\n<td rowspan=\"2\">1.5<\/td>\n<td rowspan=\"2\">0.7<\/td>\n<\/tr>\n<tr>\n<td>0<\/td>\n<td>0<\/td>\n<td>-0.06<\/td>\n<\/tr>\n<\/tbody>\n<\/table>\n","protected":false},"excerpt":{"rendered":"<h2>CDJ2D Serisi Silindir<\/h2>\n<p>Paslanmaz \u00c7elik \u00c7ift Etkili Mini Silindir<\/p>\n","protected":false},"featured_media":6604,"template":"","meta":[],"product_cat":[47,73,74],"product_tag":[131,122,129,130,428,426,458,123,121],"class_list":{"0":"post-6603","1":"product","2":"type-product","3":"status-publish","4":"has-post-thumbnail","6":"product_cat-tum-urunleri","7":"product_cat-pnomatik","8":"product_cat-silindirler","9":"product_tag-arka-catalli-kalem-silindir","10":"product_tag-bursa-pnomatik-silindir","11":"product_tag-cdj2d-silindir","12":"product_tag-kalem-silindirler","13":"product_tag-nova","14":"product_tag-nova-hidrolik","15":"product_tag-nova-pnomatik","16":"product_tag-pnomatik-silindir-fiyati","17":"product_tag-pnomatik-silindirler","19":"first","20":"instock","21":"shipping-taxable","22":"product-type-simple"},"_links":{"self":[{"href":"https:\/\/novahidrolik.com.tr\/index.php\/wp-json\/wp\/v2\/product\/6603","targetHints":{"allow":["GET"]}}],"collection":[{"href":"https:\/\/novahidrolik.com.tr\/index.php\/wp-json\/wp\/v2\/product"}],"about":[{"href":"https:\/\/novahidrolik.com.tr\/index.php\/wp-json\/wp\/v2\/types\/product"}],"version-history":[{"count":0,"href":"https:\/\/novahidrolik.com.tr\/index.php\/wp-json\/wp\/v2\/product\/6603\/revisions"}],"wp:featuredmedia":[{"embeddable":true,"href":"https:\/\/novahidrolik.com.tr\/index.php\/wp-json\/wp\/v2\/media\/6604"}],"wp:attachment":[{"href":"https:\/\/novahidrolik.com.tr\/index.php\/wp-json\/wp\/v2\/media?parent=6603"}],"wp:term":[{"taxonomy":"product_cat","embeddable":true,"href":"https:\/\/novahidrolik.com.tr\/index.php\/wp-json\/wp\/v2\/product_cat?post=6603"},{"taxonomy":"product_tag","embeddable":true,"href":"https:\/\/novahidrolik.com.tr\/index.php\/wp-json\/wp\/v2\/product_tag?post=6603"}],"curies":[{"name":"wp","href":"https:\/\/api.w.org\/{rel}","templated":true}]}}