{"id":6626,"date":"2022-01-15T10:25:48","date_gmt":"2022-01-15T07:25:48","guid":{"rendered":"https:\/\/novahidrolik.com.tr\/?post_type=product&#038;p=6626"},"modified":"2022-01-15T10:51:21","modified_gmt":"2022-01-15T07:51:21","slug":"4v-serisi-pnomatik-valfler","status":"publish","type":"product","link":"https:\/\/novahidrolik.com.tr\/index.php\/urun\/4v-serisi-pnomatik-valfler\/","title":{"rendered":"4V Serisi Pn\u00f6matik Valfler"},"content":{"rendered":"<h2><strong>\u00d6zellikleri:<\/strong><\/h2>\n<p>&nbsp;<\/p>\n<p>1. S\u00fcrt\u00fcnme \u00f6nleyici conta, valf makaras\u0131n\u0131 anahtarlama i\u015flemi s\u0131ras\u0131nda daha kararl\u0131 hale getirmek ve valf \u00f6mr\u00fcn\u00fc uzatmak i\u00e7in valf makaras\u0131n\u0131n her iki ucuna eklenir.<br \/>\n2. Japonya&#8217;dan ithal edilen orijinal m\u00fch\u00fcrler;\u00a0Valf g\u00f6vdesi i\u00e7 ak\u0131\u015f yolunu optimize edin;\u00a0Maksimum hava ak\u0131\u015f alan\u0131n\u0131 art\u0131r\u0131n.<br \/>\n3. Valf Pilotlu Koltuk Tayvan&#8217;dan, 5 adet \u015feritli y\u00fczey tasar\u0131m\u0131;\u00a0Mannual s\u00fcr\u00fc\u015f milinin g\u00fcc\u00fcn\u00fc artt\u0131rd\u0131;\u00a0G\u00f6r\u00fcn\u00fcm daha belirgindir.<br \/>\n4. Valf g\u00f6vdesi y\u00fczey i\u015flemi, yeni bir \u00e7evre koruma s\u00fcrecini benimser.<br \/>\n5. \u0130yi \u00fcr\u00fcn tutarl\u0131l\u0131\u011f\u0131 ile tam otomatik montaj ve test hatt\u0131.<\/p>\n<p>&nbsp;<\/p>\n<p><img loading=\"lazy\" decoding=\"async\" src=\"https:\/\/www.jelpc.com\/wp-content\/uploads\/2019\/12\/55.png\" alt=\"\" width=\"1100\" height=\"1\" \/><\/p>\n<p>&nbsp;<\/p>\n<p><strong>\u0130\u00e7 yap\u0131<\/strong><\/p>\n<p>&nbsp;<\/p>\n<p><img loading=\"lazy\" decoding=\"async\" class=\"alignnone size-full wp-image-2546\" src=\"https:\/\/www.jelpc.com\/wp-content\/uploads\/2019\/12\/J4V-Internal-Structure.jpg\" alt=\"\" width=\"950\" height=\"543\" \/><\/p>\n<p>&nbsp;<\/p>\n<p>&nbsp;<\/p>\n<p><strong>Par\u00e7alar<\/strong><\/p>\n<p>&nbsp;<\/p>\n<table border=\"1\" width=\"100%\" cellspacing=\"0\" cellpadding=\"0\">\n<tbody>\n<tr>\n<td>Numara<\/td>\n<td>\u0130sim<\/td>\n<td>Numara<\/td>\n<td>\u0130sim<\/td>\n<td>Numara<\/td>\n<td>\u0130sim<\/td>\n<\/tr>\n<tr>\n<td>1<\/td>\n<td>\u00c7apraz yuval\u0131 pan vida<\/td>\n<td>7<\/td>\n<td>Valf makaras\u0131<\/td>\n<td>13<\/td>\n<td>bobin<\/td>\n<\/tr>\n<tr>\n<td>2<\/td>\n<td>Arka kapak<\/td>\n<td>8<\/td>\n<td>Piston<\/td>\n<td>14<\/td>\n<td>Bobin somunu<\/td>\n<\/tr>\n<tr>\n<td>3<\/td>\n<td>Bahar<\/td>\n<td>9<\/td>\n<td>Y halkas\u0131<\/td>\n<td>15<\/td>\n<td>Sabit plaka<\/td>\n<\/tr>\n<tr>\n<td>4<\/td>\n<td>anormal m\u00fch\u00fcr<\/td>\n<td>10<\/td>\n<td>Bahar<\/td>\n<td>16<\/td>\n<td>O y\u00fcz\u00fck<\/td>\n<\/tr>\n<tr>\n<td>5<\/td>\n<td>Vana g\u00f6vdesi<\/td>\n<td>11<\/td>\n<td>Manuel s\u00fcr\u00fc\u015f mili<\/td>\n<td>17<\/td>\n<td>piston<\/td>\n<\/tr>\n<tr>\n<td>6<\/td>\n<td>D\u00fcz halka<\/td>\n<td>12<\/td>\n<td>terminal<\/td>\n<td>18<\/td>\n<td>Pilot koltu\u011fu<\/td>\n<\/tr>\n<\/tbody>\n<\/table>\n<p>&nbsp;<\/p>\n<p><img loading=\"lazy\" decoding=\"async\" src=\"https:\/\/www.jelpc.com\/wp-content\/uploads\/2019\/12\/55.png\" alt=\"\" width=\"1100\" height=\"1\" \/><\/p>\n<p>&nbsp;<\/p>\n<p><strong>Ak\u0131\u015f Performans G\u00f6stergesinin \u0130yile\u015ftirilmesi\u00a0<\/strong><\/p>\n<p>&nbsp;<\/p>\n<p><img loading=\"lazy\" decoding=\"async\" class=\"alignnone size-full wp-image-2547\" src=\"https:\/\/www.jelpc.com\/wp-content\/uploads\/2019\/12\/J4V-2.jpg\" alt=\"\" width=\"950\" height=\"543\" \/><\/p>\n<p>&nbsp;<\/p>\n<p><img loading=\"lazy\" decoding=\"async\" src=\"https:\/\/www.jelpc.com\/wp-content\/uploads\/2019\/12\/55.png\" alt=\"\" width=\"1100\" height=\"1\" \/><\/p>\n<p>&nbsp;<\/p>\n<p><strong>Ya\u015fam S\u00fcresinin \u0130yile\u015ftirilmesi<\/strong><\/p>\n<p>&nbsp;<\/p>\n<p>&nbsp;<\/p>\n<p><img loading=\"lazy\" decoding=\"async\" class=\"alignnone size-full wp-image-2548\" src=\"https:\/\/www.jelpc.com\/wp-content\/uploads\/2019\/12\/J4V-3.jpg\" alt=\"\" width=\"950\" height=\"543\" \/><\/p>\n<p>&nbsp;<\/p>\n<p><img loading=\"lazy\" decoding=\"async\" src=\"https:\/\/www.jelpc.com\/wp-content\/uploads\/2019\/12\/55.png\" alt=\"\" width=\"1100\" height=\"1\" \/><\/p>\n<p>&nbsp;<\/p>\n<p><strong>Sipari\u015f kodu:<\/strong><\/p>\n<p>&nbsp;<\/p>\n<p><img loading=\"lazy\" decoding=\"async\" class=\"aligncenter size-full wp-image-3571\" src=\"https:\/\/www.jelpc.com\/wp-content\/uploads\/2019\/12\/J4V200-Ordering-Code.jpg\" alt=\"\" width=\"2100\" height=\"470\" \/><\/p>\n<p>&nbsp;<\/p>\n<p><img loading=\"lazy\" decoding=\"async\" src=\"https:\/\/www.jelpc.com\/wp-content\/uploads\/2019\/12\/55.png\" alt=\"\" width=\"1100\" height=\"1\" \/><\/p>\n<p>&nbsp;<\/p>\n<p><strong>\u015eartname<\/strong><\/p>\n<p>&nbsp;<\/p>\n<table border=\"1\" width=\"100%\" cellspacing=\"0\" cellpadding=\"0\">\n<tbody>\n<tr>\n<td rowspan=\"2\">modeli<\/td>\n<td>J4V210-06<\/td>\n<td>J4V220-06<\/td>\n<td>J4V230C-06<\/td>\n<td>J4V230E-06<\/td>\n<td>J4V230P-06<\/td>\n<td>J4V210-08<\/td>\n<td>J4V220-08<\/td>\n<td>J4V230C-08<\/td>\n<td>J4V230E-08<\/td>\n<td>J4V230P-08<\/td>\n<\/tr>\n<tr>\n<td>4A210-06<\/td>\n<td>4A220-06<\/td>\n<td>4A230C-06<\/td>\n<td>4A230E-06<\/td>\n<td>4A230P-06<\/td>\n<td>4A210-08<\/td>\n<td>4A220-08<\/td>\n<td>4A230C-08<\/td>\n<td>4A230E-08<\/td>\n<td>4A230P-08<\/td>\n<\/tr>\n<tr>\n<td>Vana Tipi<\/td>\n<td colspan=\"2\">5\/2 yol<\/td>\n<td colspan=\"3\">5\/3 yol<\/td>\n<td colspan=\"2\">5\/2 yol<\/td>\n<td colspan=\"3\">5\/3 yol<\/td>\n<\/tr>\n<tr>\n<td>Etkili Kesit Alan\u0131<\/td>\n<td colspan=\"2\">14 mm\u00b2(CV=0,78)<\/td>\n<td colspan=\"3\">12 mm\u00b2 (CV=0,67)<\/td>\n<td colspan=\"2\">16 mm\u00b2 (CV=0,89)<\/td>\n<td colspan=\"3\">12 mm\u00b2 (CV=0,67)<\/td>\n<\/tr>\n<tr>\n<td>modeli<\/td>\n<td>J3V210-06<\/td>\n<td>J3V220-06<\/td>\n<td>3A210- 06<\/td>\n<td>3A220-06<\/td>\n<td>J3V210-08<\/td>\n<td>J3V220-08<\/td>\n<td>3A210-08<\/td>\n<td>3A220-08<\/td>\n<td><\/td>\n<td><\/td>\n<\/tr>\n<tr>\n<td>Vana Tipi<\/td>\n<td colspan=\"10\">\u00a03\/2 yol<\/td>\n<\/tr>\n<tr>\n<td>Etkili Kesit Alan\u0131<\/td>\n<td colspan=\"4\">14 mm\u00b2 (CV = 0,78)<\/td>\n<td colspan=\"4\">16 mm\u00b2 (CV = 0,89)<\/td>\n<td><\/td>\n<td><\/td>\n<\/tr>\n<tr>\n<td>Ba\u011flant\u0131 noktas\u0131 boyutu<\/td>\n<td colspan=\"4\">Giri\u015f, \u00c7\u0131k\u0131\u015f, Egzoz Portu \uff1d G 1\/8\u2033<\/td>\n<td colspan=\"4\">Giri\u015f, \u00c7\u0131k\u0131\u015f \uff1d G 1\/4\u2033 , Egzoz Portu \uff1d G 1\/8\u2033<\/td>\n<td><\/td>\n<td><\/td>\n<\/tr>\n<tr>\n<td>\u00c7al\u0131\u015fma Ortam\u0131<\/td>\n<td colspan=\"10\">40 Mikron Filtrelenmi\u015f Hava<\/td>\n<\/tr>\n<tr>\n<td>Operasyon<\/td>\n<td colspan=\"10\">Dahili pilot<\/td>\n<\/tr>\n<tr>\n<td>\u00e7al\u0131\u015fma bas\u0131nc\u0131<\/td>\n<td colspan=\"10\">0.15\uff5e0.8 MPa<\/td>\n<\/tr>\n<tr>\n<td>Maks.\u00a0Test Bas\u0131nc\u0131<\/td>\n<td colspan=\"10\">1.2MPa<\/td>\n<\/tr>\n<tr>\n<td>Ortam s\u0131cakl\u0131\u011f\u0131<\/td>\n<td colspan=\"10\">-20 ~ 70 \u2103<\/td>\n<\/tr>\n<tr>\n<td>\u00c7al\u0131\u015fma Gerilimi Tolerans\u0131<\/td>\n<td colspan=\"10\">\u00b1 %10<\/td>\n<\/tr>\n<tr>\n<td>G\u00fc\u00e7 t\u00fcketimi<\/td>\n<td colspan=\"10\">AC: 3.5VA DC: 2.5W<\/td>\n<\/tr>\n<tr>\n<td>Konnekt\u00f6r Korumas\u0131<\/td>\n<td colspan=\"10\">F S\u0131n\u0131f\u0131, IP 65<\/td>\n<\/tr>\n<tr>\n<td>Kablolama \/ Konekt\u00f6r<\/td>\n<td colspan=\"10\">Kablo \/ Kur\u015fun Tel veya DIN Konekt\u00f6r\u00fc<\/td>\n<\/tr>\n<tr>\n<td>Frekans de\u011fi\u015ftirme<\/td>\n<td colspan=\"10\">5 D\u00f6ng\u00fc \/ Sn.<\/td>\n<\/tr>\n<tr>\n<td>Tepki S\u00fcresi<\/td>\n<td colspan=\"10\">0.05 San.<\/td>\n<\/tr>\n<\/tbody>\n<\/table>\n<p>&nbsp;<\/p>\n<h3><strong>Ortalama boyut:<\/strong><\/h3>\n<p>&nbsp;<\/p>\n<p><img loading=\"lazy\" decoding=\"async\" class=\"alignnone size-full wp-image-2559\" src=\"https:\/\/www.jelpc.com\/wp-content\/uploads\/2019\/12\/J4V200-Overall-Dimension.jpg\" alt=\"\" width=\"950\" height=\"1185\" \/><\/p>\n<p><img loading=\"lazy\" decoding=\"async\" class=\"alignnone size-medium wp-image-2560\" src=\"https:\/\/www.jelpc.com\/wp-content\/uploads\/2019\/12\/J4V200-Overall-Dimension-2.jpg\" alt=\"\" width=\"950\" height=\"1185\" \/><\/p>\n<p><img loading=\"lazy\" decoding=\"async\" class=\"alignnone size-medium wp-image-2561\" src=\"https:\/\/www.jelpc.com\/wp-content\/uploads\/2019\/12\/J4V200-Overall-Dimension-3.jpg\" alt=\"\" width=\"950\" height=\"1185\" \/><\/p>\n","protected":false},"excerpt":{"rendered":"<h1>4V Serisi Pn\u00f6matik Valfler<\/h1>\n<h2><strong>\u00d6zellikleri:<\/strong><\/h2>\n<p>&nbsp;<\/p>\n<p>1. S\u00fcrt\u00fcnme \u00f6nleyici conta, valf makaras\u0131n\u0131 anahtarlama i\u015flemi s\u0131ras\u0131nda daha kararl\u0131 hale getirmek ve valf \u00f6mr\u00fcn\u00fc uzatmak i\u00e7in valf makaras\u0131n\u0131n her iki ucuna eklenir.<br \/>\n2. Japonya&#8217;dan ithal edilen orijinal m\u00fch\u00fcrler;\u00a0Valf g\u00f6vdesi i\u00e7 ak\u0131\u015f yolunu optimize edin;\u00a0Maksimum hava ak\u0131\u015f alan\u0131n\u0131 art\u0131r\u0131n.<br \/>\n3. Valf Pilotlu Koltuk Tayvan&#8217;dan, 5 adet \u015feritli y\u00fczey tasar\u0131m\u0131;\u00a0Mannual s\u00fcr\u00fc\u015f milinin g\u00fcc\u00fcn\u00fc artt\u0131rd\u0131;\u00a0G\u00f6r\u00fcn\u00fcm daha belirgindir.<br \/>\n4. Valf g\u00f6vdesi y\u00fczey i\u015flemi, yeni bir \u00e7evre koruma s\u00fcrecini benimser.<br \/>\n5. \u0130yi \u00fcr\u00fcn tutarl\u0131l\u0131\u011f\u0131 ile tam otomatik montaj ve test hatt\u0131.<\/p>\n<p>&nbsp;<\/p>\n","protected":false},"featured_media":6632,"template":"","meta":[],"product_cat":[47,73,75],"product_tag":[151,150,141,147,148,140,144,145,146,142,143],"class_list":{"0":"post-6626","1":"product","2":"type-product","3":"status-publish","4":"has-post-thumbnail","6":"product_cat-tum-urunleri","7":"product_cat-pnomatik","8":"product_cat-valfler","9":"product_tag-1-4","10":"product_tag-1-8","11":"product_tag-4v-serisi-valf","12":"product_tag-5-2","13":"product_tag-5-3","14":"product_tag-bursa-pnomatik-valf","15":"product_tag-jelpc","16":"product_tag-jelpcbursa","17":"product_tag-jelpcvalf","18":"product_tag-valf","19":"product_tag-valf-fiyati","21":"first","22":"instock","23":"shipping-taxable","24":"product-type-simple"},"_links":{"self":[{"href":"https:\/\/novahidrolik.com.tr\/index.php\/wp-json\/wp\/v2\/product\/6626","targetHints":{"allow":["GET"]}}],"collection":[{"href":"https:\/\/novahidrolik.com.tr\/index.php\/wp-json\/wp\/v2\/product"}],"about":[{"href":"https:\/\/novahidrolik.com.tr\/index.php\/wp-json\/wp\/v2\/types\/product"}],"version-history":[{"count":0,"href":"https:\/\/novahidrolik.com.tr\/index.php\/wp-json\/wp\/v2\/product\/6626\/revisions"}],"wp:featuredmedia":[{"embeddable":true,"href":"https:\/\/novahidrolik.com.tr\/index.php\/wp-json\/wp\/v2\/media\/6632"}],"wp:attachment":[{"href":"https:\/\/novahidrolik.com.tr\/index.php\/wp-json\/wp\/v2\/media?parent=6626"}],"wp:term":[{"taxonomy":"product_cat","embeddable":true,"href":"https:\/\/novahidrolik.com.tr\/index.php\/wp-json\/wp\/v2\/product_cat?post=6626"},{"taxonomy":"product_tag","embeddable":true,"href":"https:\/\/novahidrolik.com.tr\/index.php\/wp-json\/wp\/v2\/product_tag?post=6626"}],"curies":[{"name":"wp","href":"https:\/\/api.w.org\/{rel}","templated":true}]}}