{"id":6638,"date":"2022-01-15T10:51:37","date_gmt":"2022-01-15T07:51:37","guid":{"rendered":"https:\/\/novahidrolik.com.tr\/?post_type=product&#038;p=6638"},"modified":"2022-01-15T13:00:39","modified_gmt":"2022-01-15T10:00:39","slug":"festo-model-sartlandirici","status":"publish","type":"product","link":"https:\/\/novahidrolik.com.tr\/index.php\/urun\/festo-model-sartlandirici\/","title":{"rendered":"MU Model \u015eartland\u0131r\u0131c\u0131"},"content":{"rendered":"<p><img loading=\"lazy\" decoding=\"async\" class=\"alignnone size-full wp-image-3695\" src=\"https:\/\/www.jelpc.com\/wp-content\/uploads\/2020\/01\/FE-Ordering-Code.jpg\" alt=\"\" width=\"2100\" height=\"500\" \/><\/p>\n<p>&nbsp;<\/p>\n<p><span>sembol<\/span><\/p>\n<p><img loading=\"lazy\" decoding=\"async\" class=\"aligncenter size-full wp-image-3363\" src=\"https:\/\/www.jelpc.com\/wp-content\/uploads\/2020\/01\/X-FE-Symbol.jpg\" alt=\"\" width=\"400\" height=\"200\" \/><\/p>\n<p>&nbsp;<\/p>\n<p><span>\u015eartname<\/span><\/p>\n<p>&nbsp;<\/p>\n<table border=\"1\" width=\"100%\" cellspacing=\"0\" cellpadding=\"0\">\n<tbody>\n<tr>\n<td colspan=\"2\"><span>\u015eartname<\/span><\/td>\n<td colspan=\"3\"><span>Mini<\/span><\/td>\n<td colspan=\"3\"><span>Midi<\/span><\/td>\n<td colspan=\"2\"><span>maksi<\/span><\/td>\n<\/tr>\n<tr>\n<td colspan=\"2\"><span>Ba\u011flant\u0131 noktas\u0131 boyutu<\/span><\/td>\n<td><span>G1\/8<\/span><\/td>\n<td><span>G1\/4<\/span><\/td>\n<td><span>G3\/8<\/span><\/td>\n<td><span>G3\/8<\/span><\/td>\n<td><span>gl\/2<\/span><\/td>\n<td><span>G3\/4<\/span><\/td>\n<td><span>G3\/4<\/span><\/td>\n<td><span>G1<\/span><\/td>\n<\/tr>\n<tr>\n<td colspan=\"2\"><span>\u00c7al\u0131\u015fma Ortam\u0131<\/span><\/td>\n<td colspan=\"8\"><span>S\u0131k\u0131\u015ft\u0131r\u0131lm\u0131\u015f hava<\/span><\/td>\n<\/tr>\n<tr>\n<td colspan=\"2\" rowspan=\"2\"><span>Yap\u0131 \u00d6zellikleri<\/span><\/td>\n<td colspan=\"8\"><span>Filtre reg\u00fclat\u00f6r\u00fc, g\u00f6stergeli\/\u00f6l\u00e7ersiz<\/span><\/td>\n<\/tr>\n<tr>\n<td colspan=\"8\"><span>orant\u0131l\u0131 ya\u011flay\u0131c\u0131<\/span><\/td>\n<\/tr>\n<tr>\n<td colspan=\"2\" rowspan=\"2\"><span>Kurulum Yolu<\/span><\/td>\n<td colspan=\"8\"><span>Aksesuarlara G\u00f6re<\/span><\/td>\n<\/tr>\n<tr>\n<td colspan=\"8\"><span>T\u00fcp<\/span><\/td>\n<\/tr>\n<tr>\n<td colspan=\"2\"><span>Kurulum Konumu<\/span><\/td>\n<td colspan=\"8\"><span>Dikey \u00b15\u00b0<\/span><\/td>\n<\/tr>\n<tr>\n<td colspan=\"2\" rowspan=\"2\"><span>Reg\u00fclat\u00f6r Kilidi<\/span><\/td>\n<td colspan=\"8\"><span>D\u00f6ner kol, kilitli<\/span><\/td>\n<\/tr>\n<tr>\n<td colspan=\"8\"><span>\u0130terg dereceli kilitlere sahip d\u00f6ner kol<\/span><\/td>\n<\/tr>\n<tr>\n<td colspan=\"2\"><span>Filtre S\u0131n\u0131f\u0131 [\u03bcm]<\/span><\/td>\n<td colspan=\"8\"><span>5 veya 40<\/span><\/td>\n<\/tr>\n<tr>\n<td colspan=\"2\"><span>Maks Histerez [bar]<\/span><\/td>\n<td colspan=\"6\"><span>0,2<\/span><\/td>\n<td colspan=\"2\"><span>0,4<\/span><\/td>\n<\/tr>\n<tr>\n<td colspan=\"2\" rowspan=\"2\"><span>Bas\u0131n\u00e7 Aral\u0131\u011f\u0131 [bar]<\/span><\/td>\n<td colspan=\"8\"><span>0,5 &#8230; 7<\/span><\/td>\n<\/tr>\n<tr>\n<td colspan=\"8\"><span>0,5 &#8230; 12<\/span><\/td>\n<\/tr>\n<tr>\n<td colspan=\"2\" rowspan=\"2\"><span>Bas\u0131n\u00e7 G\u00f6stergesi<\/span><\/td>\n<td colspan=\"8\"><span>G\u00f6stergeye G\u00f6re<\/span><\/td>\n<\/tr>\n<tr>\n<td colspan=\"3\"><span>G1\/8 \u00d6n Ayar\u0131<\/span><\/td>\n<td colspan=\"3\"><span>G1\/4 \u00d6n Ayar\u0131<\/span><\/td>\n<td colspan=\"2\"><span>G1\/4 \u00d6n Ayar\u0131<\/span><\/td>\n<\/tr>\n<tr>\n<td colspan=\"2\"><span>Su Kapasitesi [cm\u00b3]<\/span><\/td>\n<td colspan=\"3\"><span>22<\/span><\/td>\n<td colspan=\"3\"><span>43<\/span><\/td>\n<td colspan=\"2\"><span>80<\/span><\/td>\n<\/tr>\n<tr>\n<td colspan=\"10\"><span>Giri\u015f Bas\u0131nc\u0131[bar]<\/span><\/td>\n<\/tr>\n<tr>\n<td rowspan=\"3\"><span>Su Egzozu<\/span><\/td>\n<td><span>El<\/span><\/td>\n<td colspan=\"8\"><span>1 &#8230; 16<\/span><\/td>\n<\/tr>\n<tr>\n<td><span>Yar\u0131 Otomatik<\/span><\/td>\n<td colspan=\"8\"><span>1.5 &#8230; 16<\/span><\/td>\n<\/tr>\n<tr>\n<td><span>Otomatik<\/span><\/td>\n<td colspan=\"8\"><span>2 &#8230; 12<\/span><\/td>\n<\/tr>\n<\/tbody>\n<\/table>\n<p><span>Ortalama boyut<\/span><\/p>\n<p>&nbsp;<\/p>\n<p><img loading=\"lazy\" decoding=\"async\" class=\"aligncenter size-full wp-image-3365\" src=\"https:\/\/www.jelpc.com\/wp-content\/uploads\/2020\/01\/FE-Overall-Dimension-2.jpg\" alt=\"\" width=\"950\" height=\"588\" \/><\/p>\n<p>&nbsp;<\/p>\n<p><span>Boyut<\/span><\/p>\n<p>&nbsp;<\/p>\n<table border=\"1\" width=\"100%\" cellspacing=\"0\" cellpadding=\"0\">\n<tbody>\n<tr>\n<td><span>modeli<\/span><\/td>\n<td><span>B1<\/span><\/td>\n<td><span>B2<\/span><\/td>\n<td><span>B3<\/span><\/td>\n<td><span>D1<\/span><\/td>\n<td><span>D3<\/span><\/td>\n<td><span>\u0424D6<\/span><\/td>\n<td><span>H1<\/span><\/td>\n<td><span>H2<\/span><\/td>\n<td><span>L1<\/span><\/td>\n<td><span>L2<\/span><\/td>\n<td><span>L3<\/span><\/td>\n<td><span>L8<\/span><\/td>\n<td><span>L9<\/span><\/td>\n<td><span>T1<\/span><\/td>\n<td><span>T2<\/span><\/td>\n<td><span>2<\/span><\/td>\n<\/tr>\n<tr>\n<td colspan=\"17\"><span>Mini<\/span><\/td>\n<\/tr>\n<tr>\n<td><span>LF-1\/8-MINI<\/span><\/td>\n<td rowspan=\"2\"><span>64<\/span><\/td>\n<td rowspan=\"3\"><span>52<\/span><\/td>\n<td rowspan=\"3\"><span>40<\/span><\/td>\n<td><span>G1\/8<\/span><\/td>\n<td rowspan=\"3\"><span>M4<\/span><\/td>\n<td rowspan=\"3\"><span>38<\/span><\/td>\n<td rowspan=\"3\"><span>20<\/span><\/td>\n<td rowspan=\"3\"><span>11<\/span><\/td>\n<td rowspan=\"3\"><span>144<\/span><\/td>\n<td rowspan=\"3\"><span>124<\/span><\/td>\n<td rowspan=\"3\"><span>60<\/span><\/td>\n<td rowspan=\"3\"><span>15<\/span><\/td>\n<td rowspan=\"3\"><span>19<\/span><\/td>\n<td rowspan=\"3\"><span>7<\/span><\/td>\n<td rowspan=\"3\"><span>&#8211;<\/span><\/td>\n<td rowspan=\"3\"><span>22<\/span><\/td>\n<\/tr>\n<tr>\n<td><span>LF-1\/4-MINI<\/span><\/td>\n<td><span>G1\/4<\/span><\/td>\n<\/tr>\n<tr>\n<td><span>LF-3\/8-MINI<\/span><\/td>\n<td><span>70<\/span><\/td>\n<td><span>G3\/8<\/span><\/td>\n<\/tr>\n<tr>\n<td colspan=\"17\"><span>Midi<\/span><\/td>\n<\/tr>\n<tr>\n<td><span>LF-3\/8-MIDI<\/span><\/td>\n<td rowspan=\"3\"><span>85<\/span><\/td>\n<td rowspan=\"3\"><span>70<\/span><\/td>\n<td rowspan=\"3\"><span>55<\/span><\/td>\n<td><span>G3\/8<\/span><\/td>\n<td rowspan=\"3\"><span>M5<\/span><\/td>\n<td rowspan=\"3\"><span>52<\/span><\/td>\n<td rowspan=\"3\"><span>32<\/span><\/td>\n<td rowspan=\"3\"><span>22<\/span><\/td>\n<td rowspan=\"3\"><span>179<\/span><\/td>\n<td rowspan=\"3\"><span>151<\/span><\/td>\n<td rowspan=\"3\"><span>80<\/span><\/td>\n<td rowspan=\"3\"><span>15<\/span><\/td>\n<td rowspan=\"3\"><span>19<\/span><\/td>\n<td rowspan=\"3\"><span>8<\/span><\/td>\n<td rowspan=\"3\"><span>&#8211;<\/span><\/td>\n<td rowspan=\"3\"><span>24<\/span><\/td>\n<\/tr>\n<tr>\n<td><span>LF-1 \/ 2-MIDI<\/span><\/td>\n<td><span>G1\/2<\/span><\/td>\n<\/tr>\n<tr>\n<td><span>LF-3\/4-MIDI<\/span><\/td>\n<td><span>G3\/4<\/span><\/td>\n<\/tr>\n<tr>\n<td colspan=\"17\"><span>maksi<\/span><\/td>\n<\/tr>\n<tr>\n<td><span>LF-3\/4-MAXI<\/span><\/td>\n<td><span>96<\/span><\/td>\n<td><span>80<\/span><\/td>\n<td rowspan=\"2\"><span>66<\/span><\/td>\n<td><span>G3\/4<\/span><\/td>\n<td rowspan=\"2\"><span>M5<\/span><\/td>\n<td rowspan=\"2\"><span>65<\/span><\/td>\n<td><span>32<\/span><\/td>\n<td rowspan=\"2\"><span>22<\/span><\/td>\n<td rowspan=\"2\"><span>203<\/span><\/td>\n<td rowspan=\"2\"><span>170<\/span><\/td>\n<td rowspan=\"2\"><span>90<\/span><\/td>\n<td rowspan=\"2\"><span>15<\/span><\/td>\n<td rowspan=\"2\"><span>19<\/span><\/td>\n<td rowspan=\"2\"><span>8<\/span><\/td>\n<td rowspan=\"2\"><span>&#8211;<\/span><\/td>\n<td rowspan=\"2\"><span>24<\/span><\/td>\n<\/tr>\n<tr>\n<td><span>LF-1-MAXI<\/span><\/td>\n<td><span>116<\/span><\/td>\n<td><span>91<\/span><\/td>\n<td><span>G1<\/span><\/td>\n<td><span>40<\/span><\/td>\n<\/tr>\n<\/tbody>\n<\/table>\n<p>&nbsp;<\/p>\n<p>&nbsp;<\/p>\n<p><img loading=\"lazy\" decoding=\"async\" class=\"aligncenter size-full wp-image-3366\" src=\"https:\/\/www.jelpc.com\/wp-content\/uploads\/2020\/01\/FE-Overall-Dimension-3.jpg\" alt=\"\" width=\"950\" height=\"588\" \/><\/p>\n<p><span>Boyut<\/span><\/p>\n<p>&nbsp;<\/p>\n<table border=\"1\" width=\"100%\" cellspacing=\"0\" cellpadding=\"0\">\n<tbody>\n<tr>\n<td><span>modeli<\/span><\/td>\n<td><span>B1<\/span><\/td>\n<td><span>B2<\/span><\/td>\n<td><span>B3<\/span><\/td>\n<td><span>B4<\/span><\/td>\n<td><span>B5<\/span><\/td>\n<td><span>D1<\/span><\/td>\n<td><span>\u0424D2<\/span><\/td>\n<td><span>D3<\/span><\/td>\n<td><span>\u0424D6<\/span><\/td>\n<td><span>H1<\/span><\/td>\n<td><span>H2<\/span><\/td>\n<td><span>L1<\/span><\/td>\n<td><span>12<\/span><\/td>\n<td><span>L3<\/span><\/td>\n<td><span>T1<\/span><\/td>\n<td><span>T2<\/span><\/td>\n<td><span>2<\/span><\/td>\n<\/tr>\n<tr>\n<td colspan=\"18\"><span>Mini<\/span><\/td>\n<\/tr>\n<tr>\n<td><span>LOE-1\/8-MINI<\/span><\/td>\n<td rowspan=\"2\"><span>64<\/span><\/td>\n<td rowspan=\"3\"><span>52<\/span><\/td>\n<td rowspan=\"3\"><span>40<\/span><\/td>\n<td rowspan=\"3\"><span>30<\/span><\/td>\n<td rowspan=\"3\"><span>&#8211;<\/span><\/td>\n<td><span>G1\/8<\/span><\/td>\n<td rowspan=\"3\"><span>&#8211;<\/span><\/td>\n<td rowspan=\"3\"><span>M4<\/span><\/td>\n<td rowspan=\"3\"><span>38<\/span><\/td>\n<td rowspan=\"3\"><span>20<\/span><\/td>\n<td rowspan=\"3\"><span>11<\/span><\/td>\n<td rowspan=\"3\"><span>169<\/span><\/td>\n<td rowspan=\"3\"><span>124<\/span><\/td>\n<td rowspan=\"3\"><span>100<\/span><\/td>\n<td rowspan=\"3\"><span>7<\/span><\/td>\n<td rowspan=\"3\"><span>&#8211;<\/span><\/td>\n<td rowspan=\"3\"><span>22<\/span><\/td>\n<\/tr>\n<tr>\n<td><span>LOE-1\/4-MINI<\/span><\/td>\n<td><span>G1\/4<\/span><\/td>\n<\/tr>\n<tr>\n<td><span>LOE-3\/8-MINI<\/span><\/td>\n<td><span>70<\/span><\/td>\n<td><span>G3\/8<\/span><\/td>\n<\/tr>\n<tr>\n<td colspan=\"18\"><span>Midi<\/span><\/td>\n<\/tr>\n<tr>\n<td><span>LOE-3\/8-MIDI<\/span><\/td>\n<td rowspan=\"3\"><span>85<\/span><\/td>\n<td rowspan=\"3\"><span>70<\/span><\/td>\n<td rowspan=\"3\"><span>55<\/span><\/td>\n<td rowspan=\"3\"><span>43<\/span><\/td>\n<td rowspan=\"3\"><span>&#8211;<\/span><\/td>\n<td><span>G3\/8<\/span><\/td>\n<td rowspan=\"3\"><span>&#8211;<\/span><\/td>\n<td rowspan=\"3\"><span>M5<\/span><\/td>\n<td rowspan=\"3\"><span>52<\/span><\/td>\n<td rowspan=\"3\"><span>32<\/span><\/td>\n<td rowspan=\"3\"><span>22<\/span><\/td>\n<td rowspan=\"3\"><span>204<\/span><\/td>\n<td rowspan=\"3\"><span>151<\/span><\/td>\n<td rowspan=\"3\"><span>120<\/span><\/td>\n<td rowspan=\"3\"><span>8<\/span><\/td>\n<td rowspan=\"3\"><span>&#8211;<\/span><\/td>\n<td rowspan=\"3\"><span>24<\/span><\/td>\n<\/tr>\n<tr>\n<td><span>LO-1\/2-MIDI<\/span><\/td>\n<td><span>G1\/2<\/span><\/td>\n<\/tr>\n<tr>\n<td><span>LOE-3\/4-MIDI<\/span><\/td>\n<td><span>G3\/4<\/span><\/td>\n<\/tr>\n<tr>\n<td colspan=\"18\"><span>maksi<\/span><\/td>\n<\/tr>\n<tr>\n<td><span>LOE-3\/4-MAXI<\/span><\/td>\n<td><span>96<\/span><\/td>\n<td><span>80<\/span><\/td>\n<td rowspan=\"2\"><span>66<\/span><\/td>\n<td rowspan=\"2\"><span>46<\/span><\/td>\n<td rowspan=\"2\"><span>&#8211;<\/span><\/td>\n<td><span>G3\/4<\/span><\/td>\n<td rowspan=\"2\"><span>&#8211;<\/span><\/td>\n<td rowspan=\"2\"><span>M5<\/span><\/td>\n<td rowspan=\"2\"><span>65<\/span><\/td>\n<td><span>32<\/span><\/td>\n<td rowspan=\"2\"><span>22<\/span><\/td>\n<td rowspan=\"2\"><span>228<\/span><\/td>\n<td rowspan=\"2\"><span>170<\/span><\/td>\n<td rowspan=\"2\"><span>150<\/span><\/td>\n<td rowspan=\"2\"><span>8<\/span><\/td>\n<td rowspan=\"2\"><span>&#8211;<\/span><\/td>\n<td rowspan=\"2\"><span>24<\/span><\/td>\n<\/tr>\n<tr>\n<td><span>LOE-1-MAXI<\/span><\/td>\n<td><span>116<\/span><\/td>\n<td><span>91<\/span><\/td>\n<td><span>G1<\/span><\/td>\n<td><span>40<\/span><\/td>\n<\/tr>\n<\/tbody>\n<\/table>\n","protected":false},"excerpt":{"rendered":"<h2>Festo Model \u015eartland\u0131r\u0131c\u0131<\/h2>\n<p>&nbsp;<\/p>\n","protected":false},"featured_media":6644,"template":"","meta":[],"product_cat":[47,77,73],"product_tag":[152,155,154,157,144,153,145,156],"class_list":{"0":"post-6638","1":"product","2":"type-product","3":"status-publish","4":"has-post-thumbnail","6":"product_cat-tum-urunleri","7":"product_cat-hava-hazirlayicilar","8":"product_cat-pnomatik","9":"product_tag-festo-tip","10":"product_tag-filtre-regulator","11":"product_tag-hava-hazirlayicilar","12":"product_tag-ikili-sartlandiri","13":"product_tag-jelpc","14":"product_tag-jelpc-sartlandirici","15":"product_tag-jelpcbursa","16":"product_tag-yaglayici","18":"first","19":"instock","20":"shipping-taxable","21":"product-type-simple"},"_links":{"self":[{"href":"https:\/\/novahidrolik.com.tr\/index.php\/wp-json\/wp\/v2\/product\/6638","targetHints":{"allow":["GET"]}}],"collection":[{"href":"https:\/\/novahidrolik.com.tr\/index.php\/wp-json\/wp\/v2\/product"}],"about":[{"href":"https:\/\/novahidrolik.com.tr\/index.php\/wp-json\/wp\/v2\/types\/product"}],"version-history":[{"count":0,"href":"https:\/\/novahidrolik.com.tr\/index.php\/wp-json\/wp\/v2\/product\/6638\/revisions"}],"wp:featuredmedia":[{"embeddable":true,"href":"https:\/\/novahidrolik.com.tr\/index.php\/wp-json\/wp\/v2\/media\/6644"}],"wp:attachment":[{"href":"https:\/\/novahidrolik.com.tr\/index.php\/wp-json\/wp\/v2\/media?parent=6638"}],"wp:term":[{"taxonomy":"product_cat","embeddable":true,"href":"https:\/\/novahidrolik.com.tr\/index.php\/wp-json\/wp\/v2\/product_cat?post=6638"},{"taxonomy":"product_tag","embeddable":true,"href":"https:\/\/novahidrolik.com.tr\/index.php\/wp-json\/wp\/v2\/product_tag?post=6638"}],"curies":[{"name":"wp","href":"https:\/\/api.w.org\/{rel}","templated":true}]}}