{"id":6650,"date":"2022-01-15T10:57:59","date_gmt":"2022-01-15T07:57:59","guid":{"rendered":"https:\/\/novahidrolik.com.tr\/?post_type=product&#038;p=6650"},"modified":"2022-01-15T10:57:59","modified_gmt":"2022-01-15T07:57:59","slug":"manifold","status":"publish","type":"product","link":"https:\/\/novahidrolik.com.tr\/index.php\/urun\/manifold\/","title":{"rendered":"Manifold"},"content":{"rendered":"<p><img loading=\"lazy\" decoding=\"async\" class=\"aligncenter size-full wp-image-3578\" src=\"https:\/\/www.jelpc.com\/wp-content\/uploads\/2020\/01\/100-400-Ordering-Code.jpg\" alt=\"\" width=\"2100\" height=\"470\" \/><\/p>\n<p>&nbsp;<\/p>\n<h2><strong>Ortalama boyut:<\/strong><\/h2>\n<p>&nbsp;<\/p>\n<p><img loading=\"lazy\" decoding=\"async\" class=\"alignnone size-full wp-image-2598\" src=\"https:\/\/www.jelpc.com\/wp-content\/uploads\/2020\/01\/100-400-Overall-Dimension.jpg\" alt=\"\" width=\"950\" height=\"321\" \/><\/p>\n<p>&nbsp;<\/p>\n<p><span>\u015eartname<\/span><\/p>\n<p>&nbsp;<\/p>\n<table border=\"1\" width=\"100%\" cellspacing=\"0\" cellpadding=\"0\">\n<tbody>\n<tr>\n<td><span>\u0130\u00e7 \u00c7ap\/ Sembol<\/span><\/td>\n<td><span>A<\/span><\/td>\n<td><span>B<\/span><\/td>\n<td><span>C<\/span><\/td>\n<td><span>E<\/span><\/td>\n<td><span>F<\/span><\/td>\n<td><span>G<\/span><\/td>\n<td><span>K<\/span><\/td>\n<td><span>KA<\/span><\/td>\n<td><span>L<\/span><\/td>\n<td><span>m<\/span><\/td>\n<td><span>Q<\/span><\/td>\n<td><span>r<\/span><\/td>\n<td><span>S<\/span><\/td>\n<td><span>W<\/span><\/td>\n<td><span>x<\/span><\/td>\n<td><span>Y<\/span><\/td>\n<\/tr>\n<tr>\n<td><span>4V-100M-\u25a1F<\/span><\/td>\n<td><span>58<\/span><\/td>\n<td><span>43<\/span><\/td>\n<td><span>20<\/span><\/td>\n<td><span>4.2<\/span><\/td>\n<td><span>18.3<\/span><\/td>\n<td><span>19<\/span><\/td>\n<td><span>140<\/span><\/td>\n<td><span>(n-1)*19+28<\/span><\/td>\n<td><span>(n-1)*19+38<\/span><\/td>\n<td><span>155<\/span><\/td>\n<td><span>G1\/4<\/span><\/td>\n<td><span>40<\/span><\/td>\n<td><span>30<\/span><\/td>\n<td><span>78,5<\/span><\/td>\n<td><span>25<\/span><\/td>\n<td><span>27<\/span><\/td>\n<\/tr>\n<tr>\n<td><span>4V-200M-\u25a1F<\/span><\/td>\n<td><span>59<\/span><\/td>\n<td><span>50<\/span><\/td>\n<td><span>21<\/span><\/td>\n<td><span>4.3<\/span><\/td>\n<td><span>22,2<\/span><\/td>\n<td><span>23<\/span><\/td>\n<td><span>170<\/span><\/td>\n<td><span>(n-1)*23+34<\/span><\/td>\n<td><span>(n-1)*23+46<\/span><\/td>\n<td><span>189<\/span><\/td>\n<td><span>G1\/4<\/span><\/td>\n<td><span>43<\/span><\/td>\n<td><span>32<\/span><\/td>\n<td><span>92.5<\/span><\/td>\n<td><span>26<\/span><\/td>\n<td><span>35<\/span><\/td>\n<\/tr>\n<tr>\n<td><span>4V-300M-\u25a1F<\/span><\/td>\n<td><span>75<\/span><\/td>\n<td><span>64<\/span><\/td>\n<td><span>26<\/span><\/td>\n<td><span>4.5<\/span><\/td>\n<td><span>27.3<\/span><\/td>\n<td><span>27<\/span><\/td>\n<td><span>189<\/span><\/td>\n<td><span>(n-1)*28+42<\/span><\/td>\n<td><span>(n-1)*28+54<\/span><\/td>\n<td><span>208<\/span><\/td>\n<td><span>G3\/8<\/span><\/td>\n<td><span>53<\/span><\/td>\n<td><span>48<\/span><\/td>\n<td><span>99<\/span><\/td>\n<td><span>30<\/span><\/td>\n<td><span>40<\/span><\/td>\n<\/tr>\n<tr>\n<td><span>4V-400M-\u25a1F<\/span><\/td>\n<td><span>98<\/span><\/td>\n<td><span>94<\/span><\/td>\n<td><span>32<\/span><\/td>\n<td><span>5.5<\/span><\/td>\n<td><span>34.3<\/span><\/td>\n<td><span>31.5<\/span><\/td>\n<td><span>222<\/span><\/td>\n<td><span>(n-1)*35+49<\/span><\/td>\n<td><span>(n-1)*35+63<\/span><\/td>\n<td><span>243<\/span><\/td>\n<td><span>G1\/2<\/span><\/td>\n<td><span>68<\/span><\/td>\n<td><span>67<\/span><\/td>\n<td><span>112<\/span><\/td>\n<td><span>38<\/span><\/td>\n<td><span>50<\/span><\/td>\n<\/tr>\n<\/tbody>\n<\/table>\n<p>&nbsp;<\/p>\n<table border=\"1\" width=\"100%\" cellspacing=\"0\" cellpadding=\"0\">\n<tbody>\n<tr>\n<td><span>\u0130\u00e7 \u00c7ap\/ Sembol<\/span><\/td>\n<td><span>A<\/span><\/td>\n<td><span>B<\/span><\/td>\n<td><span>E<\/span><\/td>\n<td><span>F<\/span><\/td>\n<td><span>G<\/span><\/td>\n<td><span>H<\/span><\/td>\n<td><span>KA<\/span><\/td>\n<td><span>L<\/span><\/td>\n<td><span>m<\/span><\/td>\n<td><span>Q<\/span><\/td>\n<td><span>r<\/span><\/td>\n<td><span>S<\/span><\/td>\n<td><span>W<\/span><\/td>\n<td><span>x<\/span><\/td>\n<td><span>Y<\/span><\/td>\n<\/tr>\n<tr>\n<td><span>3V-100M-\u25a1F<\/span><\/td>\n<td><span>31<\/span><\/td>\n<td><span>30<\/span><\/td>\n<td><span>4.5<\/span><\/td>\n<td><span>18<\/span><\/td>\n<td><span>18.5<\/span><\/td>\n<td><span>4.5<\/span><\/td>\n<td><span>(n-1)*19+28<\/span><\/td>\n<td><span>(n-1)*19+37<\/span><\/td>\n<td><span>130.8<\/span><\/td>\n<td><span>G\/8<\/span><\/td>\n<td><span>17.5<\/span><\/td>\n<td><span>25<\/span><\/td>\n<td><span>72.8<\/span><\/td>\n<td><span>19<\/span><\/td>\n<td><span>27<\/span><\/td>\n<\/tr>\n<tr>\n<td><span>3V-200M-\u25a1F<\/span><\/td>\n<td><span>45<\/span><\/td>\n<td><span>43<\/span><\/td>\n<td><span>45<\/span><\/td>\n<td><span>22<\/span><\/td>\n<td><span>23<\/span><\/td>\n<td><span>6<\/span><\/td>\n<td><span>(n-1)*23+34<\/span><\/td>\n<td><span>(n-1)*23+46<\/span><\/td>\n<td><span>163 4<\/span><\/td>\n<td><span>G1\/4<\/span><\/td>\n<td><span>23<\/span><\/td>\n<td><span>37<\/span><\/td>\n<td><span>90.9<\/span><\/td>\n<td><span>24<\/span><\/td>\n<td><span>35<\/span><\/td>\n<\/tr>\n<tr>\n<td><span>3V-300M-\u25a1F<\/span><\/td>\n<td><span>50<\/span><\/td>\n<td><span>47<\/span><\/td>\n<td><span>45<\/span><\/td>\n<td><span>27<\/span><\/td>\n<td><span>27<\/span><\/td>\n<td><span>6<\/span><\/td>\n<td><span>(n-1)*28+42<\/span><\/td>\n<td><span>(n-1)*28+54<\/span><\/td>\n<td><span>190 5<\/span><\/td>\n<td><span>G3\/8<\/span><\/td>\n<td><span>29<\/span><\/td>\n<td><span>42<\/span><\/td>\n<td><span>97.4<\/span><\/td>\n<td><span>28<\/span><\/td>\n<td><span>40<\/span><\/td>\n<\/tr>\n<tr>\n<td><span>3V-400M-\u25a1F<\/span><\/td>\n<td><span>62.5<\/span><\/td>\n<td><span>62.5<\/span><\/td>\n<td><span>5.5<\/span><\/td>\n<td><span>34<\/span><\/td>\n<td><span>31.5<\/span><\/td>\n<td><span>7<\/span><\/td>\n<td><span>(n-11)*35+49<\/span><\/td>\n<td><span>(n-1)*35+63<\/span><\/td>\n<td><span>191.9<\/span><\/td>\n<td><span>G1\/2<\/span><\/td>\n<td><span>35.5<\/span><\/td>\n<td><span>51.5<\/span><\/td>\n<td><span>109.4<\/span><\/td>\n<td><span>35<\/span><\/td>\n<td><span>50<\/span><\/td>\n<\/tr>\n<\/tbody>\n<\/table>\n","protected":false},"excerpt":{"rendered":"<h1 class=\"pro_tit\"><span>Manifold<\/span><\/h1>\n","protected":false},"featured_media":6653,"template":"","meta":[],"product_cat":[47,73,75],"product_tag":[151,150,147,144,145,158,142,159],"class_list":{"0":"post-6650","1":"product","2":"type-product","3":"status-publish","4":"has-post-thumbnail","6":"product_cat-tum-urunleri","7":"product_cat-pnomatik","8":"product_cat-valfler","9":"product_tag-1-4","10":"product_tag-1-8","11":"product_tag-5-2","12":"product_tag-jelpc","13":"product_tag-jelpcbursa","14":"product_tag-manifold","15":"product_tag-valf","16":"product_tag-valfmanifold","18":"first","19":"instock","20":"shipping-taxable","21":"product-type-simple"},"_links":{"self":[{"href":"https:\/\/novahidrolik.com.tr\/index.php\/wp-json\/wp\/v2\/product\/6650","targetHints":{"allow":["GET"]}}],"collection":[{"href":"https:\/\/novahidrolik.com.tr\/index.php\/wp-json\/wp\/v2\/product"}],"about":[{"href":"https:\/\/novahidrolik.com.tr\/index.php\/wp-json\/wp\/v2\/types\/product"}],"version-history":[{"count":0,"href":"https:\/\/novahidrolik.com.tr\/index.php\/wp-json\/wp\/v2\/product\/6650\/revisions"}],"wp:featuredmedia":[{"embeddable":true,"href":"https:\/\/novahidrolik.com.tr\/index.php\/wp-json\/wp\/v2\/media\/6653"}],"wp:attachment":[{"href":"https:\/\/novahidrolik.com.tr\/index.php\/wp-json\/wp\/v2\/media?parent=6650"}],"wp:term":[{"taxonomy":"product_cat","embeddable":true,"href":"https:\/\/novahidrolik.com.tr\/index.php\/wp-json\/wp\/v2\/product_cat?post=6650"},{"taxonomy":"product_tag","embeddable":true,"href":"https:\/\/novahidrolik.com.tr\/index.php\/wp-json\/wp\/v2\/product_tag?post=6650"}],"curies":[{"name":"wp","href":"https:\/\/api.w.org\/{rel}","templated":true}]}}