{"id":6655,"date":"2022-01-15T11:07:06","date_gmt":"2022-01-15T08:07:06","guid":{"rendered":"https:\/\/novahidrolik.com.tr\/?post_type=product&#038;p=6655"},"modified":"2022-01-15T11:07:06","modified_gmt":"2022-01-15T08:07:06","slug":"pnomatik-valfler","status":"publish","type":"product","link":"https:\/\/novahidrolik.com.tr\/index.php\/urun\/pnomatik-valfler\/","title":{"rendered":"Pn\u00f6matik Valfler"},"content":{"rendered":"<h1><strong><span>Sipari\u015f kodu:<\/span><\/strong><\/h1>\n<p>&nbsp;<\/p>\n<p><img loading=\"lazy\" decoding=\"async\" class=\"aligncenter size-full wp-image-3569\" src=\"https:\/\/www.jelpc.com\/wp-content\/uploads\/2019\/12\/J4V100-Ordering-Code.jpg\" alt=\"\" width=\"2100\" height=\"470\" \/><\/p>\n<p>&nbsp;<\/p>\n<p><img loading=\"lazy\" decoding=\"async\" src=\"https:\/\/www.jelpc.com\/wp-content\/uploads\/2019\/12\/55.png\" alt=\"\" width=\"1100\" height=\"1\" \/><\/p>\n<p>&nbsp;<\/p>\n<p><strong><span>\u015eartname<\/span><\/strong><\/p>\n<p>&nbsp;<\/p>\n<table border=\"1\" width=\"100%\" cellspacing=\"0\" cellpadding=\"0\">\n<tbody>\n<tr>\n<td rowspan=\"2\"><span>modeli<\/span><\/td>\n<td><span>J4V110-M5<\/span><\/td>\n<td><span>J4V120-M5<\/span><\/td>\n<td><span>J4V130C-M5<\/span><\/td>\n<td><span>J4V130E-M5<\/span><\/td>\n<td><span>J4V130P-M5<\/span><\/td>\n<td><span>J4V110-06<\/span><\/td>\n<td><span>J4V120-06<\/span><\/td>\n<td><span>J4V130C-06<\/span><\/td>\n<td><span>J4V130E-06<\/span><\/td>\n<td><span>J4V130P-06<\/span><\/td>\n<\/tr>\n<tr>\n<td><span>4A110-M5<\/span><\/td>\n<td><span>4A120-M5<\/span><\/td>\n<td><span>4A130C-M5<\/span><\/td>\n<td><span>4A130E-M5<\/span><\/td>\n<td><span>4A130P-M5<\/span><\/td>\n<td><span>4A110-06<\/span><\/td>\n<td><span>4A120-06<\/span><\/td>\n<td><span>4A130C-06<\/span><\/td>\n<td><span>4A130E-06<\/span><\/td>\n<td><span>4A130P-06<\/span><\/td>\n<\/tr>\n<tr>\n<td><span>Vana Tipi<\/span><\/td>\n<td colspan=\"2\"><span>5\/2 yol<\/span><\/td>\n<td colspan=\"3\"><span>5\/3 yol<\/span><\/td>\n<td colspan=\"2\"><span>5\/2 yol<\/span><\/td>\n<td colspan=\"3\"><span>5\/3 yol<\/span><\/td>\n<\/tr>\n<tr>\n<td><span>Etkili Kesit Alan\u0131<\/span><\/td>\n<td colspan=\"2\"><span>10 mm 2 (CV = 0,56)<\/span><\/td>\n<td colspan=\"3\"><span>7 mm 2 (CV = 0,40)<\/span><\/td>\n<td colspan=\"2\"><span>12 mm 2 (CV = 0,67)<\/span><\/td>\n<td colspan=\"3\"><span>9 mm 2 (CV = 0,5)<\/span><\/td>\n<\/tr>\n<tr>\n<td><span>modeli<\/span><\/td>\n<td><span>J3V110-M5<\/span><\/td>\n<td><span>J3V120-M5<\/span><\/td>\n<td><span>3A110-M5<\/span><\/td>\n<td><span>3A120-M5<\/span><\/td>\n<td><span>J3V110-06<\/span><\/td>\n<td><span>J3V120-06<\/span><\/td>\n<td><span>3A110-06<\/span><\/td>\n<td><span>3A120-06<\/span><\/td>\n<td><\/td>\n<td><\/td>\n<\/tr>\n<tr>\n<td><span>Vana Tipi<\/span><\/td>\n<td colspan=\"10\"><span>3\/2 yol<\/span><\/td>\n<\/tr>\n<tr>\n<td><span>Etkili Kesit Alan\u0131<\/span><\/td>\n<td colspan=\"4\"><span>10 mm 2 (CV = 0,56)<\/span><\/td>\n<td colspan=\"4\"><span>12 mm 2 ( CV = 0,67)<\/span><\/td>\n<td><\/td>\n<td><\/td>\n<\/tr>\n<tr>\n<td><span>Ba\u011flant\u0131 noktas\u0131 boyutu<\/span><\/td>\n<td colspan=\"4\"><span>Giri\u015f, \u00c7\u0131k\u0131\u015f, Egzoz Ba\u011flant\u0131 Noktas\u0131 \uff1d M5 \u00d7 0.8<\/span><\/td>\n<td colspan=\"4\"><span>Giri\u015f, \u00c7\u0131k\u0131\u015f, Egzoz Portu \uff1d G 1\/8\u2033<\/span><\/td>\n<td><\/td>\n<td><\/td>\n<\/tr>\n<tr>\n<td><span>\u00c7al\u0131\u015fma Ortam\u0131<\/span><\/td>\n<td colspan=\"10\"><span>40 Mikron Filtrelenmi\u015f Hava<\/span><\/td>\n<\/tr>\n<tr>\n<td><span>Operasyon<\/span><\/td>\n<td colspan=\"10\"><span>Dahili pilot<\/span><\/td>\n<\/tr>\n<tr>\n<td><span>\u00e7al\u0131\u015fma bas\u0131nc\u0131<\/span><\/td>\n<td colspan=\"10\"><span>0.15\uff5e0.8 MPa<\/span><\/td>\n<\/tr>\n<tr>\n<td><span>Maks.\u00a0Test Bas\u0131nc\u0131<\/span><\/td>\n<td colspan=\"10\"><span>1.2MPa<\/span><\/td>\n<\/tr>\n<tr>\n<td><span>Ortam s\u0131cakl\u0131\u011f\u0131<\/span><\/td>\n<td colspan=\"10\"><span>-20 ~ 70 \u2103<\/span><\/td>\n<\/tr>\n<tr>\n<td><span>\u00c7al\u0131\u015fma Gerilimi Tolerans\u0131<\/span><\/td>\n<td colspan=\"10\"><span>\u00b1 %10<\/span><\/td>\n<\/tr>\n<tr>\n<td><span>G\u00fc\u00e7 t\u00fcketimi<\/span><\/td>\n<td colspan=\"10\"><span>AC: 2.5VA DC: 2.5W<\/span><\/td>\n<\/tr>\n<tr>\n<td><span>Konnekt\u00f6r Korumas\u0131<\/span><\/td>\n<td colspan=\"10\"><span>F S\u0131n\u0131f\u0131, IP 65<\/span><\/td>\n<\/tr>\n<tr>\n<td><span>Kablolama \/ Konekt\u00f6r<\/span><\/td>\n<td colspan=\"10\"><span>Kablo \/ Kur\u015fun Tel veya DIN Konekt\u00f6r\u00fc<\/span><\/td>\n<\/tr>\n<tr>\n<td><span>Frekans de\u011fi\u015ftirme<\/span><\/td>\n<td colspan=\"10\"><span>5 D\u00f6ng\u00fc \/ Sn.<\/span><\/td>\n<\/tr>\n<tr>\n<td><span>Tepki S\u00fcresi<\/span><\/td>\n<td colspan=\"10\"><span>0.05 San.<\/span><\/td>\n<\/tr>\n<\/tbody>\n<\/table>\n<p>&nbsp;<\/p>\n<h1><strong><span>Ortalama boyut:<\/span><\/strong><\/h1>\n<p>&nbsp;<\/p>\n<p><img loading=\"lazy\" decoding=\"async\" class=\"alignnone size-medium wp-image-2557\" src=\"https:\/\/www.jelpc.com\/wp-content\/uploads\/2019\/12\/J4V100-Overall-Dimension-3.jpg\" alt=\"\" width=\"950\" height=\"1185\" \/><\/p>\n<p><img loading=\"lazy\" decoding=\"async\" class=\"alignnone size-medium wp-image-2562\" src=\"https:\/\/www.jelpc.com\/wp-content\/uploads\/2019\/12\/J4V200-Overall-Dimension-4.jpg\" alt=\"\" width=\"950\" height=\"1185\" \/><\/p>\n<p><img loading=\"lazy\" decoding=\"async\" class=\"alignnone size-medium wp-image-2566\" src=\"https:\/\/www.jelpc.com\/wp-content\/uploads\/2019\/12\/J4V300-Overall-Dimension-4.jpg\" alt=\"\" width=\"950\" height=\"1185\" \/><\/p>\n<p><img loading=\"lazy\" decoding=\"async\" class=\"alignnone size-full wp-image-2728\" src=\"https:\/\/www.jelpc.com\/wp-content\/uploads\/2020\/01\/4AV400-Overall-Dimension-4.jpg\" alt=\"\" width=\"950\" height=\"773\" \/><\/p>\n","protected":false},"excerpt":{"rendered":"<h2><strong>Pn\u00f6matik Valfler<\/strong><\/h2>\n","protected":false},"featured_media":6664,"template":"","meta":[],"product_cat":[47,73,75],"product_tag":[161,151,147,148,144,145,146,142,143],"class_list":{"0":"post-6655","1":"product","2":"type-product","3":"status-publish","4":"has-post-thumbnail","6":"product_cat-tum-urunleri","7":"product_cat-pnomatik","8":"product_cat-valfler","9":"product_tag-1-2","10":"product_tag-1-4","11":"product_tag-5-2","12":"product_tag-5-3","13":"product_tag-jelpc","14":"product_tag-jelpcbursa","15":"product_tag-jelpcvalf","16":"product_tag-valf","17":"product_tag-valf-fiyati","19":"first","20":"instock","21":"shipping-taxable","22":"product-type-simple"},"_links":{"self":[{"href":"https:\/\/novahidrolik.com.tr\/index.php\/wp-json\/wp\/v2\/product\/6655","targetHints":{"allow":["GET"]}}],"collection":[{"href":"https:\/\/novahidrolik.com.tr\/index.php\/wp-json\/wp\/v2\/product"}],"about":[{"href":"https:\/\/novahidrolik.com.tr\/index.php\/wp-json\/wp\/v2\/types\/product"}],"version-history":[{"count":0,"href":"https:\/\/novahidrolik.com.tr\/index.php\/wp-json\/wp\/v2\/product\/6655\/revisions"}],"wp:featuredmedia":[{"embeddable":true,"href":"https:\/\/novahidrolik.com.tr\/index.php\/wp-json\/wp\/v2\/media\/6664"}],"wp:attachment":[{"href":"https:\/\/novahidrolik.com.tr\/index.php\/wp-json\/wp\/v2\/media?parent=6655"}],"wp:term":[{"taxonomy":"product_cat","embeddable":true,"href":"https:\/\/novahidrolik.com.tr\/index.php\/wp-json\/wp\/v2\/product_cat?post=6655"},{"taxonomy":"product_tag","embeddable":true,"href":"https:\/\/novahidrolik.com.tr\/index.php\/wp-json\/wp\/v2\/product_tag?post=6655"}],"curies":[{"name":"wp","href":"https:\/\/api.w.org\/{rel}","templated":true}]}}