{"id":6670,"date":"2022-01-15T11:17:35","date_gmt":"2022-01-15T08:17:35","guid":{"rendered":"https:\/\/novahidrolik.com.tr\/?post_type=product&#038;p=6670"},"modified":"2022-01-15T11:17:36","modified_gmt":"2022-01-15T08:17:36","slug":"valf-bobin-ve-keceleri","status":"publish","type":"product","link":"https:\/\/novahidrolik.com.tr\/index.php\/urun\/valf-bobin-ve-keceleri\/","title":{"rendered":"Valf Bobin ve Ke\u00e7eleri"},"content":{"rendered":"<p><strong>Sipari\u015f kodu:<\/strong><\/p>\n<p>&nbsp;<\/p>\n<p><img loading=\"lazy\" decoding=\"async\" class=\"aligncenter size-full wp-image-3601\" src=\"https:\/\/www.jelpc.com\/wp-content\/uploads\/2020\/01\/Coil-Seal-Ring-Ordering-Code.jpg\" alt=\"\" width=\"2100\" height=\"400\" \/><\/p>\n<p>&nbsp;<\/p>\n<p><span>Bobin se\u00e7ene\u011fi i\u00e7in termoset tip ve termoplastik tip mevcuttur.<\/span><\/p>\n<p>&nbsp;<\/p>\n<p><img loading=\"lazy\" decoding=\"async\" src=\"https:\/\/www.jelpc.com\/wp-content\/uploads\/2019\/12\/55.png\" alt=\"\" width=\"1100\" height=\"1\" \/><\/p>\n<p>&nbsp;<\/p>\n<p><span>\u015eartname<\/span><\/p>\n<p>&nbsp;<\/p>\n<p><span>*Amisco (\u0130talya) veya NASS (Almanya) bobini mevcuttur.<\/span><\/p>\n<p>&nbsp;<\/p>\n<table border=\"1\" width=\"100%\" cellspacing=\"0\" cellpadding=\"0\">\n<tbody>\n<tr>\n<td><span>modeli<\/span><\/td>\n<td><span>100C<\/span><\/td>\n<td><span>200C<\/span><\/td>\n<\/tr>\n<tr>\n<td><span>G\u00fc\u00e7<\/span><\/td>\n<td><span>DC2.5W AC: 2.5VA<\/span><\/td>\n<td><span>AC: 3.5VA DC: 3W<\/span><\/td>\n<\/tr>\n<tr>\n<td><span>Operasyon<\/span><\/td>\n<td colspan=\"2\"><span>%100 ED<\/span><\/td>\n<\/tr>\n<tr>\n<td><span>\u00e7al\u0131\u015fma voltaj\u0131<\/span><\/td>\n<td colspan=\"2\"><span>AC:24V, 110V, 220V, 380V DC:12V, 24V<\/span><\/td>\n<\/tr>\n<tr>\n<td><span>Ortam s\u0131cakl\u0131\u011f\u0131<\/span><\/td>\n<td colspan=\"2\"><span>-30 \u2103\uff5e70 \u2103<\/span><\/td>\n<\/tr>\n<tr>\n<td><span>S\u0131n\u0131f\u0131 Koru<\/span><\/td>\n<td colspan=\"2\"><span>IP65<\/span><\/td>\n<\/tr>\n<tr>\n<td><span>Yal\u0131t\u0131m s\u0131n\u0131f\u0131<\/span><\/td>\n<td colspan=\"2\"><span>F S\u0131n\u0131f\u0131<\/span><\/td>\n<\/tr>\n<tr>\n<td><span>Kablolama Formu<\/span><\/td>\n<td colspan=\"2\"><span>Kur\u015fun Tel Tipi, Konnekt\u00f6r Tipi<\/span><\/td>\n<\/tr>\n<\/tbody>\n<\/table>\n","protected":false},"excerpt":{"rendered":"<h2><strong>Valf Bobin ve Ke\u00e7eleri <\/strong><\/h2>\n","protected":false},"featured_media":6672,"template":"","meta":[],"product_cat":[47,73,75],"product_tag":[164,163,162,144,145,143],"class_list":{"0":"post-6670","1":"product","2":"type-product","3":"status-publish","4":"has-post-thumbnail","6":"product_cat-tum-urunleri","7":"product_cat-pnomatik","8":"product_cat-valfler","9":"product_tag-220ac","10":"product_tag-24dc","11":"product_tag-bobin","12":"product_tag-jelpc","13":"product_tag-jelpcbursa","14":"product_tag-valf-fiyati","16":"first","17":"instock","18":"shipping-taxable","19":"product-type-simple"},"_links":{"self":[{"href":"https:\/\/novahidrolik.com.tr\/index.php\/wp-json\/wp\/v2\/product\/6670","targetHints":{"allow":["GET"]}}],"collection":[{"href":"https:\/\/novahidrolik.com.tr\/index.php\/wp-json\/wp\/v2\/product"}],"about":[{"href":"https:\/\/novahidrolik.com.tr\/index.php\/wp-json\/wp\/v2\/types\/product"}],"version-history":[{"count":0,"href":"https:\/\/novahidrolik.com.tr\/index.php\/wp-json\/wp\/v2\/product\/6670\/revisions"}],"wp:featuredmedia":[{"embeddable":true,"href":"https:\/\/novahidrolik.com.tr\/index.php\/wp-json\/wp\/v2\/media\/6672"}],"wp:attachment":[{"href":"https:\/\/novahidrolik.com.tr\/index.php\/wp-json\/wp\/v2\/media?parent=6670"}],"wp:term":[{"taxonomy":"product_cat","embeddable":true,"href":"https:\/\/novahidrolik.com.tr\/index.php\/wp-json\/wp\/v2\/product_cat?post=6670"},{"taxonomy":"product_tag","embeddable":true,"href":"https:\/\/novahidrolik.com.tr\/index.php\/wp-json\/wp\/v2\/product_tag?post=6670"}],"curies":[{"name":"wp","href":"https:\/\/api.w.org\/{rel}","templated":true}]}}