{"id":6687,"date":"2022-01-15T11:25:21","date_gmt":"2022-01-15T08:25:21","guid":{"rendered":"https:\/\/novahidrolik.com.tr\/?post_type=product&#038;p=6687"},"modified":"2022-01-15T11:25:22","modified_gmt":"2022-01-15T08:25:22","slug":"2v-serisi-solenoid-valf","status":"publish","type":"product","link":"https:\/\/novahidrolik.com.tr\/index.php\/urun\/2v-serisi-solenoid-valf\/","title":{"rendered":"2V Serisi Solenoid Valf"},"content":{"rendered":"<h2><strong>Sipari\u015f kodu:<\/strong><\/h2>\n<p>&nbsp;<\/p>\n<p><img loading=\"lazy\" decoding=\"async\" class=\"aligncenter size-full wp-image-3603\" src=\"https:\/\/www.jelpc.com\/wp-content\/uploads\/2020\/01\/2V-Ordering-Code.jpg\" alt=\"\" width=\"2100\" height=\"550\" \/><\/p>\n<p>&nbsp;<\/p>\n<p><img loading=\"lazy\" decoding=\"async\" src=\"https:\/\/www.jelpc.com\/wp-content\/uploads\/2019\/12\/55.png\" alt=\"\" width=\"1100\" height=\"1\" \/><\/p>\n<p>&nbsp;<\/p>\n<p><span>sembol<\/span><\/p>\n<p><img loading=\"lazy\" decoding=\"async\" class=\"alignnone size-full wp-image-2745\" src=\"https:\/\/www.jelpc.com\/wp-content\/uploads\/2020\/01\/Symbol.jpg\" alt=\"\" width=\"400\" height=\"200\" \/><\/p>\n<p>&nbsp;<\/p>\n<p><img loading=\"lazy\" decoding=\"async\" src=\"https:\/\/www.jelpc.com\/wp-content\/uploads\/2019\/12\/55.png\" alt=\"\" width=\"1100\" height=\"1\" \/><\/p>\n<p>&nbsp;<\/p>\n<p><span>\u015eartname<\/span><\/p>\n<p>&nbsp;<\/p>\n<table border=\"1\" width=\"100%\" cellspacing=\"0\" cellpadding=\"0\">\n<tbody>\n<tr>\n<td><span>modeli<\/span><\/td>\n<td><span>2V010-M4<\/span><\/td>\n<td><span>2V025-06<\/span><\/td>\n<td><span>2V025-08<\/span><\/td>\n<td><span>2V130-10<\/span><\/td>\n<td><span>2V130-15<\/span><\/td>\n<td><span>2V2 50-20<\/span><\/td>\n<td><span>2V250-25<\/span><\/td>\n<\/tr>\n<tr>\n<td><span>\u00c7al\u0131\u015fma Ortam\u0131<\/span><\/td>\n<td colspan=\"7\"><span>Hava, Su, Ya\u011f<\/span><\/td>\n<\/tr>\n<tr>\n<td><span>Operasyon<\/span><\/td>\n<td colspan=\"3\"><span>do\u011frudan<\/span><\/td>\n<td colspan=\"4\"><span>Dahili pilot<\/span><\/td>\n<\/tr>\n<tr>\n<td><span>Tip<\/span><\/td>\n<td colspan=\"7\"><span>Normal Kapat<\/span><\/td>\n<\/tr>\n<tr>\n<td><span>delik<\/span><\/td>\n<td><span>1.0 mm<\/span><\/td>\n<td colspan=\"2\"><span>2,5 mm<\/span><\/td>\n<td colspan=\"2\"><span>13 mm<\/span><\/td>\n<td colspan=\"2\"><span>25 mm<\/span><\/td>\n<\/tr>\n<tr>\n<td><span>\u00d6zge\u00e7mi\u015f De\u011feri<\/span><\/td>\n<td><span>0.04<\/span><\/td>\n<td colspan=\"2\"><span>0.23<\/span><\/td>\n<td colspan=\"2\"><span>6.2<\/span><\/td>\n<td colspan=\"2\"><span>23<\/span><\/td>\n<\/tr>\n<tr>\n<td><span>Ba\u011flant\u0131 noktas\u0131 boyutu<\/span><\/td>\n<td><span>M4\u00d70.7<\/span><\/td>\n<td><span>1\/8&#8243;<\/span><\/td>\n<td><span>1\/4&#8243;<\/span><\/td>\n<td><span>3\/8&#8243;<\/span><\/td>\n<td><span>1\/2&#8243;<\/span><\/td>\n<td><span>3\/4&#8243;\u00a0<\/span><\/td>\n<td><span>1&#8243;\u00a0<\/span><\/td>\n<\/tr>\n<tr>\n<td><span>\u00c7al\u0131\u015fma Ak\u0131\u015fkan Viskozitesi<\/span><\/td>\n<td colspan=\"7\"><span>20 CST&#8217;nin alt\u0131nda<\/span><\/td>\n<\/tr>\n<tr>\n<td><span>\u00e7al\u0131\u015fma bas\u0131nc\u0131<\/span><\/td>\n<td colspan=\"7\"><span>0.05-0.7 MPa<\/span><\/td>\n<\/tr>\n<tr>\n<td><span>Maks.\u00a0Test Bas\u0131nc\u0131<\/span><\/td>\n<td><span>1.2MPa<\/span><\/td>\n<td colspan=\"2\"><span>1.6MPa<\/span><\/td>\n<td colspan=\"4\"><span>1.0MPa<\/span><\/td>\n<\/tr>\n<tr>\n<td><span>Maks.\u00a0Ortam s\u0131cakl\u0131\u011f\u0131<\/span><\/td>\n<td colspan=\"7\"><span>-10\uff5e80\u2103<\/span><\/td>\n<\/tr>\n<tr>\n<td><span>\u00c7al\u0131\u015fma Gerilimi Tolerans\u0131<\/span><\/td>\n<td colspan=\"7\"><span>\u00b1 %10<\/span><\/td>\n<\/tr>\n<tr>\n<td><span>S\u0131n\u0131f\u0131 Koru<\/span><\/td>\n<td colspan=\"7\"><span>IP65<\/span><\/td>\n<\/tr>\n<tr>\n<td><span>G\u00fc\u00e7 t\u00fcketimi<\/span><\/td>\n<td colspan=\"7\"><span>AC: 6,5 VA DC: 6,5 W<\/span><\/td>\n<\/tr>\n<tr>\n<td><span>yal\u0131t\u0131m<\/span><\/td>\n<td colspan=\"7\"><span>F S\u0131n\u0131f\u0131<\/span><\/td>\n<\/tr>\n<tr>\n<td><span>G\u00f6vde Malzemesi<\/span><\/td>\n<td colspan=\"3\"><span>Al\u00fcminyum veya Pirin\u00e7 (Nikel Kaplama)<\/span><\/td>\n<td colspan=\"4\"><span>Pirin\u00e7<\/span><\/td>\n<\/tr>\n<tr>\n<td><span>Ya\u011f Ke\u00e7esi Malzemesi<\/span><\/td>\n<td colspan=\"3\"><span>NBR veya VITON<\/span><\/td>\n<td colspan=\"4\"><span>NBR veya VITON<\/span><\/td>\n<\/tr>\n<tr>\n<td><span>Tepki S\u00fcresi<\/span><\/td>\n<td colspan=\"7\"><span>0.05 San.<\/span><\/td>\n<\/tr>\n<\/tbody>\n<\/table>\n<p>&nbsp;<\/p>\n<p>&nbsp;<\/p>\n<h2><strong><span>Ortalama boyut:<\/span><\/strong><\/h2>\n<p><img loading=\"lazy\" decoding=\"async\" class=\"alignnone size-full wp-image-2750\" src=\"https:\/\/www.jelpc.com\/wp-content\/uploads\/2020\/01\/2V-Overall-Dimension.jpg\" alt=\"\" width=\"950\" height=\"1185\" \/><\/p>\n","protected":false},"excerpt":{"rendered":"<h2>2V Serisi Solenoid Valf<\/h2>\n<h2><strong>2\/2 Yollu Solenoid Valf<\/strong><\/h2>\n<div class=\"wpulike wpulike-default \">\n<div class=\"wp_ulike_general_class wp_ulike_is_not_liked\"><\/div>\n<\/div>\n","protected":false},"featured_media":6691,"template":"","meta":[],"product_cat":[47,73,75],"product_tag":[151,150,144,145,168,142,143],"class_list":{"0":"post-6687","1":"product","2":"type-product","3":"status-publish","4":"has-post-thumbnail","6":"product_cat-tum-urunleri","7":"product_cat-pnomatik","8":"product_cat-valfler","9":"product_tag-1-4","10":"product_tag-1-8","11":"product_tag-jelpc","12":"product_tag-jelpcbursa","13":"product_tag-solenoid-valf","14":"product_tag-valf","15":"product_tag-valf-fiyati","17":"first","18":"instock","19":"shipping-taxable","20":"product-type-simple"},"_links":{"self":[{"href":"https:\/\/novahidrolik.com.tr\/index.php\/wp-json\/wp\/v2\/product\/6687","targetHints":{"allow":["GET"]}}],"collection":[{"href":"https:\/\/novahidrolik.com.tr\/index.php\/wp-json\/wp\/v2\/product"}],"about":[{"href":"https:\/\/novahidrolik.com.tr\/index.php\/wp-json\/wp\/v2\/types\/product"}],"version-history":[{"count":0,"href":"https:\/\/novahidrolik.com.tr\/index.php\/wp-json\/wp\/v2\/product\/6687\/revisions"}],"wp:featuredmedia":[{"embeddable":true,"href":"https:\/\/novahidrolik.com.tr\/index.php\/wp-json\/wp\/v2\/media\/6691"}],"wp:attachment":[{"href":"https:\/\/novahidrolik.com.tr\/index.php\/wp-json\/wp\/v2\/media?parent=6687"}],"wp:term":[{"taxonomy":"product_cat","embeddable":true,"href":"https:\/\/novahidrolik.com.tr\/index.php\/wp-json\/wp\/v2\/product_cat?post=6687"},{"taxonomy":"product_tag","embeddable":true,"href":"https:\/\/novahidrolik.com.tr\/index.php\/wp-json\/wp\/v2\/product_tag?post=6687"}],"curies":[{"name":"wp","href":"https:\/\/api.w.org\/{rel}","templated":true}]}}