{"id":6693,"date":"2022-01-15T11:33:31","date_gmt":"2022-01-15T08:33:31","guid":{"rendered":"https:\/\/novahidrolik.com.tr\/?post_type=product&#038;p=6693"},"modified":"2022-01-15T11:33:31","modified_gmt":"2022-01-15T08:33:31","slug":"pu-serisi-solenoid-valf","status":"publish","type":"product","link":"https:\/\/novahidrolik.com.tr\/index.php\/urun\/pu-serisi-solenoid-valf\/","title":{"rendered":"PU Serisi Solenoid Valf"},"content":{"rendered":"<h2><strong>Sipari\u015f kodu:<\/strong><\/h2>\n<p>&nbsp;<\/p>\n<p><img loading=\"lazy\" decoding=\"async\" class=\"aligncenter size-full wp-image-3613\" src=\"https:\/\/www.jelpc.com\/wp-content\/uploads\/2020\/01\/PU-Ordering-Code.jpg\" alt=\"\" width=\"2100\" height=\"500\" \/><\/p>\n<p>&nbsp;<\/p>\n<p><img loading=\"lazy\" decoding=\"async\" src=\"https:\/\/www.jelpc.com\/wp-content\/uploads\/2019\/12\/55.png\" alt=\"\" width=\"1100\" height=\"1\" \/><\/p>\n<p>&nbsp;<\/p>\n<p>sembol<\/p>\n<p><img loading=\"lazy\" decoding=\"async\" class=\"alignnone size-full wp-image-2775\" src=\"https:\/\/www.jelpc.com\/wp-content\/uploads\/2020\/01\/Symbol.jpg\" alt=\"\" width=\"400\" height=\"200\" \/><\/p>\n<p>&nbsp;<\/p>\n<p><img loading=\"lazy\" decoding=\"async\" src=\"https:\/\/www.jelpc.com\/wp-content\/uploads\/2019\/12\/55.png\" alt=\"\" width=\"1100\" height=\"1\" \/><\/p>\n<p>&nbsp;<\/p>\n<p><span>\u015eartname<\/span><\/p>\n<p>&nbsp;<\/p>\n<table border=\"1\" width=\"100%\" cellspacing=\"0\" cellpadding=\"0\">\n<tbody>\n<tr>\n<td><span>modeli<\/span><\/td>\n<td><span>PU220-01<\/span><\/td>\n<td><span>PU220-02<\/span><\/td>\n<td><span>PU220-03<\/span><\/td>\n<td><span>PU220-04<\/span><\/td>\n<td><span>PU220-06<\/span><\/td>\n<td><span>PU220-08<\/span><\/td>\n<\/tr>\n<tr>\n<td><span>\u00c7al\u0131\u015fma Ortam\u0131<\/span><\/td>\n<td colspan=\"6\"><span>Hava, Su, Ya\u011f<\/span><\/td>\n<\/tr>\n<tr>\n<td><span>Operasyon<\/span><\/td>\n<td colspan=\"6\"><span>do\u011frudan<\/span><\/td>\n<\/tr>\n<tr>\n<td><span>Tip<\/span><\/td>\n<td colspan=\"6\"><span>Normal Kapat<\/span><\/td>\n<\/tr>\n<tr>\n<td><span>delik<\/span><\/td>\n<td><span>1.5mm<\/span><\/td>\n<td><span>2,3 mm<\/span><\/td>\n<td><span>8.0mm<\/span><\/td>\n<td><span>13 mm<\/span><\/td>\n<td><span>20 mm<\/span><\/td>\n<td><span>25 mm<\/span><\/td>\n<\/tr>\n<tr>\n<td><span>\u00d6zge\u00e7mi\u015f De\u011feri<\/span><\/td>\n<td><span>0.10<\/span><\/td>\n<td><span>0.18<\/span><\/td>\n<td><span>1.00<\/span><\/td>\n<td><span>4.00<\/span><\/td>\n<td><span>8.60<\/span><\/td>\n<td><span>11.00<\/span><\/td>\n<\/tr>\n<tr>\n<td><span>Ba\u011flant\u0131 noktas\u0131 boyutu<\/span><\/td>\n<td><span>1\/8&#8243;<\/span><\/td>\n<td><span>1\/4&#8243;<\/span><\/td>\n<td><span>3\/8&#8243;<\/span><\/td>\n<td><span>1\/2&#8243;<\/span><\/td>\n<td><span>3\/4&#8243;<\/span><\/td>\n<td><span>1&#8243;<\/span><\/td>\n<\/tr>\n<tr>\n<td><span>\u00c7al\u0131\u015fma Ak\u0131\u015fkan Viskozitesi<\/span><\/td>\n<td colspan=\"6\"><span>50 CST&#8217;nin alt\u0131nda<\/span><\/td>\n<\/tr>\n<tr>\n<td><span>\u00e7al\u0131\u015fma bas\u0131nc\u0131<\/span><\/td>\n<td colspan=\"6\"><span>0\uff5e0.7 MPa<\/span><\/td>\n<\/tr>\n<tr>\n<td><span>Maks.\u00a0Test Bas\u0131nc\u0131<\/span><\/td>\n<td colspan=\"6\"><span>1,05 MPa<\/span><\/td>\n<\/tr>\n<tr>\n<td><span>Maks.\u00a0Ortam s\u0131cakl\u0131\u011f\u0131<\/span><\/td>\n<td colspan=\"6\"><span>-10\uff5e80 \u2103<\/span><\/td>\n<\/tr>\n<\/tbody>\n<\/table>\n<p>&nbsp;<\/p>\n<p>&nbsp;<\/p>\n<h2><strong>Ortalama boyut:<\/strong><\/h2>\n<p><img loading=\"lazy\" decoding=\"async\" class=\"alignnone size-full wp-image-2774\" src=\"https:\/\/www.jelpc.com\/wp-content\/uploads\/2020\/01\/PU220-Overall-Dimension.jpg\" alt=\"\" width=\"900\" height=\"500\" \/><\/p>\n<p>&nbsp;<\/p>\n<p><span>Boyut<\/span><\/p>\n<p>&nbsp;<\/p>\n<table border=\"1\" width=\"100%\" cellspacing=\"0\" cellpadding=\"0\">\n<tbody>\n<tr>\n<td><span>modeli<\/span><\/td>\n<td><span>delik<\/span><\/td>\n<td><span>A<\/span><\/td>\n<td><span>B<\/span><\/td>\n<td><span>C<\/span><\/td>\n<\/tr>\n<tr>\n<td><span>PU220-01<\/span><\/td>\n<td><span>PT1\/8<\/span><\/td>\n<td><span>22<\/span><\/td>\n<td><span>72<\/span><\/td>\n<td><span>22<\/span><\/td>\n<\/tr>\n<tr>\n<td><span>PU220-02<\/span><\/td>\n<td><span>PT1\/4<\/span><\/td>\n<td><span>35<\/span><\/td>\n<td><span>75.5<\/span><\/td>\n<td><span>25.4<\/span><\/td>\n<\/tr>\n<tr>\n<td><span>PU220-03<\/span><\/td>\n<td><span>PT3\/8<\/span><\/td>\n<td><span>55<\/span><\/td>\n<td><span>79,5<\/span><\/td>\n<td><span>30<\/span><\/td>\n<\/tr>\n<tr>\n<td><span>PU220-04<\/span><\/td>\n<td><span>PT1\/2<\/span><\/td>\n<td><span>66.5<\/span><\/td>\n<td><span>101<\/span><\/td>\n<td><span>48<\/span><\/td>\n<\/tr>\n<tr>\n<td><span>PU220-06<\/span><\/td>\n<td><span>PT3\/4<\/span><\/td>\n<td><span>71<\/span><\/td>\n<td><span>107<\/span><\/td>\n<td><span>48<\/span><\/td>\n<\/tr>\n<tr>\n<td><span>PU220-08<\/span><\/td>\n<td><span>PT1<\/span><\/td>\n<td><span>96<\/span><\/td>\n<td><span>120<\/span><\/td>\n<td><span>70<\/span><\/td>\n<\/tr>\n<\/tbody>\n<\/table>\n","protected":false},"excerpt":{"rendered":"<p><strong>PU Serisi Solenoid Valf<\/strong><\/p>\n<p><strong>2\/2 Yollu Solenoid Valf &#8211; Do\u011frudan Kumandal\u0131<\/strong><\/p>\n","protected":false},"featured_media":6696,"template":"","meta":[],"product_cat":[47,73,75],"product_tag":[161,144,145,146,168,143],"class_list":{"0":"post-6693","1":"product","2":"type-product","3":"status-publish","4":"has-post-thumbnail","6":"product_cat-tum-urunleri","7":"product_cat-pnomatik","8":"product_cat-valfler","9":"product_tag-1-2","10":"product_tag-jelpc","11":"product_tag-jelpcbursa","12":"product_tag-jelpcvalf","13":"product_tag-solenoid-valf","14":"product_tag-valf-fiyati","16":"first","17":"instock","18":"shipping-taxable","19":"product-type-simple"},"_links":{"self":[{"href":"https:\/\/novahidrolik.com.tr\/index.php\/wp-json\/wp\/v2\/product\/6693","targetHints":{"allow":["GET"]}}],"collection":[{"href":"https:\/\/novahidrolik.com.tr\/index.php\/wp-json\/wp\/v2\/product"}],"about":[{"href":"https:\/\/novahidrolik.com.tr\/index.php\/wp-json\/wp\/v2\/types\/product"}],"version-history":[{"count":0,"href":"https:\/\/novahidrolik.com.tr\/index.php\/wp-json\/wp\/v2\/product\/6693\/revisions"}],"wp:featuredmedia":[{"embeddable":true,"href":"https:\/\/novahidrolik.com.tr\/index.php\/wp-json\/wp\/v2\/media\/6696"}],"wp:attachment":[{"href":"https:\/\/novahidrolik.com.tr\/index.php\/wp-json\/wp\/v2\/media?parent=6693"}],"wp:term":[{"taxonomy":"product_cat","embeddable":true,"href":"https:\/\/novahidrolik.com.tr\/index.php\/wp-json\/wp\/v2\/product_cat?post=6693"},{"taxonomy":"product_tag","embeddable":true,"href":"https:\/\/novahidrolik.com.tr\/index.php\/wp-json\/wp\/v2\/product_tag?post=6693"}],"curies":[{"name":"wp","href":"https:\/\/api.w.org\/{rel}","templated":true}]}}