{"id":6694,"date":"2022-01-15T11:36:57","date_gmt":"2022-01-15T08:36:57","guid":{"rendered":"https:\/\/novahidrolik.com.tr\/?post_type=product&#038;p=6694"},"modified":"2022-01-15T11:36:58","modified_gmt":"2022-01-15T08:36:58","slug":"cks-tutucu","status":"publish","type":"product","link":"https:\/\/novahidrolik.com.tr\/index.php\/urun\/cks-tutucu\/","title":{"rendered":"CKS Tutucu"},"content":{"rendered":"<p><span>\u00d6zellikleri<\/span><\/p>\n<p><span>1. \u00c7ene k\u0131sm\u0131 toz metalurjisi teknolojisini benimser, k\u0131r\u0131lmas\u0131 kolay de\u011fildir, y\u00fcksek toklu\u011fa ve y\u00fcksek mukavemete sahiptir.<\/span><\/p>\n<p><span>2. Entegre yap\u0131 tasar\u0131m\u0131nda y\u00fcksek sertlik ve hassas lineer k\u0131lavuz ray kullan\u0131l\u0131r.<\/span><\/p>\n<p><span>3. Ray ve g\u00f6vde kaymas\u0131n\u0131 \u00f6nlemek i\u00e7in bir konumland\u0131rma pimi ile lineer k\u0131lavuz ray\u0131n alt k\u0131sm\u0131.<\/span><\/p>\n<p><span>4. A\u00e7 ve kapat strok standart tip ve uzun strok tipine sahiptir.<\/span><\/p>\n<p>&nbsp;<\/p>\n<p><span>\u00d6zellikleri<\/span><\/p>\n<p><span>1. Kama yap\u0131s\u0131n\u0131n i\u00e7 kullan\u0131m\u0131, daha b\u00fcy\u00fck bir s\u0131kma kuvveti elde edin.<\/span><\/p>\n<p><span>2. Pistonun \u00f6n ucu, \u00e7ene serbest b\u0131rak\u0131ld\u0131\u011f\u0131nda metal darbe sesini etkili bir \u015fekilde azaltabilen \u00e7arp\u0131\u015fmaya dayan\u0131kl\u0131 tasar\u0131m ile sa\u011flan\u0131r.<\/span><\/p>\n<p><span>3. Y\u00fcksek hassasiyetli tekrarl\u0131 kelep\u00e7e, animasyon cihaz\u0131n\u0131n kurulumu i\u00e7in kolayl\u0131k.<\/span><\/p>\n<p><span>4. M\u00fc\u015fterilerin se\u00e7ebilece\u011fi \u00e7e\u015fitli pn\u00f6matik parmak serisi, \u00e7e\u015fitli \u00e7al\u0131\u015fma malzemelerinin s\u0131k\u0131\u015ft\u0131r\u0131lmas\u0131.<\/span><\/p>\n<p>&nbsp;<\/p>\n<p><span>Sipari\u015f kodu<\/span><\/p>\n<p><span>CKS2 Serisi Pn\u00f6matik Parmak (\u0130ki \u00c7ene)<\/span><\/p>\n<p>&nbsp;<\/p>\n<table border=\"1\" width=\"100%\" cellspacing=\"0\" cellpadding=\"0\">\n<tbody>\n<tr>\n<td><span>CKS<\/span><\/td>\n<td><span>2<\/span><\/td>\n<td><span>20<\/span><\/td>\n<td><span>D<\/span><\/td>\n<td><span>MT<\/span><\/td>\n<\/tr>\n<tr>\n<td><span>Diziler<\/span><\/td>\n<td><span>Numara<\/span><\/td>\n<td><span>delik<\/span><\/td>\n<td><span>Oyunculuk T\u00fcr\u00fc<\/span><\/td>\n<td><span>Sens\u00f6r Anahtar\u0131<\/span><\/td>\n<\/tr>\n<tr>\n<td>&nbsp;<\/td>\n<td rowspan=\"2\"><span>2<\/span><\/p>\n<p><span>\u00c7ene<\/span><\/td>\n<td><span>16 20<\/span><\/td>\n<td><span>D: \u00c7ift etkili<\/span><\/td>\n<td rowspan=\"2\"><span>Bo\u015f: Manyetik anahtars\u0131z<\/span><\/td>\n<\/tr>\n<tr>\n<td><\/td>\n<td><span>16 20<\/span><\/td>\n<td><\/td>\n<\/tr>\n<tr>\n<td><\/td>\n<td>&nbsp;<\/td>\n<td><span>25 32<\/span><\/td>\n<td><\/td>\n<td><span>JEL-30R<\/span><\/td>\n<\/tr>\n<tr>\n<td><\/td>\n<td><\/td>\n<td><span>40 50<\/span><\/td>\n<td><\/td>\n<td><\/td>\n<\/tr>\n<tr>\n<td>&nbsp;<\/td>\n<td>&nbsp;<\/td>\n<td><span>63<\/span><\/td>\n<td><\/td>\n<td>&nbsp;<\/td>\n<\/tr>\n<\/tbody>\n<\/table>\n<p>&nbsp;<\/p>\n<p><span>CKS3 Serisi Pn\u00f6matik Parmak (\u00dc\u00e7 \u00c7ene)<\/span><\/p>\n<p>&nbsp;<\/p>\n<table border=\"1\" width=\"100%\" cellspacing=\"0\" cellpadding=\"0\">\n<tbody>\n<tr>\n<td><span>CKS<\/span><\/td>\n<td><span>L<\/span><\/td>\n<td><span>3<\/span><\/td>\n<td><span>32<\/span><\/td>\n<td><span>D<\/span><\/td>\n<td><span>MT<\/span><\/td>\n<\/tr>\n<tr>\n<td><span>Diziler<\/span><\/td>\n<td><span>Tip<\/span><\/td>\n<td><span>Numara<\/span><\/td>\n<td><span>delik<\/span><\/td>\n<td><span>Oyunculuk T\u00fcr\u00fc<\/span><\/td>\n<td><span>Sens\u00f6r Anahtar\u0131<\/span><\/td>\n<\/tr>\n<tr>\n<td>&nbsp;<\/td>\n<td rowspan=\"2\"><span>Bo\u015f: Standart<\/span><\/td>\n<td rowspan=\"2\"><span>iki<\/span><br \/>\n<span>\u00e7ene<\/span><\/td>\n<td><span>16 20<\/span><\/td>\n<td><span>D: \u00c7ift etkili<\/span><\/td>\n<td rowspan=\"2\"><span>Bo\u015f: M\u0131knat\u0131s anahtar\u0131 olmadan (dahili manyetik halka)<\/span><\/td>\n<\/tr>\n<tr>\n<td><\/td>\n<td><span>25 32<\/span><\/td>\n<td><\/td>\n<\/tr>\n<tr>\n<td><\/td>\n<td rowspan=\"2\"><span>L: Uzun Vuru\u015f<\/span><\/td>\n<td><\/td>\n<td><span>40 50<\/span><\/td>\n<td><\/td>\n<td><span>JEL-30R<\/span><\/td>\n<\/tr>\n<tr>\n<td><\/td>\n<td><\/td>\n<td><span>63 80<\/span><\/td>\n<td><\/td>\n<td><\/td>\n<\/tr>\n<tr>\n<td>&nbsp;<\/td>\n<td>&nbsp;<\/td>\n<td><\/td>\n<td><span>100 125<\/span><\/td>\n<td><\/td>\n<td>&nbsp;<\/td>\n<\/tr>\n<\/tbody>\n<\/table>\n<p>&nbsp;<\/p>\n<p><span>CKS4 Serisi Pn\u00f6matik Parmak (D\u00f6rt \u00c7ene)<\/span><\/p>\n<p>&nbsp;<\/p>\n<table border=\"1\" width=\"100%\" cellspacing=\"0\" cellpadding=\"0\">\n<tbody>\n<tr>\n<td><span>CKS<\/span><\/td>\n<td><span>4<\/span><\/td>\n<td><span>20<\/span><\/td>\n<td><span>D<\/span><\/td>\n<td><span>MT<\/span><\/td>\n<\/tr>\n<tr>\n<td><span>Diziler<\/span><\/td>\n<td><span>Numara<\/span><\/td>\n<td><span>delik<\/span><\/td>\n<td><span>Oyunculuk T\u00fcr\u00fc<\/span><\/td>\n<td><span>Sens\u00f6r Anahtar\u0131<\/span><\/td>\n<\/tr>\n<tr>\n<td>&nbsp;<\/td>\n<td><span>d\u00f6rt \u00e7ene<\/span><\/td>\n<td><span>16 20 25<\/span><\/td>\n<td><span>D: \u00c7ift etkili<\/span><\/td>\n<td rowspan=\"2\"><span>Bo\u015f: M\u0131knat\u0131s anahtar\u0131 olmadan (dahili manyetik halka)<\/span><\/td>\n<\/tr>\n<tr>\n<td><\/td>\n<td><\/td>\n<td><span>32 40 50<\/span><\/td>\n<td><\/td>\n<\/tr>\n<tr>\n<td><\/td>\n<td><\/td>\n<td><span>63<\/span><\/td>\n<td><\/td>\n<td><span>JEL-30R<\/span><\/td>\n<\/tr>\n<\/tbody>\n<\/table>\n","protected":false},"excerpt":{"rendered":"<p>CKS Tutucu<\/p>\n","protected":false},"featured_media":6701,"template":"","meta":[],"product_cat":[47,73,74],"product_tag":[122,169,170,144,171,145,123,121],"class_list":{"0":"post-6694","1":"product","2":"type-product","3":"status-publish","4":"has-post-thumbnail","6":"product_cat-tum-urunleri","7":"product_cat-pnomatik","8":"product_cat-silindirler","9":"product_tag-bursa-pnomatik-silindir","10":"product_tag-cks","11":"product_tag-cks-tutucu","12":"product_tag-jelpc","13":"product_tag-jelpc-gripper","14":"product_tag-jelpcbursa","15":"product_tag-pnomatik-silindir-fiyati","16":"product_tag-pnomatik-silindirler","18":"first","19":"instock","20":"shipping-taxable","21":"product-type-simple"},"_links":{"self":[{"href":"https:\/\/novahidrolik.com.tr\/index.php\/wp-json\/wp\/v2\/product\/6694","targetHints":{"allow":["GET"]}}],"collection":[{"href":"https:\/\/novahidrolik.com.tr\/index.php\/wp-json\/wp\/v2\/product"}],"about":[{"href":"https:\/\/novahidrolik.com.tr\/index.php\/wp-json\/wp\/v2\/types\/product"}],"version-history":[{"count":0,"href":"https:\/\/novahidrolik.com.tr\/index.php\/wp-json\/wp\/v2\/product\/6694\/revisions"}],"wp:featuredmedia":[{"embeddable":true,"href":"https:\/\/novahidrolik.com.tr\/index.php\/wp-json\/wp\/v2\/media\/6701"}],"wp:attachment":[{"href":"https:\/\/novahidrolik.com.tr\/index.php\/wp-json\/wp\/v2\/media?parent=6694"}],"wp:term":[{"taxonomy":"product_cat","embeddable":true,"href":"https:\/\/novahidrolik.com.tr\/index.php\/wp-json\/wp\/v2\/product_cat?post=6694"},{"taxonomy":"product_tag","embeddable":true,"href":"https:\/\/novahidrolik.com.tr\/index.php\/wp-json\/wp\/v2\/product_tag?post=6694"}],"curies":[{"name":"wp","href":"https:\/\/api.w.org\/{rel}","templated":true}]}}