{"id":6700,"date":"2022-01-15T11:42:42","date_gmt":"2022-01-15T08:42:42","guid":{"rendered":"https:\/\/novahidrolik.com.tr\/?post_type=product&#038;p=6700"},"modified":"2022-01-15T11:42:43","modified_gmt":"2022-01-15T08:42:43","slug":"paslanmaz-pistonlu-vanalar","status":"publish","type":"product","link":"https:\/\/novahidrolik.com.tr\/index.php\/urun\/paslanmaz-pistonlu-vanalar\/","title":{"rendered":"Paslanmaz Pistonlu Vanalar"},"content":{"rendered":"<p><strong>Sipari\u015f kodu:<\/strong><\/p>\n<p>&nbsp;<\/p>\n<p><img loading=\"lazy\" decoding=\"async\" class=\"aligncenter size-full wp-image-3624\" src=\"https:\/\/www.jelpc.com\/wp-content\/uploads\/2020\/01\/Stainless-Steel-Series-Ordering-Code.jpg\" alt=\"\" width=\"2100\" height=\"650\" \/><\/p>\n<p>&nbsp;<\/p>\n<p><img loading=\"lazy\" decoding=\"async\" src=\"https:\/\/www.jelpc.com\/wp-content\/uploads\/2019\/12\/55.png\" alt=\"\" width=\"1100\" height=\"1\" \/><\/p>\n<p>&nbsp;<\/p>\n<p><span>sembol<\/span><\/p>\n<p>&nbsp;<\/p>\n<p><img loading=\"lazy\" decoding=\"async\" class=\"alignnone size-full wp-image-2842\" src=\"https:\/\/www.jelpc.com\/wp-content\/uploads\/2020\/01\/Viton-Type-Multimedia-Symbol.jpg\" alt=\"\" width=\"700\" height=\"200\" \/><\/p>\n<p>&nbsp;<\/p>\n<p><img loading=\"lazy\" decoding=\"async\" src=\"https:\/\/www.jelpc.com\/wp-content\/uploads\/2019\/12\/55.png\" alt=\"\" width=\"1100\" height=\"1\" \/><\/p>\n<p>&nbsp;<\/p>\n<p><span>\u015eartname<\/span><\/p>\n<p>&nbsp;<\/p>\n<table border=\"1\" width=\"100%\" cellspacing=\"0\" cellpadding=\"0\">\n<tbody>\n<tr>\n<td><span>Ba\u011flant\u0131 Boyutu<\/span><\/td>\n<td><span>DN10 &#8211; DN80<\/span><\/td>\n<\/tr>\n<tr>\n<td><span>Vida<\/span><\/td>\n<td><span>3\/8&#8243;~3&#8243;<\/span><\/td>\n<\/tr>\n<tr>\n<td><span>G\u00f6vde Malzemesi<\/span><\/td>\n<td><span>Paslanmaz \u00c7elik 316\/304<\/span><\/td>\n<\/tr>\n<tr>\n<td><span>Oyunculuk Cihaz\u0131 Malzemesi<\/span><\/td>\n<td><span>Paslanmaz \u00c7elik 304<\/span><\/td>\n<\/tr>\n<tr>\n<td><span>Vana \u00c7ekirdek Contas\u0131<\/span><\/td>\n<td><span>PTFE \/ FPM<\/span><\/td>\n<\/tr>\n<tr>\n<td><span>Valf \u00c7ubu\u011fu Contas\u0131<\/span><\/td>\n<td><span>PTFE \/ FPM<\/span><\/td>\n<\/tr>\n<tr>\n<td><span>Piston contas\u0131<\/span><\/td>\n<td><span>FPM\/NBR<\/span><\/td>\n<\/tr>\n<tr>\n<td><span>Uygun Ortam<\/span><\/td>\n<td><span>Su, N\u00f6tr Hava (veya s\u0131v\u0131), Ale ho hoi, Ya\u011f, Organik s\u0131v\u0131, Buhar, Zay\u0131f Asit veya alkali<\/span><\/td>\n<\/tr>\n<tr>\n<td><span>Orta S\u0131cakl\u0131k<\/span><\/td>\n<td><span>PTFE\uff1a-10 \u2103~+200 \u2103 FPM\uff1a-10 \u2103~+100 \u2103<\/span><\/td>\n<\/tr>\n<tr>\n<td><span>Yap\u0131\u015fkanl\u0131k<\/span><\/td>\n<td><span>Maks.\u00a0600 mm\u00b2\/sn.<\/span><\/td>\n<\/tr>\n<tr>\n<td><span>Kurulum<\/span><\/td>\n<td><span>Ak\u0131\u015f kurulumunu takip edin<\/span><\/td>\n<\/tr>\n<tr>\n<td><span>Kontrol Ortam\u0131<\/span><\/td>\n<td><span>Hava \/ N\u00f6tr Hava<\/span><\/td>\n<\/tr>\n<tr>\n<td><span>Kontroll\u00fc Bas\u0131n\u00e7 Aral\u0131\u011f\u0131<\/span><\/td>\n<td><span>0,3~0,8 MPa<\/span><\/td>\n<\/tr>\n<tr>\n<td><span>\u00e7al\u0131\u015fma bas\u0131nc\u0131<\/span><\/td>\n<td><span>0~1.6 MPa<\/span><\/td>\n<\/tr>\n<\/tbody>\n<\/table>\n<p>&nbsp;<\/p>\n<p><strong>Ortalama boyut:<\/strong><\/p>\n<p>&nbsp;<\/p>\n<p><img loading=\"lazy\" decoding=\"async\" class=\"alignnone size-full wp-image-2841\" src=\"https:\/\/www.jelpc.com\/wp-content\/uploads\/2020\/01\/Stainless-Steel-Overall-Dimension.jpg\" alt=\"\" width=\"950\" height=\"814\" \/><\/p>\n<p><span>\u015eartname<\/span><\/p>\n<p>&nbsp;<\/p>\n<table border=\"1\" width=\"100%\" cellspacing=\"0\" cellpadding=\"0\">\n<tbody>\n<tr>\n<td colspan=\"8\"><span>Ortalama boyut<\/span><\/td>\n<\/tr>\n<tr>\n<td><span>DN<\/span><\/td>\n<td><span>uzaktan kumanda<\/span><\/td>\n<td><span>L<\/span><\/td>\n<td><span>LI<\/span><\/td>\n<td><span>GB<\/span><\/td>\n<td><span>H<\/span><\/td>\n<td><span>D<\/span><\/td>\n<td><span>Oyunculuk Cihaz\u0131<\/span><\/td>\n<\/tr>\n<tr>\n<td><span>10<\/span><\/td>\n<td><span>3\/8&#8243;<\/span><\/td>\n<td><span>55<\/span><\/td>\n<td><span>17<\/span><\/td>\n<td><span>21<\/span><\/td>\n<td><span>120<\/span><\/td>\n<td><span>51<\/span><\/td>\n<td><span>40<\/span><\/td>\n<\/tr>\n<tr>\n<td><span>15<\/span><\/td>\n<td><span>1\/2&#8243;<\/span><\/td>\n<td><span>70<\/span><\/td>\n<td><span>21<\/span><\/td>\n<td><span>26.5<\/span><\/td>\n<td><span>138<\/span><\/td>\n<td><span>51<\/span><\/td>\n<td><span>40<\/span><\/td>\n<\/tr>\n<tr>\n<td><span>20<\/span><\/td>\n<td><span>3\/4&#8243;<\/span><\/td>\n<td><span>76<\/span><\/td>\n<td><span>23<\/span><\/td>\n<td><span>32<\/span><\/td>\n<td><span>154<\/span><\/td>\n<td><span>62<\/span><\/td>\n<td><span>50<\/span><\/td>\n<\/tr>\n<tr>\n<td><span>25<\/span><\/td>\n<td><span>1&#8243;<\/span><\/td>\n<td><span>90<\/span><\/td>\n<td><span>25<\/span><\/td>\n<td><span>40<\/span><\/td>\n<td><span>168<\/span><\/td>\n<td><span>62<\/span><\/td>\n<td><span>50<\/span><\/td>\n<\/tr>\n<tr>\n<td><span>32<\/span><\/td>\n<td><span>1\u00bc&#8221;<\/span><\/td>\n<td><span>116<\/span><\/td>\n<td><span>32<\/span><\/td>\n<td><span>50<\/span><\/td>\n<td><span>200<\/span><\/td>\n<td><span>76<\/span><\/td>\n<td><span>63<\/span><\/td>\n<\/tr>\n<tr>\n<td><span>40<\/span><\/td>\n<td><span>1\u00bd&#8221;<\/span><\/td>\n<td><span>116<\/span><\/td>\n<td><span>32<\/span><\/td>\n<td><span>55.5<\/span><\/td>\n<td><span>215<\/span><\/td>\n<td><span>92<\/span><\/td>\n<td><span>80<\/span><\/td>\n<\/tr>\n<tr>\n<td><span>50<\/span><\/td>\n<td><span>r<\/span><\/td>\n<td><span>138<\/span><\/td>\n<td><span>40<\/span><\/td>\n<td><span>68.5<\/span><\/td>\n<td><span>230<\/span><\/td>\n<td><span>92<\/span><\/td>\n<td><span>80<\/span><\/td>\n<\/tr>\n<tr>\n<td><span>65<\/span><\/td>\n<td><span>2\u00bd&#8221;<\/span><\/td>\n<td><span>168<\/span><\/td>\n<td><span>51<\/span><\/td>\n<td><span>85<\/span><\/td>\n<td><span>268<\/span><\/td>\n<td><span>117<\/span><\/td>\n<td><span>100<\/span><\/td>\n<\/tr>\n<tr>\n<td><span>80<\/span><\/td>\n<td><span>3&#8243;<\/span><\/td>\n<td><span>192<\/span><\/td>\n<td><span>54<\/span><\/td>\n<td><span>100<\/span><\/td>\n<td><span>325<\/span><\/td>\n<td><span>140<\/span><\/td>\n<td><span>125<\/span><\/td>\n<\/tr>\n<\/tbody>\n<\/table>\n<p>&nbsp;<\/p>\n<p>&nbsp;<\/p>\n<table border=\"1\" width=\"100%\" cellspacing=\"0\" cellpadding=\"0\">\n<tbody>\n<tr>\n<td colspan=\"3\"><span>Par\u00e7alar<\/span><\/td>\n<\/tr>\n<tr>\n<td><span>2.01 c\u0131vata<\/span><\/td>\n<td><span>3.1 Vana g\u00f6vdesi<\/span><\/td>\n<td><span>4.1 Yay<\/span><\/td>\n<\/tr>\n<tr>\n<td><span>2.02 Delik plakas\u0131 s\u0131zd\u0131rmazl\u0131\u011f\u0131<\/span><\/td>\n<td><span>3.2 O-ring conta<\/span><\/td>\n<td><span>4.2 Piston<\/span><\/td>\n<\/tr>\n<tr>\n<td><span>2.03 S\u0131zd\u0131rmazl\u0131k diski<\/span><\/td>\n<td><span>3.3 \u00dc\u00e7l\u00fc ba\u011flant\u0131 aksesuar\u0131<\/span><\/td>\n<td><span>4.3 O-ring<\/span><\/td>\n<\/tr>\n<tr>\n<td><span>2.04 Valf diski<\/span><\/td>\n<td><span>3.4 Silindir<\/span><\/td>\n<td><span>4.4 Valf Kapa\u011f\u0131<\/span><\/td>\n<\/tr>\n<tr>\n<td><span>2.5 Valf makaras\u0131<\/span><\/td>\n<td><span>3.5 Dekorasyon \u00d6rt\u00fcs\u00fc<\/span><\/td>\n<td><span>4.5 O-ring<\/span><\/td>\n<\/tr>\n<tr>\n<td><span>2.6 V \u015eekil malzemesi<\/span><\/td>\n<td>&nbsp;<\/td>\n<td><span>4.6 Bas\u0131n\u00e7 alma halkas\u0131<\/span><\/td>\n<\/tr>\n<tr>\n<td><span>2.7 Yay<\/span><\/td>\n<td>&nbsp;<\/td>\n<\/tr>\n<\/tbody>\n<\/table>\n","protected":false},"excerpt":{"rendered":"<p><strong>Paslanmaz Pistonlu Vanalar<\/strong><\/p>\n","protected":false},"featured_media":6709,"template":"","meta":[],"product_cat":[47,73,75],"product_tag":[176,161,175,174,144,145,146,177,143],"class_list":{"0":"post-6700","1":"product","2":"type-product","3":"status-publish","4":"has-post-thumbnail","6":"product_cat-tum-urunleri","7":"product_cat-pnomatik","8":"product_cat-valfler","9":"product_tag-176","10":"product_tag-1-2","11":"product_tag-3-4","12":"product_tag-3-8","13":"product_tag-jelpc","14":"product_tag-jelpcbursa","15":"product_tag-jelpcvalf","16":"product_tag-paslanmaz-vana","17":"product_tag-valf-fiyati","19":"first","20":"instock","21":"shipping-taxable","22":"product-type-simple"},"_links":{"self":[{"href":"https:\/\/novahidrolik.com.tr\/index.php\/wp-json\/wp\/v2\/product\/6700","targetHints":{"allow":["GET"]}}],"collection":[{"href":"https:\/\/novahidrolik.com.tr\/index.php\/wp-json\/wp\/v2\/product"}],"about":[{"href":"https:\/\/novahidrolik.com.tr\/index.php\/wp-json\/wp\/v2\/types\/product"}],"version-history":[{"count":0,"href":"https:\/\/novahidrolik.com.tr\/index.php\/wp-json\/wp\/v2\/product\/6700\/revisions"}],"wp:featuredmedia":[{"embeddable":true,"href":"https:\/\/novahidrolik.com.tr\/index.php\/wp-json\/wp\/v2\/media\/6709"}],"wp:attachment":[{"href":"https:\/\/novahidrolik.com.tr\/index.php\/wp-json\/wp\/v2\/media?parent=6700"}],"wp:term":[{"taxonomy":"product_cat","embeddable":true,"href":"https:\/\/novahidrolik.com.tr\/index.php\/wp-json\/wp\/v2\/product_cat?post=6700"},{"taxonomy":"product_tag","embeddable":true,"href":"https:\/\/novahidrolik.com.tr\/index.php\/wp-json\/wp\/v2\/product_tag?post=6700"}],"curies":[{"name":"wp","href":"https:\/\/api.w.org\/{rel}","templated":true}]}}