{"id":6711,"date":"2022-01-15T11:54:14","date_gmt":"2022-01-15T08:54:14","guid":{"rendered":"https:\/\/novahidrolik.com.tr\/?post_type=product&#038;p=6711"},"modified":"2022-01-15T11:54:15","modified_gmt":"2022-01-15T08:54:15","slug":"ckz-tutucu","status":"publish","type":"product","link":"https:\/\/novahidrolik.com.tr\/index.php\/urun\/ckz-tutucu\/","title":{"rendered":"CKZ Tutucu"},"content":{"rendered":"<h2><span>\u00d6zellikleri<\/span><\/h2>\n<p><span>1. \u00c7ene k\u0131sm\u0131 toz metalurjisi teknolojisini benimser, k\u0131r\u0131lmas\u0131 kolay de\u011fildir, y\u00fcksek toklu\u011fa ve y\u00fcksek mukavemete sahiptir.<\/span><\/p>\n<p><span>2. Entegre yap\u0131 tasar\u0131m\u0131nda y\u00fcksek sertlik ve hassas lineer k\u0131lavuz ray kullan\u0131l\u0131r.<\/span><\/p>\n<p><span>3. Ray ve g\u00f6vde kaymas\u0131n\u0131 \u00f6nlemek i\u00e7in bir konumland\u0131rma pimi ile lineer k\u0131lavuz ray\u0131n alt k\u0131sm\u0131.<\/span><\/p>\n<p><span>4. A\u00e7 ve kapat strok standart tip ve uzun strok tipine sahiptir.<\/span><\/p>\n<p>&nbsp;<\/p>\n<p><span>\u00d6zellikleri<\/span><\/p>\n<p><span>1. Kama yap\u0131s\u0131n\u0131n i\u00e7 kullan\u0131m\u0131, daha b\u00fcy\u00fck bir s\u0131kma kuvveti elde edin.<\/span><\/p>\n<p><span>2. Pistonun \u00f6n ucu, \u00e7ene serbest b\u0131rak\u0131ld\u0131\u011f\u0131nda metal darbe sesini etkili bir \u015fekilde azaltabilen \u00e7arp\u0131\u015fmaya dayan\u0131kl\u0131 tasar\u0131m ile sa\u011flan\u0131r.<\/span><\/p>\n<p><span>3. Y\u00fcksek hassasiyetli tekrarl\u0131 kelep\u00e7e, animasyon cihaz\u0131n\u0131n kurulumu i\u00e7in kolayl\u0131k.<\/span><\/p>\n<p><span>4. M\u00fc\u015fterilerin se\u00e7ebilece\u011fi \u00e7e\u015fitli pn\u00f6matik parmak serisi, \u00e7e\u015fitli \u00e7al\u0131\u015fma malzemelerinin s\u0131k\u0131\u015ft\u0131r\u0131lmas\u0131.<\/span><\/p>\n<p>&nbsp;<\/p>\n<p><span>CKZ Serisi Pn\u00f6matik Parmaklar (H tipi)<\/span><\/p>\n<p>&nbsp;<\/p>\n<p><img loading=\"lazy\" decoding=\"async\" class=\"alignnone size-full wp-image-3240\" src=\"https:\/\/www.jelpc.com\/wp-content\/uploads\/2020\/01\/CKZ-Ordering-Code.jpg\" alt=\"\" width=\"950\" height=\"452\" \/><\/p>\n","protected":false},"excerpt":{"rendered":"<p>CKZ Tutucu<\/p>\n","protected":false},"featured_media":6712,"template":"","meta":[],"product_cat":[47,73,74],"product_tag":[122,179,178,144,171,145,123],"class_list":{"0":"post-6711","1":"product","2":"type-product","3":"status-publish","4":"has-post-thumbnail","6":"product_cat-tum-urunleri","7":"product_cat-pnomatik","8":"product_cat-silindirler","9":"product_tag-bursa-pnomatik-silindir","10":"product_tag-ckz-gripper","11":"product_tag-ckz-tutucu","12":"product_tag-jelpc","13":"product_tag-jelpc-gripper","14":"product_tag-jelpcbursa","15":"product_tag-pnomatik-silindir-fiyati","17":"first","18":"instock","19":"shipping-taxable","20":"product-type-simple"},"_links":{"self":[{"href":"https:\/\/novahidrolik.com.tr\/index.php\/wp-json\/wp\/v2\/product\/6711","targetHints":{"allow":["GET"]}}],"collection":[{"href":"https:\/\/novahidrolik.com.tr\/index.php\/wp-json\/wp\/v2\/product"}],"about":[{"href":"https:\/\/novahidrolik.com.tr\/index.php\/wp-json\/wp\/v2\/types\/product"}],"version-history":[{"count":0,"href":"https:\/\/novahidrolik.com.tr\/index.php\/wp-json\/wp\/v2\/product\/6711\/revisions"}],"wp:featuredmedia":[{"embeddable":true,"href":"https:\/\/novahidrolik.com.tr\/index.php\/wp-json\/wp\/v2\/media\/6712"}],"wp:attachment":[{"href":"https:\/\/novahidrolik.com.tr\/index.php\/wp-json\/wp\/v2\/media?parent=6711"}],"wp:term":[{"taxonomy":"product_cat","embeddable":true,"href":"https:\/\/novahidrolik.com.tr\/index.php\/wp-json\/wp\/v2\/product_cat?post=6711"},{"taxonomy":"product_tag","embeddable":true,"href":"https:\/\/novahidrolik.com.tr\/index.php\/wp-json\/wp\/v2\/product_tag?post=6711"}],"curies":[{"name":"wp","href":"https:\/\/api.w.org\/{rel}","templated":true}]}}