{"id":6714,"date":"2022-01-15T12:01:33","date_gmt":"2022-01-15T09:01:33","guid":{"rendered":"https:\/\/novahidrolik.com.tr\/?post_type=product&#038;p=6714"},"modified":"2022-01-15T12:01:34","modified_gmt":"2022-01-15T09:01:34","slug":"pedal-kumandali-valfler","status":"publish","type":"product","link":"https:\/\/novahidrolik.com.tr\/index.php\/urun\/pedal-kumandali-valfler\/","title":{"rendered":"Pedal Kumandal\u0131 Valfler"},"content":{"rendered":"<h2><strong>\u00d6zellikleri:<\/strong><\/h2>\n<p><span>1. Duyu kalitesini art\u0131rmak i\u00e7in g\u00f6r\u00fcn\u00fcm\u00fc yenileyin<\/span><\/p>\n<p><span>2. \u00dcr\u00fcn g\u00fcvenilirli\u011fini art\u0131rmak i\u00e7in kilit yap\u0131s\u0131n\u0131 yenileyin.<\/span><\/p>\n<p><img loading=\"lazy\" decoding=\"async\" src=\"https:\/\/www.jelpc.com\/wp-content\/uploads\/2019\/12\/55.png\" alt=\"\" width=\"1100\" height=\"1\" \/><\/p>\n<p>&nbsp;<\/p>\n<p><span>\u0130\u00e7 yap\u0131<\/span><\/p>\n<p>&nbsp;<\/p>\n<p><img loading=\"lazy\" decoding=\"async\" class=\"alignnone size-full wp-image-2892\" src=\"https:\/\/www.jelpc.com\/wp-content\/uploads\/2020\/01\/4F210-Internal-Structure.jpg\" alt=\"\" width=\"950\" height=\"475\" \/><\/p>\n<p>&nbsp;<\/p>\n<p><span>Par\u00e7alar<\/span><\/p>\n<p>&nbsp;<\/p>\n<table border=\"1\" width=\"100%\" cellspacing=\"0\" cellpadding=\"0\">\n<tbody>\n<tr>\n<td><span>Numara<\/span><\/td>\n<td><span>\u0130sim<\/span><\/td>\n<td><span>Numara<\/span><\/td>\n<td><span>\u0130sim<\/span><\/td>\n<td><span>Numara<\/span><\/td>\n<td><span>\u0130sim<\/span><\/td>\n<\/tr>\n<tr>\n<td><span>ben<\/span><\/td>\n<td><span>Pedal<\/span><\/td>\n<td><span>4<\/span><\/td>\n<td><span>kanca<\/span><\/td>\n<td><span>7<\/span><\/td>\n<td><span>Vida<\/span><\/td>\n<\/tr>\n<tr>\n<td><span>2<\/span><\/td>\n<td><span>Bahar<\/span><\/td>\n<td><span>5<\/span><\/td>\n<td><span>Kilit<\/span><\/td>\n<td><span>8<\/span><\/td>\n<td><span>kesici<\/span><\/td>\n<\/tr>\n<tr>\n<td><span>3<\/span><\/td>\n<td><span>Vida<\/span><\/td>\n<td><span>6<\/span><\/td>\n<td><span>Vana g\u00f6vdesi<\/span><\/td>\n<td><span>9<\/span><\/td>\n<td><span>Vana taban\u0131<\/span><\/td>\n<\/tr>\n<\/tbody>\n<\/table>\n<p>&nbsp;<\/p>\n<p><img loading=\"lazy\" decoding=\"async\" src=\"https:\/\/www.jelpc.com\/wp-content\/uploads\/2019\/12\/55.png\" alt=\"\" width=\"1100\" height=\"1\" \/><\/p>\n<p>&nbsp;<\/p>\n<p><span>Sipari\u015f kodu<\/span><\/p>\n<p>&nbsp;<\/p>\n<p><img loading=\"lazy\" decoding=\"async\" class=\"aligncenter size-full wp-image-3636\" src=\"https:\/\/www.jelpc.com\/wp-content\/uploads\/2020\/01\/4F210-Ordering-Code.jpg\" alt=\"\" width=\"2100\" height=\"500\" \/><\/p>\n<p>&nbsp;<\/p>\n<p><img loading=\"lazy\" decoding=\"async\" src=\"https:\/\/www.jelpc.com\/wp-content\/uploads\/2019\/12\/55.png\" alt=\"\" width=\"1100\" height=\"1\" \/><\/p>\n<p>&nbsp;<\/p>\n<p><span>\u015eartname<\/span><\/p>\n<p>&nbsp;<\/p>\n<table border=\"1\" width=\"100%\" cellspacing=\"0\" cellpadding=\"0\">\n<tbody>\n<tr>\n<td><span>modeli<\/span><\/td>\n<td><span>4F210-08<\/span><\/td>\n<td><span>4F210-08L<\/span><\/td>\n<td><span>4F210-08G<\/span><\/td>\n<td><span>4F210-08LG<\/span><\/td>\n<\/tr>\n<tr>\n<td><span>\u00c7al\u0131\u015fma Ortam\u0131<\/span><\/td>\n<td colspan=\"4\"><span>40 Mikron Filtrelenmi\u015f Hava<\/span><\/td>\n<\/tr>\n<tr>\n<td><span>Pozisyon numaras\u0131<\/span><\/td>\n<td colspan=\"4\"><span>5\/2 yol<\/span><\/td>\n<\/tr>\n<tr>\n<td><span>Ba\u011flant\u0131 noktas\u0131 boyutu<\/span><\/td>\n<td colspan=\"4\"><span>Giri\u015f, \u00c7\u0131k\u0131\u015f, Egzoz Ba\u011flant\u0131 Noktas\u0131 \uff1d G1\/4&#8243;<\/span><\/td>\n<\/tr>\n<tr>\n<td><span>Operasyon<\/span><\/td>\n<td colspan=\"4\"><span>do\u011frudan<\/span><\/td>\n<\/tr>\n<tr>\n<td><span>\u00c7al\u0131\u015fma Bas\u0131nc\u0131<\/span><\/td>\n<td colspan=\"4\"><span>0\uff5e0.8MPa<\/span><\/td>\n<\/tr>\n<tr>\n<td><span>\u00c7al\u0131\u015fma S\u0131cakl\u0131\u011f\u0131<\/span><\/td>\n<td colspan=\"4\"><span>-20~70\u2103<\/span><\/td>\n<\/tr>\n<\/tbody>\n<\/table>\n<p>&nbsp;<\/p>\n<p><strong>Ortalama boyut:<\/strong><\/p>\n<p>&nbsp;<\/p>\n<p><img loading=\"lazy\" decoding=\"async\" class=\"alignnone size-full wp-image-2893\" src=\"https:\/\/www.jelpc.com\/wp-content\/uploads\/2020\/01\/4F210-Overall-Dimension.jpg\" alt=\"\" width=\"950\" height=\"1054\" \/><\/p>\n<p>&nbsp;<\/p>\n<div class=\"inner-page prodet-page\">\n<div class=\"ui container\">\n<div class=\"ui grid-box two\">\n<div class=\"page-rightBar thirteen wide column\">\n<div class=\"prodet-det-box\">\n<div class=\"ui\">\n<div class=\"rel\">\n<div class=\"con-box rel2\">\n<p><span>Ortalama boyut<\/span><\/p>\n<p>&nbsp;<\/p>\n<p><img loading=\"lazy\" decoding=\"async\" class=\"alignnone size-full wp-image-2893\" src=\"https:\/\/www.jelpc.com\/wp-content\/uploads\/2020\/01\/4F210-Overall-Dimension.jpg\" alt=\"\" width=\"950\" height=\"1054\" \/><\/p>\n<\/div>\n<\/div>\n<\/div>\n<\/div>\n<\/div>\n<\/div>\n<\/div>\n<\/div>\n<div id=\"footer\">\n<div class=\"footer-top\">\n<div class=\"ui container\">\n<div class=\"box grid-box\">\n<div class=\"left column\">\n<div class=\"inner-page prodet-page\">\n<div class=\"ui container\">\n<div class=\"ui grid-box two\">\n<div class=\"page-rightBar thirteen wide column\">\n<div class=\"prodet-det-box\">\n<div class=\"ui\">\n<div class=\"rel\">\n<div class=\"con-box rel2\">\n<p><span>Ortalama boyut<\/span><\/p>\n<p>&nbsp;<\/p>\n<p><img loading=\"lazy\" decoding=\"async\" class=\"alignnone size-full wp-image-2893\" src=\"https:\/\/www.jelpc.com\/wp-content\/uploads\/2020\/01\/4F210-Overall-Dimension.jpg\" alt=\"\" width=\"950\" height=\"1054\" \/><\/p>\n<\/div>\n<\/div>\n<\/div>\n<\/div>\n<\/div>\n<\/div>\n<\/div>\n<\/div>\n<div id=\"footer\">\n<div class=\"footer-top\">\n<div class=\"ui container\">\n<div class=\"box grid-box\">\n<div class=\"left column\"><\/div>\n<\/div>\n<\/div>\n<\/div>\n<\/div>\n<\/div>\n<\/div>\n<\/div>\n<\/div>\n<\/div>\n<div class=\"inner-page prodet-page\">\n<div class=\"ui container\">\n<div class=\"ui grid-box two\">\n<div class=\"page-rightBar thirteen wide column\">\n<div class=\"prodet-det-box\">\n<div class=\"ui\">\n<div class=\"rel\">\n<div class=\"con-box rel2\">\n<p><span>Ortalama boyut<\/span><\/p>\n<p>&nbsp;<\/p>\n<p><img loading=\"lazy\" decoding=\"async\" class=\"alignnone size-full wp-image-2893\" src=\"https:\/\/www.jelpc.com\/wp-content\/uploads\/2020\/01\/4F210-Overall-Dimension.jpg\" alt=\"\" width=\"950\" height=\"1054\" \/><\/p>\n<\/div>\n<\/div>\n<\/div>\n<\/div>\n<\/div>\n<\/div>\n<\/div>\n<\/div>\n<div id=\"footer\">\n<div class=\"footer-top\">\n<div class=\"ui container\">\n<div class=\"box grid-box\">\n<div class=\"left column\">\n<div class=\"inner-page prodet-page\">\n<div class=\"ui container\">\n<div class=\"ui grid-box two\">\n<div class=\"page-rightBar thirteen wide column\">\n<div class=\"prodet-det-box\">\n<div class=\"ui\">\n<div class=\"rel\">\n<div class=\"con-box rel2\">\n<p>Ortalama boyut<\/p>\n<p>&nbsp;<\/p>\n<p><img loading=\"lazy\" decoding=\"async\" class=\"alignnone size-full wp-image-2893\" src=\"https:\/\/www.jelpc.com\/wp-content\/uploads\/2020\/01\/4F210-Overall-Dimension.jpg\" alt=\"\" width=\"950\" height=\"1054\" \/><\/p>\n<\/div>\n<\/div>\n<\/div>\n<\/div>\n<\/div>\n<\/div>\n<\/div>\n<\/div>\n<div id=\"footer\">\n<div class=\"footer-top\">\n<div class=\"ui container\">\n<div class=\"box grid-box\">\n<div class=\"left column\">\n<div class=\"inner-page prodet-page\">\n<div class=\"ui container\">\n<div class=\"ui grid-box two\">\n<div class=\"page-rightBar thirteen wide column\">\n<div class=\"prodet-det-box\">\n<div class=\"ui\">\n<div class=\"rel\">\n<div class=\"con-box rel2\">\n<p>Ortalama boyut<\/p>\n<p>&nbsp;<\/p>\n<p><img loading=\"lazy\" decoding=\"async\" class=\"alignnone size-full wp-image-2893\" src=\"https:\/\/www.jelpc.com\/wp-content\/uploads\/2020\/01\/4F210-Overall-Dimension.jpg\" alt=\"\" width=\"950\" height=\"1054\" \/><\/p>\n<\/div>\n<\/div>\n<\/div>\n<\/div>\n<\/div>\n<\/div>\n<\/div>\n<\/div>\n<div id=\"footer\">\n<div class=\"footer-top\">\n<div class=\"ui container\">\n<div class=\"box grid-box\">\n<div class=\"left column\"><\/div>\n<\/div>\n<\/div>\n<\/div>\n<\/div>\n<\/div>\n<\/div>\n<\/div>\n<\/div>\n<\/div>\n<\/div>\n<\/div>\n<\/div>\n<\/div>\n<\/div>\n","protected":false},"excerpt":{"rendered":"<p><strong>Pedal Kumandal\u0131 Valfler<\/strong><\/p>\n","protected":false},"featured_media":6717,"template":"","meta":[],"product_cat":[47,73,75],"product_tag":[151,180,147,140,144,145,142,143],"class_list":{"0":"post-6714","1":"product","2":"type-product","3":"status-publish","4":"has-post-thumbnail","6":"product_cat-tum-urunleri","7":"product_cat-pnomatik","8":"product_cat-valfler","9":"product_tag-1-4","10":"product_tag-3-2","11":"product_tag-5-2","12":"product_tag-bursa-pnomatik-valf","13":"product_tag-jelpc","14":"product_tag-jelpcbursa","15":"product_tag-valf","16":"product_tag-valf-fiyati","18":"first","19":"instock","20":"shipping-taxable","21":"product-type-simple"},"_links":{"self":[{"href":"https:\/\/novahidrolik.com.tr\/index.php\/wp-json\/wp\/v2\/product\/6714","targetHints":{"allow":["GET"]}}],"collection":[{"href":"https:\/\/novahidrolik.com.tr\/index.php\/wp-json\/wp\/v2\/product"}],"about":[{"href":"https:\/\/novahidrolik.com.tr\/index.php\/wp-json\/wp\/v2\/types\/product"}],"version-history":[{"count":0,"href":"https:\/\/novahidrolik.com.tr\/index.php\/wp-json\/wp\/v2\/product\/6714\/revisions"}],"wp:featuredmedia":[{"embeddable":true,"href":"https:\/\/novahidrolik.com.tr\/index.php\/wp-json\/wp\/v2\/media\/6717"}],"wp:attachment":[{"href":"https:\/\/novahidrolik.com.tr\/index.php\/wp-json\/wp\/v2\/media?parent=6714"}],"wp:term":[{"taxonomy":"product_cat","embeddable":true,"href":"https:\/\/novahidrolik.com.tr\/index.php\/wp-json\/wp\/v2\/product_cat?post=6714"},{"taxonomy":"product_tag","embeddable":true,"href":"https:\/\/novahidrolik.com.tr\/index.php\/wp-json\/wp\/v2\/product_tag?post=6714"}],"curies":[{"name":"wp","href":"https:\/\/api.w.org\/{rel}","templated":true}]}}