{"id":6720,"date":"2022-01-15T12:09:51","date_gmt":"2022-01-15T09:09:51","guid":{"rendered":"https:\/\/novahidrolik.com.tr\/?post_type=product&#038;p=6720"},"modified":"2022-01-15T12:09:52","modified_gmt":"2022-01-15T09:09:52","slug":"4h-kol-kumandali-pnomatik-valf-serisi","status":"publish","type":"product","link":"https:\/\/novahidrolik.com.tr\/index.php\/urun\/4h-kol-kumandali-pnomatik-valf-serisi\/","title":{"rendered":"4H Kol Kumandal\u0131 Pn\u00f6matik Valf Serisi"},"content":{"rendered":"<p><strong>\u00d6zellikleri:<\/strong><\/p>\n<p><span>1. Yeni i\u015flememizde i\u00e7 delik p\u00fcr\u00fczl\u00fcl\u00fc\u011f\u00fcn\u00fc garanti ediyoruz.<\/span><\/p>\n<p><span>2. Tutamak taban\u0131, g\u00f6r\u00fcn\u00fcm\u00fc bozmak i\u00e7in y\u00fcksek mukavemetli plastik kullan\u0131n.<\/span><\/p>\n<p><span>3. S\u00fcrt\u00fcnmeyi azaltmak i\u00e7in film sa\u011flayan Alman y\u00fcksek standartl\u0131 \u00f6zel gresini ithal etmek.<\/span><\/p>\n<p><span>4. Vana makaras\u0131, kullan\u0131m \u00f6mr\u00fcn\u00fc uzatmak i\u00e7in Japonya&#8217;dan ithal edilen contalar\u0131 kullan\u0131r.<\/span><\/p>\n<p>&nbsp;<\/p>\n<p><img loading=\"lazy\" decoding=\"async\" src=\"https:\/\/www.jelpc.com\/wp-content\/uploads\/2019\/12\/55.png\" alt=\"\" width=\"1100\" height=\"1\" \/><\/p>\n<p>&nbsp;<\/p>\n<p><span>\u0130\u00e7 yap\u0131<\/span><\/p>\n<p>&nbsp;<\/p>\n<p><img loading=\"lazy\" decoding=\"async\" class=\"alignnone size-full wp-image-2855\" src=\"https:\/\/www.jelpc.com\/wp-content\/uploads\/2020\/01\/4H-Internal-Structure.jpg\" alt=\"\" width=\"950\" height=\"679\" \/><\/p>\n<p>&nbsp;<\/p>\n<p><span>Par\u00e7alar<\/span><\/p>\n<p>&nbsp;<\/p>\n<table border=\"1\" width=\"100%\" cellspacing=\"0\" cellpadding=\"0\">\n<tbody>\n<tr>\n<td><span>Numara<\/span><\/td>\n<td><span>\u0130sim<\/span><\/td>\n<td><span>Numara<\/span><\/td>\n<td><span>\u0130sim<\/span><\/td>\n<\/tr>\n<tr>\n<td><span>ben<\/span><\/td>\n<td><span>Arka kapak<\/span><\/td>\n<td><span>6<\/span><\/td>\n<td><span>Kir ge\u00e7irmez \u00e7izme<\/span><\/td>\n<\/tr>\n<tr>\n<td><span>2<\/span><\/td>\n<td><span>Vana g\u00f6vdesi<\/span><\/td>\n<td><span>7<\/span><\/td>\n<td><span>Kilit somunu<\/span><\/td>\n<\/tr>\n<tr>\n<td><span>3<\/span><\/td>\n<td><span>D\u00fcz halka<\/span><\/td>\n<td><span>8<\/span><\/td>\n<td><span>Conta<\/span><\/td>\n<\/tr>\n<tr>\n<td><span>4<\/span><\/td>\n<td><span>Valf makaras\u0131<\/span><\/td>\n<td><span>9<\/span><\/td>\n<td><span>Kapak<\/span><\/td>\n<\/tr>\n<tr>\n<td><span>5<\/span><\/td>\n<td><span>\u00dcstesinden gelmek<\/span><\/td>\n<td><span>10<\/span><\/td>\n<td><span>Ayar vidas\u0131<\/span><\/td>\n<\/tr>\n<\/tbody>\n<\/table>\n<p>&nbsp;<\/p>\n<p><img loading=\"lazy\" decoding=\"async\" src=\"https:\/\/www.jelpc.com\/wp-content\/uploads\/2019\/12\/55.png\" alt=\"\" width=\"1100\" height=\"1\" \/><\/p>\n<p>&nbsp;<\/p>\n<p><span>Sipari\u015f kodu<\/span><\/p>\n<p>&nbsp;<\/p>\n<p><img loading=\"lazy\" decoding=\"async\" class=\"aligncenter size-full wp-image-3625\" src=\"https:\/\/www.jelpc.com\/wp-content\/uploads\/2020\/01\/4H-Ordering-Code.jpg\" alt=\"\" width=\"2100\" height=\"450\" \/><\/p>\n<p>&nbsp;<\/p>\n<p><img loading=\"lazy\" decoding=\"async\" src=\"https:\/\/www.jelpc.com\/wp-content\/uploads\/2019\/12\/55.png\" alt=\"\" width=\"1100\" height=\"1\" \/><\/p>\n<p>&nbsp;<\/p>\n<p><span>\u015eartname<\/span><\/p>\n<p>&nbsp;<\/p>\n<table border=\"1\" width=\"100%\" cellspacing=\"0\" cellpadding=\"0\">\n<tbody>\n<tr>\n<td><span>modeli<\/span><\/td>\n<td><span>4H210-06<\/span><\/td>\n<td><span>4H210-08<\/span><\/td>\n<td><span>4H230-08<\/span><\/td>\n<td><span>4H310-08<\/span><\/td>\n<td><span>4H310-10<\/span><\/td>\n<td><span>4H330-10<\/span><\/td>\n<td><span>4H410-15<\/span><\/td>\n<td><span>4H430-15<\/span><\/td>\n<\/tr>\n<tr>\n<td><span>\u00c7al\u0131\u015fma Ortam\u0131<\/span><\/td>\n<td colspan=\"8\"><span>40 Mikron Filtrelenmi\u015f Hava<\/span><\/td>\n<\/tr>\n<tr>\n<td><span>Operasyon<\/span><\/td>\n<td colspan=\"8\"><span>do\u011frudan<\/span><\/td>\n<\/tr>\n<tr>\n<td><span>Etkili Kesit Alan\u0131<\/span><\/td>\n<td><span>14mm\u00b2CV=0.78)<\/span><\/td>\n<td><span>16mm\u00b2(CV=0.89)<\/span><\/td>\n<td><span>12mm\u00b2(CV=0.67)<\/span><\/td>\n<td><span>25mm\u00b2(CV=1,4)<\/span><\/td>\n<td><span>30mm\u00b2(CV=1.68)<\/span><\/td>\n<td><span>18mm\u00b2(CV=1.00)<\/span><\/td>\n<td><span>50mm\u00b2(CV=2.79)<\/span><\/td>\n<td><span>30mm\u00b2(CV=1.68)<\/span><\/td>\n<\/tr>\n<tr>\n<td><span>Ba\u011flant\u0131 noktas\u0131 boyutu<\/span><\/td>\n<td><span>Giri\u015f, \u00c7\u0131k\u0131\u015f, Egzoz Ba\u011flant\u0131 Noktas\u0131\uff1dG1\/8&#8243;<\/span><\/td>\n<td><span>Giri\u015f, \u00c7\u0131k\u0131\u015f\uff1dG1\/4&#8243; Egzoz Ba\u011flant\u0131 Noktas\u0131=G1\/8&#8243;<\/span><\/td>\n<td><span>Giri\u015f, \u00c7\u0131k\u0131\u015f, Egzoz Portu\uff1dG1\/4&#8243;<\/span><\/td>\n<td><span>Giri\u015f, \u00c7\u0131k\u0131\u015f, Egzoz Portu\uff1dG1\/4&#8243;<\/span><\/td>\n<td colspan=\"2\"><span>Giri\u015f, \u00c7\u0131k\u0131\u015f\uff1dG3\/8&#8243; Egzoz Ba\u011flant\u0131 Noktas\u0131\uff1dG1\/4&#8243;<\/span><\/td>\n<td colspan=\"2\"><span>Giri\u015f, \u00c7\u0131k\u0131\u015f, Egzoz Portu\uff1dG1\/2&#8243;<\/span><\/td>\n<\/tr>\n<tr>\n<td><span>\u00c7al\u0131\u015fma Bas\u0131nc\u0131<\/span><\/td>\n<td colspan=\"8\"><span>0\uff5e0.8MPa<\/span><\/td>\n<\/tr>\n<tr>\n<td><span>\u00c7al\u0131\u015fma s\u0131cakl\u0131\u011f\u0131<\/span><\/td>\n<td colspan=\"8\"><span>-20~70\u2103<\/span><\/td>\n<\/tr>\n<\/tbody>\n<\/table>\n<p>&nbsp;<\/p>\n<p>&nbsp;<\/p>\n<p><strong>Ortalama boyut:<\/strong><\/p>\n<p>&nbsp;<\/p>\n<p><img loading=\"lazy\" decoding=\"async\" class=\"alignnone size-full wp-image-2857\" src=\"https:\/\/www.jelpc.com\/wp-content\/uploads\/2020\/01\/4H-Overall-Dimension.jpg\" alt=\"\" width=\"950\" height=\"1185\" \/><\/p>\n<p><img loading=\"lazy\" decoding=\"async\" class=\"alignnone size-medium wp-image-2858\" src=\"https:\/\/www.jelpc.com\/wp-content\/uploads\/2020\/01\/4H-Overall-Dimension-2.jpg\" alt=\"\" width=\"950\" height=\"1185\" \/><\/p>\n<p><img loading=\"lazy\" decoding=\"async\" class=\"alignnone size-medium wp-image-2859\" src=\"https:\/\/www.jelpc.com\/wp-content\/uploads\/2020\/01\/4H-Overall-Dimension-3.jpg\" alt=\"\" width=\"950\" height=\"1185\" \/><\/p>\n<p><img loading=\"lazy\" decoding=\"async\" class=\"alignnone size-medium wp-image-2860\" src=\"https:\/\/www.jelpc.com\/wp-content\/uploads\/2020\/01\/4H-Overall-Dimension-4.jpg\" alt=\"\" width=\"950\" height=\"1185\" \/><\/p>\n<p><img loading=\"lazy\" decoding=\"async\" class=\"alignnone size-medium wp-image-2861\" src=\"https:\/\/www.jelpc.com\/wp-content\/uploads\/2020\/01\/4H-Overall-Dimension-5.jpg\" alt=\"\" width=\"950\" height=\"1185\" \/><\/p>\n","protected":false},"excerpt":{"rendered":"<p><strong>4H Kol Kumandal\u0131 Pn\u00f6matik Valf Serisi\u00a0<\/strong><\/p>\n<p><span>\u00d6zellikleri:<\/span><\/p>\n<p><span>1. Yeni i\u015flememizde i\u00e7 delik p\u00fcr\u00fczl\u00fcl\u00fc\u011f\u00fcn\u00fc garanti ediyoruz.<\/span><\/p>\n<p><span>2. Tutamak taban\u0131, g\u00f6r\u00fcn\u00fcm\u00fc bozmak i\u00e7in y\u00fcksek mukavemetli plastik kullan\u0131n.<\/span><\/p>\n<p><span>3. S\u00fcrt\u00fcnmeyi azaltmak i\u00e7in film sa\u011flayan Alman y\u00fcksek standartl\u0131 \u00f6zel gresini ithal etmek.<\/span><\/p>\n<p><span>4. Vana makaras\u0131, kullan\u0131m \u00f6mr\u00fcn\u00fc uzatmak i\u00e7in Japonya&#8217;dan ithal edilen contalar\u0131 kullan\u0131r.<\/span><\/p>\n","protected":false},"featured_media":6722,"template":"","meta":[],"product_cat":[47,73,75],"product_tag":[161,151,147,148,140,144,145,142,143],"class_list":{"0":"post-6720","1":"product","2":"type-product","3":"status-publish","4":"has-post-thumbnail","6":"product_cat-tum-urunleri","7":"product_cat-pnomatik","8":"product_cat-valfler","9":"product_tag-1-2","10":"product_tag-1-4","11":"product_tag-5-2","12":"product_tag-5-3","13":"product_tag-bursa-pnomatik-valf","14":"product_tag-jelpc","15":"product_tag-jelpcbursa","16":"product_tag-valf","17":"product_tag-valf-fiyati","19":"first","20":"instock","21":"shipping-taxable","22":"product-type-simple"},"_links":{"self":[{"href":"https:\/\/novahidrolik.com.tr\/index.php\/wp-json\/wp\/v2\/product\/6720","targetHints":{"allow":["GET"]}}],"collection":[{"href":"https:\/\/novahidrolik.com.tr\/index.php\/wp-json\/wp\/v2\/product"}],"about":[{"href":"https:\/\/novahidrolik.com.tr\/index.php\/wp-json\/wp\/v2\/types\/product"}],"version-history":[{"count":0,"href":"https:\/\/novahidrolik.com.tr\/index.php\/wp-json\/wp\/v2\/product\/6720\/revisions"}],"wp:featuredmedia":[{"embeddable":true,"href":"https:\/\/novahidrolik.com.tr\/index.php\/wp-json\/wp\/v2\/media\/6722"}],"wp:attachment":[{"href":"https:\/\/novahidrolik.com.tr\/index.php\/wp-json\/wp\/v2\/media?parent=6720"}],"wp:term":[{"taxonomy":"product_cat","embeddable":true,"href":"https:\/\/novahidrolik.com.tr\/index.php\/wp-json\/wp\/v2\/product_cat?post=6720"},{"taxonomy":"product_tag","embeddable":true,"href":"https:\/\/novahidrolik.com.tr\/index.php\/wp-json\/wp\/v2\/product_tag?post=6720"}],"curies":[{"name":"wp","href":"https:\/\/api.w.org\/{rel}","templated":true}]}}