{"id":6732,"date":"2022-01-15T12:18:51","date_gmt":"2022-01-15T09:18:51","guid":{"rendered":"https:\/\/novahidrolik.com.tr\/?post_type=product&#038;p=6732"},"modified":"2022-01-15T12:18:52","modified_gmt":"2022-01-15T09:18:52","slug":"jm-serisi-mekanik-valf","status":"publish","type":"product","link":"https:\/\/novahidrolik.com.tr\/index.php\/urun\/jm-serisi-mekanik-valf\/","title":{"rendered":"JM Serisi Mekanik Valf"},"content":{"rendered":"<p><strong>Sipari\u015f kodu:<\/strong><\/p>\n<p>&nbsp;<\/p>\n<p><img loading=\"lazy\" decoding=\"async\" class=\"aligncenter size-full wp-image-3642\" src=\"https:\/\/www.jelpc.com\/wp-content\/uploads\/2020\/01\/JM-Ordering-Code.jpg\" alt=\"\" width=\"2100\" height=\"405\" \/><\/p>\n<p>&nbsp;<\/p>\n<p><img loading=\"lazy\" decoding=\"async\" src=\"https:\/\/www.jelpc.com\/wp-content\/uploads\/2019\/12\/55.png\" alt=\"\" width=\"1100\" height=\"1\" \/><\/p>\n<p>&nbsp;<\/p>\n<p><span>sembol<\/span><\/p>\n<p>&nbsp;<\/p>\n<p><img loading=\"lazy\" decoding=\"async\" class=\"alignnone size-full wp-image-2926\" src=\"https:\/\/www.jelpc.com\/wp-content\/uploads\/2020\/01\/JM-Symbol.jpg\" alt=\"\" width=\"400\" height=\"200\" \/><\/p>\n<p>&nbsp;<\/p>\n<p><img loading=\"lazy\" decoding=\"async\" src=\"https:\/\/www.jelpc.com\/wp-content\/uploads\/2019\/12\/55.png\" alt=\"\" width=\"1100\" height=\"1\" \/><\/p>\n<p>&nbsp;<\/p>\n<p><span>\u015eartname<\/span><\/p>\n<p>&nbsp;<\/p>\n<table border=\"1\" width=\"100%\" cellspacing=\"0\" cellpadding=\"0\">\n<tbody>\n<tr>\n<td><span>\u00a0modeli<\/span><\/td>\n<td><span>JM-05<\/span><\/td>\n<td><span>JM-06 \u00a0<\/span><\/td>\n<td><span>JM-06A<\/span><\/td>\n<td><span>JM-07<\/span><\/td>\n<\/tr>\n<tr>\n<td><span>\u00c7al\u0131\u015fma Ortam\u0131<\/span><\/td>\n<td colspan=\"4\"><span>40 Mikron Filtrelenmi\u015f Hava<\/span><\/td>\n<\/tr>\n<tr>\n<td><span>\u00c7al\u0131\u015fma Bas\u0131nc\u0131<\/span><\/td>\n<td colspan=\"4\"><span>0\uff5e0.8MPa<\/span><\/td>\n<\/tr>\n<tr>\n<td><span>Ortam s\u0131cakl\u0131\u011f\u0131<\/span><\/td>\n<td colspan=\"4\"><span>-20~70\u2103<\/span><\/td>\n<\/tr>\n<tr>\n<td><span>Vana Tipi<\/span><\/td>\n<td colspan=\"4\"><span>3\/2 yol<\/span><\/td>\n<\/tr>\n<tr>\n<td><span>Ba\u011flant\u0131 noktas\u0131 boyutu<\/span><\/td>\n<td colspan=\"4\"><\/td>\n<\/tr>\n<\/tbody>\n<\/table>\n<p>&nbsp;<\/p>\n<p>&nbsp;<\/p>\n<p><strong>Ortalama boyut:<\/strong><\/p>\n<p>&nbsp;<\/p>\n<p><img loading=\"lazy\" decoding=\"async\" class=\"alignnone size-full wp-image-2927\" src=\"https:\/\/www.jelpc.com\/wp-content\/uploads\/2020\/01\/JM-Overall-Dimension.jpg\" alt=\"\" width=\"900\" height=\"600\" \/><\/p>\n<p>&nbsp;<\/p>\n<p><span>Boyut<\/span><\/p>\n<p>&nbsp;<\/p>\n<table border=\"1\" width=\"100%\" cellspacing=\"0\" cellpadding=\"0\">\n<tbody>\n<tr>\n<td><span>modeli<\/span><\/td>\n<td><span>A<\/span><\/td>\n<td><span>B<\/span><\/td>\n<\/tr>\n<tr>\n<td><span>JM-05<\/span><\/td>\n<td><span>114<\/span><\/td>\n<td><span>36.5<\/span><\/td>\n<\/tr>\n<tr>\n<td><span>JM-06<\/span><\/td>\n<td><span>111<\/span><\/td>\n<td><span>39.5<\/span><\/td>\n<\/tr>\n<tr>\n<td><span>JM-06A<\/span><\/td>\n<td><span>96<\/span><\/td>\n<td><span>39.5<\/span><\/td>\n<\/tr>\n<tr>\n<td><span>JM-07<\/span><\/td>\n<td><span>84.5<\/span><\/td>\n<td><span>42.5<\/span><\/td>\n<\/tr>\n<\/tbody>\n<\/table>\n","protected":false},"excerpt":{"rendered":"<h1 class=\"pro_tit\"><span>Mekanik Valf<\/span><\/h1>\n","protected":false},"featured_media":6733,"template":"","meta":[],"product_cat":[47,73,75],"product_tag":[151,180,140,144,145,146,184,185,143],"class_list":{"0":"post-6732","1":"product","2":"type-product","3":"status-publish","4":"has-post-thumbnail","6":"product_cat-tum-urunleri","7":"product_cat-pnomatik","8":"product_cat-valfler","9":"product_tag-1-4","10":"product_tag-3-2","11":"product_tag-bursa-pnomatik-valf","12":"product_tag-jelpc","13":"product_tag-jelpcbursa","14":"product_tag-jelpcvalf","15":"product_tag-mekanik-valf","16":"product_tag-pnomatik-valf","17":"product_tag-valf-fiyati","19":"first","20":"instock","21":"shipping-taxable","22":"product-type-simple"},"_links":{"self":[{"href":"https:\/\/novahidrolik.com.tr\/index.php\/wp-json\/wp\/v2\/product\/6732","targetHints":{"allow":["GET"]}}],"collection":[{"href":"https:\/\/novahidrolik.com.tr\/index.php\/wp-json\/wp\/v2\/product"}],"about":[{"href":"https:\/\/novahidrolik.com.tr\/index.php\/wp-json\/wp\/v2\/types\/product"}],"version-history":[{"count":0,"href":"https:\/\/novahidrolik.com.tr\/index.php\/wp-json\/wp\/v2\/product\/6732\/revisions"}],"wp:featuredmedia":[{"embeddable":true,"href":"https:\/\/novahidrolik.com.tr\/index.php\/wp-json\/wp\/v2\/media\/6733"}],"wp:attachment":[{"href":"https:\/\/novahidrolik.com.tr\/index.php\/wp-json\/wp\/v2\/media?parent=6732"}],"wp:term":[{"taxonomy":"product_cat","embeddable":true,"href":"https:\/\/novahidrolik.com.tr\/index.php\/wp-json\/wp\/v2\/product_cat?post=6732"},{"taxonomy":"product_tag","embeddable":true,"href":"https:\/\/novahidrolik.com.tr\/index.php\/wp-json\/wp\/v2\/product_tag?post=6732"}],"curies":[{"name":"wp","href":"https:\/\/api.w.org\/{rel}","templated":true}]}}