{"id":6738,"date":"2022-01-15T12:26:14","date_gmt":"2022-01-15T09:26:14","guid":{"rendered":"https:\/\/novahidrolik.com.tr\/?post_type=product&#038;p=6738"},"modified":"2022-01-15T12:26:14","modified_gmt":"2022-01-15T09:26:14","slug":"msv-serisi-mekanik-valf","status":"publish","type":"product","link":"https:\/\/novahidrolik.com.tr\/index.php\/urun\/msv-serisi-mekanik-valf\/","title":{"rendered":"MSV Serisi Mekanik Valf"},"content":{"rendered":"<p><strong>Sipari\u015f kodu:<\/strong><\/p>\n<p>&nbsp;<\/p>\n<p><img loading=\"lazy\" decoding=\"async\" class=\"aligncenter size-full wp-image-3640\" src=\"https:\/\/www.jelpc.com\/wp-content\/uploads\/2020\/01\/MSV-Ordering-Code.jpg\" alt=\"\" width=\"2100\" height=\"600\" \/><\/p>\n<p>&nbsp;<\/p>\n<p><img loading=\"lazy\" decoding=\"async\" src=\"https:\/\/www.jelpc.com\/wp-content\/uploads\/2019\/12\/55.png\" alt=\"\" width=\"1100\" height=\"1\" \/><\/p>\n<p>&nbsp;<\/p>\n<p><span>\u015eartname<\/span><\/p>\n<p>&nbsp;<\/p>\n<table border=\"1\" width=\"100%\" cellspacing=\"0\" cellpadding=\"0\">\n<tbody>\n<tr>\n<td><span>modeli<\/span><\/td>\n<td><span>MSV86321<\/span><\/td>\n<td><span>MSV86522<\/span><\/td>\n<td><span>MSV98322<\/span><\/td>\n<\/tr>\n<tr>\n<td><span>\u00c7al\u0131\u015fma Ortam\u0131<\/span><\/td>\n<td colspan=\"3\"><span>40 Mikron Filtrelenmi\u015f Hava<\/span><\/td>\n<\/tr>\n<tr>\n<td><span>Vana Tipi<\/span><\/td>\n<td><span>3\/2 Yol<\/span><\/td>\n<td><span>5\/2 Yol<\/span><\/td>\n<td><span>3\/2 Yol<\/span><\/td>\n<\/tr>\n<tr>\n<td><span>\u00c7al\u0131\u015fma Bas\u0131nc\u0131<\/span><\/td>\n<td><span>0\uff5e0.8 MPa<\/span><\/td>\n<td><span>0\uff5e0.8 MPa<\/span><\/td>\n<td><span>0\uff5e0.8 MPa<\/span><\/td>\n<\/tr>\n<tr>\n<td><span>Ortam s\u0131cakl\u0131\u011f\u0131<\/span><\/td>\n<td colspan=\"3\"><span>-20~70\u2103<\/span><\/td>\n<\/tr>\n<tr>\n<td><span>Etkili Kesit Alan\u0131<\/span><\/td>\n<td><span>12mm\u00b2(CV=0.67)<\/span><\/td>\n<td><span>16mm\u00b2(CV=0.89)<\/span><\/td>\n<td><span>16mm\u00b2(CV=0.89)<\/span><\/td>\n<\/tr>\n<tr>\n<td><span>Ba\u011flant\u0131 noktas\u0131 boyutu<\/span><\/td>\n<td><span>G1\/8&#8243;<\/span><\/td>\n<td><span>G1\/4&#8243;<\/span><\/td>\n<td><span>G1\/4&#8243;<\/span><\/td>\n<\/tr>\n<\/tbody>\n<\/table>\n<p>&nbsp;<\/p>\n<p><strong>Ortalama boyut:<\/strong><\/p>\n<p>&nbsp;<\/p>\n<p><img loading=\"lazy\" decoding=\"async\" class=\"alignnone size-full wp-image-2924\" src=\"https:\/\/www.jelpc.com\/wp-content\/uploads\/2020\/01\/MSV-Overall-Dimension.jpg\" alt=\"\" width=\"950\" height=\"645\" \/><\/p>\n<p>&nbsp;<\/p>\n<p><span>Boyut<\/span><\/p>\n<p>&nbsp;<\/p>\n<table border=\"1\" width=\"100%\" cellspacing=\"0\" cellpadding=\"0\">\n<tbody>\n<tr>\n<td><span>Diziler<\/span><\/td>\n<td><span>Sembol \/ Model<\/span><\/td>\n<td><span>PP<\/span><\/td>\n<td><span>PPL<\/span><\/td>\n<td><span>1 POUND = 0.45 KG<\/span><\/td>\n<td><span>t\u00fcberk\u00fcloz<\/span><\/td>\n<td><span>EB<\/span><\/td>\n<td><span>PB<\/span><\/td>\n<td><span>r<\/span><\/td>\n<\/tr>\n<tr>\n<td rowspan=\"2\"><span>MSV86522<\/span><\/td>\n<td><span>A<\/span><\/td>\n<td><span>114<\/span><\/td>\n<td><span>119<\/span><\/td>\n<td><span>133<\/span><\/td>\n<td><span>136.5<\/span><\/td>\n<td><span>134<\/span><\/td>\n<td><span>131<\/span><\/td>\n<td><span>107.5<\/span><\/td>\n<\/tr>\n<tr>\n<td><span>B<\/span><\/td>\n<td><span>39.5<\/span><\/td>\n<td><span>24.5<\/span><\/td>\n<td><span>26.5<\/span><\/td>\n<td><span>36.5<\/span><\/td>\n<td><span>39.5<\/span><\/td>\n<td><span>37.5<\/span><\/td>\n<td><span>42.5<\/span><\/td>\n<\/tr>\n<tr>\n<td rowspan=\"2\"><span>MSV98322<\/span><\/td>\n<td><span>A<\/span><\/td>\n<td><span>106<\/span><\/td>\n<td><span>111<\/span><\/td>\n<td><span>125<\/span><\/td>\n<td><span>129.5<\/span><\/td>\n<td><span>126<\/span><\/td>\n<td><span>123<\/span><\/td>\n<td><span>99.5<\/span><\/td>\n<\/tr>\n<tr>\n<td><span>B<\/span><\/td>\n<td><span>39.5<\/span><\/td>\n<td><span>24.5<\/span><\/td>\n<td><span>26.5<\/span><\/td>\n<td><span>36.5<\/span><\/td>\n<td><span>39.5<\/span><\/td>\n<td><span>37.5<\/span><\/td>\n<td><span>425.5<\/span><\/td>\n<\/tr>\n<tr>\n<td rowspan=\"2\"><span>MSV86321<\/span><\/td>\n<td><span>A<\/span><\/td>\n<td><span>66<\/span><\/td>\n<td><span>71<\/span><\/td>\n<td><span>85<\/span><\/td>\n<td><span>88.5<\/span><\/td>\n<td><span>86<\/span><\/td>\n<td><span>83<\/span><\/td>\n<td><span>59.5<\/span><\/td>\n<\/tr>\n<tr>\n<td><span>B<\/span><\/td>\n<td><span>39.5<\/span><\/td>\n<td><span>24.5<\/span><\/td>\n<td><span>26.5<\/span><\/td>\n<td><span>36.5<\/span><\/td>\n<td><span>39.5<\/span><\/td>\n<td><span>37.5<\/span><\/td>\n<td><span>42.5<\/span><\/td>\n<\/tr>\n<\/tbody>\n<\/table>\n<p>&nbsp;<\/p>\n<p><img loading=\"lazy\" decoding=\"async\" class=\"alignnone size-full wp-image-2923\" src=\"https:\/\/www.jelpc.com\/wp-content\/uploads\/2020\/01\/MSV-Dimension.jpg\" alt=\"\" width=\"950\" height=\"204\" \/><\/p>\n","protected":false},"excerpt":{"rendered":"<p><strong>Mekanik Valf<\/strong><\/p>\n","protected":false},"featured_media":6739,"template":"","meta":[],"product_cat":[47,73,75],"product_tag":[151,180,147,140,144,145,146,142,143],"class_list":{"0":"post-6738","1":"product","2":"type-product","3":"status-publish","4":"has-post-thumbnail","6":"product_cat-tum-urunleri","7":"product_cat-pnomatik","8":"product_cat-valfler","9":"product_tag-1-4","10":"product_tag-3-2","11":"product_tag-5-2","12":"product_tag-bursa-pnomatik-valf","13":"product_tag-jelpc","14":"product_tag-jelpcbursa","15":"product_tag-jelpcvalf","16":"product_tag-valf","17":"product_tag-valf-fiyati","19":"first","20":"instock","21":"shipping-taxable","22":"product-type-simple"},"_links":{"self":[{"href":"https:\/\/novahidrolik.com.tr\/index.php\/wp-json\/wp\/v2\/product\/6738","targetHints":{"allow":["GET"]}}],"collection":[{"href":"https:\/\/novahidrolik.com.tr\/index.php\/wp-json\/wp\/v2\/product"}],"about":[{"href":"https:\/\/novahidrolik.com.tr\/index.php\/wp-json\/wp\/v2\/types\/product"}],"version-history":[{"count":0,"href":"https:\/\/novahidrolik.com.tr\/index.php\/wp-json\/wp\/v2\/product\/6738\/revisions"}],"wp:featuredmedia":[{"embeddable":true,"href":"https:\/\/novahidrolik.com.tr\/index.php\/wp-json\/wp\/v2\/media\/6739"}],"wp:attachment":[{"href":"https:\/\/novahidrolik.com.tr\/index.php\/wp-json\/wp\/v2\/media?parent=6738"}],"wp:term":[{"taxonomy":"product_cat","embeddable":true,"href":"https:\/\/novahidrolik.com.tr\/index.php\/wp-json\/wp\/v2\/product_cat?post=6738"},{"taxonomy":"product_tag","embeddable":true,"href":"https:\/\/novahidrolik.com.tr\/index.php\/wp-json\/wp\/v2\/product_tag?post=6738"}],"curies":[{"name":"wp","href":"https:\/\/api.w.org\/{rel}","templated":true}]}}