{"id":6774,"date":"2022-01-15T13:02:16","date_gmt":"2022-01-15T10:02:16","guid":{"rendered":"https:\/\/novahidrolik.com.tr\/?post_type=product&#038;p=6774"},"modified":"2022-01-15T13:02:16","modified_gmt":"2022-01-15T10:02:16","slug":"st-serisi-cabuk-egzoz","status":"publish","type":"product","link":"https:\/\/novahidrolik.com.tr\/index.php\/urun\/st-serisi-cabuk-egzoz\/","title":{"rendered":"ST Serisi \u00c7abuk  Egzoz"},"content":{"rendered":"<p><strong>Sipari\u015f kodu:<\/strong><\/p>\n<p>&nbsp;<\/p>\n<p><img loading=\"lazy\" decoding=\"async\" class=\"aligncenter size-full wp-image-3648\" src=\"https:\/\/www.jelpc.com\/wp-content\/uploads\/2020\/01\/ST-Ordering-Code.jpg\" alt=\"\" width=\"2100\" height=\"500\" \/><\/p>\n<p>&nbsp;<\/p>\n<p><img loading=\"lazy\" decoding=\"async\" src=\"https:\/\/www.jelpc.com\/wp-content\/uploads\/2019\/12\/55.png\" alt=\"\" width=\"1100\" height=\"1\" \/><\/p>\n<p>&nbsp;<\/p>\n<p><span>sembol<\/span><\/p>\n<p>&nbsp;<\/p>\n<p><img loading=\"lazy\" decoding=\"async\" class=\"alignnone size-full wp-image-2961\" src=\"https:\/\/www.jelpc.com\/wp-content\/uploads\/2020\/01\/ST-Symbol.jpg\" alt=\"\" width=\"400\" height=\"200\" \/><\/p>\n<p>&nbsp;<\/p>\n<p><img loading=\"lazy\" decoding=\"async\" src=\"https:\/\/www.jelpc.com\/wp-content\/uploads\/2019\/12\/55.png\" alt=\"\" width=\"1100\" height=\"1\" \/><\/p>\n<p>&nbsp;<\/p>\n<p><span>\u015eartname<\/span><\/p>\n<p>&nbsp;<\/p>\n<table border=\"1\" width=\"100%\" cellspacing=\"0\" cellpadding=\"0\">\n<tbody>\n<tr>\n<td><span>modeli<\/span><\/td>\n<td><span>ST-01<\/span><\/td>\n<td><span>ST-02<\/span><\/td>\n<td><span>ST-03<\/span><\/td>\n<td><span>ST-04<\/span><\/td>\n<td><span>ST-06<\/span><\/td>\n<td><span>ST-08<\/span><\/td>\n<\/tr>\n<tr>\n<td><span>\u00c7al\u0131\u015fma Ortam\u0131<\/span><\/td>\n<td colspan=\"6\"><span>Hava<\/span><\/td>\n<\/tr>\n<tr>\n<td><span>Etkili Kesit Alan\u0131<\/span><\/td>\n<td><span>G1\/8&#8243;<\/span><\/td>\n<td><span>G1\/4&#8243;<\/span><\/td>\n<td><span>G3\/8&#8243;<\/span><\/td>\n<td><span>G1\/2&#8243;<\/span><\/td>\n<td><span>G3\/4&#8243;<\/span><\/td>\n<td><span>G1&#8243;<\/span><\/td>\n<\/tr>\n<tr>\n<td><span>Ba\u011flant\u0131 noktas\u0131 boyutu<\/span><\/td>\n<td><span>7,5 mm\u00b2<\/span><\/td>\n<td><span>21 mm\u00b2<\/span><\/td>\n<td><span>40 mm\u00b2<\/span><\/td>\n<td><span>60 mm\u00b2<\/span><\/td>\n<td><span>110 mm\u00b2<\/span><\/td>\n<td><span>190 mm\u00b2<\/span><\/td>\n<\/tr>\n<tr>\n<td><span>\u00c7al\u0131\u015fma Bas\u0131nc\u0131<\/span><\/td>\n<td colspan=\"6\"><span>0\uff5e1.0MPa<\/span><\/td>\n<\/tr>\n<tr>\n<td><span>Ortam s\u0131cakl\u0131\u011f\u0131<\/span><\/td>\n<td colspan=\"6\"><span>-20~70\u2103<\/span><\/td>\n<\/tr>\n<\/tbody>\n<\/table>\n<p>&nbsp;<\/p>\n<p>&nbsp;<\/p>\n<p><strong>Ortalama boyut:<\/strong><\/p>\n<p>&nbsp;<\/p>\n<p><img loading=\"lazy\" decoding=\"async\" class=\"alignnone size-full wp-image-2962\" src=\"https:\/\/www.jelpc.com\/wp-content\/uploads\/2020\/01\/ST-Overall-Dimension.jpg\" alt=\"\" width=\"900\" height=\"550\" \/><\/p>\n<p>&nbsp;<\/p>\n<p><span>Boyut<\/span><\/p>\n<p>&nbsp;<\/p>\n<table border=\"1\" width=\"100%\" cellspacing=\"0\" cellpadding=\"0\">\n<tbody>\n<tr>\n<td><span>Model\/Sembol<\/span><\/td>\n<td><span>A<\/span><\/td>\n<td><span>B<\/span><\/td>\n<td><span>C<\/span><\/td>\n<td><span>D<\/span><\/td>\n<td><span>E<\/span><\/td>\n<td><span>F<\/span><\/td>\n<td><span>G<\/span><\/td>\n<\/tr>\n<tr>\n<td><span>ST-01<\/span><\/td>\n<td><span>40<\/span><\/td>\n<td><span>24<\/span><\/td>\n<td><span>16<\/span><\/td>\n<td><span>4.5<\/span><\/td>\n<td><span>25<\/span><\/td>\n<td><span>20.5<\/span><\/td>\n<td><span>G1\/8&#8243;<\/span><\/td>\n<\/tr>\n<tr>\n<td><span>ST-02<\/span><\/td>\n<td><span>50<\/span><\/td>\n<td><span>35<\/span><\/td>\n<td><span>22<\/span><\/td>\n<td><span>5.5<\/span><\/td>\n<td><span>35<\/span><\/td>\n<td><span>25<\/span><\/td>\n<td><span>G1\/4&#8243;<\/span><\/td>\n<\/tr>\n<tr>\n<td><span>ST-03<\/span><\/td>\n<td><span>75<\/span><\/td>\n<td><span>48<\/span><\/td>\n<td><span>30<\/span><\/td>\n<td><span>7<\/span><\/td>\n<td><span>50<\/span><\/td>\n<td><span>42<\/span><\/td>\n<td><span>G3\/8&#8243;<\/span><\/td>\n<\/tr>\n<tr>\n<td><span>ST-04<\/span><\/td>\n<td><span>75<\/span><\/td>\n<td><span>48<\/span><\/td>\n<td><span>30<\/span><\/td>\n<td><span>7<\/span><\/td>\n<td><span>50<\/span><\/td>\n<td><span>42<\/span><\/td>\n<td><span>G1\/2&#8243;<\/span><\/td>\n<\/tr>\n<tr>\n<td><span>ST-06<\/span><\/td>\n<td><span>110<\/span><\/td>\n<td><span>72<\/span><\/td>\n<td><span>40<\/span><\/td>\n<td><span>7<\/span><\/td>\n<td><span>70<\/span><\/td>\n<td><span>58<\/span><\/td>\n<td><span>G3\/4&#8243;<\/span><\/td>\n<\/tr>\n<tr>\n<td><span>ST-08<\/span><\/td>\n<td><span>110<\/span><\/td>\n<td><span>72<\/span><\/td>\n<td><span>40<\/span><\/td>\n<td><span>7<\/span><\/td>\n<td><span>70<\/span><\/td>\n<td><span>58<\/span><\/td>\n<td><span>G1&#8243;<\/span><\/td>\n<\/tr>\n<\/tbody>\n<\/table>\n","protected":false},"excerpt":{"rendered":"<p><strong>ST Serisi \u00c7abuk Egzoz<\/strong><\/p>\n","protected":false},"featured_media":6778,"template":"","meta":[],"product_cat":[47,73,75],"product_tag":[161,151,150,174,144,145,146,142,143],"class_list":{"0":"post-6774","1":"product","2":"type-product","3":"status-publish","4":"has-post-thumbnail","6":"product_cat-tum-urunleri","7":"product_cat-pnomatik","8":"product_cat-valfler","9":"product_tag-1-2","10":"product_tag-1-4","11":"product_tag-1-8","12":"product_tag-3-8","13":"product_tag-jelpc","14":"product_tag-jelpcbursa","15":"product_tag-jelpcvalf","16":"product_tag-valf","17":"product_tag-valf-fiyati","19":"first","20":"instock","21":"shipping-taxable","22":"product-type-simple"},"_links":{"self":[{"href":"https:\/\/novahidrolik.com.tr\/index.php\/wp-json\/wp\/v2\/product\/6774","targetHints":{"allow":["GET"]}}],"collection":[{"href":"https:\/\/novahidrolik.com.tr\/index.php\/wp-json\/wp\/v2\/product"}],"about":[{"href":"https:\/\/novahidrolik.com.tr\/index.php\/wp-json\/wp\/v2\/types\/product"}],"version-history":[{"count":0,"href":"https:\/\/novahidrolik.com.tr\/index.php\/wp-json\/wp\/v2\/product\/6774\/revisions"}],"wp:featuredmedia":[{"embeddable":true,"href":"https:\/\/novahidrolik.com.tr\/index.php\/wp-json\/wp\/v2\/media\/6778"}],"wp:attachment":[{"href":"https:\/\/novahidrolik.com.tr\/index.php\/wp-json\/wp\/v2\/media?parent=6774"}],"wp:term":[{"taxonomy":"product_cat","embeddable":true,"href":"https:\/\/novahidrolik.com.tr\/index.php\/wp-json\/wp\/v2\/product_cat?post=6774"},{"taxonomy":"product_tag","embeddable":true,"href":"https:\/\/novahidrolik.com.tr\/index.php\/wp-json\/wp\/v2\/product_tag?post=6774"}],"curies":[{"name":"wp","href":"https:\/\/api.w.org\/{rel}","templated":true}]}}