{"id":6777,"date":"2022-01-15T13:10:51","date_gmt":"2022-01-15T10:10:51","guid":{"rendered":"https:\/\/novahidrolik.com.tr\/?post_type=product&#038;p=6777"},"modified":"2022-01-15T13:11:53","modified_gmt":"2022-01-15T10:11:53","slug":"catal-baglanti","status":"publish","type":"product","link":"https:\/\/novahidrolik.com.tr\/index.php\/urun\/catal-baglanti\/","title":{"rendered":"\u00c7atal Ba\u011flant\u0131"},"content":{"rendered":"<p>Q6-Q8 (M4)<\/p>\n<p>Q8-Q10 (M5)<\/p>\n<p>Q12-Q16 (M6x1)<\/p>\n<p>Q20 (M8x1,25)<\/p>\n<p>Q25-Q32 (M10x1,25)<\/p>\n<p>Q40 (M12x1,25)<\/p>\n<p>Q50-Q63 (M16x1,5)<\/p>\n<p>Q80-Q100 (M20x1,5)<\/p>\n","protected":false},"excerpt":{"rendered":"<h2>\u00c7atal Ba\u011flant\u0131<\/h2>\n","protected":false},"featured_media":6786,"template":"","meta":[],"product_cat":[47,76,73],"product_tag":[189,144,188,145,186],"class_list":{"0":"post-6777","1":"product","2":"type-product","3":"status-publish","4":"has-post-thumbnail","6":"product_cat-tum-urunleri","7":"product_cat-baglanti-elemanlari","8":"product_cat-pnomatik","9":"product_tag-catal-baglantilar","10":"product_tag-jelpc","11":"product_tag-jelpc-catal-baglanti","12":"product_tag-jelpcbursa","13":"product_tag-silindir-baglanti-ekipmanlari","15":"first","16":"instock","17":"shipping-taxable","18":"product-type-simple"},"_links":{"self":[{"href":"https:\/\/novahidrolik.com.tr\/index.php\/wp-json\/wp\/v2\/product\/6777","targetHints":{"allow":["GET"]}}],"collection":[{"href":"https:\/\/novahidrolik.com.tr\/index.php\/wp-json\/wp\/v2\/product"}],"about":[{"href":"https:\/\/novahidrolik.com.tr\/index.php\/wp-json\/wp\/v2\/types\/product"}],"version-history":[{"count":0,"href":"https:\/\/novahidrolik.com.tr\/index.php\/wp-json\/wp\/v2\/product\/6777\/revisions"}],"wp:featuredmedia":[{"embeddable":true,"href":"https:\/\/novahidrolik.com.tr\/index.php\/wp-json\/wp\/v2\/media\/6786"}],"wp:attachment":[{"href":"https:\/\/novahidrolik.com.tr\/index.php\/wp-json\/wp\/v2\/media?parent=6777"}],"wp:term":[{"taxonomy":"product_cat","embeddable":true,"href":"https:\/\/novahidrolik.com.tr\/index.php\/wp-json\/wp\/v2\/product_cat?post=6777"},{"taxonomy":"product_tag","embeddable":true,"href":"https:\/\/novahidrolik.com.tr\/index.php\/wp-json\/wp\/v2\/product_tag?post=6777"}],"curies":[{"name":"wp","href":"https:\/\/api.w.org\/{rel}","templated":true}]}}