{"id":6785,"date":"2022-01-15T13:15:37","date_gmt":"2022-01-15T10:15:37","guid":{"rendered":"https:\/\/novahidrolik.com.tr\/?post_type=product&#038;p=6785"},"modified":"2022-01-15T13:15:37","modified_gmt":"2022-01-15T10:15:37","slug":"hiz-ayar-valfleri","status":"publish","type":"product","link":"https:\/\/novahidrolik.com.tr\/index.php\/urun\/hiz-ayar-valfleri\/","title":{"rendered":"H\u0131z Ayar Valfleri"},"content":{"rendered":"<p><strong>Sipari\u015f kodu:<\/strong><\/p>\n<p>&nbsp;<\/p>\n<p><img loading=\"lazy\" decoding=\"async\" class=\"aligncenter size-full wp-image-3644\" src=\"https:\/\/www.jelpc.com\/wp-content\/uploads\/2020\/01\/ASC-RE-Ordering-Code.jpg\" alt=\"\" width=\"2100\" height=\"470\" \/><\/p>\n<p>&nbsp;<\/p>\n<p><img loading=\"lazy\" decoding=\"async\" src=\"https:\/\/www.jelpc.com\/wp-content\/uploads\/2019\/12\/55.png\" alt=\"\" width=\"1100\" height=\"1\" \/><\/p>\n<p>&nbsp;<\/p>\n<p><span>sembol<\/span><\/p>\n<p>&nbsp;<\/p>\n<p><img loading=\"lazy\" decoding=\"async\" class=\"alignnone size-full wp-image-2945\" src=\"https:\/\/www.jelpc.com\/wp-content\/uploads\/2020\/01\/ASC-RE-Symbol.jpg\" alt=\"\" width=\"400\" height=\"200\" \/><\/p>\n<p>&nbsp;<\/p>\n<p><img loading=\"lazy\" decoding=\"async\" src=\"https:\/\/www.jelpc.com\/wp-content\/uploads\/2019\/12\/55.png\" alt=\"\" width=\"1100\" height=\"1\" \/><\/p>\n<p>&nbsp;<\/p>\n<p><span>\u015eartname<\/span><\/p>\n<p>&nbsp;<\/p>\n<table border=\"1\" width=\"100%\" cellspacing=\"0\" cellpadding=\"0\">\n<tbody>\n<tr>\n<td rowspan=\"2\"><span>modeli<\/span><\/td>\n<td colspan=\"4\"><span>Do\u011fru Tip<\/span><\/td>\n<td colspan=\"4\"><span>S\u0131radan Tip<\/span><\/td>\n<\/tr>\n<tr>\n<td><span>ASC-06<\/span><\/td>\n<td><span>ASC-08<\/span><\/td>\n<td><span>ASC-10<\/span><\/td>\n<td><span>ASC-15<\/span><\/td>\n<td><span>RE-01<\/span><\/td>\n<td><span>RE-02<\/span><\/td>\n<td><span>RE-03<\/span><\/td>\n<td><span>RE-04<\/span><\/td>\n<\/tr>\n<tr>\n<td><span>Ba\u011flant\u0131 noktas\u0131 boyutu<\/span><\/td>\n<td><span>G1\/8&#8243;<\/span><\/td>\n<td><span>G1\/4&#8243;<\/span><\/td>\n<td><span>G3\/8&#8243;<\/span><\/td>\n<td><span>G1\/2&#8243;<\/span><\/td>\n<td><span>G1\/8&#8243;<\/span><\/td>\n<td><span>G1\/4&#8243;<\/span><\/td>\n<td><span>G3\/8&#8243;<\/span><\/td>\n<td><span>G1\/2&#8243;<\/span><\/td>\n<\/tr>\n<tr>\n<td><span>\u00c7al\u0131\u015fma Ortam\u0131<\/span><\/td>\n<td colspan=\"8\"><span>Hava<\/span><\/td>\n<\/tr>\n<tr>\n<td><span>\u00c7al\u0131\u015fma Bas\u0131nc\u0131<\/span><\/td>\n<td colspan=\"8\"><span>0\uff5e0.95MPa<\/span><\/td>\n<\/tr>\n<tr>\n<td><span>Ortam s\u0131cakl\u0131\u011f\u0131<\/span><\/td>\n<td colspan=\"8\"><span>-20~70\u2103<\/span><\/td>\n<\/tr>\n<\/tbody>\n<\/table>\n<p>&nbsp;<\/p>\n<p><span>* ASC-08B kurulumu, y\u00fcr\u00fctme \u00fcnitesinin h\u0131z\u0131n\u0131 kontrol etmek i\u00e7in NUMAR standard\u0131na uygundur.\u00a0<\/span><\/p>\n<p>&nbsp;<\/p>\n<p>&nbsp;<\/p>\n<p><strong>Ortalama boyut:<\/strong><\/p>\n<p>&nbsp;<\/p>\n<p><img loading=\"lazy\" decoding=\"async\" class=\"alignnone size-full wp-image-2943\" src=\"https:\/\/www.jelpc.com\/wp-content\/uploads\/2020\/01\/ASC-Overall-Dimension.jpg\" alt=\"\" width=\"950\" height=\"353\" \/><\/p>\n<p>&nbsp;<\/p>\n<p>&nbsp;<\/p>\n<p><span>Boyut<\/span><\/p>\n<p>&nbsp;<\/p>\n<table border=\"1\" width=\"100%\" cellspacing=\"0\" cellpadding=\"0\">\n<tbody>\n<tr>\n<td><span>Model Sembol\u00fc<\/span><\/td>\n<td><span>A<\/span><\/td>\n<td><span>B<\/span><\/td>\n<td><span>C<\/span><\/td>\n<td><span>D<\/span><\/td>\n<td><span>E<\/span><\/td>\n<td><span>F<\/span><\/td>\n<td><span>G<\/span><\/td>\n<td><span>H<\/span><\/td>\n<td><span>Bence<\/span><\/td>\n<td><span>J<\/span><\/td>\n<td><span>K<\/span><\/td>\n<td><span>L<\/span><\/td>\n<\/tr>\n<tr>\n<td><span>ASC-06<\/span><\/td>\n<td><span>22<\/span><\/td>\n<td><span>32<\/span><\/td>\n<td><span>gl\/8<\/span><\/td>\n<td><span>22<\/span><\/td>\n<td><span>27<\/span><\/td>\n<td><span>4.3<\/span><\/td>\n<td><span>49.7<\/span><\/td>\n<td><span>56.5<\/span><\/td>\n<td><span>M6X0.5<\/span><\/td>\n<td><span>M12X0.75<\/span><\/td>\n<td><span>12<\/span><\/td>\n<td><span>18<\/span><\/td>\n<\/tr>\n<tr>\n<td><span>ASC-08<\/span><\/td>\n<td><span>26<\/span><\/td>\n<td><span>36<\/span><\/td>\n<td><span>gl\/4<\/span><\/td>\n<td><span>22<\/span><\/td>\n<td><span>27<\/span><\/td>\n<td><span>4.3<\/span><\/td>\n<td><span>49.7<\/span><\/td>\n<td><span>56.5<\/span><\/td>\n<td><span>M6X0.5<\/span><\/td>\n<td><span>M12X0.75<\/span><\/td>\n<td><span>12<\/span><\/td>\n<td><span>18<\/span><\/td>\n<\/tr>\n<tr>\n<td><span>ASC-10<\/span><\/td>\n<td><span>28<\/span><\/td>\n<td><span>40<\/span><\/td>\n<td><span>G3\/8<\/span><\/td>\n<td><span>25<\/span><\/td>\n<td><span>30<\/span><\/td>\n<td><span>4.3<\/span><\/td>\n<td><span>52.7<\/span><\/td>\n<td><span>59 5<\/span><\/td>\n<td><span>M6X0.5<\/span><\/td>\n<td><span>M12X0 75<\/span><\/td>\n<td><span>13<\/span><\/td>\n<td><span>22<\/span><\/td>\n<\/tr>\n<tr>\n<td><span>ASC-15<\/span><\/td>\n<td><span>28<\/span><\/td>\n<td><span>40<\/span><\/td>\n<td><span>gl\/2<\/span><\/td>\n<td><span>30<\/span><\/td>\n<td><span>35<\/span><\/td>\n<td><span>4.3<\/span><\/td>\n<td><span>58.7<\/span><\/td>\n<td><span>65.5<\/span><\/td>\n<td><span>M6X0.5<\/span><\/td>\n<td><span>M12X0.75<\/span><\/td>\n<td><span>13,5<\/span><\/td>\n<td><span>26<\/span><\/td>\n<\/tr>\n<\/tbody>\n<\/table>\n<p>&nbsp;<\/p>\n<p><span>Ortalama boyut<\/span><\/p>\n<p>&nbsp;<\/p>\n<p><img loading=\"lazy\" decoding=\"async\" class=\"alignnone size-full wp-image-2944\" src=\"https:\/\/www.jelpc.com\/wp-content\/uploads\/2020\/01\/RE-Overall-Dimension.jpg\" alt=\"\" width=\"950\" height=\"278\" \/><\/p>\n<p>&nbsp;<\/p>\n<p><span>Boyut<\/span><\/p>\n<p>&nbsp;<\/p>\n<table border=\"1\" width=\"100%\" cellspacing=\"0\" cellpadding=\"0\">\n<tbody>\n<tr>\n<td><span>Model \/ Sembol<\/span><\/td>\n<td><span>A<\/span><\/td>\n<td><span>B<\/span><\/td>\n<td><span>C<\/span><\/td>\n<td><span>D<\/span><\/td>\n<td><span>E<\/span><\/td>\n<td><span>F<\/span><\/td>\n<td><span>G<\/span><\/td>\n<\/tr>\n<tr>\n<td><span>RE-01<\/span><\/td>\n<td><span>45<\/span><\/td>\n<td><span>19<\/span><\/td>\n<td><span>43<\/span><\/td>\n<td><span>50<\/span><\/td>\n<td><span>\u03a619<\/span><\/td>\n<td><span>M14\u00d71<\/span><\/td>\n<td><span>G1\/8<\/span><\/td>\n<\/tr>\n<tr>\n<td><span>RE-02<\/span><\/td>\n<td><span>45<\/span><\/td>\n<td><span>19<\/span><\/td>\n<td><span>43<\/span><\/td>\n<td><span>50<\/span><\/td>\n<td><span>\u03a619<\/span><\/td>\n<td><span>M14\u00d71<\/span><\/td>\n<td><span>G1\/4<\/span><\/td>\n<\/tr>\n<tr>\n<td><span>RE-03<\/span><\/td>\n<td><span>55<\/span><\/td>\n<td><span>25<\/span><\/td>\n<td><span>55<\/span><\/td>\n<td><span>62<\/span><\/td>\n<td><span>\u03a625<\/span><\/td>\n<td><span>M18\u00d71<\/span><\/td>\n<td><span>G3\/8<\/span><\/td>\n<\/tr>\n<tr>\n<td><span>RE-04<\/span><\/td>\n<td><span>55<\/span><\/td>\n<td><span>25<\/span><\/td>\n<td><span>55<\/span><\/td>\n<td><span>62<\/span><\/td>\n<td><span>\u03a625<\/span><\/td>\n<td><span>M18\u00d71<\/span><\/td>\n<td><span>G1\/2<\/span><\/td>\n<\/tr>\n<\/tbody>\n<\/table>\n","protected":false},"excerpt":{"rendered":"<p><strong>H\u0131z Ayar Valfleri<\/strong><\/p>\n","protected":false},"featured_media":6789,"template":"","meta":[],"product_cat":[47,73,75],"product_tag":[161,151,150,190,144,145,142,143],"class_list":{"0":"post-6785","1":"product","2":"type-product","3":"status-publish","4":"has-post-thumbnail","6":"product_cat-tum-urunleri","7":"product_cat-pnomatik","8":"product_cat-valfler","9":"product_tag-1-2","10":"product_tag-1-4","11":"product_tag-1-8","12":"product_tag-hiz-ayar-valf","13":"product_tag-jelpc","14":"product_tag-jelpcbursa","15":"product_tag-valf","16":"product_tag-valf-fiyati","18":"first","19":"instock","20":"shipping-taxable","21":"product-type-simple"},"_links":{"self":[{"href":"https:\/\/novahidrolik.com.tr\/index.php\/wp-json\/wp\/v2\/product\/6785","targetHints":{"allow":["GET"]}}],"collection":[{"href":"https:\/\/novahidrolik.com.tr\/index.php\/wp-json\/wp\/v2\/product"}],"about":[{"href":"https:\/\/novahidrolik.com.tr\/index.php\/wp-json\/wp\/v2\/types\/product"}],"version-history":[{"count":0,"href":"https:\/\/novahidrolik.com.tr\/index.php\/wp-json\/wp\/v2\/product\/6785\/revisions"}],"wp:featuredmedia":[{"embeddable":true,"href":"https:\/\/novahidrolik.com.tr\/index.php\/wp-json\/wp\/v2\/media\/6789"}],"wp:attachment":[{"href":"https:\/\/novahidrolik.com.tr\/index.php\/wp-json\/wp\/v2\/media?parent=6785"}],"wp:term":[{"taxonomy":"product_cat","embeddable":true,"href":"https:\/\/novahidrolik.com.tr\/index.php\/wp-json\/wp\/v2\/product_cat?post=6785"},{"taxonomy":"product_tag","embeddable":true,"href":"https:\/\/novahidrolik.com.tr\/index.php\/wp-json\/wp\/v2\/product_tag?post=6785"}],"curies":[{"name":"wp","href":"https:\/\/api.w.org\/{rel}","templated":true}]}}