{"id":6842,"date":"2022-01-15T16:23:07","date_gmt":"2022-01-15T13:23:07","guid":{"rendered":"https:\/\/novahidrolik.com.tr\/?post_type=product&#038;p=6842"},"modified":"2022-01-15T16:23:08","modified_gmt":"2022-01-15T13:23:08","slug":"rekorlar","status":"publish","type":"product","link":"https:\/\/novahidrolik.com.tr\/index.php\/urun\/rekorlar\/","title":{"rendered":"Rekorlar"},"content":{"rendered":"<p>&nbsp;<\/p>\n<p>m5- 1\/8- 1\/4- 3\/8-1\/2 ve\u00a0 \u00c7AP 04-06-08-10-12-14-16 \u00f6l\u00e7\u00fcleri mevcuttur<\/p>\n","protected":false},"excerpt":{"rendered":"<p>&nbsp; m5- 1\/8- 1\/4- 3\/8-1\/2 ve\u00a0 \u00c7AP 04-06-08-10-12-14-16 \u00f6l\u00e7\u00fcleri mevcuttur<\/p>\n","protected":false},"featured_media":6843,"template":"","meta":[],"product_cat":[47,73,78],"product_tag":[144,207,145,208,211,206,210,209],"class_list":{"0":"post-6842","1":"product","2":"type-product","3":"status-publish","4":"has-post-thumbnail","6":"product_cat-tum-urunleri","7":"product_cat-pnomatik","8":"product_cat-rekorlar","9":"product_tag-jelpc","10":"product_tag-jelpc-rekor","11":"product_tag-jelpcbursa","12":"product_tag-metal-rekor","13":"product_tag-plastik-susturucu","14":"product_tag-rekor","15":"product_tag-sinter-susturucu","16":"product_tag-somon-sikmali-rekor","18":"first","19":"instock","20":"shipping-taxable","21":"product-type-simple"},"_links":{"self":[{"href":"https:\/\/novahidrolik.com.tr\/index.php\/wp-json\/wp\/v2\/product\/6842","targetHints":{"allow":["GET"]}}],"collection":[{"href":"https:\/\/novahidrolik.com.tr\/index.php\/wp-json\/wp\/v2\/product"}],"about":[{"href":"https:\/\/novahidrolik.com.tr\/index.php\/wp-json\/wp\/v2\/types\/product"}],"version-history":[{"count":0,"href":"https:\/\/novahidrolik.com.tr\/index.php\/wp-json\/wp\/v2\/product\/6842\/revisions"}],"wp:featuredmedia":[{"embeddable":true,"href":"https:\/\/novahidrolik.com.tr\/index.php\/wp-json\/wp\/v2\/media\/6843"}],"wp:attachment":[{"href":"https:\/\/novahidrolik.com.tr\/index.php\/wp-json\/wp\/v2\/media?parent=6842"}],"wp:term":[{"taxonomy":"product_cat","embeddable":true,"href":"https:\/\/novahidrolik.com.tr\/index.php\/wp-json\/wp\/v2\/product_cat?post=6842"},{"taxonomy":"product_tag","embeddable":true,"href":"https:\/\/novahidrolik.com.tr\/index.php\/wp-json\/wp\/v2\/product_tag?post=6842"}],"curies":[{"name":"wp","href":"https:\/\/api.w.org\/{rel}","templated":true}]}}