{"id":6902,"date":"2022-01-17T09:41:39","date_gmt":"2022-01-17T06:41:39","guid":{"rendered":"https:\/\/novahidrolik.com.tr\/?post_type=product&#038;p=6902"},"modified":"2022-01-17T09:44:24","modified_gmt":"2022-01-17T06:44:24","slug":"elt-ps2","status":"publish","type":"product","link":"https:\/\/novahidrolik.com.tr\/index.php\/urun\/elt-ps2\/","title":{"rendered":"ELT-PS2"},"content":{"rendered":"<div><em><strong>\u00dcR\u00dcN A\u00c7IKLAMASI :<\/strong><\/em><\/div>\n<div>\n<div><\/div>\n<div>\n<div>ELT-PS serisi 1 bar\u2019dan 600 bar\u2019a kadar \u00e7al\u0131\u015fma bas\u0131n\u00e7 se\u00e7ene\u011fi sunmaktad\u0131r. Bas\u0131nc\u0131n y\u00fckselmesi veya eksilmesine ba\u011fl\u0131 olarak sinyal devresi vermektedir. Bas\u0131n\u00e7 \u015falteri modellerimiz y\u00fcksek bas\u0131n\u00e7 ve \u015fok bas\u0131n\u00e7larda \u00e7al\u0131\u015fabilecek \u015fekilde tasarlanm\u0131\u015ft\u0131r.<\/div>\n<div><\/div>\n<div>\u2022G\u00f6vde malzemesi zamakt\u0131r.<\/div>\n<div>\u2022Viton ve karbon ke\u00e7e s\u0131zd\u0131rmazl\u0131k elemanlar\u0131 mevcuttur.<\/div>\n<div>\u2022Rakorlu ve Flan\u015fl\u0131 ba\u011flant\u0131l\u0131 modelleri mevcuttur.<\/div>\n<div>\u2022Bas\u0131n\u00e7 \u015falterine \u00f6zel \u00fcretti\u011fimiz sivi\u00e7 sayesinde uzun \u00f6m\u00fcrl\u00fc kullan\u0131m sunmaktad\u0131r.<\/div>\n<div>\u2022Y\u00fcksek titre\u015fime kar\u015f\u0131 \u00e7al\u0131\u015fma dayan\u0131kl\u0131l\u0131\u011f\u0131 mevcuttur.<\/div>\n<div>\u2022Bas\u0131n\u00e7 ayar volan\u0131 ve ayar skalas\u0131 sayesinde modelin bas\u0131n\u00e7 ayar\u0131 kolayca yap\u0131labilmektedir.<\/div>\n<div>\u2022Bas\u0131n\u00e7 ayar volan\u0131 saat y\u00f6n\u00fcnde bas\u0131nc\u0131 y\u00fckseltir , saat y\u00f6n\u00fcn\u00fcn tersinde de bas\u0131nc\u0131 d\u00fc\u015f\u00fcrecek<\/div>\n<div>\u00a0\u00a0\u00a0\u00a0 \u015fekilde tasarlanm\u0131\u015ft\u0131r.<\/div>\n<\/div>\n<\/div>\n","protected":false},"excerpt":{"rendered":"<div>\n<div><strong>UYGULAMA ALANLARI :<\/strong><\/div>\n<div><\/div>\n<\/div>\n<div>\n<div>\u2022Pn\u00f6matiklerde<\/div>\n<div>\u2022A\u011f\u0131r i\u015f makineleri sanayisinde<\/div>\n<div>\u2022Mobil hidroliklerde ve hidrolikte<\/div>\n<div>\u2022Bas\u0131n\u00e7l\u0131 havalarda, gazlarda ve s\u0131v\u0131larda<\/div>\n<\/div>\n","protected":false},"featured_media":6903,"template":"","meta":[],"product_cat":[47,115],"product_tag":[215,217,216,220,218,219],"class_list":{"0":"post-6902","1":"product","2":"type-product","3":"status-publish","4":"has-post-thumbnail","6":"product_cat-tum-urunleri","7":"product_cat-basinc-salteri","8":"product_tag-basinc-salteri","9":"product_tag-element","10":"product_tag-hidrolik","11":"product_tag-hidrolik-basinc-salteri","12":"product_tag-hidrolik-salter","13":"product_tag-salter","15":"first","16":"instock","17":"shipping-taxable","18":"product-type-simple"},"_links":{"self":[{"href":"https:\/\/novahidrolik.com.tr\/index.php\/wp-json\/wp\/v2\/product\/6902","targetHints":{"allow":["GET"]}}],"collection":[{"href":"https:\/\/novahidrolik.com.tr\/index.php\/wp-json\/wp\/v2\/product"}],"about":[{"href":"https:\/\/novahidrolik.com.tr\/index.php\/wp-json\/wp\/v2\/types\/product"}],"version-history":[{"count":0,"href":"https:\/\/novahidrolik.com.tr\/index.php\/wp-json\/wp\/v2\/product\/6902\/revisions"}],"wp:featuredmedia":[{"embeddable":true,"href":"https:\/\/novahidrolik.com.tr\/index.php\/wp-json\/wp\/v2\/media\/6903"}],"wp:attachment":[{"href":"https:\/\/novahidrolik.com.tr\/index.php\/wp-json\/wp\/v2\/media?parent=6902"}],"wp:term":[{"taxonomy":"product_cat","embeddable":true,"href":"https:\/\/novahidrolik.com.tr\/index.php\/wp-json\/wp\/v2\/product_cat?post=6902"},{"taxonomy":"product_tag","embeddable":true,"href":"https:\/\/novahidrolik.com.tr\/index.php\/wp-json\/wp\/v2\/product_tag?post=6902"}],"curies":[{"name":"wp","href":"https:\/\/api.w.org\/{rel}","templated":true}]}}