{"id":6924,"date":"2022-01-17T10:01:45","date_gmt":"2022-01-17T07:01:45","guid":{"rendered":"https:\/\/novahidrolik.com.tr\/?post_type=product&#038;p=6924"},"modified":"2022-01-17T10:01:45","modified_gmt":"2022-01-17T07:01:45","slug":"hidrolik-ve-pnomatik-mini-basinc-salteri","status":"publish","type":"product","link":"https:\/\/novahidrolik.com.tr\/index.php\/urun\/hidrolik-ve-pnomatik-mini-basinc-salteri\/","title":{"rendered":"H\u0130DROL\u0130K VE PNOMAT\u0130K M\u0130N\u0130 BASIN\u00c7 \u015eALTER\u0130"},"content":{"rendered":"<div><strong>\u00dcR\u00dcN A\u00c7IKLAMASI :<\/strong><\/div>\n<div><\/div>\n<div>Mini bas\u0131n\u00e7 \u015falteri, bas\u0131nc\u0131n artmas\u0131na ve azalmas\u0131na ba\u011fl\u0131 olarak elektrik devresini a\u00e7ar veya kapat\u0131r. \u00c7al\u0131\u015fma bas\u0131nc\u0131, g\u00f6vdenin \u00fcst k\u0131sm\u0131nda bulunan delik i\u00e7erisindeki vida, alyan (2mm) tornavida ile ayarlanabilir. Bas\u0131n\u00e7 ayar\u0131 saat y\u00f6n\u00fcnde \u00e7evrildi\u011finde y\u00fckselir , saat y\u00f6n\u00fcn\u00fcn tersine \u00e7evrildi\u011finde de bas\u0131n\u00e7 azal\u0131r. Sistem \u00e7al\u0131\u015f\u0131rken ayarlanabilme \u00f6zelli\u011fine sahiptir. Bas\u0131n\u00e7l\u0131 havalar\u0131n, s\u0131v\u0131lar\u0131n veya gazlar\u0131n oldu\u011fu her yerde kullan\u0131labilir. Ayarlanabilir bas\u0131n\u00e7 aral\u0131klar\u0131na ve elektrik ba\u011flant\u0131 \u015fekillerine g\u00f6re s\u0131n\u0131fland\u0131r\u0131l\u0131r.<\/div>\n<div>\n\u2022 Viton ve karbon ke\u00e7e s\u0131zd\u0131rmazl\u0131k elamanlar\u0131<br \/>\n\u2022 A\u00e7\u0131k Kontak ( NO ) ve kapal\u0131 kontak ( NC ) yap\u0131s\u0131na sahiptir.<br \/>\n\u2022 K\u00fc\u00e7\u00fclt\u00fclm\u00fc\u015f dizayn ile montaj ve kurulum kolayl\u0131\u011f\u0131 sa\u011flamaktad\u0131r.<br \/>\n\u2022 Pirin\u00e7,paslanmaz ve \u00e7elik g\u00f6vde malzemesi se\u00e7enekleri mevcuttur.<br \/>\n\u2022S1\/4 ve S1\/8 ba\u011flant\u0131 se\u00e7enekleri mevcuttur.<\/div>\n<div><\/div>\n","protected":false},"excerpt":{"rendered":"<div><strong>UYGULAMA ALANLARI :<\/strong><\/div>\n<div><\/div>\n<div>\u2022 Pn\u00f6matiklerde<br \/>\n\u2022 A\u011f\u0131r i\u015f makineleri sanayisinde<br \/>\n\u2022 Mobil hidroliklerde ve hidrolikte<br \/>\n\u2022 Bas\u0131n\u00e7l\u0131 havalarda, gazlarda ve s\u0131v\u0131larda<\/div>\n","protected":false},"featured_media":6925,"template":"","meta":[],"product_cat":[47,115],"product_tag":[215,217,220,222,218,221,223,219],"class_list":{"0":"post-6924","1":"product","2":"type-product","3":"status-publish","4":"has-post-thumbnail","6":"product_cat-tum-urunleri","7":"product_cat-basinc-salteri","8":"product_tag-basinc-salteri","9":"product_tag-element","10":"product_tag-hidrolik-basinc-salteri","11":"product_tag-hidrolik-mini-salter","12":"product_tag-hidrolik-salter","13":"product_tag-mini-salter","14":"product_tag-pnomatik-mini-salter","15":"product_tag-salter","17":"first","18":"instock","19":"shipping-taxable","20":"product-type-simple"},"_links":{"self":[{"href":"https:\/\/novahidrolik.com.tr\/index.php\/wp-json\/wp\/v2\/product\/6924","targetHints":{"allow":["GET"]}}],"collection":[{"href":"https:\/\/novahidrolik.com.tr\/index.php\/wp-json\/wp\/v2\/product"}],"about":[{"href":"https:\/\/novahidrolik.com.tr\/index.php\/wp-json\/wp\/v2\/types\/product"}],"version-history":[{"count":0,"href":"https:\/\/novahidrolik.com.tr\/index.php\/wp-json\/wp\/v2\/product\/6924\/revisions"}],"wp:featuredmedia":[{"embeddable":true,"href":"https:\/\/novahidrolik.com.tr\/index.php\/wp-json\/wp\/v2\/media\/6925"}],"wp:attachment":[{"href":"https:\/\/novahidrolik.com.tr\/index.php\/wp-json\/wp\/v2\/media?parent=6924"}],"wp:term":[{"taxonomy":"product_cat","embeddable":true,"href":"https:\/\/novahidrolik.com.tr\/index.php\/wp-json\/wp\/v2\/product_cat?post=6924"},{"taxonomy":"product_tag","embeddable":true,"href":"https:\/\/novahidrolik.com.tr\/index.php\/wp-json\/wp\/v2\/product_tag?post=6924"}],"curies":[{"name":"wp","href":"https:\/\/api.w.org\/{rel}","templated":true}]}}