{"id":6928,"date":"2022-01-17T10:15:14","date_gmt":"2022-01-17T07:15:14","guid":{"rendered":"https:\/\/novahidrolik.com.tr\/?post_type=product&#038;p=6928"},"modified":"2022-01-17T11:02:16","modified_gmt":"2022-01-17T08:02:16","slug":"bsp-metrik-pfx-nipeller","status":"publish","type":"product","link":"https:\/\/novahidrolik.com.tr\/index.php\/urun\/bsp-metrik-pfx-nipeller\/","title":{"rendered":"BSP METR\u0130K PFX N\u0130PELLER"},"content":{"rendered":"","protected":false},"excerpt":{"rendered":"<div class=\"col-lg-6\">\n<div class=\"bilgiler\">\n<table class=\"table table-striped\" cellspacing=\"0\">\n<tbody>\n<tr>\n<td colspan=\"8\"><strong>BSP METR\u0130K PFX N\u0130PELLER<\/strong><br \/>\nBSP METRIC NIPPLES WITH ELASTOMERIC SEAL<\/td>\n<\/tr>\n<tr>\n<td><strong>MALZEME KODU<\/strong><br \/>\nMATERIAL CODE<\/td>\n<td><strong>D\u0130\u015e \u00d6L\u00c7\u00dcS\u00dc<\/strong><br \/>\nTHREAD SIZE<br \/>\nT1<\/td>\n<td><strong>D\u0130\u015e \u00d6L\u00c7\u00dcS\u00dc<\/strong><br \/>\nTHREAD SIZE<br \/>\nT2<\/td>\n<td><strong>B<\/strong><\/td>\n<td><strong>C<\/strong><\/td>\n<td><strong>\u00d8D<\/strong><\/td>\n<td><strong>\u00d8D1<\/strong><\/td>\n<td><strong>AA<\/strong><\/td>\n<\/tr>\n<tr>\n<td colspan=\"8\"><strong>L T\u0130P\u0130 \/ L TYPE<\/strong><\/td>\n<\/tr>\n<tr>\n<td>RK-1006-RMNP-LL<\/td>\n<td>R1\/8-28<\/td>\n<td>M10x1\u00a0\u00a0\u00a0\u00a0\u00a0\u00a0 6LL<\/td>\n<td>16<\/td>\n<td>8<\/td>\n<td>4.5<\/td>\n<td>6<\/td>\n<td>14<\/td>\n<\/tr>\n<tr>\n<td>RK-1006-RMNP-L<\/td>\n<td>R1\/8-28<\/td>\n<td>M12x1,5\u00a0\u00a0\u00a0\u00a0\u00a0 6L<\/td>\n<td>16.5<\/td>\n<td>8<\/td>\n<td>4<\/td>\n<td>6<\/td>\n<td>14<\/td>\n<\/tr>\n<tr>\n<td>RK-1008-RMNP-L<\/td>\n<td>R1\/8-28<\/td>\n<td>M14x1,5\u00a0\u00a0\u00a0\u00a0\u00a0 8L<\/td>\n<td>17.5<\/td>\n<td>8<\/td>\n<td>4<\/td>\n<td>8<\/td>\n<td>14<\/td>\n<\/tr>\n<tr>\n<td>RK-1010-RMNP-L<\/td>\n<td>R1\/8-28<\/td>\n<td>M16x1,5\u00a0\u00a0\u00a0 10L<\/td>\n<td>19.5<\/td>\n<td>8<\/td>\n<td>4<\/td>\n<td>10<\/td>\n<td>17<\/td>\n<\/tr>\n<tr>\n<td>RK-1306-RMNP-L<\/td>\n<td>R1\/4-19<\/td>\n<td>M12x1,5\u00a0\u00a0\u00a0\u00a0\u00a0 6L<\/td>\n<td>22<\/td>\n<td>12<\/td>\n<td>4<\/td>\n<td>6<\/td>\n<td>19<\/td>\n<\/tr>\n<tr>\n<td>RK-1308-RMNP-L<\/td>\n<td>R1\/4-19<\/td>\n<td>M14x1,5\u00a0\u00a0\u00a0\u00a0\u00a0 8L<\/td>\n<td>22<\/td>\n<td>12<\/td>\n<td>6<\/td>\n<td>8<\/td>\n<td>19<\/td>\n<\/tr>\n<tr>\n<td>RK-1310-RMNP-L<\/td>\n<td>R1\/4-19<\/td>\n<td>M16x1,5\u00a0\u00a0\u00a0 10L<\/td>\n<td>23<\/td>\n<td>12<\/td>\n<td>6<\/td>\n<td>10<\/td>\n<td>19<\/td>\n<\/tr>\n<tr>\n<td>RK-1312-RMNP-L<\/td>\n<td>R1\/4-19<\/td>\n<td>M18x1,5\u00a0\u00a0\u00a0 12L<\/td>\n<td>24<\/td>\n<td>12<\/td>\n<td>6<\/td>\n<td>12<\/td>\n<td>19<\/td>\n<\/tr>\n<tr>\n<td>RK-1706-RMNP-L<\/td>\n<td>R3\/8-19<\/td>\n<td>M12x1,5\u00a0\u00a0\u00a0\u00a0\u00a0 6L<\/td>\n<td>23.5<\/td>\n<td>12<\/td>\n<td>4<\/td>\n<td>6<\/td>\n<td>22<\/td>\n<\/tr>\n<tr>\n<td>RK-1708-RMNP-L<\/td>\n<td>R3\/8-19<\/td>\n<td>M14x1,5\u00a0\u00a0\u00a0\u00a0\u00a0 8L<\/td>\n<td>23.5<\/td>\n<td>12<\/td>\n<td>6<\/td>\n<td>8<\/td>\n<td>22<\/td>\n<\/tr>\n<tr>\n<td>RK-1710-RMNP-L<\/td>\n<td>R3\/8-19<\/td>\n<td>M16x1,5\u00a0\u00a0\u00a0 10L<\/td>\n<td>24.5<\/td>\n<td>12<\/td>\n<td>8<\/td>\n<td>10<\/td>\n<td>22<\/td>\n<\/tr>\n<tr>\n<td>RK-1712-RMNP-L<\/td>\n<td>R3\/8-19<\/td>\n<td>M18x1,5\u00a0\u00a0\u00a0 12L<\/td>\n<td>24.5<\/td>\n<td>12<\/td>\n<td>9<\/td>\n<td>12<\/td>\n<td>22<\/td>\n<\/tr>\n<tr>\n<td>RK-1715-RMNP-L<\/td>\n<td>R3\/8-19<\/td>\n<td>M22x1,5\u00a0\u00a0\u00a0 15L<\/td>\n<td>25.5<\/td>\n<td>12<\/td>\n<td>9<\/td>\n<td>15<\/td>\n<td>24<\/td>\n<\/tr>\n<tr>\n<td>RK-2106-RMNP-L<\/td>\n<td>R1\/2-14<\/td>\n<td>M12x1,5\u00a0\u00a0\u00a0\u00a0\u00a0 6L<\/td>\n<td>26<\/td>\n<td>14<\/td>\n<td>4<\/td>\n<td>6<\/td>\n<td>27<\/td>\n<\/tr>\n<tr>\n<td>RK-2108-RMNP-L<\/td>\n<td>R1\/2-14<\/td>\n<td>M14x1,5\u00a0\u00a0\u00a0\u00a0\u00a0 8L<\/td>\n<td>26<\/td>\n<td>14<\/td>\n<td>6<\/td>\n<td>8<\/td>\n<td>27<\/td>\n<\/tr>\n<tr>\n<td>RK-2110-RMNP-L<\/td>\n<td>R1\/2-14<\/td>\n<td>M16x1,5\u00a0\u00a0\u00a0 10L<\/td>\n<td>27<\/td>\n<td>14<\/td>\n<td>8<\/td>\n<td>10<\/td>\n<td>27<\/td>\n<\/tr>\n<tr>\n<td>RK-2112-RMNP-L<\/td>\n<td>R1\/2-14<\/td>\n<td>M18x1,5\u00a0\u00a0\u00a0 12L<\/td>\n<td>27<\/td>\n<td>14<\/td>\n<td>10<\/td>\n<td>12<\/td>\n<td>27<\/td>\n<\/tr>\n<tr>\n<td>RK-2115-RMNP-L<\/td>\n<td>R1\/2-14<\/td>\n<td>M22x1,5\u00a0\u00a0\u00a0 15L<\/td>\n<td>28<\/td>\n<td>14<\/td>\n<td>12<\/td>\n<td>15<\/td>\n<td>27<\/td>\n<\/tr>\n<tr>\n<td>RK-2118-RMNP-L<\/td>\n<td>R1\/2-14<\/td>\n<td>M26x1,5\u00a0\u00a0\u00a0 18L<\/td>\n<td>28.5<\/td>\n<td>14<\/td>\n<td>13<\/td>\n<td>18<\/td>\n<td>27<\/td>\n<\/tr>\n<tr>\n<td>RK-2122-RMNP-L<\/td>\n<td>R1\/2-14<\/td>\n<td>M30x2\u00a0\u00a0\u00a0\u00a0\u00a0\u00a0 22L<\/td>\n<td>30.5<\/td>\n<td>14<\/td>\n<td>13<\/td>\n<td>22<\/td>\n<td>32<\/td>\n<\/tr>\n<tr>\n<td>RK-2612-RMNP-L<\/td>\n<td>R3\/4-14<\/td>\n<td>M18x1,5\u00a0\u00a0\u00a0 12L<\/td>\n<td>30<\/td>\n<td>16<\/td>\n<td>10<\/td>\n<td>12<\/td>\n<td>32<\/td>\n<\/tr>\n<tr>\n<td>RK-2615-RMNP-L<\/td>\n<td>R3\/4-14<\/td>\n<td>M22x1,5\u00a0\u00a0\u00a0 15L<\/td>\n<td>31<\/td>\n<td>16<\/td>\n<td>12<\/td>\n<td>15<\/td>\n<td>32<\/td>\n<\/tr>\n<tr>\n<td>RK-2618-RMNP-L<\/td>\n<td>R3\/4-14<\/td>\n<td>M26x1,5\u00a0\u00a0\u00a0 18L<\/td>\n<td>30.5<\/td>\n<td>16<\/td>\n<td>15<\/td>\n<td>18<\/td>\n<td>32<\/td>\n<\/tr>\n<tr>\n<td>RK-2622-RMNP-L<\/td>\n<td>R3\/4-14<\/td>\n<td>M30x2\u00a0\u00a0\u00a0\u00a0\u00a0\u00a0 22L<\/td>\n<td>32.5<\/td>\n<td>16<\/td>\n<td>18<\/td>\n<td>22<\/td>\n<td>32<\/td>\n<\/tr>\n<tr>\n<td>RK-2628-RMNP-L<\/td>\n<td>R3\/4-14<\/td>\n<td>M36x2\u00a0\u00a0\u00a0\u00a0\u00a0\u00a0 28L<\/td>\n<td>33.5<\/td>\n<td>16<\/td>\n<td>18<\/td>\n<td>28<\/td>\n<td>41<\/td>\n<\/tr>\n<tr>\n<td>RK-3322-RMNP-L<\/td>\n<td>R1&#8243;-11<\/td>\n<td>M30x2\u00a0\u00a0\u00a0\u00a0\u00a0\u00a0 22L<\/td>\n<td>35.5<\/td>\n<td>18<\/td>\n<td>19<\/td>\n<td>22<\/td>\n<td>41<\/td>\n<\/tr>\n<tr>\n<td>RK-3328-RMNP-L<\/td>\n<td>R1&#8243;-11<\/td>\n<td>M36x2\u00a0\u00a0\u00a0\u00a0\u00a0\u00a0 28L<\/td>\n<td>35.5<\/td>\n<td>18<\/td>\n<td>23<\/td>\n<td>28<\/td>\n<td>41<\/td>\n<\/tr>\n<tr>\n<td>RK-3335-RMNP-L<\/td>\n<td>R1&#8243;-11<\/td>\n<td>M45x2\u00a0\u00a0\u00a0\u00a0\u00a0\u00a0 35L<\/td>\n<td>35.5<\/td>\n<td>18<\/td>\n<td>23<\/td>\n<td>35<\/td>\n<td>46<\/td>\n<\/tr>\n<tr>\n<td>RK-4228-RMNP-L<\/td>\n<td>R1&#8243;1\/4-11<\/td>\n<td>M36x2\u00a0\u00a0\u00a0\u00a0\u00a0\u00a0 28L<\/td>\n<td>38.5<\/td>\n<td>20<\/td>\n<td>24<\/td>\n<td>28<\/td>\n<td>50<\/td>\n<\/tr>\n<tr>\n<td>RK-4235-RMNP-L<\/td>\n<td>R1&#8243;1\/4-11<\/td>\n<td>M45x2\u00a0\u00a0\u00a0\u00a0\u00a0\u00a0 35L<\/td>\n<td>37.5<\/td>\n<td>20<\/td>\n<td>30<\/td>\n<td>35<\/td>\n<td>50<\/td>\n<\/tr>\n<tr>\n<td>RK-4242-RMNP-L<\/td>\n<td>R1&#8243;1\/4-11<\/td>\n<td>M52x2\u00a0\u00a0\u00a0\u00a0\u00a0\u00a0 42L<\/td>\n<td>39<\/td>\n<td>20<\/td>\n<td>30<\/td>\n<td>42<\/td>\n<td>55<\/td>\n<\/tr>\n<tr>\n<td>RK-4835-RMNP-L<\/td>\n<td>R1&#8243;1\/2-11<\/td>\n<td>M45x2\u00a0\u00a0\u00a0\u00a0\u00a0\u00a0 35L<\/td>\n<td>41.5<\/td>\n<td>22<\/td>\n<td>30<\/td>\n<td>35<\/td>\n<td>55<\/td>\n<\/tr>\n<tr>\n<td>RK-4842-RMNP-L<\/td>\n<td>R1&#8243;1\/2-11<\/td>\n<td>M52x2\u00a0\u00a0\u00a0\u00a0\u00a0\u00a0 42L<\/td>\n<td>41<\/td>\n<td>22<\/td>\n<td>36<\/td>\n<td>42<\/td>\n<td>55<\/td>\n<\/tr>\n<tr>\n<td colspan=\"8\"><strong>S T\u0130P\u0130 \/ S TYPE<\/strong><\/td>\n<\/tr>\n<tr>\n<td>RK-1006-RMNP-S<\/td>\n<td>R1\/8-28<\/td>\n<td>M14x1,5\u00a0\u00a0\u00a0\u00a0\u00a0\u00a0\u00a0 6S<\/td>\n<td>20.5<\/td>\n<td>8<\/td>\n<td>4<\/td>\n<td>6<\/td>\n<td>14<\/td>\n<\/tr>\n<tr>\n<td>RK-1008-RMNP-S<\/td>\n<td>R1\/8-28<\/td>\n<td>M16x1,5\u00a0\u00a0\u00a0\u00a0\u00a0\u00a0\u00a0 8S<\/td>\n<td>21.5<\/td>\n<td>8<\/td>\n<td>4<\/td>\n<td>8<\/td>\n<td>17<\/td>\n<\/tr>\n<tr>\n<td>RK-1306-RMNP-S<\/td>\n<td>R1\/4-19<\/td>\n<td>M14x1,5\u00a0\u00a0\u00a0\u00a0\u00a0\u00a0\u00a0 6S<\/td>\n<td>25<\/td>\n<td>12<\/td>\n<td>4<\/td>\n<td>6<\/td>\n<td>19<\/td>\n<\/tr>\n<tr>\n<td>RK-1308-RMNP-S<\/td>\n<td>R1\/4-19<\/td>\n<td>M16x1,5\u00a0\u00a0\u00a0\u00a0\u00a0\u00a0\u00a0 8S<\/td>\n<td>27<\/td>\n<td>12<\/td>\n<td>5<\/td>\n<td>8<\/td>\n<td>19<\/td>\n<\/tr>\n<tr>\n<td>RK-1310-RMNP-S<\/td>\n<td>R1\/4-19<\/td>\n<td>M18x1,5\u00a0\u00a0\u00a0\u00a0\u00a0 10S<\/td>\n<td>26.5<\/td>\n<td>12<\/td>\n<td>5<\/td>\n<td>10<\/td>\n<td>19<\/td>\n<\/tr>\n<tr>\n<td>RK-1312-RMNP-S<\/td>\n<td>R1\/4-19<\/td>\n<td>M20x1,5\u00a0\u00a0\u00a0\u00a0\u00a0 12S<\/td>\n<td>28.5<\/td>\n<td>12<\/td>\n<td>6<\/td>\n<td>12<\/td>\n<td>22<\/td>\n<\/tr>\n<tr>\n<td>RK-1708-RMNP-S<\/td>\n<td>R3\/8-19<\/td>\n<td>M16x1,5\u00a0\u00a0\u00a0\u00a0\u00a0\u00a0\u00a0 8S<\/td>\n<td>27.5<\/td>\n<td>12<\/td>\n<td>5<\/td>\n<td>8<\/td>\n<td>22<\/td>\n<\/tr>\n<tr>\n<td>RK-1710-RMNP-S<\/td>\n<td>R3\/8-19<\/td>\n<td>M18x1,5\u00a0\u00a0\u00a0\u00a0\u00a0 10S<\/td>\n<td>27<\/td>\n<td>12<\/td>\n<td>7<\/td>\n<td>10<\/td>\n<td>22<\/td>\n<\/tr>\n<tr>\n<td>RK-1712-RMNP-S<\/td>\n<td>R3\/8-19<\/td>\n<td>M20x1,5\u00a0\u00a0\u00a0\u00a0\u00a0 12S<\/td>\n<td>29<\/td>\n<td>12<\/td>\n<td>8<\/td>\n<td>12<\/td>\n<td>22<\/td>\n<\/tr>\n<tr>\n<td>RK-1716-RMNP-S<\/td>\n<td>R3\/8-19<\/td>\n<td>M24x1,5\u00a0\u00a0\u00a0\u00a0\u00a0 16S<\/td>\n<td>30<\/td>\n<td>12<\/td>\n<td>8<\/td>\n<td>16<\/td>\n<td>27<\/td>\n<\/tr>\n<tr>\n<td>RK-1720-RMNP-S<\/td>\n<td>R3\/8-19<\/td>\n<td>M30x2\u00a0\u00a0\u00a0\u00a0\u00a0\u00a0\u00a0\u00a0 20S<\/td>\n<td>35<\/td>\n<td>12<\/td>\n<td>9<\/td>\n<td>20<\/td>\n<td>32<\/td>\n<\/tr>\n<tr>\n<td>RK-2108-RMNP-S<\/td>\n<td>R1\/2-14<\/td>\n<td>M16x1,5\u00a0\u00a0\u00a0\u00a0\u00a0\u00a0\u00a0 8S<\/td>\n<td>32<\/td>\n<td>14<\/td>\n<td>5<\/td>\n<td>8<\/td>\n<td>27<\/td>\n<\/tr>\n<tr>\n<td>RK-2110-RMNP-S<\/td>\n<td>R1\/2-14<\/td>\n<td>M18x1,5\u00a0\u00a0\u00a0\u00a0\u00a0 10S<\/td>\n<td>31.5<\/td>\n<td>14<\/td>\n<td>7<\/td>\n<td>10<\/td>\n<td>27<\/td>\n<\/tr>\n<tr>\n<td>RK-2112-RMNP-S<\/td>\n<td>R1\/2-14<\/td>\n<td>M20x1,5\u00a0\u00a0\u00a0\u00a0\u00a0 12S<\/td>\n<td>31.5<\/td>\n<td>14<\/td>\n<td>8<\/td>\n<td>12<\/td>\n<td>27<\/td>\n<\/tr>\n<tr>\n<td>RK-2116-RMNP-S<\/td>\n<td>R1\/2-14<\/td>\n<td>M24x1,5\u00a0\u00a0\u00a0\u00a0\u00a0 16S<\/td>\n<td>32.5<\/td>\n<td>14<\/td>\n<td>12<\/td>\n<td>16<\/td>\n<td>27<\/td>\n<\/tr>\n<tr>\n<td>RK-2120-RMNP-S<\/td>\n<td>R1\/2-14<\/td>\n<td>M30x2\u00a0\u00a0\u00a0\u00a0\u00a0\u00a0\u00a0\u00a0 20S<\/td>\n<td>34.5<\/td>\n<td>14<\/td>\n<td>12<\/td>\n<td>20<\/td>\n<td>32<\/td>\n<\/tr>\n<tr>\n<td>RK-2125-RMNP-S<\/td>\n<td>R1\/2-14<\/td>\n<td>M36x2\u00a0\u00a0\u00a0\u00a0\u00a0\u00a0\u00a0\u00a0 25S<\/td>\n<td>41<\/td>\n<td>14<\/td>\n<td>12<\/td>\n<td>25<\/td>\n<td>36<\/td>\n<\/tr>\n<tr>\n<td>RK-2612-RMNP-S<\/td>\n<td>R3\/4-14<\/td>\n<td>M20x1,5\u00a0\u00a0\u00a0\u00a0\u00a0 12S<\/td>\n<td>36<\/td>\n<td>16<\/td>\n<td>8<\/td>\n<td>12<\/td>\n<td>32<\/td>\n<\/tr>\n<tr>\n<td>RK-2616-RMNP-S<\/td>\n<td>R3\/4-14<\/td>\n<td>M24x1,5\u00a0\u00a0\u00a0\u00a0\u00a0 16S<\/td>\n<td>36.5<\/td>\n<td>16<\/td>\n<td>12<\/td>\n<td>16<\/td>\n<td>32<\/td>\n<\/tr>\n<tr>\n<td>RK-2620-RMNP-S<\/td>\n<td>R3\/4-14<\/td>\n<td>M30x2\u00a0\u00a0\u00a0\u00a0\u00a0\u00a0\u00a0\u00a0 20S<\/td>\n<td>36.5<\/td>\n<td>16<\/td>\n<td>16<\/td>\n<td>20<\/td>\n<td>32<\/td>\n<\/tr>\n<tr>\n<td>RK-2625-RMNP-S<\/td>\n<td>R3\/4-14<\/td>\n<td>M36x2\u00a0\u00a0\u00a0\u00a0\u00a0\u00a0\u00a0\u00a0 25S<\/td>\n<td>39<\/td>\n<td>16<\/td>\n<td>16<\/td>\n<td>25<\/td>\n<td>41<\/td>\n<\/tr>\n<tr>\n<td>RK-2630-RMNP-S<\/td>\n<td>R3\/4-14<\/td>\n<td>M42x2\u00a0\u00a0\u00a0\u00a0\u00a0\u00a0\u00a0\u00a0 30S<\/td>\n<td>39.5<\/td>\n<td>16<\/td>\n<td>16<\/td>\n<td>30<\/td>\n<td>46<\/td>\n<\/tr>\n<tr>\n<td>RK-3312-RMNP-S<\/td>\n<td>R1&#8243;-11<\/td>\n<td>M20x1,5\u00a0\u00a0\u00a0\u00a0\u00a0 12S<\/td>\n<td>39<\/td>\n<td>18<\/td>\n<td>8<\/td>\n<td>12<\/td>\n<td>41<\/td>\n<\/tr>\n<tr>\n<td>RK-3316-RMNP-S<\/td>\n<td>R1&#8243;-11<\/td>\n<td>M24x1,5\u00a0\u00a0\u00a0\u00a0\u00a0 16S<\/td>\n<td>38.5<\/td>\n<td>18<\/td>\n<td>12<\/td>\n<td>16<\/td>\n<td>41<\/td>\n<\/tr>\n<tr>\n<td>RK-3320-RMNP-S<\/td>\n<td>R1&#8243;-11<\/td>\n<td>M30x2\u00a0\u00a0\u00a0\u00a0\u00a0\u00a0\u00a0\u00a0 20S<\/td>\n<td>40.5<\/td>\n<td>18<\/td>\n<td>16<\/td>\n<td>20<\/td>\n<td>41<\/td>\n<\/tr>\n<tr>\n<td>RK-3325-RMNP-S<\/td>\n<td>R1&#8243;-11<\/td>\n<td>M36x2\u00a0\u00a0\u00a0\u00a0\u00a0\u00a0\u00a0\u00a0 25S<\/td>\n<td>41<\/td>\n<td>18<\/td>\n<td>20<\/td>\n<td>25<\/td>\n<td>41<\/td>\n<\/tr>\n<tr>\n<td>RK-3330-RMNP-S<\/td>\n<td>R1&#8243;-11<\/td>\n<td>M42x2\u00a0\u00a0\u00a0\u00a0\u00a0\u00a0\u00a0\u00a0 30S<\/td>\n<td>41.5<\/td>\n<td>18<\/td>\n<td>20<\/td>\n<td>30<\/td>\n<td>46<\/td>\n<\/tr>\n<tr>\n<td>RK-3338-RMNP-S<\/td>\n<td>R1&#8243;-11<\/td>\n<td>M52x2\u00a0\u00a0\u00a0\u00a0\u00a0\u00a0\u00a0\u00a0 38S<\/td>\n<td>41<\/td>\n<td>18<\/td>\n<td>20<\/td>\n<td>38<\/td>\n<td>55<\/td>\n<\/tr>\n<tr>\n<td>RK-4220-RMNP-S<\/td>\n<td>R1&#8243;1\/4-11<\/td>\n<td>M30x2\u00a0\u00a0\u00a0\u00a0\u00a0\u00a0\u00a0\u00a0 20S<\/td>\n<td>42.5<\/td>\n<td>20<\/td>\n<td>16<\/td>\n<td>20<\/td>\n<td>50<\/td>\n<\/tr>\n<tr>\n<td>RK-4225-RMNP-S<\/td>\n<td>R1&#8243;1\/4-11<\/td>\n<td>M36x2\u00a0\u00a0\u00a0\u00a0\u00a0\u00a0\u00a0\u00a0 25S<\/td>\n<td>43<\/td>\n<td>20<\/td>\n<td>20<\/td>\n<td>25<\/td>\n<td>50<\/td>\n<\/tr>\n<tr>\n<td>RK-4230-RMNP-S<\/td>\n<td>R1&#8243;1\/4-11<\/td>\n<td>M42x2\u00a0\u00a0\u00a0\u00a0\u00a0\u00a0\u00a0\u00a0 30S<\/td>\n<td>43.5<\/td>\n<td>20<\/td>\n<td>25<\/td>\n<td>30<\/td>\n<td>50<\/td>\n<\/tr>\n<tr>\n<td>RK-4238-RMNP-S<\/td>\n<td>R1&#8243;1\/4-11<\/td>\n<td>M52x2\u00a0\u00a0\u00a0\u00a0\u00a0\u00a0\u00a0\u00a0 38S<\/td>\n<td>46<\/td>\n<td>20<\/td>\n<td>25<\/td>\n<td>38<\/td>\n<td>55<\/td>\n<\/tr>\n<tr>\n<td>RK-4825-RMNP-S<\/td>\n<td>R1&#8243;1\/2-11<\/td>\n<td>M36x2\u00a0\u00a0\u00a0\u00a0\u00a0\u00a0\u00a0\u00a0 25S<\/td>\n<td>46<\/td>\n<td>22<\/td>\n<td>20<\/td>\n<td>25<\/td>\n<td>55<\/td>\n<\/tr>\n<tr>\n<td>RK-4830-RMNP-S<\/td>\n<td>R1&#8243;1\/2-11<\/td>\n<td>M42x2\u00a0\u00a0\u00a0\u00a0\u00a0\u00a0\u00a0\u00a0 30S<\/td>\n<td>48.5<\/td>\n<td>22<\/td>\n<td>25<\/td>\n<td>30<\/td>\n<td>55<\/td>\n<\/tr>\n<tr>\n<td>RK-4838-RMNP-S<\/td>\n<td>R1&#8243;1\/2-11<\/td>\n<td>M52x2\u00a0\u00a0\u00a0\u00a0\u00a0\u00a0\u00a0\u00a0 38S<\/td>\n<td>48<\/td>\n<td>22<\/td>\n<td>32<\/td>\n<td>38<\/td>\n<td>55<\/td>\n<\/tr>\n<\/tbody>\n<\/table>\n<\/div>\n<\/div>\n<div class=\"col-lg-12\">\n<hr \/>\n<\/div>\n","protected":false},"featured_media":6930,"template":"","meta":[],"product_cat":[47,112],"product_tag":[176,161,151,150,175,216,224,227,226,229,228,232,231,230,206,225],"class_list":{"0":"post-6928","1":"product","2":"type-product","3":"status-publish","4":"has-post-thumbnail","6":"product_cat-tum-urunleri","7":"product_cat-hidrolik-rekorlar","8":"product_tag-176","9":"product_tag-1-2","10":"product_tag-1-4","11":"product_tag-1-8","12":"product_tag-3-4","13":"product_tag-hidrolik","14":"product_tag-hidrolik-rekor","15":"product_tag-m10","16":"product_tag-m12","17":"product_tag-m14","18":"product_tag-m16","19":"product_tag-m18","20":"product_tag-m22","21":"product_tag-m30","22":"product_tag-rekor","23":"product_tag-rekorsan","25":"first","26":"instock","27":"shipping-taxable","28":"product-type-simple"},"_links":{"self":[{"href":"https:\/\/novahidrolik.com.tr\/index.php\/wp-json\/wp\/v2\/product\/6928","targetHints":{"allow":["GET"]}}],"collection":[{"href":"https:\/\/novahidrolik.com.tr\/index.php\/wp-json\/wp\/v2\/product"}],"about":[{"href":"https:\/\/novahidrolik.com.tr\/index.php\/wp-json\/wp\/v2\/types\/product"}],"version-history":[{"count":0,"href":"https:\/\/novahidrolik.com.tr\/index.php\/wp-json\/wp\/v2\/product\/6928\/revisions"}],"wp:featuredmedia":[{"embeddable":true,"href":"https:\/\/novahidrolik.com.tr\/index.php\/wp-json\/wp\/v2\/media\/6930"}],"wp:attachment":[{"href":"https:\/\/novahidrolik.com.tr\/index.php\/wp-json\/wp\/v2\/media?parent=6928"}],"wp:term":[{"taxonomy":"product_cat","embeddable":true,"href":"https:\/\/novahidrolik.com.tr\/index.php\/wp-json\/wp\/v2\/product_cat?post=6928"},{"taxonomy":"product_tag","embeddable":true,"href":"https:\/\/novahidrolik.com.tr\/index.php\/wp-json\/wp\/v2\/product_tag?post=6928"}],"curies":[{"name":"wp","href":"https:\/\/api.w.org\/{rel}","templated":true}]}}