{"id":6933,"date":"2022-01-17T10:30:11","date_gmt":"2022-01-17T07:30:11","guid":{"rendered":"https:\/\/novahidrolik.com.tr\/?post_type=product&#038;p=6933"},"modified":"2022-01-17T11:01:46","modified_gmt":"2022-01-17T08:01:46","slug":"metrik-24-oranti-nipeli","status":"publish","type":"product","link":"https:\/\/novahidrolik.com.tr\/index.php\/urun\/metrik-24-oranti-nipeli\/","title":{"rendered":"METR\u0130K ORANTI N\u0130PEL\u0130"},"content":{"rendered":"","protected":false},"excerpt":{"rendered":"<div class=\"col-lg-6\">\n<div class=\"bilgiler\">\n<div class=\"col-lg-6\">\n<div class=\"bilgiler\">\n<table class=\"table table-striped\" cellspacing=\"0\">\n<tbody>\n<tr>\n<td colspan=\"7\"><strong>METR\u0130K ORANTI N\u0130PEL\u0130<\/strong><br \/>\nMETRIC\u00a0 STRAIGHT REDUCER<\/td>\n<\/tr>\n<tr>\n<td><strong>MALZEME KODU<\/strong><br \/>\nMATERIAL CODE<\/td>\n<td><strong>D\u0130\u015e \u00d6L\u00c7\u00dcS\u00dc<\/strong><br \/>\nTHREAD SIZE<br \/>\nT1<\/td>\n<td><strong>D\u0130\u015e \u00d6L\u00c7\u00dcS\u00dc<\/strong><br \/>\nTHREAD SIZE<br \/>\nT2<\/td>\n<td><strong>B<\/strong><\/td>\n<td><strong>\u00d8D<\/strong><\/td>\n<td><strong>\u00d8D1<\/strong><\/td>\n<td><strong>AA<\/strong><\/td>\n<\/tr>\n<tr>\n<td colspan=\"7\"><strong>L T\u0130P\u0130 \/ L TYPE<\/strong><\/td>\n<\/tr>\n<tr>\n<td>RK-0806-MMON-L<\/td>\n<td>M14x1,5\u00a0\u00a0\u00a0\u00a0\u00a0 8L<\/td>\n<td>M12x1,5\u00a0\u00a0\u00a0\u00a0\u00a0 6L<\/td>\n<td>11<\/td>\n<td>8<\/td>\n<td>6<\/td>\n<td>14<\/td>\n<\/tr>\n<tr>\n<td>RK-1006-MMON-L<\/td>\n<td>M16x1,5\u00a0\u00a0\u00a0 10L<\/td>\n<td>M12x1,5\u00a0\u00a0\u00a0\u00a0\u00a0 6L<\/td>\n<td>12<\/td>\n<td>10<\/td>\n<td>6<\/td>\n<td>17<\/td>\n<\/tr>\n<tr>\n<td>RK-1008-MMON-L<\/td>\n<td>M16x1,5\u00a0\u00a0\u00a0 10L<\/td>\n<td>M14x1,5\u00a0\u00a0\u00a0\u00a0\u00a0 8L<\/td>\n<td>12<\/td>\n<td>10<\/td>\n<td>8<\/td>\n<td>17<\/td>\n<\/tr>\n<tr>\n<td>RK-1206-MMON-L<\/td>\n<td>M18x1,5\u00a0\u00a0\u00a0 12L<\/td>\n<td>M12x1,5\u00a0\u00a0\u00a0\u00a0\u00a0 6L<\/td>\n<td>13<\/td>\n<td>12<\/td>\n<td>6<\/td>\n<td>19<\/td>\n<\/tr>\n<tr>\n<td>RK-1208-MMON-L<\/td>\n<td>M18x1,5\u00a0\u00a0\u00a0 12L<\/td>\n<td>M14x1,5\u00a0\u00a0\u00a0\u00a0\u00a0 8L<\/td>\n<td>13<\/td>\n<td>12<\/td>\n<td>8<\/td>\n<td>19<\/td>\n<\/tr>\n<tr>\n<td>RK-1210-MMON-L<\/td>\n<td>M18x1,5\u00a0\u00a0\u00a0 12L<\/td>\n<td>M16x1,5\u00a0\u00a0\u00a0 10L<\/td>\n<td>14<\/td>\n<td>12<\/td>\n<td>10<\/td>\n<td>19<\/td>\n<\/tr>\n<tr>\n<td>RK-1510-MMON-L<\/td>\n<td>M22x1,5\u00a0\u00a0\u00a0 15L<\/td>\n<td>M16x1,5\u00a0\u00a0\u00a0 10L<\/td>\n<td>15<\/td>\n<td>15<\/td>\n<td>10<\/td>\n<td>24<\/td>\n<\/tr>\n<tr>\n<td>RK-1512-MMON-L<\/td>\n<td>M22x1,5\u00a0\u00a0\u00a0 15L<\/td>\n<td>M18x1,5\u00a0\u00a0\u00a0 12L<\/td>\n<td>15<\/td>\n<td>15<\/td>\n<td>12<\/td>\n<td>24<\/td>\n<\/tr>\n<tr>\n<td>RK-1810-MMON-L<\/td>\n<td>M26x1,5\u00a0\u00a0\u00a0 18L<\/td>\n<td>M16x1,5\u00a0\u00a0\u00a0 10L<\/td>\n<td>15.5<\/td>\n<td>18<\/td>\n<td>10<\/td>\n<td>27<\/td>\n<\/tr>\n<tr>\n<td>RK-1812-MMON-L<\/td>\n<td>M26x1,5\u00a0\u00a0\u00a0 18L<\/td>\n<td>M18x1,5\u00a0\u00a0\u00a0 12L<\/td>\n<td>15.5<\/td>\n<td>18<\/td>\n<td>12<\/td>\n<td>27<\/td>\n<\/tr>\n<tr>\n<td>RK-1815-MMON-L<\/td>\n<td>M26x1,5\u00a0\u00a0\u00a0 18L<\/td>\n<td>M22x1,5\u00a0\u00a0\u00a0 15L<\/td>\n<td>16.5<\/td>\n<td>18<\/td>\n<td>15<\/td>\n<td>27<\/td>\n<\/tr>\n<tr>\n<td>RK-2212-MMON-L<\/td>\n<td>M30x2\u00a0\u00a0\u00a0\u00a0\u00a0\u00a0 22L<\/td>\n<td>M18x1,5\u00a0\u00a0\u00a0 12L<\/td>\n<td>20<\/td>\n<td>22<\/td>\n<td>12<\/td>\n<td>32<\/td>\n<\/tr>\n<tr>\n<td>RK-2215-MMON-L<\/td>\n<td>M30x2\u00a0\u00a0\u00a0\u00a0\u00a0\u00a0 22L<\/td>\n<td>M22x1,5\u00a0\u00a0\u00a0 15L<\/td>\n<td>19<\/td>\n<td>22<\/td>\n<td>15<\/td>\n<td>32<\/td>\n<\/tr>\n<tr>\n<td colspan=\"7\"><strong>S T\u0130P\u0130 \/ S TYPE<\/strong><\/td>\n<\/tr>\n<tr>\n<td>RK-1612-MMON-S<\/td>\n<td>M24x1,5\u00a0\u00a0\u00a0\u00a0\u00a0 16S<\/td>\n<td>M20x1,5\u00a0\u00a0\u00a0\u00a0\u00a0 12S<\/td>\n<td>20<\/td>\n<td>16<\/td>\n<td>12<\/td>\n<td>27<\/td>\n<\/tr>\n<tr>\n<td>RK-2016-MMON-S<\/td>\n<td>M30x2\u00a0\u00a0\u00a0\u00a0\u00a0\u00a0\u00a0\u00a0 20S<\/td>\n<td>M24x1,5\u00a0\u00a0\u00a0\u00a0\u00a0 16S<\/td>\n<td>23<\/td>\n<td>20<\/td>\n<td>16<\/td>\n<td>32<\/td>\n<\/tr>\n<tr>\n<td>RK-2516-MMON-S<\/td>\n<td>M36x2\u00a0\u00a0\u00a0\u00a0\u00a0\u00a0\u00a0\u00a0 25S<\/td>\n<td>M24x1,5\u00a0\u00a0\u00a0\u00a0\u00a0 16S<\/td>\n<td>25.5<\/td>\n<td>25<\/td>\n<td>16<\/td>\n<td>41<\/td>\n<\/tr>\n<tr>\n<td>RK-2520-MMON-S<\/td>\n<td>M36x2\u00a0\u00a0\u00a0\u00a0\u00a0\u00a0\u00a0\u00a0 25S<\/td>\n<td>M30x2\u00a0\u00a0\u00a0\u00a0\u00a0\u00a0\u00a0\u00a0 20S<\/td>\n<td>25.5<\/td>\n<td>25<\/td>\n<td>20<\/td>\n<td>41<\/td>\n<\/tr>\n<tr>\n<td>RK-3016-MMON-S<\/td>\n<td>M42x2\u00a0\u00a0\u00a0\u00a0\u00a0\u00a0\u00a0\u00a0 30S<\/td>\n<td>M24x1,5\u00a0\u00a0\u00a0\u00a0\u00a0 16S<\/td>\n<td>26<\/td>\n<td>30<\/td>\n<td>16<\/td>\n<td>46<\/td>\n<\/tr>\n<tr>\n<td>RK-3020-MMON-S<\/td>\n<td>M42x2\u00a0\u00a0\u00a0\u00a0\u00a0\u00a0\u00a0\u00a0 30S<\/td>\n<td>M30x2\u00a0\u00a0\u00a0\u00a0\u00a0\u00a0\u00a0\u00a0 20S<\/td>\n<td>26<\/td>\n<td>30<\/td>\n<td>20<\/td>\n<td>46<\/td>\n<\/tr>\n<tr>\n<td>RK-3025-MMON-S<\/td>\n<td>M42x2\u00a0\u00a0\u00a0\u00a0\u00a0\u00a0\u00a0\u00a0 30S<\/td>\n<td>M36x2\u00a0\u00a0\u00a0\u00a0\u00a0\u00a0\u00a0\u00a0 25S<\/td>\n<td>26.5<\/td>\n<td>30<\/td>\n<td>25<\/td>\n<td>46<\/td>\n<\/tr>\n<\/tbody>\n<\/table>\n<\/div>\n<\/div>\n<div class=\"col-lg-12\">\n<hr \/>\n<\/div>\n<\/div>\n<\/div>\n","protected":false},"featured_media":6935,"template":"","meta":[],"product_cat":[47,112],"product_tag":[233,234,235,236,216,224,229,228,232,231,206,225],"class_list":{"0":"post-6933","1":"product","2":"type-product","3":"status-publish","4":"has-post-thumbnail","6":"product_cat-tum-urunleri","7":"product_cat-hidrolik-rekorlar","8":"product_tag-10l","9":"product_tag-12l","10":"product_tag-6l","11":"product_tag-8l","12":"product_tag-hidrolik","13":"product_tag-hidrolik-rekor","14":"product_tag-m14","15":"product_tag-m16","16":"product_tag-m18","17":"product_tag-m22","18":"product_tag-rekor","19":"product_tag-rekorsan","21":"first","22":"instock","23":"shipping-taxable","24":"product-type-simple"},"_links":{"self":[{"href":"https:\/\/novahidrolik.com.tr\/index.php\/wp-json\/wp\/v2\/product\/6933","targetHints":{"allow":["GET"]}}],"collection":[{"href":"https:\/\/novahidrolik.com.tr\/index.php\/wp-json\/wp\/v2\/product"}],"about":[{"href":"https:\/\/novahidrolik.com.tr\/index.php\/wp-json\/wp\/v2\/types\/product"}],"version-history":[{"count":0,"href":"https:\/\/novahidrolik.com.tr\/index.php\/wp-json\/wp\/v2\/product\/6933\/revisions"}],"wp:featuredmedia":[{"embeddable":true,"href":"https:\/\/novahidrolik.com.tr\/index.php\/wp-json\/wp\/v2\/media\/6935"}],"wp:attachment":[{"href":"https:\/\/novahidrolik.com.tr\/index.php\/wp-json\/wp\/v2\/media?parent=6933"}],"wp:term":[{"taxonomy":"product_cat","embeddable":true,"href":"https:\/\/novahidrolik.com.tr\/index.php\/wp-json\/wp\/v2\/product_cat?post=6933"},{"taxonomy":"product_tag","embeddable":true,"href":"https:\/\/novahidrolik.com.tr\/index.php\/wp-json\/wp\/v2\/product_tag?post=6933"}],"curies":[{"name":"wp","href":"https:\/\/api.w.org\/{rel}","templated":true}]}}