{"id":6944,"date":"2022-01-17T10:59:42","date_gmt":"2022-01-17T07:59:42","guid":{"rendered":"https:\/\/novahidrolik.com.tr\/?post_type=product&#038;p=6944"},"modified":"2022-01-17T10:59:42","modified_gmt":"2022-01-17T07:59:42","slug":"bsp-oranti-nipeli","status":"publish","type":"product","link":"https:\/\/novahidrolik.com.tr\/index.php\/urun\/bsp-oranti-nipeli\/","title":{"rendered":"BSP ORANTI N\u0130PEL\u0130"},"content":{"rendered":"","protected":false},"excerpt":{"rendered":"<table class=\"table table-striped\" cellspacing=\"0\">\n<tbody>\n<tr>\n<td colspan=\"9\"><strong>BSP\u00a0 ORANTI N\u0130PEL\u0130<\/strong><br \/>\nBSP\u00a0 STRAIGHT REDUCER<\/td>\n<\/tr>\n<tr>\n<td><strong>MALZEME KODU<\/strong><br \/>\nMATERIAL CODE<\/td>\n<td><strong>D\u0130\u015e \u00d6L\u00c7\u00dcS\u00dc<\/strong><br \/>\nTHREAD SIZE<br \/>\nT1<\/td>\n<td><strong>D\u0130\u015e \u00d6L\u00c7\u00dcS\u00dc<\/strong><br \/>\nTHREAD SIZE<br \/>\nT2<\/td>\n<td><strong>B<\/strong><\/td>\n<td><strong>C<\/strong><\/td>\n<td><strong>D<\/strong><\/td>\n<td><strong>\u00d8D1<\/strong><\/td>\n<td><strong>\u00d8D2<\/strong><\/td>\n<td><strong>AA<\/strong><\/td>\n<\/tr>\n<tr>\n<td>RK-1013-RRON<\/td>\n<td>R1\/8-28<\/td>\n<td>R1\/4-19<\/td>\n<td>29<\/td>\n<td>9<\/td>\n<td>11<\/td>\n<td>4<\/td>\n<td>6<\/td>\n<td>19<\/td>\n<\/tr>\n<tr>\n<td>RK-1017-RRON<\/td>\n<td>R1\/8-28<\/td>\n<td>R3\/8-19<\/td>\n<td>30.5<\/td>\n<td>9<\/td>\n<td>12<\/td>\n<td>4<\/td>\n<td>9<\/td>\n<td>22<\/td>\n<\/tr>\n<tr>\n<td>RK-1317-RRON<\/td>\n<td>R1\/4-19<\/td>\n<td>R3\/8-19<\/td>\n<td>32.5<\/td>\n<td>11<\/td>\n<td>12<\/td>\n<td>6<\/td>\n<td>9<\/td>\n<td>22<\/td>\n<\/tr>\n<tr>\n<td>RK-1321-RRON<\/td>\n<td>R1\/4-19<\/td>\n<td>R1\/2-14<\/td>\n<td>36<\/td>\n<td>11<\/td>\n<td>14<\/td>\n<td>6<\/td>\n<td>12<\/td>\n<td>27<\/td>\n<\/tr>\n<tr>\n<td>RK-1326-RRON<\/td>\n<td>R1\/4-19<\/td>\n<td>R3\/4-14<\/td>\n<td>39<\/td>\n<td>11<\/td>\n<td>16<\/td>\n<td>6<\/td>\n<td>16<\/td>\n<td>32<\/td>\n<\/tr>\n<tr>\n<td>RK-1721-RRON<\/td>\n<td>R3\/8-19<\/td>\n<td>R1\/2-14<\/td>\n<td>37<\/td>\n<td>12<\/td>\n<td>14<\/td>\n<td>9<\/td>\n<td>12<\/td>\n<td>27<\/td>\n<\/tr>\n<tr>\n<td>RK-1726-RRON<\/td>\n<td>R3\/8-19<\/td>\n<td>R3\/4-14<\/td>\n<td>40<\/td>\n<td>12<\/td>\n<td>16<\/td>\n<td>9<\/td>\n<td>16<\/td>\n<td>32<\/td>\n<\/tr>\n<tr>\n<td>RK-2123-RRON<\/td>\n<td>R1\/2-14<\/td>\n<td>R5\/8-14<\/td>\n<td>41.5<\/td>\n<td>14<\/td>\n<td>16<\/td>\n<td>12<\/td>\n<td>12<\/td>\n<td>30<\/td>\n<\/tr>\n<tr>\n<td>RK-2126-RRON<\/td>\n<td>R1\/2-14<\/td>\n<td>R3\/4-14<\/td>\n<td>42<\/td>\n<td>14<\/td>\n<td>16<\/td>\n<td>12<\/td>\n<td>16<\/td>\n<td>32<\/td>\n<\/tr>\n<tr>\n<td>RK-2133-RRON<\/td>\n<td>R1\/2-14<\/td>\n<td>R1&#8243;-11<\/td>\n<td>46<\/td>\n<td>14<\/td>\n<td>18.5<\/td>\n<td>12<\/td>\n<td>20<\/td>\n<td>41<\/td>\n<\/tr>\n<tr>\n<td>RK-2326-RRON<\/td>\n<td>R5\/8-14<\/td>\n<td>R3\/4-14<\/td>\n<td>44<\/td>\n<td>16<\/td>\n<td>16<\/td>\n<td>14<\/td>\n<td>16<\/td>\n<td>32<\/td>\n<\/tr>\n<tr>\n<td>RK-2633-RRON<\/td>\n<td>R3\/4-14<\/td>\n<td>R1&#8243;-11<\/td>\n<td>48<\/td>\n<td>16<\/td>\n<td>18.5<\/td>\n<td>16<\/td>\n<td>20<\/td>\n<td>41<\/td>\n<\/tr>\n<tr>\n<td>RK-2642-RRON<\/td>\n<td>R3\/4-14<\/td>\n<td>R1&#8243;1\/4-11<\/td>\n<td>53.5<\/td>\n<td>16<\/td>\n<td>22<\/td>\n<td>16<\/td>\n<td>28<\/td>\n<td>50<\/td>\n<\/tr>\n<tr>\n<td>RK-2648-RRON<\/td>\n<td>R3\/4-14<\/td>\n<td>R1&#8243;1\/2-11<\/td>\n<td>55.5<\/td>\n<td>16<\/td>\n<td>22<\/td>\n<td>16<\/td>\n<td>32<\/td>\n<td>55<\/td>\n<\/tr>\n<tr>\n<td>RK-3342-RRON<\/td>\n<td>R1&#8243;-11<\/td>\n<td>R1&#8243;1\/4-11<\/td>\n<td>56<\/td>\n<td>18.5<\/td>\n<td>22<\/td>\n<td>20<\/td>\n<td>28<\/td>\n<td>50<\/td>\n<\/tr>\n<tr>\n<td>RK-3348-RRON<\/td>\n<td>R1&#8243;-11<\/td>\n<td>R1&#8243;1\/2-11<\/td>\n<td>57.5<\/td>\n<td>18.5<\/td>\n<td>22<\/td>\n<td>20<\/td>\n<td>32<\/td>\n<td>55<\/td>\n<\/tr>\n<tr>\n<td>RK-3360-RRON<\/td>\n<td>R1&#8243;-11<\/td>\n<td>R2&#8243;-11<\/td>\n<td>62<\/td>\n<td>18.5<\/td>\n<td>24<\/td>\n<td>20<\/td>\n<td>45<\/td>\n<td>70<\/td>\n<\/tr>\n<tr>\n<td>RK-4248-RRON<\/td>\n<td>R1&#8243;1\/4-11<\/td>\n<td>R1&#8243;1\/2-11<\/td>\n<td>61<\/td>\n<td>22<\/td>\n<td>22<\/td>\n<td>28<\/td>\n<td>32<\/td>\n<td>55<\/td>\n<\/tr>\n<tr>\n<td>RK-4260-RRON<\/td>\n<td>R1&#8243;1\/4-11<\/td>\n<td>R2&#8243;-11<\/td>\n<td>65<\/td>\n<td>22<\/td>\n<td>24<\/td>\n<td>28<\/td>\n<td>45<\/td>\n<td>70<\/td>\n<\/tr>\n<tr>\n<td>RK-4860-RRON<\/td>\n<td>R1&#8243;1\/2-11<\/td>\n<td>R2&#8243;-11<\/td>\n<td>65<\/td>\n<td>22<\/td>\n<td>24<\/td>\n<td>32<\/td>\n<td>45<\/td>\n<td>70<\/td>\n<\/tr>\n<tr>\n<td>RK-6075-RRON<\/td>\n<td>R2&#8243;-11<\/td>\n<td>R2&#8243;1\/2-11<\/td>\n<td>70<\/td>\n<td>24<\/td>\n<td>24<\/td>\n<td>45<\/td>\n<td>56<\/td>\n<td>81<\/td>\n<\/tr>\n<tr>\n<td>RK-7588-RRON<\/td>\n<td>R2&#8243;1\/2-11<\/td>\n<td>R3&#8243;-11<\/td>\n<td>69<\/td>\n<td>24<\/td>\n<td>24<\/td>\n<td>56<\/td>\n<td>68<\/td>\n<td>91<\/td>\n<\/tr>\n<\/tbody>\n<\/table>\n","protected":false},"featured_media":6951,"template":"","meta":[],"product_cat":[47,112],"product_tag":[239,240,161,151,150,175,174,216,224,206,225],"class_list":{"0":"post-6944","1":"product","2":"type-product","3":"status-publish","4":"has-post-thumbnail","6":"product_cat-tum-urunleri","7":"product_cat-hidrolik-rekorlar","8":"product_tag-1-1-2","9":"product_tag-1-1-4","10":"product_tag-1-2","11":"product_tag-1-4","12":"product_tag-1-8","13":"product_tag-3-4","14":"product_tag-3-8","15":"product_tag-hidrolik","16":"product_tag-hidrolik-rekor","17":"product_tag-rekor","18":"product_tag-rekorsan","20":"first","21":"instock","22":"shipping-taxable","23":"product-type-simple"},"_links":{"self":[{"href":"https:\/\/novahidrolik.com.tr\/index.php\/wp-json\/wp\/v2\/product\/6944","targetHints":{"allow":["GET"]}}],"collection":[{"href":"https:\/\/novahidrolik.com.tr\/index.php\/wp-json\/wp\/v2\/product"}],"about":[{"href":"https:\/\/novahidrolik.com.tr\/index.php\/wp-json\/wp\/v2\/types\/product"}],"version-history":[{"count":0,"href":"https:\/\/novahidrolik.com.tr\/index.php\/wp-json\/wp\/v2\/product\/6944\/revisions"}],"wp:featuredmedia":[{"embeddable":true,"href":"https:\/\/novahidrolik.com.tr\/index.php\/wp-json\/wp\/v2\/media\/6951"}],"wp:attachment":[{"href":"https:\/\/novahidrolik.com.tr\/index.php\/wp-json\/wp\/v2\/media?parent=6944"}],"wp:term":[{"taxonomy":"product_cat","embeddable":true,"href":"https:\/\/novahidrolik.com.tr\/index.php\/wp-json\/wp\/v2\/product_cat?post=6944"},{"taxonomy":"product_tag","embeddable":true,"href":"https:\/\/novahidrolik.com.tr\/index.php\/wp-json\/wp\/v2\/product_tag?post=6944"}],"curies":[{"name":"wp","href":"https:\/\/api.w.org\/{rel}","templated":true}]}}