{"id":6953,"date":"2022-01-17T11:07:14","date_gmt":"2022-01-17T08:07:14","guid":{"rendered":"https:\/\/novahidrolik.com.tr\/?post_type=product&#038;p=6953"},"modified":"2022-01-17T11:07:15","modified_gmt":"2022-01-17T08:07:15","slug":"metrik-perde-gecis-nipeli","status":"publish","type":"product","link":"https:\/\/novahidrolik.com.tr\/index.php\/urun\/metrik-perde-gecis-nipeli\/","title":{"rendered":"METR\u0130K PERDE GE\u00c7\u0130\u015e N\u0130PEL\u0130"},"content":{"rendered":"","protected":false},"excerpt":{"rendered":"<table class=\"table table-striped\" cellspacing=\"0\">\n<tbody>\n<tr>\n<td colspan=\"9\"><strong>METR\u0130K PERDE GE\u00c7\u0130\u015e N\u0130PEL\u0130<\/strong><br \/>\nMETRIC BULKHEAD UNION CONNECTOR<\/td>\n<\/tr>\n<tr>\n<td><strong>MALZEME KODU<\/strong><br \/>\nMATERIAL CODE<\/td>\n<td><strong>D\u0130\u015e \u00d6L\u00c7\u00dcS\u00dc<\/strong><br \/>\nTHREAD SIZE<br \/>\nT1<\/td>\n<td><strong>D\u0130\u015e \u00d6L\u00c7\u00dcS\u00dc<\/strong><br \/>\nTHREAD SIZE<br \/>\nT1<\/td>\n<td><strong>B<\/strong><\/td>\n<td><strong>C<\/strong><\/td>\n<td><strong>\u00d8D<\/strong><\/td>\n<td><strong>\u00d8D1<\/strong><\/td>\n<td><strong>A1<\/strong><\/td>\n<td><strong>A2<\/strong><\/td>\n<\/tr>\n<tr>\n<td colspan=\"9\"><strong>L T\u0130P\u0130 \/ L TYPE<\/strong><\/td>\n<\/tr>\n<tr>\n<td>RK-0606-MPGN-L<\/td>\n<td>M12x1,5\u00a0\u00a0\u00a0\u00a0\u00a0 6L<\/td>\n<td>M12x1,5\u00a0\u00a0\u00a0\u00a0\u00a0 6L<\/td>\n<td>7<\/td>\n<td>27<\/td>\n<td>6<\/td>\n<td>4<\/td>\n<td>17<\/td>\n<td>17<\/td>\n<\/tr>\n<tr>\n<td>RK-0808-MPGN-L<\/td>\n<td>M14x1,5\u00a0\u00a0\u00a0\u00a0\u00a0 8L<\/td>\n<td>M14x1,5\u00a0\u00a0\u00a0\u00a0\u00a0 8L<\/td>\n<td>8<\/td>\n<td>27<\/td>\n<td>8<\/td>\n<td>6<\/td>\n<td>19<\/td>\n<td>19<\/td>\n<\/tr>\n<tr>\n<td>RK-1010-MPGN-L<\/td>\n<td>M16x1,5\u00a0\u00a0\u00a0 10L<\/td>\n<td>M16x1,5\u00a0\u00a0\u00a0 10L<\/td>\n<td>10<\/td>\n<td>28<\/td>\n<td>10<\/td>\n<td>8<\/td>\n<td>22<\/td>\n<td>22<\/td>\n<\/tr>\n<tr>\n<td>RK-1212-MPGN-L<\/td>\n<td>M18x1,5\u00a0\u00a0\u00a0 12L<\/td>\n<td>M18x1,5\u00a0\u00a0\u00a0 12L<\/td>\n<td>10<\/td>\n<td>29<\/td>\n<td>12<\/td>\n<td>10<\/td>\n<td>24<\/td>\n<td>24<\/td>\n<\/tr>\n<tr>\n<td>RK-1515-MPGN-L<\/td>\n<td>M22x1,5\u00a0\u00a0\u00a0 15L<\/td>\n<td>M22x1,5\u00a0\u00a0\u00a0 15L<\/td>\n<td>12<\/td>\n<td>31<\/td>\n<td>15<\/td>\n<td>12<\/td>\n<td>27<\/td>\n<td>30<\/td>\n<\/tr>\n<tr>\n<td>RK-1818-MPGN-L<\/td>\n<td>M26x1,5\u00a0\u00a0\u00a0 18L<\/td>\n<td>M26x1,5\u00a0\u00a0\u00a0 18L<\/td>\n<td>13.5<\/td>\n<td>32.5<\/td>\n<td>18<\/td>\n<td>15<\/td>\n<td>32<\/td>\n<td>36<\/td>\n<\/tr>\n<tr>\n<td>RK-2222-MPGN-L<\/td>\n<td>M30x2\u00a0\u00a0\u00a0\u00a0\u00a0\u00a0 22L<\/td>\n<td>M30x2\u00a0\u00a0\u00a0\u00a0\u00a0\u00a0 22L<\/td>\n<td>16.5<\/td>\n<td>34.5<\/td>\n<td>22<\/td>\n<td>19<\/td>\n<td>36<\/td>\n<td>41<\/td>\n<\/tr>\n<tr>\n<td>RK-2828-MPGN-L<\/td>\n<td>M36x2\u00a0\u00a0\u00a0\u00a0\u00a0\u00a0 28L<\/td>\n<td>M36x2\u00a0\u00a0\u00a0\u00a0\u00a0\u00a0 28L<\/td>\n<td>18.5<\/td>\n<td>35.5<\/td>\n<td>28<\/td>\n<td>24<\/td>\n<td>41<\/td>\n<td>46<\/td>\n<\/tr>\n<tr>\n<td>RK-3535-MPGN-L<\/td>\n<td>M45x2\u00a0\u00a0\u00a0\u00a0\u00a0\u00a0 35L<\/td>\n<td>M45x2\u00a0\u00a0\u00a0\u00a0\u00a0\u00a0 35L<\/td>\n<td>18.5<\/td>\n<td>36.5<\/td>\n<td>35<\/td>\n<td>30<\/td>\n<td>50<\/td>\n<td>55<\/td>\n<\/tr>\n<tr>\n<td>RK-4242-MPGN-L<\/td>\n<td>M52x2\u00a0\u00a0\u00a0\u00a0\u00a0\u00a0 42L<\/td>\n<td>M52x2\u00a0\u00a0\u00a0\u00a0\u00a0\u00a0 42L<\/td>\n<td>19<\/td>\n<td>36<\/td>\n<td>42<\/td>\n<td>36<\/td>\n<td>60<\/td>\n<td>65<\/td>\n<\/tr>\n<tr>\n<td colspan=\"9\"><strong>S T\u0130P\u0130 \/ S TYPE<\/strong><\/td>\n<\/tr>\n<tr>\n<td>RK-0606-MPGN-S<\/td>\n<td>M14x1,5\u00a0\u00a0\u00a0\u00a0\u00a0\u00a0\u00a0 6S<\/td>\n<td>M14x1,5\u00a0\u00a0\u00a0\u00a0\u00a0\u00a0\u00a0 6S<\/td>\n<td>12<\/td>\n<td>29<\/td>\n<td>6<\/td>\n<td>4<\/td>\n<td>19<\/td>\n<td>19<\/td>\n<\/tr>\n<tr>\n<td>RK-0808-MPGN-S<\/td>\n<td>M16x1,5\u00a0\u00a0\u00a0\u00a0\u00a0\u00a0\u00a0 8S<\/td>\n<td>M16x1,5\u00a0\u00a0\u00a0\u00a0\u00a0\u00a0\u00a0 8S<\/td>\n<td>13<\/td>\n<td>29<\/td>\n<td>8<\/td>\n<td>5<\/td>\n<td>22<\/td>\n<td>22<\/td>\n<\/tr>\n<tr>\n<td>RK-1010-MPGN-S<\/td>\n<td>M18x1,5\u00a0\u00a0\u00a0\u00a0\u00a0 10S<\/td>\n<td>M18x1,5\u00a0\u00a0\u00a0\u00a0\u00a0 10S<\/td>\n<td>14.5<\/td>\n<td>29.5<\/td>\n<td>10<\/td>\n<td>7<\/td>\n<td>24<\/td>\n<td>24<\/td>\n<\/tr>\n<tr>\n<td>RK-1212-MPGN-S<\/td>\n<td>M20x1,5\u00a0\u00a0\u00a0\u00a0\u00a0 12S<\/td>\n<td>M20x1,5\u00a0\u00a0\u00a0\u00a0\u00a0 12S<\/td>\n<td>14.5<\/td>\n<td>30.5<\/td>\n<td>12<\/td>\n<td>8<\/td>\n<td>27<\/td>\n<td>27<\/td>\n<\/tr>\n<tr>\n<td>RK-1616-MPGN-S<\/td>\n<td>M24x1,5\u00a0\u00a0\u00a0\u00a0\u00a0 16S<\/td>\n<td>M24x1,5\u00a0\u00a0\u00a0\u00a0\u00a0 16S<\/td>\n<td>16.5<\/td>\n<td>31.5<\/td>\n<td>16<\/td>\n<td>12<\/td>\n<td>32<\/td>\n<td>32<\/td>\n<\/tr>\n<tr>\n<td>RK-2020-MPGN-S<\/td>\n<td>M30x2\u00a0\u00a0\u00a0\u00a0\u00a0\u00a0\u00a0\u00a0 20S<\/td>\n<td>M30x2\u00a0\u00a0\u00a0\u00a0\u00a0\u00a0\u00a0\u00a0 20S<\/td>\n<td>17.5<\/td>\n<td>33.5<\/td>\n<td>20<\/td>\n<td>16<\/td>\n<td>41<\/td>\n<td>41<\/td>\n<\/tr>\n<tr>\n<td>RK-2525-MPGN-S<\/td>\n<td>M36x2\u00a0\u00a0\u00a0\u00a0\u00a0\u00a0\u00a0\u00a0 25S<\/td>\n<td>M36x2\u00a0\u00a0\u00a0\u00a0\u00a0\u00a0\u00a0\u00a0 25S<\/td>\n<td>20<\/td>\n<td>34.5<\/td>\n<td>25<\/td>\n<td>20<\/td>\n<td>46<\/td>\n<td>46<\/td>\n<\/tr>\n<tr>\n<td>RK-3030-MPGN-S<\/td>\n<td>M42x2\u00a0\u00a0\u00a0\u00a0\u00a0\u00a0\u00a0\u00a0 30S<\/td>\n<td>M42x2\u00a0\u00a0\u00a0\u00a0\u00a0\u00a0\u00a0\u00a0 30S<\/td>\n<td>21.5<\/td>\n<td>37.5<\/td>\n<td>30<\/td>\n<td>25<\/td>\n<td>50<\/td>\n<td>50<\/td>\n<\/tr>\n<tr>\n<td>RK-3838-MPGN-S<\/td>\n<td>M52x2\u00a0\u00a0\u00a0\u00a0\u00a0\u00a0\u00a0\u00a0 38S<\/td>\n<td>M52x2\u00a0\u00a0\u00a0\u00a0\u00a0\u00a0\u00a0\u00a0 38S<\/td>\n<td>22<\/td>\n<td>37<\/td>\n<td>38<\/td>\n<td>32<\/td>\n<td>65<\/td>\n<td>65<\/td>\n<\/tr>\n<\/tbody>\n<\/table>\n","protected":false},"featured_media":6956,"template":"","meta":[],"product_cat":[47,112],"product_tag":[216,224,226,229,228,232,241,206,225],"class_list":{"0":"post-6953","1":"product","2":"type-product","3":"status-publish","4":"has-post-thumbnail","6":"product_cat-tum-urunleri","7":"product_cat-hidrolik-rekorlar","8":"product_tag-hidrolik","9":"product_tag-hidrolik-rekor","10":"product_tag-m12","11":"product_tag-m14","12":"product_tag-m16","13":"product_tag-m18","14":"product_tag-m20","15":"product_tag-rekor","16":"product_tag-rekorsan","18":"first","19":"instock","20":"shipping-taxable","21":"product-type-simple"},"_links":{"self":[{"href":"https:\/\/novahidrolik.com.tr\/index.php\/wp-json\/wp\/v2\/product\/6953","targetHints":{"allow":["GET"]}}],"collection":[{"href":"https:\/\/novahidrolik.com.tr\/index.php\/wp-json\/wp\/v2\/product"}],"about":[{"href":"https:\/\/novahidrolik.com.tr\/index.php\/wp-json\/wp\/v2\/types\/product"}],"version-history":[{"count":0,"href":"https:\/\/novahidrolik.com.tr\/index.php\/wp-json\/wp\/v2\/product\/6953\/revisions"}],"wp:featuredmedia":[{"embeddable":true,"href":"https:\/\/novahidrolik.com.tr\/index.php\/wp-json\/wp\/v2\/media\/6956"}],"wp:attachment":[{"href":"https:\/\/novahidrolik.com.tr\/index.php\/wp-json\/wp\/v2\/media?parent=6953"}],"wp:term":[{"taxonomy":"product_cat","embeddable":true,"href":"https:\/\/novahidrolik.com.tr\/index.php\/wp-json\/wp\/v2\/product_cat?post=6953"},{"taxonomy":"product_tag","embeddable":true,"href":"https:\/\/novahidrolik.com.tr\/index.php\/wp-json\/wp\/v2\/product_tag?post=6953"}],"curies":[{"name":"wp","href":"https:\/\/api.w.org\/{rel}","templated":true}]}}