{"id":6962,"date":"2022-01-17T11:21:42","date_gmt":"2022-01-17T08:21:42","guid":{"rendered":"https:\/\/novahidrolik.com.tr\/?post_type=product&#038;p=6962"},"modified":"2022-01-17T11:21:43","modified_gmt":"2022-01-17T08:21:43","slug":"bsp-altikose-mason","status":"publish","type":"product","link":"https:\/\/novahidrolik.com.tr\/index.php\/urun\/bsp-altikose-mason\/","title":{"rendered":"BSP ALTIK\u00d6\u015eE MA\u015eON"},"content":{"rendered":"","protected":false},"excerpt":{"rendered":"<table class=\"table table-striped\" cellspacing=\"0\">\n<tbody>\n<tr>\n<td colspan=\"4\"><strong>BSP ALTIK\u00d6\u015eE MA\u015eON<\/strong><br \/>\nBSP FEMALE THREAD COUPL\u0130NG<\/td>\n<\/tr>\n<tr>\n<td><strong>MALZEME KODU<\/strong><br \/>\nMATERIAL CODE<\/td>\n<td><strong>D\u0130\u015e \u00d6L\u00c7\u00dcS\u00dc<\/strong><br \/>\nTHREAD SIZE<\/td>\n<td><strong>B<\/strong><\/td>\n<td><strong>AA<\/strong><\/td>\n<\/tr>\n<tr>\n<td>RK-1028-RAM<\/td>\n<td>R1\/8-28<\/td>\n<td>19<\/td>\n<td>14<\/td>\n<\/tr>\n<tr>\n<td>RK-1319-RAM<\/td>\n<td>R1\/4-19<\/td>\n<td>28<\/td>\n<td>19<\/td>\n<\/tr>\n<tr>\n<td>RK-1719-RAM<\/td>\n<td>R3\/8-19<\/td>\n<td>28<\/td>\n<td>22<\/td>\n<\/tr>\n<tr>\n<td>RK-2114-RAM<\/td>\n<td>R1\/2-14<\/td>\n<td>30<\/td>\n<td>27<\/td>\n<\/tr>\n<tr>\n<td>RK-2614-RAM<\/td>\n<td>R3\/4-14<\/td>\n<td>35<\/td>\n<td>32<\/td>\n<\/tr>\n<tr>\n<td>RK-3311-RAM<\/td>\n<td>R1&#8243;-11<\/td>\n<td>42<\/td>\n<td>41<\/td>\n<\/tr>\n<tr>\n<td>RK-4211-RAM<\/td>\n<td>R1&#8243;1\/4-11<\/td>\n<td>45<\/td>\n<td>50<\/td>\n<\/tr>\n<tr>\n<td>RK-4811-RAM<\/td>\n<td>R1&#8243;1\/2-11<\/td>\n<td>47<\/td>\n<td>55<\/td>\n<\/tr>\n<tr>\n<td>RK-6011-RAM<\/td>\n<td>R2&#8243;-11<\/td>\n<td>55<\/td>\n<td>70<\/td>\n<\/tr>\n<\/tbody>\n<\/table>\n","protected":false},"featured_media":6964,"template":"","meta":[],"product_cat":[47,112],"product_tag":[176,161,151,150,175,174,216,224,206,225],"class_list":{"0":"post-6962","1":"product","2":"type-product","3":"status-publish","4":"has-post-thumbnail","6":"product_cat-tum-urunleri","7":"product_cat-hidrolik-rekorlar","8":"product_tag-176","9":"product_tag-1-2","10":"product_tag-1-4","11":"product_tag-1-8","12":"product_tag-3-4","13":"product_tag-3-8","14":"product_tag-hidrolik","15":"product_tag-hidrolik-rekor","16":"product_tag-rekor","17":"product_tag-rekorsan","19":"first","20":"instock","21":"shipping-taxable","22":"product-type-simple"},"_links":{"self":[{"href":"https:\/\/novahidrolik.com.tr\/index.php\/wp-json\/wp\/v2\/product\/6962","targetHints":{"allow":["GET"]}}],"collection":[{"href":"https:\/\/novahidrolik.com.tr\/index.php\/wp-json\/wp\/v2\/product"}],"about":[{"href":"https:\/\/novahidrolik.com.tr\/index.php\/wp-json\/wp\/v2\/types\/product"}],"version-history":[{"count":0,"href":"https:\/\/novahidrolik.com.tr\/index.php\/wp-json\/wp\/v2\/product\/6962\/revisions"}],"wp:featuredmedia":[{"embeddable":true,"href":"https:\/\/novahidrolik.com.tr\/index.php\/wp-json\/wp\/v2\/media\/6964"}],"wp:attachment":[{"href":"https:\/\/novahidrolik.com.tr\/index.php\/wp-json\/wp\/v2\/media?parent=6962"}],"wp:term":[{"taxonomy":"product_cat","embeddable":true,"href":"https:\/\/novahidrolik.com.tr\/index.php\/wp-json\/wp\/v2\/product_cat?post=6962"},{"taxonomy":"product_tag","embeddable":true,"href":"https:\/\/novahidrolik.com.tr\/index.php\/wp-json\/wp\/v2\/product_tag?post=6962"}],"curies":[{"name":"wp","href":"https:\/\/api.w.org\/{rel}","templated":true}]}}