{"id":6966,"date":"2022-01-17T11:26:46","date_gmt":"2022-01-17T08:26:46","guid":{"rendered":"https:\/\/novahidrolik.com.tr\/?post_type=product&#038;p=6966"},"modified":"2022-01-17T11:26:46","modified_gmt":"2022-01-17T08:26:46","slug":"bsp-metrik-manometre-rakorlari","status":"publish","type":"product","link":"https:\/\/novahidrolik.com.tr\/index.php\/urun\/bsp-metrik-manometre-rakorlari\/","title":{"rendered":"BSP &#8211; METR\u0130K MANOMETRE RAKORLARI"},"content":{"rendered":"","protected":false},"excerpt":{"rendered":"<table class=\"table table-striped\" cellspacing=\"0\">\n<tbody>\n<tr>\n<td colspan=\"7\"><strong>BSP &#8211; METR\u0130K MANOMETRE RAKORLARI<\/strong><br \/>\nBSP FEMALE &#8211; METRIC MALE PRESSURE GAUGE CONNECTOR<\/td>\n<\/tr>\n<tr>\n<td><strong>MALZEME KODU<\/strong><br \/>\nMATERIAL CODE<\/td>\n<td><strong>D\u0130\u015e \u00d6L\u00c7\u00dcS\u00dc<\/strong><br \/>\nTHREAD SIZE<br \/>\nT1<\/td>\n<td><strong>D\u0130\u015e \u00d6L\u00c7\u00dcS\u00dc<\/strong><br \/>\nTHREAD SIZE<br \/>\nT2<\/td>\n<td><strong>B<\/strong><\/td>\n<td><strong>\u00d8D<\/strong><\/td>\n<td><strong>\u00d8D1<\/strong><\/td>\n<td><strong>AA<\/strong><\/td>\n<\/tr>\n<tr>\n<td colspan=\"7\"><strong>L T\u0130P\u0130 \/ L TYPE<\/strong><\/td>\n<\/tr>\n<tr>\n<td>RK-1306-MER-L<\/td>\n<td>R1\/4-19<\/td>\n<td>M12x1,5\u00a0\u00a0\u00a0\u00a0\u00a0 6L<\/td>\n<td>21.5<\/td>\n<td>6<\/td>\n<td>4<\/td>\n<td>19<\/td>\n<\/tr>\n<tr>\n<td>RK-1308-MER-L<\/td>\n<td>R1\/4-19<\/td>\n<td>M14x1,5\u00a0\u00a0\u00a0\u00a0\u00a0 8L<\/td>\n<td>21.5<\/td>\n<td>8<\/td>\n<td>5<\/td>\n<td>19<\/td>\n<\/tr>\n<tr>\n<td>RK-1310-MER-L<\/td>\n<td>R1\/4-19<\/td>\n<td>M16x1,5\u00a0\u00a0\u00a0 10L<\/td>\n<td>22.5<\/td>\n<td>10<\/td>\n<td>8<\/td>\n<td>19<\/td>\n<\/tr>\n<tr>\n<td>RK-1312-MER-L<\/td>\n<td>R1\/4-19<\/td>\n<td>M18x1,5\u00a0\u00a0\u00a0 12L<\/td>\n<td>22.5<\/td>\n<td>12<\/td>\n<td>10<\/td>\n<td>19<\/td>\n<\/tr>\n<tr>\n<td>RK-2106-MER-L<\/td>\n<td>R1\/2-14<\/td>\n<td>M12x1,5\u00a0\u00a0\u00a0\u00a0\u00a0 6L<\/td>\n<td>29<\/td>\n<td>6<\/td>\n<td>4<\/td>\n<td>27<\/td>\n<\/tr>\n<tr>\n<td>RK-2108-MER-L<\/td>\n<td>R1\/2-14<\/td>\n<td>M14x1,5\u00a0\u00a0\u00a0\u00a0\u00a0 8L<\/td>\n<td>39<\/td>\n<td>8<\/td>\n<td>6<\/td>\n<td>27<\/td>\n<\/tr>\n<tr>\n<td>RK-2110-MER-L<\/td>\n<td>R1\/2-14<\/td>\n<td>M16x1,5\u00a0\u00a0\u00a0 10L<\/td>\n<td>30<\/td>\n<td>10<\/td>\n<td>8<\/td>\n<td>27<\/td>\n<\/tr>\n<tr>\n<td>RK-2112-MER-L<\/td>\n<td>R1\/2-14<\/td>\n<td>M18x1,5\u00a0\u00a0\u00a0 12L<\/td>\n<td>30<\/td>\n<td>12<\/td>\n<td>10<\/td>\n<td>27<\/td>\n<\/tr>\n<tr>\n<td colspan=\"7\"><strong>S T\u0130P\u0130 \/ S TYPE<\/strong><\/td>\n<\/tr>\n<tr>\n<td>RK-1306-MER-S<\/td>\n<td>R1\/4-19<\/td>\n<td>M14x1,5\u00a0\u00a0\u00a0\u00a0\u00a0\u00a0\u00a0 6S<\/td>\n<td>23<\/td>\n<td>6<\/td>\n<td>4<\/td>\n<td>19<\/td>\n<\/tr>\n<tr>\n<td>RK-1308-MER-S<\/td>\n<td>R1\/4-19<\/td>\n<td>M16x1,5\u00a0\u00a0\u00a0\u00a0\u00a0\u00a0\u00a0 8S<\/td>\n<td>23<\/td>\n<td>8<\/td>\n<td>5<\/td>\n<td>19<\/td>\n<\/tr>\n<tr>\n<td>RK-1310-MER-S<\/td>\n<td>R1\/4-19<\/td>\n<td>M18x1,5\u00a0\u00a0\u00a0\u00a0\u00a0 10S<\/td>\n<td>23<\/td>\n<td>10<\/td>\n<td>7<\/td>\n<td>19<\/td>\n<\/tr>\n<tr>\n<td>RK-1312-MER-S<\/td>\n<td>R1\/4-19<\/td>\n<td>M20x1,5\u00a0\u00a0\u00a0\u00a0\u00a0 12S<\/td>\n<td>23<\/td>\n<td>12<\/td>\n<td>8<\/td>\n<td>22<\/td>\n<\/tr>\n<tr>\n<td>RK-2106-MER-S<\/td>\n<td>R1\/2-14<\/td>\n<td>M14x1,5\u00a0\u00a0\u00a0\u00a0\u00a0\u00a0\u00a0 6S<\/td>\n<td>31<\/td>\n<td>6<\/td>\n<td>4<\/td>\n<td>27<\/td>\n<\/tr>\n<tr>\n<td>RK-2108-MER-S<\/td>\n<td>R1\/2-14<\/td>\n<td>M16x1,5\u00a0\u00a0\u00a0\u00a0\u00a0\u00a0\u00a0 8S<\/td>\n<td>31<\/td>\n<td>8<\/td>\n<td>5<\/td>\n<td>27<\/td>\n<\/tr>\n<tr>\n<td>RK-2110-MER-S<\/td>\n<td>R1\/2-14<\/td>\n<td>M18x1,5\u00a0\u00a0\u00a0\u00a0\u00a0 10S<\/td>\n<td>30.5<\/td>\n<td>10<\/td>\n<td>7<\/td>\n<td>27<\/td>\n<\/tr>\n<\/tbody>\n<\/table>\n","protected":false},"featured_media":6968,"template":"","meta":[],"product_cat":[47,112],"product_tag":[161,151,233,234,235,236,216,224,206,225],"class_list":{"0":"post-6966","1":"product","2":"type-product","3":"status-publish","4":"has-post-thumbnail","6":"product_cat-tum-urunleri","7":"product_cat-hidrolik-rekorlar","8":"product_tag-1-2","9":"product_tag-1-4","10":"product_tag-10l","11":"product_tag-12l","12":"product_tag-6l","13":"product_tag-8l","14":"product_tag-hidrolik","15":"product_tag-hidrolik-rekor","16":"product_tag-rekor","17":"product_tag-rekorsan","19":"first","20":"instock","21":"shipping-taxable","22":"product-type-simple"},"_links":{"self":[{"href":"https:\/\/novahidrolik.com.tr\/index.php\/wp-json\/wp\/v2\/product\/6966","targetHints":{"allow":["GET"]}}],"collection":[{"href":"https:\/\/novahidrolik.com.tr\/index.php\/wp-json\/wp\/v2\/product"}],"about":[{"href":"https:\/\/novahidrolik.com.tr\/index.php\/wp-json\/wp\/v2\/types\/product"}],"version-history":[{"count":0,"href":"https:\/\/novahidrolik.com.tr\/index.php\/wp-json\/wp\/v2\/product\/6966\/revisions"}],"wp:featuredmedia":[{"embeddable":true,"href":"https:\/\/novahidrolik.com.tr\/index.php\/wp-json\/wp\/v2\/media\/6968"}],"wp:attachment":[{"href":"https:\/\/novahidrolik.com.tr\/index.php\/wp-json\/wp\/v2\/media?parent=6966"}],"wp:term":[{"taxonomy":"product_cat","embeddable":true,"href":"https:\/\/novahidrolik.com.tr\/index.php\/wp-json\/wp\/v2\/product_cat?post=6966"},{"taxonomy":"product_tag","embeddable":true,"href":"https:\/\/novahidrolik.com.tr\/index.php\/wp-json\/wp\/v2\/product_tag?post=6966"}],"curies":[{"name":"wp","href":"https:\/\/api.w.org\/{rel}","templated":true}]}}