{"id":6975,"date":"2022-01-17T11:42:28","date_gmt":"2022-01-17T08:42:28","guid":{"rendered":"https:\/\/novahidrolik.com.tr\/?post_type=product&#038;p=6975"},"modified":"2022-01-17T11:42:28","modified_gmt":"2022-01-17T08:42:28","slug":"bsp-metrik-pfx-ters-rakor","status":"publish","type":"product","link":"https:\/\/novahidrolik.com.tr\/index.php\/urun\/bsp-metrik-pfx-ters-rakor\/","title":{"rendered":"BSP &#8211; METR\u0130K PFX TERS RAKOR"},"content":{"rendered":"","protected":false},"excerpt":{"rendered":"<div class=\"col-lg-6\">\n<div class=\"bilgiler\">\n<table class=\"table table-striped\" cellspacing=\"0\">\n<tbody>\n<tr>\n<td colspan=\"9\"><strong>BSP &#8211; METR\u0130K PFX TERS RAKOR<\/strong><br \/>\nBSP &#8211; METRIC SWIVEL CONNECTOR WITH ELASTOMERIC SEAL<\/td>\n<\/tr>\n<tr>\n<td><strong>MALZEME KODU<\/strong><br \/>\nMATERIAL CODE<\/td>\n<td><strong>D\u0130\u015e \u00d6L\u00c7\u00dcS\u00dc<\/strong><br \/>\nTHREAD SIZE<br \/>\nT1<\/td>\n<td><strong>D\u0130\u015e \u00d6L\u00c7\u00dcS\u00dc<\/strong><br \/>\nTHREAD SIZE<br \/>\nT2<\/td>\n<td><strong>BORU \u00c7API<\/strong><br \/>\nTUBE OD<br \/>\n\u00d8D<\/td>\n<td><strong>C<\/strong><\/td>\n<td><strong>B<\/strong><\/td>\n<td><strong>\u00d8D1<\/strong><\/td>\n<td><strong>A1<\/strong><\/td>\n<td><strong>A2<\/strong><\/td>\n<\/tr>\n<tr>\n<td colspan=\"9\"><strong>L T\u0130P\u0130 \/ L TYPE<\/strong><\/td>\n<\/tr>\n<tr>\n<td>RK-1006-RMTR-L<\/td>\n<td>R1\/8-28<\/td>\n<td>M12x1,5\u00a0\u00a0\u00a0\u00a0\u00a0 6L<\/td>\n<td>6<\/td>\n<td>24.5<\/td>\n<td>8<\/td>\n<td>3<\/td>\n<td>14<\/td>\n<td>17<\/td>\n<\/tr>\n<tr>\n<td>RK-1008-RMTR-L<\/td>\n<td>R1\/8-28<\/td>\n<td>M14x1,5\u00a0\u00a0\u00a0\u00a0\u00a0 8L<\/td>\n<td>8<\/td>\n<td>25<\/td>\n<td>8<\/td>\n<td>4<\/td>\n<td>14<\/td>\n<td>17<\/td>\n<\/tr>\n<tr>\n<td>RK-1306-RMTR-L<\/td>\n<td>R1\/4-19<\/td>\n<td>M12x1,5\u00a0\u00a0\u00a0\u00a0\u00a0 6L<\/td>\n<td>6<\/td>\n<td>25<\/td>\n<td>12<\/td>\n<td>3<\/td>\n<td>19<\/td>\n<td>17<\/td>\n<\/tr>\n<tr>\n<td>RK-1308-RMTR-L<\/td>\n<td>R1\/4-19<\/td>\n<td>M14x1,5\u00a0\u00a0\u00a0\u00a0\u00a0 8L<\/td>\n<td>8<\/td>\n<td>29.5<\/td>\n<td>12<\/td>\n<td>4<\/td>\n<td>19<\/td>\n<td>17<\/td>\n<\/tr>\n<tr>\n<td>RK-1310-RMTR-L<\/td>\n<td>R1\/4-19<\/td>\n<td>M16x1,5\u00a0\u00a0\u00a0 10L<\/td>\n<td>10<\/td>\n<td>27.5<\/td>\n<td>12<\/td>\n<td>6<\/td>\n<td>19<\/td>\n<td>19<\/td>\n<\/tr>\n<tr>\n<td>RK-1312-RMTR-L<\/td>\n<td>R1\/4-19<\/td>\n<td>M18x1,5\u00a0\u00a0\u00a0 12L<\/td>\n<td>12<\/td>\n<td>27.5<\/td>\n<td>12<\/td>\n<td>6<\/td>\n<td>19<\/td>\n<td>22<\/td>\n<\/tr>\n<tr>\n<td>RK-1708-RMTR-L<\/td>\n<td>R3\/8-19<\/td>\n<td>M14x1,5\u00a0\u00a0\u00a0\u00a0\u00a0 8L<\/td>\n<td>8<\/td>\n<td>27.5<\/td>\n<td>12<\/td>\n<td>4<\/td>\n<td>22<\/td>\n<td>17<\/td>\n<\/tr>\n<tr>\n<td>RK-1710-RMTR-L<\/td>\n<td>R3\/8-19<\/td>\n<td>M16x1,5\u00a0\u00a0\u00a0 10L<\/td>\n<td>10<\/td>\n<td>29<\/td>\n<td>12<\/td>\n<td>6<\/td>\n<td>22<\/td>\n<td>19<\/td>\n<\/tr>\n<tr>\n<td>RK-1712-RMTR-L<\/td>\n<td>R3\/8-19<\/td>\n<td>M18x1,5\u00a0\u00a0\u00a0 12L<\/td>\n<td>12<\/td>\n<td>34<\/td>\n<td>12<\/td>\n<td>8<\/td>\n<td>22<\/td>\n<td>22<\/td>\n<\/tr>\n<tr>\n<td>RK-1715-RMTR-L<\/td>\n<td>R3\/8-19<\/td>\n<td>M22x1,5\u00a0\u00a0\u00a0 15L<\/td>\n<td>15<\/td>\n<td>30<\/td>\n<td>12<\/td>\n<td>9<\/td>\n<td>22<\/td>\n<td>27<\/td>\n<\/tr>\n<tr>\n<td>RK-2110-RMTR-L<\/td>\n<td>R1\/2-14<\/td>\n<td>M16x1,5\u00a0\u00a0\u00a0 10L<\/td>\n<td>10<\/td>\n<td>27.5<\/td>\n<td>14<\/td>\n<td>6<\/td>\n<td>27<\/td>\n<td>19<\/td>\n<\/tr>\n<tr>\n<td>RK-2112-RMTR-L<\/td>\n<td>R1\/2-14<\/td>\n<td>M18x1,5\u00a0\u00a0\u00a0 12L<\/td>\n<td>12<\/td>\n<td>29.5<\/td>\n<td>14<\/td>\n<td>8<\/td>\n<td>27<\/td>\n<td>22<\/td>\n<\/tr>\n<tr>\n<td>RK-2115-RMTR-L<\/td>\n<td>R1\/2-14<\/td>\n<td>M22x1,5\u00a0\u00a0\u00a0 15L<\/td>\n<td>15<\/td>\n<td>32<\/td>\n<td>14<\/td>\n<td>10<\/td>\n<td>27<\/td>\n<td>27<\/td>\n<\/tr>\n<tr>\n<td>RK-2118-RMTR-L<\/td>\n<td>R1\/2-14<\/td>\n<td>M26x1,5\u00a0\u00a0\u00a0 18L<\/td>\n<td>18<\/td>\n<td>31.5<\/td>\n<td>14<\/td>\n<td>13<\/td>\n<td>27<\/td>\n<td>32<\/td>\n<\/tr>\n<tr>\n<td>RK-2122-RMTR-L<\/td>\n<td>R1\/2-14<\/td>\n<td>M30x2\u00a0\u00a0\u00a0\u00a0\u00a0\u00a0 22L<\/td>\n<td>22<\/td>\n<td>32.5<\/td>\n<td>14<\/td>\n<td>13<\/td>\n<td>30<\/td>\n<td>36<\/td>\n<\/tr>\n<tr>\n<td>RK-2618-RMTR-L<\/td>\n<td>R3\/4-14<\/td>\n<td>M26x1,5\u00a0\u00a0\u00a0 18L<\/td>\n<td>18<\/td>\n<td>29.5<\/td>\n<td>16<\/td>\n<td>13<\/td>\n<td>32<\/td>\n<td>32<\/td>\n<\/tr>\n<tr>\n<td>RK-2622-RMTR-L<\/td>\n<td>R3\/4-14<\/td>\n<td>M30x2\u00a0\u00a0\u00a0\u00a0\u00a0\u00a0 22L<\/td>\n<td>22<\/td>\n<td>32.5<\/td>\n<td>16<\/td>\n<td>17<\/td>\n<td>32<\/td>\n<td>36<\/td>\n<\/tr>\n<tr>\n<td>RK-2628-RMTR-L<\/td>\n<td>R3\/4-14<\/td>\n<td>M36x2\u00a0\u00a0\u00a0\u00a0\u00a0\u00a0 28L<\/td>\n<td>28<\/td>\n<td>34<\/td>\n<td>16<\/td>\n<td>18<\/td>\n<td>36<\/td>\n<td>41<\/td>\n<\/tr>\n<tr>\n<td>RK-3322-RMTR-L<\/td>\n<td>R1&#8243;-11<\/td>\n<td>M30x2\u00a0\u00a0\u00a0\u00a0\u00a0\u00a0 22L<\/td>\n<td>22<\/td>\n<td>36<\/td>\n<td>18<\/td>\n<td>17<\/td>\n<td>41<\/td>\n<td>36<\/td>\n<\/tr>\n<tr>\n<td>RK-3328-RMTR-L<\/td>\n<td>R1&#8243;-11<\/td>\n<td>M36x2\u00a0\u00a0\u00a0\u00a0\u00a0\u00a0 28L<\/td>\n<td>28<\/td>\n<td>35<\/td>\n<td>18<\/td>\n<td>22<\/td>\n<td>41<\/td>\n<td>41<\/td>\n<\/tr>\n<tr>\n<td>RK-3335-RMTR-L<\/td>\n<td>R1&#8243;-11<\/td>\n<td>M45x2\u00a0\u00a0\u00a0\u00a0\u00a0\u00a0 35L<\/td>\n<td>35<\/td>\n<td>41<\/td>\n<td>18<\/td>\n<td>22<\/td>\n<td>46<\/td>\n<td>50<\/td>\n<\/tr>\n<tr>\n<td>RK-4228-RMTR-L<\/td>\n<td>R1&#8243;1\/4-11<\/td>\n<td>M36x2\u00a0\u00a0\u00a0\u00a0\u00a0\u00a0 28L<\/td>\n<td>28<\/td>\n<td>37<\/td>\n<td>20<\/td>\n<td>22<\/td>\n<td>50<\/td>\n<td>41<\/td>\n<\/tr>\n<tr>\n<td>RK-4235-RMTR-L<\/td>\n<td>R1&#8243;1\/4-11<\/td>\n<td>M45x2\u00a0\u00a0\u00a0\u00a0\u00a0\u00a0 35L<\/td>\n<td>35<\/td>\n<td>42.5<\/td>\n<td>20<\/td>\n<td>28<\/td>\n<td>50<\/td>\n<td>50<\/td>\n<\/tr>\n<tr>\n<td>RK-4242-RMTR-L<\/td>\n<td>R1&#8243;1\/4-11<\/td>\n<td>M52x2\u00a0\u00a0\u00a0\u00a0\u00a0\u00a0 42L<\/td>\n<td>42<\/td>\n<td>44.5<\/td>\n<td>20<\/td>\n<td>30<\/td>\n<td>50<\/td>\n<td>60<\/td>\n<\/tr>\n<tr>\n<td>RK-4842-RMTR-L<\/td>\n<td>R1&#8243;1\/2-11<\/td>\n<td>M52x2\u00a0\u00a0\u00a0\u00a0\u00a0\u00a0 42L<\/td>\n<td>42<\/td>\n<td>46.5<\/td>\n<td>22<\/td>\n<td>34<\/td>\n<td>55<\/td>\n<td>60<\/td>\n<\/tr>\n<tr>\n<td colspan=\"9\"><strong>S T\u0130P\u0130 \/ S TYPE<\/strong><\/td>\n<\/tr>\n<tr>\n<td>RK-1306-RMTR-S<\/td>\n<td>R1\/4-19<\/td>\n<td>M14x1,5\u00a0\u00a0\u00a0\u00a0\u00a0\u00a0\u00a0 6S<\/td>\n<td>6<\/td>\n<td>27<\/td>\n<td>12<\/td>\n<td>3<\/td>\n<td>19<\/td>\n<td>17<\/td>\n<\/tr>\n<tr>\n<td>RK-1308-RMTR-S<\/td>\n<td>R1\/4-19<\/td>\n<td>M16x1,5\u00a0\u00a0\u00a0\u00a0\u00a0\u00a0\u00a0 8S<\/td>\n<td>8<\/td>\n<td>29.5<\/td>\n<td>12<\/td>\n<td>4<\/td>\n<td>19<\/td>\n<td>19<\/td>\n<\/tr>\n<tr>\n<td>RK-1310-RMTR-S<\/td>\n<td>R1\/4-19<\/td>\n<td>M18x1,5\u00a0\u00a0\u00a0\u00a0\u00a0 10S<\/td>\n<td>10<\/td>\n<td>31.5<\/td>\n<td>12<\/td>\n<td>6<\/td>\n<td>19<\/td>\n<td>22<\/td>\n<\/tr>\n<tr>\n<td>RK-1312-RMTR-S<\/td>\n<td>R1\/4-19<\/td>\n<td>M20x1,5\u00a0\u00a0\u00a0\u00a0\u00a0 12S<\/td>\n<td>12<\/td>\n<td>31.5<\/td>\n<td>12<\/td>\n<td>6<\/td>\n<td>19<\/td>\n<td>24<\/td>\n<\/tr>\n<tr>\n<td>RK-1708-RMTR-S<\/td>\n<td>R3\/8-19<\/td>\n<td>M16x1,5\u00a0\u00a0\u00a0\u00a0\u00a0\u00a0\u00a0 8S<\/td>\n<td>8<\/td>\n<td>30.5<\/td>\n<td>12<\/td>\n<td>4<\/td>\n<td>22<\/td>\n<td>19<\/td>\n<\/tr>\n<tr>\n<td>RK-1710-RMTR-S<\/td>\n<td>R3\/8-19<\/td>\n<td>M18x1,5\u00a0\u00a0\u00a0\u00a0\u00a0 10S<\/td>\n<td>10<\/td>\n<td>32<\/td>\n<td>12<\/td>\n<td>6<\/td>\n<td>22<\/td>\n<td>22<\/td>\n<\/tr>\n<tr>\n<td>RK-1712-RMTR-S<\/td>\n<td>R3\/8-19<\/td>\n<td>M20x1,5\u00a0\u00a0\u00a0\u00a0\u00a0 12S<\/td>\n<td>12<\/td>\n<td>34<\/td>\n<td>12<\/td>\n<td>8<\/td>\n<td>22<\/td>\n<td>24<\/td>\n<\/tr>\n<tr>\n<td>RK-1716-RMTR-S<\/td>\n<td>R3\/8-19<\/td>\n<td>M24x1,5\u00a0\u00a0\u00a0\u00a0\u00a0 16S<\/td>\n<td>16<\/td>\n<td>36.5<\/td>\n<td>12<\/td>\n<td>9<\/td>\n<td>24<\/td>\n<td>30<\/td>\n<\/tr>\n<tr>\n<td>RK-2112-RMTR-S<\/td>\n<td>R1\/2-14<\/td>\n<td>M20x1,5\u00a0\u00a0\u00a0\u00a0\u00a0 12S<\/td>\n<td>12<\/td>\n<td>35<\/td>\n<td>14<\/td>\n<td>8<\/td>\n<td>27<\/td>\n<td>24<\/td>\n<\/tr>\n<tr>\n<td>RK-2116-RMTR-S<\/td>\n<td>R1\/2-14<\/td>\n<td>M24x1,5\u00a0\u00a0\u00a0\u00a0\u00a0 16S<\/td>\n<td>16<\/td>\n<td>37<\/td>\n<td>14<\/td>\n<td>11<\/td>\n<td>27<\/td>\n<td>30<\/td>\n<\/tr>\n<tr>\n<td>RK-2120-RMTR-S<\/td>\n<td>R1\/2-14<\/td>\n<td>M30x2\u00a0\u00a0\u00a0\u00a0\u00a0\u00a0\u00a0\u00a0 20S<\/td>\n<td>20<\/td>\n<td>42<\/td>\n<td>14<\/td>\n<td>12<\/td>\n<td>30<\/td>\n<td>36<\/td>\n<\/tr>\n<tr>\n<td>RK-2616-RMTR-S<\/td>\n<td>R3\/4-14<\/td>\n<td>M24x1,5\u00a0\u00a0\u00a0\u00a0\u00a0 16S<\/td>\n<td>16<\/td>\n<td>39.5<\/td>\n<td>16<\/td>\n<td>11<\/td>\n<td>32<\/td>\n<td>30<\/td>\n<\/tr>\n<tr>\n<td>RK-2620-RMTR-S<\/td>\n<td>R3\/4-14<\/td>\n<td>M30x2\u00a0\u00a0\u00a0\u00a0\u00a0\u00a0\u00a0\u00a0 20S<\/td>\n<td>20<\/td>\n<td>43<\/td>\n<td>16<\/td>\n<td>14<\/td>\n<td>32<\/td>\n<td>36<\/td>\n<\/tr>\n<tr>\n<td>RK-2625-RMTR-S<\/td>\n<td>R3\/4-14<\/td>\n<td>M36x2\u00a0\u00a0\u00a0\u00a0\u00a0\u00a0\u00a0\u00a0 25S<\/td>\n<td>25<\/td>\n<td>46.5<\/td>\n<td>16<\/td>\n<td>16<\/td>\n<td>36<\/td>\n<td>46<\/td>\n<\/tr>\n<tr>\n<td>RK-3320-RMTR-S<\/td>\n<td>R1&#8243;-11<\/td>\n<td>M30x2\u00a0\u00a0\u00a0\u00a0\u00a0\u00a0\u00a0\u00a0 20S<\/td>\n<td>20<\/td>\n<td>44<\/td>\n<td>18<\/td>\n<td>14<\/td>\n<td>41<\/td>\n<td>36<\/td>\n<\/tr>\n<tr>\n<td>RK-3325-RMTR-S<\/td>\n<td>R1&#8243;-11<\/td>\n<td>M36x2\u00a0\u00a0\u00a0\u00a0\u00a0\u00a0\u00a0\u00a0 25S<\/td>\n<td>25<\/td>\n<td>48<\/td>\n<td>18<\/td>\n<td>18<\/td>\n<td>41<\/td>\n<td>46<\/td>\n<\/tr>\n<tr>\n<td>RK-3330-RMTR-S<\/td>\n<td>R1&#8243;-11<\/td>\n<td>M42x2\u00a0\u00a0\u00a0\u00a0\u00a0\u00a0\u00a0\u00a0 30S<\/td>\n<td>30<\/td>\n<td>50<\/td>\n<td>18<\/td>\n<td>22<\/td>\n<td>41<\/td>\n<td>50<\/td>\n<\/tr>\n<tr>\n<td>RK-4225-RMTR-S<\/td>\n<td>R1&#8243;1\/4-11<\/td>\n<td>M36x2\u00a0\u00a0\u00a0\u00a0\u00a0\u00a0\u00a0\u00a0 25S<\/td>\n<td>25<\/td>\n<td>45<\/td>\n<td>20<\/td>\n<td>18<\/td>\n<td>50<\/td>\n<td>46<\/td>\n<\/tr>\n<tr>\n<td>RK-4230-RMTR-S<\/td>\n<td>R1&#8243;1\/4-11<\/td>\n<td>M42x2\u00a0\u00a0\u00a0\u00a0\u00a0\u00a0\u00a0\u00a0 30S<\/td>\n<td>30<\/td>\n<td>51<\/td>\n<td>20<\/td>\n<td>23<\/td>\n<td>50<\/td>\n<td>50<\/td>\n<\/tr>\n<tr>\n<td>RK-4238-RMTR-S<\/td>\n<td>R1&#8243;1\/4-11<\/td>\n<td>M52x2\u00a0\u00a0\u00a0\u00a0\u00a0\u00a0\u00a0\u00a0 38S<\/td>\n<td>38<\/td>\n<td>58<\/td>\n<td>20<\/td>\n<td>28<\/td>\n<td>50<\/td>\n<td>60<\/td>\n<\/tr>\n<tr>\n<td>RK-4838-RMTR-S<\/td>\n<td>R1&#8243;1\/2-11<\/td>\n<td>M52x2\u00a0\u00a0\u00a0\u00a0\u00a0\u00a0\u00a0\u00a0 38S<\/td>\n<td>38<\/td>\n<td>60<\/td>\n<td>22<\/td>\n<td>30<\/td>\n<td>55<\/td>\n<td>60<\/td>\n<\/tr>\n<\/tbody>\n<\/table>\n<\/div>\n<\/div>\n<div class=\"col-lg-12\">\n<hr \/>\n<\/div>\n<p>&nbsp;<\/p>\n","protected":false},"featured_media":6977,"template":"","meta":[],"product_cat":[47,112],"product_tag":[161,151,150,233,234,175,174,235,236,216,224,206,225],"class_list":{"0":"post-6975","1":"product","2":"type-product","3":"status-publish","4":"has-post-thumbnail","6":"product_cat-tum-urunleri","7":"product_cat-hidrolik-rekorlar","8":"product_tag-1-2","9":"product_tag-1-4","10":"product_tag-1-8","11":"product_tag-10l","12":"product_tag-12l","13":"product_tag-3-4","14":"product_tag-3-8","15":"product_tag-6l","16":"product_tag-8l","17":"product_tag-hidrolik","18":"product_tag-hidrolik-rekor","19":"product_tag-rekor","20":"product_tag-rekorsan","22":"first","23":"instock","24":"shipping-taxable","25":"product-type-simple"},"_links":{"self":[{"href":"https:\/\/novahidrolik.com.tr\/index.php\/wp-json\/wp\/v2\/product\/6975","targetHints":{"allow":["GET"]}}],"collection":[{"href":"https:\/\/novahidrolik.com.tr\/index.php\/wp-json\/wp\/v2\/product"}],"about":[{"href":"https:\/\/novahidrolik.com.tr\/index.php\/wp-json\/wp\/v2\/types\/product"}],"version-history":[{"count":0,"href":"https:\/\/novahidrolik.com.tr\/index.php\/wp-json\/wp\/v2\/product\/6975\/revisions"}],"wp:featuredmedia":[{"embeddable":true,"href":"https:\/\/novahidrolik.com.tr\/index.php\/wp-json\/wp\/v2\/media\/6977"}],"wp:attachment":[{"href":"https:\/\/novahidrolik.com.tr\/index.php\/wp-json\/wp\/v2\/media?parent=6975"}],"wp:term":[{"taxonomy":"product_cat","embeddable":true,"href":"https:\/\/novahidrolik.com.tr\/index.php\/wp-json\/wp\/v2\/product_cat?post=6975"},{"taxonomy":"product_tag","embeddable":true,"href":"https:\/\/novahidrolik.com.tr\/index.php\/wp-json\/wp\/v2\/product_tag?post=6975"}],"curies":[{"name":"wp","href":"https:\/\/api.w.org\/{rel}","templated":true}]}}