{"id":6979,"date":"2022-01-17T11:45:20","date_gmt":"2022-01-17T08:45:20","guid":{"rendered":"https:\/\/novahidrolik.com.tr\/?post_type=product&#038;p=6979"},"modified":"2022-01-17T11:52:41","modified_gmt":"2022-01-17T08:52:41","slug":"bsp-ters-nipel","status":"publish","type":"product","link":"https:\/\/novahidrolik.com.tr\/index.php\/urun\/bsp-ters-nipel\/","title":{"rendered":"BSP TERS N\u0130PEL"},"content":{"rendered":"","protected":false},"excerpt":{"rendered":"<table class=\"table table-striped\" cellspacing=\"0\">\n<tbody>\n<tr>\n<td colspan=\"8\"><strong>BSP TERS N\u0130PEL<\/strong><br \/>\nBSP STRAIGHT SWIWEL CONNECTOR<\/td>\n<\/tr>\n<tr>\n<td><strong>MALZEME KODU<\/strong><br \/>\nMATERIAL CODE<\/td>\n<td><strong>D\u0130\u015e \u00d6L\u00c7\u00dcS\u00dc<\/strong><br \/>\nTHREAD SIZE<br \/>\nT1<\/td>\n<td><strong>D\u0130\u015e \u00d6L\u00c7\u00dcS\u00dc<\/strong><br \/>\nTHREAD SIZE<br \/>\nT1<\/td>\n<td><strong>B<\/strong><\/td>\n<td><strong>C<\/strong><\/td>\n<td><strong>\u00d8D<\/strong><\/td>\n<td><strong>A1<\/strong><\/td>\n<td><strong>A2<\/strong><\/td>\n<\/tr>\n<tr>\n<td>RK-1010-RRTN<\/td>\n<td>R1\/8-28<\/td>\n<td>R1\/8-28<\/td>\n<td>23.5<\/td>\n<td>9<\/td>\n<td>4<\/td>\n<td>14<\/td>\n<td>14<\/td>\n<\/tr>\n<tr>\n<td>RK-1313-RRTN<\/td>\n<td>R1\/4-19<\/td>\n<td>R1\/4-19<\/td>\n<td>30<\/td>\n<td>11<\/td>\n<td>5.5<\/td>\n<td>19<\/td>\n<td>17<\/td>\n<\/tr>\n<tr>\n<td>RK-1717-RRTN<\/td>\n<td>R3\/8-19<\/td>\n<td>R3\/8-19<\/td>\n<td>33.5<\/td>\n<td>12<\/td>\n<td>8<\/td>\n<td>22<\/td>\n<td>22<\/td>\n<\/tr>\n<tr>\n<td>RK-2121-RRTN<\/td>\n<td>R1\/2-14<\/td>\n<td>R1\/2-14<\/td>\n<td>39.5<\/td>\n<td>14<\/td>\n<td>10<\/td>\n<td>27<\/td>\n<td>27<\/td>\n<\/tr>\n<tr>\n<td>RK-2626-RRTN<\/td>\n<td>R3\/4-14<\/td>\n<td>R3\/4-14<\/td>\n<td>45<\/td>\n<td>16<\/td>\n<td>15<\/td>\n<td>32<\/td>\n<td>32<\/td>\n<\/tr>\n<tr>\n<td>RK-3333-RRTN<\/td>\n<td>R1&#8243;-11<\/td>\n<td>R1&#8243;-11<\/td>\n<td>53<\/td>\n<td>18.5<\/td>\n<td>20<\/td>\n<td>41<\/td>\n<td>41<\/td>\n<\/tr>\n<tr>\n<td>RK-4242-RRTN<\/td>\n<td>R1&#8243;1\/4-11<\/td>\n<td>R1&#8243;1\/4-11<\/td>\n<td>58.5<\/td>\n<td>22<\/td>\n<td>26<\/td>\n<td>50<\/td>\n<td>50<\/td>\n<\/tr>\n<tr>\n<td>RK-4848-RRTN<\/td>\n<td>R1&#8243;1\/2-11<\/td>\n<td>R1&#8243;1\/2-11<\/td>\n<td>62.5<\/td>\n<td>22<\/td>\n<td>30<\/td>\n<td>55<\/td>\n<td>55<\/td>\n<\/tr>\n<tr>\n<td>RK-6060-RRTN<\/td>\n<td>R2&#8243;-11<\/td>\n<td>R2&#8243;-11<\/td>\n<td>69<\/td>\n<td>25<\/td>\n<td>43.5<\/td>\n<td>70<\/td>\n<td>70<\/td>\n<\/tr>\n<\/tbody>\n<\/table>\n","protected":false},"featured_media":6989,"template":"","meta":[],"product_cat":[47,112],"product_tag":[161,151,150,174,216,224,206,225],"class_list":{"0":"post-6979","1":"product","2":"type-product","3":"status-publish","4":"has-post-thumbnail","6":"product_cat-tum-urunleri","7":"product_cat-hidrolik-rekorlar","8":"product_tag-1-2","9":"product_tag-1-4","10":"product_tag-1-8","11":"product_tag-3-8","12":"product_tag-hidrolik","13":"product_tag-hidrolik-rekor","14":"product_tag-rekor","15":"product_tag-rekorsan","17":"first","18":"instock","19":"shipping-taxable","20":"product-type-simple"},"_links":{"self":[{"href":"https:\/\/novahidrolik.com.tr\/index.php\/wp-json\/wp\/v2\/product\/6979","targetHints":{"allow":["GET"]}}],"collection":[{"href":"https:\/\/novahidrolik.com.tr\/index.php\/wp-json\/wp\/v2\/product"}],"about":[{"href":"https:\/\/novahidrolik.com.tr\/index.php\/wp-json\/wp\/v2\/types\/product"}],"version-history":[{"count":0,"href":"https:\/\/novahidrolik.com.tr\/index.php\/wp-json\/wp\/v2\/product\/6979\/revisions"}],"wp:featuredmedia":[{"embeddable":true,"href":"https:\/\/novahidrolik.com.tr\/index.php\/wp-json\/wp\/v2\/media\/6989"}],"wp:attachment":[{"href":"https:\/\/novahidrolik.com.tr\/index.php\/wp-json\/wp\/v2\/media?parent=6979"}],"wp:term":[{"taxonomy":"product_cat","embeddable":true,"href":"https:\/\/novahidrolik.com.tr\/index.php\/wp-json\/wp\/v2\/product_cat?post=6979"},{"taxonomy":"product_tag","embeddable":true,"href":"https:\/\/novahidrolik.com.tr\/index.php\/wp-json\/wp\/v2\/product_tag?post=6979"}],"curies":[{"name":"wp","href":"https:\/\/api.w.org\/{rel}","templated":true}]}}