{"id":6992,"date":"2022-01-17T12:00:06","date_gmt":"2022-01-17T09:00:06","guid":{"rendered":"https:\/\/novahidrolik.com.tr\/?post_type=product&#038;p=6992"},"modified":"2022-01-17T12:00:06","modified_gmt":"2022-01-17T09:00:06","slug":"metrik-kor-rekorlar","status":"publish","type":"product","link":"https:\/\/novahidrolik.com.tr\/index.php\/urun\/metrik-kor-rekorlar\/","title":{"rendered":"METR\u0130K KOR REKORLAR"},"content":{"rendered":"","protected":false},"excerpt":{"rendered":"<div class=\"col-lg-6\">\n<div class=\"bilgiler\">\n<table class=\"table table-striped\" cellspacing=\"0\">\n<tbody>\n<tr>\n<td colspan=\"8\"><strong>METR\u0130K KOR REKORLAR<\/strong><br \/>\nMETRIC REDUCING SWIVEL STRAIGHT ADAPTER WITH O-RING<\/td>\n<\/tr>\n<tr>\n<td><strong>MALZEME KODU<\/strong><br \/>\nMATERIAL CODE<\/td>\n<td><strong>D\u0130\u015e \u00d6L\u00c7\u00dcS\u00dc<\/strong><br \/>\nTHREAD SIZE<br \/>\nT1<\/td>\n<td><strong>D\u0130\u015e \u00d6L\u00c7\u00dcS\u00dc<\/strong><br \/>\nTHREAD SIZE<br \/>\nT2<\/td>\n<td><strong>D<\/strong><\/td>\n<td><strong>D1<\/strong><\/td>\n<td><strong>B<\/strong><\/td>\n<td><strong>A1<\/strong><\/td>\n<td><strong>A2<\/strong><\/td>\n<\/tr>\n<tr>\n<td colspan=\"8\"><strong>L T\u0130P\u0130 \/ L TYPE<\/strong><\/td>\n<\/tr>\n<tr>\n<td>RK-0806-MMTR-L<\/td>\n<td>M14x1,5\u00a0\u00a0\u00a0\u00a0\u00a0 8L<\/td>\n<td>M12x1,5\u00a0\u00a0\u00a0\u00a0\u00a0 6L<\/td>\n<td>8<\/td>\n<td>6<\/td>\n<td>22,5<\/td>\n<td>12<\/td>\n<td>17<\/td>\n<\/tr>\n<tr>\n<td>RK-1006-MMTR-L<\/td>\n<td>M16x1,5\u00a0\u00a0\u00a0 10L<\/td>\n<td>M12x1,5\u00a0\u00a0\u00a0\u00a0\u00a0 6L<\/td>\n<td>10<\/td>\n<td>6<\/td>\n<td>24<\/td>\n<td>14<\/td>\n<td>19<\/td>\n<\/tr>\n<tr>\n<td>RK-1008-MMTR-L<\/td>\n<td>M16x1,5\u00a0\u00a0\u00a0 10L<\/td>\n<td>M14x1,5\u00a0\u00a0\u00a0\u00a0\u00a0 8L<\/td>\n<td>10<\/td>\n<td>8<\/td>\n<td>24<\/td>\n<td>14<\/td>\n<td>19<\/td>\n<\/tr>\n<tr>\n<td>RK-1206-MMTR-L<\/td>\n<td>M18x1,5\u00a0\u00a0\u00a0 12L<\/td>\n<td>M12x1,5\u00a0\u00a0\u00a0\u00a0\u00a0 6L<\/td>\n<td>12<\/td>\n<td>6<\/td>\n<td>25<\/td>\n<td>17<\/td>\n<td>22<\/td>\n<\/tr>\n<tr>\n<td>RK-1208-MMTR-L<\/td>\n<td>M18x1,5\u00a0\u00a0\u00a0 12L<\/td>\n<td>M14x1,5\u00a0\u00a0\u00a0\u00a0\u00a0 8L<\/td>\n<td>12<\/td>\n<td>8<\/td>\n<td>25<\/td>\n<td>17<\/td>\n<td>22<\/td>\n<\/tr>\n<tr>\n<td>RK-1210-MMTR-L<\/td>\n<td>M18x1,5\u00a0\u00a0\u00a0 12L<\/td>\n<td>M16x1,5\u00a0\u00a0\u00a0 10L<\/td>\n<td>12<\/td>\n<td>10<\/td>\n<td>26<\/td>\n<td>17<\/td>\n<td>22<\/td>\n<\/tr>\n<tr>\n<td>RK-1512-MMTR-L<\/td>\n<td>M22x1,5\u00a0\u00a0\u00a0 15L<\/td>\n<td>M18x1,5\u00a0\u00a0\u00a0 12L<\/td>\n<td>15<\/td>\n<td>12<\/td>\n<td>28<\/td>\n<td>22<\/td>\n<td>27<\/td>\n<\/tr>\n<tr>\n<td>RK-1812-MMTR-L<\/td>\n<td>M26x1,5\u00a0\u00a0\u00a0 18L<\/td>\n<td>M18x1,5\u00a0\u00a0\u00a0 12L<\/td>\n<td>18<\/td>\n<td>12<\/td>\n<td>29,5<\/td>\n<td>24<\/td>\n<td>32<\/td>\n<\/tr>\n<tr>\n<td>RK-2215-MMTR-L<\/td>\n<td>M30x2\u00a0\u00a0\u00a0\u00a0\u00a0\u00a0 22L<\/td>\n<td>M22x1,5\u00a0\u00a0\u00a0 15L<\/td>\n<td>22<\/td>\n<td>15<\/td>\n<td>34,5<\/td>\n<td>27<\/td>\n<td>36<\/td>\n<\/tr>\n<tr>\n<td>RK-2218-MMTR-L<\/td>\n<td>M30x2\u00a0\u00a0\u00a0\u00a0\u00a0\u00a0 22L<\/td>\n<td>M26x1,5\u00a0\u00a0\u00a0 18L<\/td>\n<td>22<\/td>\n<td>18<\/td>\n<td>34,5<\/td>\n<td>27<\/td>\n<td>36<\/td>\n<\/tr>\n<tr>\n<td>RK-2812-MMTR-L<\/td>\n<td>M36x2\u00a0\u00a0\u00a0\u00a0\u00a0\u00a0 28L<\/td>\n<td>M18x1,5\u00a0\u00a0\u00a0 12L<\/td>\n<td>28<\/td>\n<td>12<\/td>\n<td>34,5<\/td>\n<td>36<\/td>\n<td>41<\/td>\n<\/tr>\n<tr>\n<td>RK-2815-MMTR-L<\/td>\n<td>M36x2\u00a0\u00a0\u00a0\u00a0\u00a0\u00a0 28L<\/td>\n<td>M22x1,5\u00a0\u00a0\u00a0 15L<\/td>\n<td>28<\/td>\n<td>15<\/td>\n<td>35,5<\/td>\n<td>36<\/td>\n<td>41<\/td>\n<\/tr>\n<tr>\n<td>RK-2818-MMTR-L<\/td>\n<td>M36x2\u00a0\u00a0\u00a0\u00a0\u00a0\u00a0 28L<\/td>\n<td>M26x1,5\u00a0\u00a0\u00a0 18L<\/td>\n<td>28<\/td>\n<td>18<\/td>\n<td>35<\/td>\n<td>36<\/td>\n<td>41<\/td>\n<\/tr>\n<tr>\n<td>RK-2822-MMTR-L<\/td>\n<td>M36x2\u00a0\u00a0\u00a0\u00a0\u00a0\u00a0 28L<\/td>\n<td>M30x2\u00a0\u00a0\u00a0\u00a0\u00a0\u00a0 22L<\/td>\n<td>28<\/td>\n<td>22<\/td>\n<td>37,5<\/td>\n<td>36<\/td>\n<td>41<\/td>\n<\/tr>\n<tr>\n<td>RK-3522-MMTR-L<\/td>\n<td>M45x2\u00a0\u00a0\u00a0\u00a0\u00a0\u00a0 35L<\/td>\n<td>M30x2\u00a0\u00a0\u00a0\u00a0\u00a0\u00a0 22L<\/td>\n<td>35<\/td>\n<td>22<\/td>\n<td>41,5<\/td>\n<td>46<\/td>\n<td>50<\/td>\n<\/tr>\n<tr>\n<td>RK-3528-MMTR-L<\/td>\n<td>M45x2\u00a0\u00a0\u00a0\u00a0\u00a0\u00a0 35L<\/td>\n<td>M36x2\u00a0\u00a0\u00a0\u00a0\u00a0\u00a0 28L<\/td>\n<td>35<\/td>\n<td>28<\/td>\n<td>41,5<\/td>\n<td>46<\/td>\n<td>50<\/td>\n<\/tr>\n<tr>\n<td>RK-4228-MMTR-L<\/td>\n<td>M52x2\u00a0\u00a0\u00a0\u00a0\u00a0\u00a0 42L<\/td>\n<td>M36x2\u00a0\u00a0\u00a0\u00a0\u00a0\u00a0 28L<\/td>\n<td>42<\/td>\n<td>28<\/td>\n<td>41,5<\/td>\n<td>50<\/td>\n<td>60<\/td>\n<\/tr>\n<tr>\n<td>RK-4235-MMTR-L<\/td>\n<td>M52x2\u00a0\u00a0\u00a0\u00a0\u00a0\u00a0 42L<\/td>\n<td>M45x2\u00a0\u00a0\u00a0\u00a0\u00a0\u00a0 35L<\/td>\n<td>42<\/td>\n<td>35<\/td>\n<td>41<\/td>\n<td>50<\/td>\n<td>60<\/td>\n<\/tr>\n<tr>\n<td colspan=\"8\"><strong>S T\u0130P\u0130 \/ S TYPE<\/strong><\/td>\n<\/tr>\n<tr>\n<td>RK-1612-MMTR-S<\/td>\n<td>M24x1,5\u00a0\u00a0\u00a0\u00a0\u00a0 16S<\/td>\n<td>M20x1,5\u00a0\u00a0\u00a0\u00a0\u00a0 12S<\/td>\n<td>16<\/td>\n<td>12<\/td>\n<td>30,5<\/td>\n<td>22<\/td>\n<td>30<\/td>\n<\/tr>\n<tr>\n<td>RK-2012-MMTR-S<\/td>\n<td>M30x2\u00a0\u00a0\u00a0\u00a0\u00a0\u00a0\u00a0\u00a0 20S<\/td>\n<td>M20x1,5\u00a0\u00a0\u00a0\u00a0\u00a0 12S<\/td>\n<td>20<\/td>\n<td>12<\/td>\n<td>34,5<\/td>\n<td>27<\/td>\n<td>36<\/td>\n<\/tr>\n<tr>\n<td>RK-2016-MMTR-S<\/td>\n<td>M30x2\u00a0\u00a0\u00a0\u00a0\u00a0\u00a0\u00a0\u00a0 20S<\/td>\n<td>M24x1,5\u00a0\u00a0\u00a0\u00a0\u00a0 16S<\/td>\n<td>20<\/td>\n<td>16<\/td>\n<td>35,5<\/td>\n<td>27<\/td>\n<td>36<\/td>\n<\/tr>\n<tr>\n<td>RK-2512-MMTR-S<\/td>\n<td>M36x2\u00a0\u00a0\u00a0\u00a0\u00a0\u00a0\u00a0\u00a0 25S<\/td>\n<td>M20x1,5\u00a0\u00a0\u00a0\u00a0\u00a0 12S<\/td>\n<td>25<\/td>\n<td>12<\/td>\n<td>35<\/td>\n<td>36<\/td>\n<td>46<\/td>\n<\/tr>\n<tr>\n<td>RK-2516-MMTR-S<\/td>\n<td>M36x2\u00a0\u00a0\u00a0\u00a0\u00a0\u00a0\u00a0\u00a0 25S<\/td>\n<td>M24x1,5\u00a0\u00a0\u00a0\u00a0\u00a0 16S<\/td>\n<td>25<\/td>\n<td>16<\/td>\n<td>36<\/td>\n<td>36<\/td>\n<td>46<\/td>\n<\/tr>\n<tr>\n<td>RK-2520-MMTR-S<\/td>\n<td>M36x2\u00a0\u00a0\u00a0\u00a0\u00a0\u00a0\u00a0\u00a0 25S<\/td>\n<td>M30x2\u00a0\u00a0\u00a0\u00a0\u00a0\u00a0\u00a0\u00a0 20S<\/td>\n<td>25<\/td>\n<td>20<\/td>\n<td>36<\/td>\n<td>36<\/td>\n<td>46<\/td>\n<\/tr>\n<tr>\n<td>RK-3016-MMTR-S<\/td>\n<td>M42x2\u00a0\u00a0\u00a0\u00a0\u00a0\u00a0\u00a0\u00a0 30S<\/td>\n<td>M24x1,5\u00a0\u00a0\u00a0\u00a0\u00a0 16S<\/td>\n<td>30<\/td>\n<td>16<\/td>\n<td>39,5<\/td>\n<td>41<\/td>\n<td>50<\/td>\n<\/tr>\n<tr>\n<td>RK-3020-MMTR-S<\/td>\n<td>M42x2\u00a0\u00a0\u00a0\u00a0\u00a0\u00a0\u00a0\u00a0 30S<\/td>\n<td>M30x2\u00a0\u00a0\u00a0\u00a0\u00a0\u00a0\u00a0\u00a0 20S<\/td>\n<td>30<\/td>\n<td>20<\/td>\n<td>39,5<\/td>\n<td>41<\/td>\n<td>50<\/td>\n<\/tr>\n<tr>\n<td>RK-3025-MMTR-S<\/td>\n<td>M42x2\u00a0\u00a0\u00a0\u00a0\u00a0\u00a0\u00a0\u00a0 30S<\/td>\n<td>M36x2\u00a0\u00a0\u00a0\u00a0\u00a0\u00a0\u00a0\u00a0 25S<\/td>\n<td>30<\/td>\n<td>25<\/td>\n<td>40<\/td>\n<td>41<\/td>\n<td>50<\/td>\n<\/tr>\n<tr>\n<td>RK-3816-MMTR-S<\/td>\n<td>M52x2\u00a0\u00a0\u00a0\u00a0\u00a0\u00a0\u00a0\u00a0 38S<\/td>\n<td>M24x1,5\u00a0\u00a0\u00a0\u00a0\u00a0 16S<\/td>\n<td>38<\/td>\n<td>16<\/td>\n<td>43,5<\/td>\n<td>50<\/td>\n<td>60<\/td>\n<\/tr>\n<tr>\n<td>RK-3820-MMTR-S<\/td>\n<td>M52x2\u00a0\u00a0\u00a0\u00a0\u00a0\u00a0\u00a0\u00a0 38S<\/td>\n<td>M30x2\u00a0\u00a0\u00a0\u00a0\u00a0\u00a0\u00a0\u00a0 20S<\/td>\n<td>38<\/td>\n<td>20<\/td>\n<td>43,5<\/td>\n<td>50<\/td>\n<td>60<\/td>\n<\/tr>\n<tr>\n<td>RK-3825-MMTR-S<\/td>\n<td>M52x2\u00a0\u00a0\u00a0\u00a0\u00a0\u00a0\u00a0\u00a0 38S<\/td>\n<td>M36x2\u00a0\u00a0\u00a0\u00a0\u00a0\u00a0\u00a0\u00a0 25S<\/td>\n<td>38<\/td>\n<td>25<\/td>\n<td>44<\/td>\n<td>50<\/td>\n<td>60<\/td>\n<\/tr>\n<tr>\n<td>RK-3830-MMTR-S<\/td>\n<td>M52x2\u00a0\u00a0\u00a0\u00a0\u00a0\u00a0\u00a0\u00a0 38S<\/td>\n<td>M42x2\u00a0\u00a0\u00a0\u00a0\u00a0\u00a0\u00a0\u00a0 30S<\/td>\n<td>38<\/td>\n<td>30<\/td>\n<td>44,5<\/td>\n<td>50<\/td>\n<td>60<\/td>\n<\/tr>\n<\/tbody>\n<\/table>\n<\/div>\n<\/div>\n<div class=\"col-lg-12\">\n<hr \/>\n<\/div>\n","protected":false},"featured_media":6994,"template":"","meta":[],"product_cat":[47,112],"product_tag":[216,224,229,228,232,231,242,244,243,206,225],"class_list":{"0":"post-6992","1":"product","2":"type-product","3":"status-publish","4":"has-post-thumbnail","6":"product_cat-tum-urunleri","7":"product_cat-hidrolik-rekorlar","8":"product_tag-hidrolik","9":"product_tag-hidrolik-rekor","10":"product_tag-m14","11":"product_tag-m16","12":"product_tag-m18","13":"product_tag-m22","14":"product_tag-m36","15":"product_tag-m45","16":"product_tag-m52","17":"product_tag-rekor","18":"product_tag-rekorsan","20":"first","21":"instock","22":"shipping-taxable","23":"product-type-simple"},"_links":{"self":[{"href":"https:\/\/novahidrolik.com.tr\/index.php\/wp-json\/wp\/v2\/product\/6992","targetHints":{"allow":["GET"]}}],"collection":[{"href":"https:\/\/novahidrolik.com.tr\/index.php\/wp-json\/wp\/v2\/product"}],"about":[{"href":"https:\/\/novahidrolik.com.tr\/index.php\/wp-json\/wp\/v2\/types\/product"}],"version-history":[{"count":0,"href":"https:\/\/novahidrolik.com.tr\/index.php\/wp-json\/wp\/v2\/product\/6992\/revisions"}],"wp:featuredmedia":[{"embeddable":true,"href":"https:\/\/novahidrolik.com.tr\/index.php\/wp-json\/wp\/v2\/media\/6994"}],"wp:attachment":[{"href":"https:\/\/novahidrolik.com.tr\/index.php\/wp-json\/wp\/v2\/media?parent=6992"}],"wp:term":[{"taxonomy":"product_cat","embeddable":true,"href":"https:\/\/novahidrolik.com.tr\/index.php\/wp-json\/wp\/v2\/product_cat?post=6992"},{"taxonomy":"product_tag","embeddable":true,"href":"https:\/\/novahidrolik.com.tr\/index.php\/wp-json\/wp\/v2\/product_tag?post=6992"}],"curies":[{"name":"wp","href":"https:\/\/api.w.org\/{rel}","templated":true}]}}