{"id":7005,"date":"2022-01-17T12:12:56","date_gmt":"2022-01-17T09:12:56","guid":{"rendered":"https:\/\/novahidrolik.com.tr\/?post_type=product&#038;p=7005"},"modified":"2022-01-17T12:16:33","modified_gmt":"2022-01-17T09:16:33","slug":"metrik-somunlu-90-hortum-rakorlari","status":"publish","type":"product","link":"https:\/\/novahidrolik.com.tr\/index.php\/urun\/metrik-somunlu-90-hortum-rakorlari\/","title":{"rendered":"METR\u0130K SOMUNLU 90\u00b0 HORTUM RAKORLARI"},"content":{"rendered":"","protected":false},"excerpt":{"rendered":"<table class=\"table table-striped\" cellspacing=\"0\">\n<tbody>\n<tr>\n<td colspan=\"9\"><strong>METR\u0130K SOMUNLU 90\u00b0 HORTUM RAKORLARI<\/strong><br \/>\nMETRIC FEMALE 90\u00b0 ELBOW SWIVEL HOSE FITTINGS<\/td>\n<\/tr>\n<tr>\n<td rowspan=\"2\"><strong>MALZEME KODU<\/strong><br \/>\nMATERIAL CODE<\/td>\n<td colspan=\"2\"><strong>HORTUM \u00d6L\u00c7\u00dcS\u00dc<\/strong><br \/>\nHOSE SIZE<\/td>\n<td rowspan=\"2\"><strong>SOMUN \u00d6L\u00c7\u00dcS\u00dc<\/strong><br \/>\nNUT SIZE<\/td>\n<td rowspan=\"2\"><strong>B<\/strong><\/td>\n<td rowspan=\"2\"><strong>C<\/strong><\/td>\n<td rowspan=\"2\"><strong>E<\/strong><\/td>\n<td rowspan=\"2\"><strong>\u00d8D<\/strong><\/td>\n<td rowspan=\"2\"><strong>AA<\/strong><\/td>\n<\/tr>\n<tr>\n<td>mm<\/td>\n<td>inch<\/td>\n<\/tr>\n<tr>\n<td colspan=\"9\"><strong>L T\u0130P\u0130 \/ L TYPE<\/strong><\/td>\n<\/tr>\n<tr>\n<td>RK-0506-MSO90-L<\/td>\n<td>05<\/td>\n<td>3\/16<\/td>\n<td>M12x1,5\u00a0\u00a0\u00a0\u00a0\u00a0 6L<\/td>\n<td>45<\/td>\n<td>25<\/td>\n<td>31<\/td>\n<td>3.2<\/td>\n<td>14<\/td>\n<\/tr>\n<tr>\n<td>RK-0508-MSO90-L<\/td>\n<td>05<\/td>\n<td>3\/16<\/td>\n<td>M14x1,5\u00a0\u00a0\u00a0\u00a0\u00a0 8L<\/td>\n<td>45<\/td>\n<td>25<\/td>\n<td>31<\/td>\n<td>3.2<\/td>\n<td>17<\/td>\n<\/tr>\n<tr>\n<td>RK-0606-MSO90-L<\/td>\n<td>06<\/td>\n<td>1\/4<\/td>\n<td>M12x1,5\u00a0\u00a0\u00a0\u00a0\u00a0 6L<\/td>\n<td>50<\/td>\n<td>25<\/td>\n<td>33<\/td>\n<td>4<\/td>\n<td>17<\/td>\n<\/tr>\n<tr>\n<td>RK-0608-MSO90-L<\/td>\n<td>06<\/td>\n<td>1\/4<\/td>\n<td>M14x1,5\u00a0\u00a0\u00a0\u00a0\u00a0 8L<\/td>\n<td>50<\/td>\n<td>25<\/td>\n<td>32<\/td>\n<td>4<\/td>\n<td>17<\/td>\n<\/tr>\n<tr>\n<td>RK-0610-MSO90-L<\/td>\n<td>06<\/td>\n<td>1\/4<\/td>\n<td>M16x1,5\u00a0\u00a0\u00a0 10L<\/td>\n<td>50<\/td>\n<td>25<\/td>\n<td>32<\/td>\n<td>4<\/td>\n<td>19<\/td>\n<\/tr>\n<tr>\n<td>RK-0612-MSO90-L<\/td>\n<td>06<\/td>\n<td>1\/4<\/td>\n<td>M18x1,5\u00a0\u00a0\u00a0 12L<\/td>\n<td>50<\/td>\n<td>25<\/td>\n<td>33<\/td>\n<td>4<\/td>\n<td>22<\/td>\n<\/tr>\n<tr>\n<td>RK-0808-MSO90-L<\/td>\n<td>08<\/td>\n<td>5\/16<\/td>\n<td>M14x1,5\u00a0\u00a0\u00a0\u00a0\u00a0 8L<\/td>\n<td>55<\/td>\n<td>28<\/td>\n<td>35.5<\/td>\n<td>5.5<\/td>\n<td>19<\/td>\n<\/tr>\n<tr>\n<td>RK-0810-MSO90-L<\/td>\n<td>08<\/td>\n<td>5\/16<\/td>\n<td>M16x1,5\u00a0\u00a0\u00a0 10L<\/td>\n<td>55<\/td>\n<td>28<\/td>\n<td>33<\/td>\n<td>5.5<\/td>\n<td>19<\/td>\n<\/tr>\n<tr>\n<td>RK-0812-MSO90-L<\/td>\n<td>08<\/td>\n<td>5\/16<\/td>\n<td>M18x1,5\u00a0\u00a0\u00a0 12L<\/td>\n<td>55<\/td>\n<td>28<\/td>\n<td>33.5<\/td>\n<td>5.5<\/td>\n<td>22<\/td>\n<\/tr>\n<tr>\n<td>RK-1010-MSO90-L<\/td>\n<td>10<\/td>\n<td>3\/8<\/td>\n<td>M16x1,5\u00a0\u00a0\u00a0 10L<\/td>\n<td>61.5<\/td>\n<td>32.5<\/td>\n<td>38<\/td>\n<td>7<\/td>\n<td>21<\/td>\n<\/tr>\n<tr>\n<td>RK-1012-MSO90-L<\/td>\n<td>10<\/td>\n<td>3\/8<\/td>\n<td>M18x1,5\u00a0\u00a0\u00a0 12L<\/td>\n<td>61.5<\/td>\n<td>32.5<\/td>\n<td>35<\/td>\n<td>7<\/td>\n<td>22<\/td>\n<\/tr>\n<tr>\n<td>RK-1015-MSO90-L<\/td>\n<td>10<\/td>\n<td>3\/8<\/td>\n<td>M22x1,5\u00a0\u00a0\u00a0 15L<\/td>\n<td>61.5<\/td>\n<td>32.5<\/td>\n<td>36<\/td>\n<td>7<\/td>\n<td>27<\/td>\n<\/tr>\n<tr>\n<td>RK-1312-MSO90-L<\/td>\n<td>12<\/td>\n<td>1\/2<\/td>\n<td>M18x1,5\u00a0\u00a0\u00a0 12L<\/td>\n<td>69.5<\/td>\n<td>37.5<\/td>\n<td>43<\/td>\n<td>9<\/td>\n<td>22<\/td>\n<\/tr>\n<tr>\n<td>RK-1315-MSO90-L<\/td>\n<td>12<\/td>\n<td>1\/2<\/td>\n<td>M22x1,5\u00a0\u00a0\u00a0 15L<\/td>\n<td>69.5<\/td>\n<td>37.5<\/td>\n<td>42<\/td>\n<td>9<\/td>\n<td>27<\/td>\n<\/tr>\n<tr>\n<td>RK-1618-MSO90-L<\/td>\n<td>16<\/td>\n<td>5\/8<\/td>\n<td>M26x1,5\u00a0\u00a0\u00a0 18L<\/td>\n<td>84<\/td>\n<td>45<\/td>\n<td>47<\/td>\n<td>12<\/td>\n<td>32<\/td>\n<\/tr>\n<tr>\n<td>RK-1922-MSO90-L<\/td>\n<td>19<\/td>\n<td>3\/4<\/td>\n<td>M30x2\u00a0\u00a0\u00a0\u00a0\u00a0\u00a0 22L<\/td>\n<td>100<\/td>\n<td>57<\/td>\n<td>53<\/td>\n<td>14<\/td>\n<td>36<\/td>\n<\/tr>\n<tr>\n<td>RK-1928-MSO90-L<\/td>\n<td>19<\/td>\n<td>3\/4<\/td>\n<td>M36x2\u00a0\u00a0\u00a0\u00a0\u00a0\u00a0 28L<\/td>\n<td>100<\/td>\n<td>57<\/td>\n<td>56<\/td>\n<td>14<\/td>\n<td>41<\/td>\n<\/tr>\n<tr>\n<td>RK-2528-MSO90-L<\/td>\n<td>25<\/td>\n<td>1&#8243;<\/td>\n<td>M36x2\u00a0\u00a0\u00a0\u00a0\u00a0\u00a0 28L<\/td>\n<td>122<\/td>\n<td>69<\/td>\n<td>70<\/td>\n<td>19<\/td>\n<td>41<\/td>\n<\/tr>\n<tr>\n<td>RK-2535-MSO90-L<\/td>\n<td>25<\/td>\n<td>1&#8243;<\/td>\n<td>M45x2\u00a0\u00a0\u00a0\u00a0\u00a0\u00a0 35L<\/td>\n<td>122<\/td>\n<td>69<\/td>\n<td>78<\/td>\n<td>19<\/td>\n<td>50<\/td>\n<\/tr>\n<tr>\n<td>RK-3235-MSO90-L<\/td>\n<td>32<\/td>\n<td>1&#8243;1\/4<\/td>\n<td>M45x2\u00a0\u00a0\u00a0\u00a0\u00a0\u00a0 35L<\/td>\n<td>140<\/td>\n<td>80<\/td>\n<td>80<\/td>\n<td>25<\/td>\n<td>50<\/td>\n<\/tr>\n<tr>\n<td>RK-3242-MSO90-L<\/td>\n<td>32<\/td>\n<td>1&#8243;1\/4<\/td>\n<td>M52x2\u00a0\u00a0\u00a0\u00a0\u00a0\u00a0 42L<\/td>\n<td>140<\/td>\n<td>80<\/td>\n<td>82<\/td>\n<td>25<\/td>\n<td>60<\/td>\n<\/tr>\n<tr>\n<td>RK-3842-MSO90-L<\/td>\n<td>38<\/td>\n<td>1&#8243;1\/2<\/td>\n<td>M52x2\u00a0\u00a0\u00a0\u00a0\u00a0\u00a0 42L<\/td>\n<td>175<\/td>\n<td>105<\/td>\n<td>90<\/td>\n<td>29<\/td>\n<td>60<\/td>\n<\/tr>\n<tr>\n<td colspan=\"9\"><strong>S T\u0130P\u0130 \/ S TYPE<\/strong><\/td>\n<\/tr>\n<tr>\n<td>RK-0506-MSO90-S<\/td>\n<td>05<\/td>\n<td>3\/16<\/td>\n<td>M14x1,5\u00a0\u00a0\u00a0\u00a0\u00a0\u00a0\u00a0 6S<\/td>\n<td>45<\/td>\n<td>25<\/td>\n<td>31<\/td>\n<td>3.2<\/td>\n<td>17<\/td>\n<\/tr>\n<tr>\n<td>RK-0606-MSO90-S<\/td>\n<td>06<\/td>\n<td>1\/4<\/td>\n<td>M14x1,5\u00a0\u00a0\u00a0\u00a0\u00a0\u00a0\u00a0 6S<\/td>\n<td>50<\/td>\n<td>25<\/td>\n<td>32<\/td>\n<td>4<\/td>\n<td>17<\/td>\n<\/tr>\n<tr>\n<td>RK-0608-MSO90-S<\/td>\n<td>06<\/td>\n<td>1\/4<\/td>\n<td>M16x1,5\u00a0\u00a0\u00a0\u00a0\u00a0\u00a0\u00a0 8S<\/td>\n<td>50<\/td>\n<td>25<\/td>\n<td>32<\/td>\n<td>4<\/td>\n<td>19<\/td>\n<\/tr>\n<tr>\n<td>RK-0610-MSO90-S<\/td>\n<td>06<\/td>\n<td>1\/4<\/td>\n<td>M18x1,5\u00a0\u00a0\u00a0\u00a0\u00a0 10S<\/td>\n<td>50<\/td>\n<td>25<\/td>\n<td>33<\/td>\n<td>4<\/td>\n<td>22<\/td>\n<\/tr>\n<tr>\n<td>RK-0808-MSO90-S<\/td>\n<td>08<\/td>\n<td>5\/16<\/td>\n<td>M16x1,5\u00a0\u00a0\u00a0\u00a0\u00a0\u00a0\u00a0 8S<\/td>\n<td>55<\/td>\n<td>28<\/td>\n<td>33<\/td>\n<td>5.5<\/td>\n<td>19<\/td>\n<\/tr>\n<tr>\n<td>RK-0810-MSO90-S<\/td>\n<td>08<\/td>\n<td>5\/16<\/td>\n<td>M18x1,5\u00a0\u00a0\u00a0\u00a0\u00a0 10S<\/td>\n<td>55<\/td>\n<td>28<\/td>\n<td>34<\/td>\n<td>5.5<\/td>\n<td>22<\/td>\n<\/tr>\n<tr>\n<td>RK-0812-MSO90-S<\/td>\n<td>08<\/td>\n<td>5\/16<\/td>\n<td>M20x1,5\u00a0\u00a0\u00a0\u00a0\u00a0 12S<\/td>\n<td>55<\/td>\n<td>28<\/td>\n<td>35<\/td>\n<td>5.5<\/td>\n<td>24<\/td>\n<\/tr>\n<tr>\n<td>RK-1010-MSO90-S<\/td>\n<td>10<\/td>\n<td>3\/8<\/td>\n<td>M18x1,5\u00a0\u00a0\u00a0\u00a0\u00a0 10S<\/td>\n<td>61.5<\/td>\n<td>32.5<\/td>\n<td>36<\/td>\n<td>7<\/td>\n<td>22<\/td>\n<\/tr>\n<tr>\n<td>RK-1012-MSO90-S<\/td>\n<td>10<\/td>\n<td>3\/8<\/td>\n<td>M20x1,5\u00a0\u00a0\u00a0\u00a0\u00a0 12S<\/td>\n<td>61.5<\/td>\n<td>32.5<\/td>\n<td>37<\/td>\n<td>7<\/td>\n<td>24<\/td>\n<\/tr>\n<tr>\n<td>RK-1016-MSO90-S<\/td>\n<td>10<\/td>\n<td>3\/8<\/td>\n<td>M24x1,5\u00a0\u00a0\u00a0\u00a0\u00a0 16S<\/td>\n<td>61.5<\/td>\n<td>32.5<\/td>\n<td>38<\/td>\n<td>7<\/td>\n<td>30<\/td>\n<\/tr>\n<tr>\n<td>RK-1312-MSO90-S<\/td>\n<td>12<\/td>\n<td>1\/2<\/td>\n<td>M20x1,5\u00a0\u00a0\u00a0\u00a0\u00a0 12S<\/td>\n<td>69.5<\/td>\n<td>37.5<\/td>\n<td>43.5<\/td>\n<td>9<\/td>\n<td>24<\/td>\n<\/tr>\n<tr>\n<td>RK-1316-MSO90-S<\/td>\n<td>12<\/td>\n<td>1\/2<\/td>\n<td>M24x1,5\u00a0\u00a0\u00a0\u00a0\u00a0 16S<\/td>\n<td>69.5<\/td>\n<td>37.5<\/td>\n<td>41<\/td>\n<td>9<\/td>\n<td>30<\/td>\n<\/tr>\n<tr>\n<td>RK-1616-MSO90-S<\/td>\n<td>16<\/td>\n<td>5\/8<\/td>\n<td>M24x1,5\u00a0\u00a0\u00a0\u00a0\u00a0 16S<\/td>\n<td>84<\/td>\n<td>45<\/td>\n<td>52<\/td>\n<td>12<\/td>\n<td>30<\/td>\n<\/tr>\n<tr>\n<td>RK-1620-MSO90-S<\/td>\n<td>16<\/td>\n<td>5\/8<\/td>\n<td>M30x2\u00a0\u00a0\u00a0\u00a0\u00a0\u00a0\u00a0\u00a0 20S<\/td>\n<td>84<\/td>\n<td>45<\/td>\n<td>50<\/td>\n<td>12<\/td>\n<td>36<\/td>\n<\/tr>\n<tr>\n<td>RK-1920-MSO90-S<\/td>\n<td>19<\/td>\n<td>3\/4<\/td>\n<td>M30x2\u00a0\u00a0\u00a0\u00a0\u00a0\u00a0\u00a0\u00a0 20S<\/td>\n<td>100<\/td>\n<td>57<\/td>\n<td>57<\/td>\n<td>14<\/td>\n<td>36<\/td>\n<\/tr>\n<tr>\n<td>RK-1925-MSO90-S<\/td>\n<td>19<\/td>\n<td>3\/4<\/td>\n<td>M36x2\u00a0\u00a0\u00a0\u00a0\u00a0\u00a0\u00a0\u00a0 25S<\/td>\n<td>100<\/td>\n<td>57<\/td>\n<td>57<\/td>\n<td>14<\/td>\n<td>46<\/td>\n<\/tr>\n<tr>\n<td>RK-2525-MSO90-S<\/td>\n<td>25<\/td>\n<td>1&#8243;<\/td>\n<td>M36x2\u00a0\u00a0\u00a0\u00a0\u00a0\u00a0\u00a0\u00a0 25S<\/td>\n<td>122<\/td>\n<td>69<\/td>\n<td>64<\/td>\n<td>19<\/td>\n<td>46<\/td>\n<\/tr>\n<tr>\n<td>RK-2530-MSO90-S<\/td>\n<td>25<\/td>\n<td>1&#8243;<\/td>\n<td>M42x2\u00a0\u00a0\u00a0\u00a0\u00a0\u00a0\u00a0\u00a0 30S<\/td>\n<td>130<\/td>\n<td>71<\/td>\n<td>64<\/td>\n<td>19<\/td>\n<td>50<\/td>\n<\/tr>\n<tr>\n<td>RK-3230-MSO90-S<\/td>\n<td>32<\/td>\n<td>1&#8243;1\/4<\/td>\n<td>M42x2\u00a0\u00a0\u00a0\u00a0\u00a0\u00a0\u00a0\u00a0 30S<\/td>\n<td>140<\/td>\n<td>80<\/td>\n<td>84<\/td>\n<td>24<\/td>\n<td>50<\/td>\n<\/tr>\n<tr>\n<td>RK-3238-MSO90-S<\/td>\n<td>32<\/td>\n<td>1&#8243;1\/4<\/td>\n<td>M52x2\u00a0\u00a0\u00a0\u00a0\u00a0\u00a0\u00a0\u00a0 38S<\/td>\n<td>140<\/td>\n<td>80<\/td>\n<td>85<\/td>\n<td>25<\/td>\n<td>60<\/td>\n<\/tr>\n<tr>\n<td>RK-3838-MSO90-S<\/td>\n<td>38<\/td>\n<td>1&#8243;1\/2<\/td>\n<td>M52x2\u00a0\u00a0\u00a0\u00a0\u00a0\u00a0\u00a0\u00a0 38S<\/td>\n<td>175<\/td>\n<td>105<\/td>\n<td>90<\/td>\n<td>29<\/td>\n<td>60<\/td>\n<\/tr>\n<\/tbody>\n<\/table>\n","protected":false},"featured_media":7006,"template":"","meta":[],"product_cat":[47,112],"product_tag":[151,175,174,216,224,226,229,228,232,231,206,225],"class_list":{"0":"post-7005","1":"product","2":"type-product","3":"status-publish","4":"has-post-thumbnail","6":"product_cat-tum-urunleri","7":"product_cat-hidrolik-rekorlar","8":"product_tag-1-4","9":"product_tag-3-4","10":"product_tag-3-8","11":"product_tag-hidrolik","12":"product_tag-hidrolik-rekor","13":"product_tag-m12","14":"product_tag-m14","15":"product_tag-m16","16":"product_tag-m18","17":"product_tag-m22","18":"product_tag-rekor","19":"product_tag-rekorsan","21":"first","22":"instock","23":"shipping-taxable","24":"product-type-simple"},"_links":{"self":[{"href":"https:\/\/novahidrolik.com.tr\/index.php\/wp-json\/wp\/v2\/product\/7005","targetHints":{"allow":["GET"]}}],"collection":[{"href":"https:\/\/novahidrolik.com.tr\/index.php\/wp-json\/wp\/v2\/product"}],"about":[{"href":"https:\/\/novahidrolik.com.tr\/index.php\/wp-json\/wp\/v2\/types\/product"}],"version-history":[{"count":0,"href":"https:\/\/novahidrolik.com.tr\/index.php\/wp-json\/wp\/v2\/product\/7005\/revisions"}],"wp:featuredmedia":[{"embeddable":true,"href":"https:\/\/novahidrolik.com.tr\/index.php\/wp-json\/wp\/v2\/media\/7006"}],"wp:attachment":[{"href":"https:\/\/novahidrolik.com.tr\/index.php\/wp-json\/wp\/v2\/media?parent=7005"}],"wp:term":[{"taxonomy":"product_cat","embeddable":true,"href":"https:\/\/novahidrolik.com.tr\/index.php\/wp-json\/wp\/v2\/product_cat?post=7005"},{"taxonomy":"product_tag","embeddable":true,"href":"https:\/\/novahidrolik.com.tr\/index.php\/wp-json\/wp\/v2\/product_tag?post=7005"}],"curies":[{"name":"wp","href":"https:\/\/api.w.org\/{rel}","templated":true}]}}