{"id":7021,"date":"2022-01-17T12:39:37","date_gmt":"2022-01-17T09:39:37","guid":{"rendered":"https:\/\/novahidrolik.com.tr\/?post_type=product&#038;p=7021"},"modified":"2022-01-17T12:40:30","modified_gmt":"2022-01-17T09:40:30","slug":"bsp-somunlu-45-hortum-rakorlari","status":"publish","type":"product","link":"https:\/\/novahidrolik.com.tr\/index.php\/urun\/bsp-somunlu-45-hortum-rakorlari\/","title":{"rendered":"BSP SOMUNLU 45\u00b0 HORTUM RAKORLARI"},"content":{"rendered":"","protected":false},"excerpt":{"rendered":"<table class=\"table table-striped\" cellspacing=\"0\">\n<tbody>\n<tr>\n<td colspan=\"9\"><strong>BSP SOMUNLU 45\u00b0 HORTUM RAKORLARI<\/strong><br \/>\nBSP FEMALE 45\u00b0 ELBOW SWIVEL HOSE FITTINGS<\/td>\n<\/tr>\n<tr>\n<td rowspan=\"2\"><strong>MALZEME KODU<\/strong><br \/>\nMATERIAL CODE<\/td>\n<td colspan=\"2\"><strong>HORTUM \u00d6L\u00c7\u00dcS\u00dc<\/strong><br \/>\nHOSE SIZE<\/td>\n<td rowspan=\"2\"><strong>SOMUN \u00d6L\u00c7\u00dcS\u00dc<\/strong><br \/>\nNUT SIZE<\/td>\n<td rowspan=\"2\"><strong>B<\/strong><\/td>\n<td rowspan=\"2\"><strong>C<\/strong><\/td>\n<td rowspan=\"2\"><strong>E<\/strong><\/td>\n<td rowspan=\"2\"><strong>\u00d8D<\/strong><\/td>\n<td rowspan=\"2\"><strong>AA<\/strong><\/td>\n<\/tr>\n<tr>\n<td>mm<\/td>\n<td>inch<\/td>\n<\/tr>\n<tr>\n<td>RK-0510-RS45<\/td>\n<td>05<\/td>\n<td>3\/16<\/td>\n<td>R1\/8-28<\/td>\n<td>53<\/td>\n<td>32<\/td>\n<td>13<\/td>\n<td>3.2<\/td>\n<td>14<\/td>\n<\/tr>\n<tr>\n<td>RK-0513-RS45<\/td>\n<td>05<\/td>\n<td>3\/16<\/td>\n<td>R1\/4-19<\/td>\n<td>59<\/td>\n<td>39<\/td>\n<td>16<\/td>\n<td>3.2<\/td>\n<td>17<\/td>\n<\/tr>\n<tr>\n<td>RK-0610-RS45<\/td>\n<td>06<\/td>\n<td>1\/4<\/td>\n<td>R1\/8-28<\/td>\n<td>60<\/td>\n<td>35<\/td>\n<td>14<\/td>\n<td>4<\/td>\n<td>14<\/td>\n<\/tr>\n<tr>\n<td>RK-0613-RS45<\/td>\n<td>06<\/td>\n<td>1\/4<\/td>\n<td>R1\/4-19<\/td>\n<td>61<\/td>\n<td>36<\/td>\n<td>15<\/td>\n<td>4<\/td>\n<td>17<\/td>\n<\/tr>\n<tr>\n<td>RK-0617-RS45<\/td>\n<td>06<\/td>\n<td>1\/4<\/td>\n<td>R3\/8-19<\/td>\n<td>62<\/td>\n<td>37<\/td>\n<td>17<\/td>\n<td>4<\/td>\n<td>22<\/td>\n<\/tr>\n<tr>\n<td>RK-0621-RS45<\/td>\n<td>06<\/td>\n<td>1\/4<\/td>\n<td>R1\/2-14<\/td>\n<td>68<\/td>\n<td>43<\/td>\n<td>21<\/td>\n<td>4<\/td>\n<td>27<\/td>\n<\/tr>\n<tr>\n<td>RK-0813-RS45<\/td>\n<td>08<\/td>\n<td>5\/16<\/td>\n<td>R1\/4-19<\/td>\n<td>67<\/td>\n<td>40<\/td>\n<td>18<\/td>\n<td>5.5<\/td>\n<td>17<\/td>\n<\/tr>\n<tr>\n<td>RK-0817-RS45<\/td>\n<td>08<\/td>\n<td>5\/16<\/td>\n<td>R3\/8-19<\/td>\n<td>67<\/td>\n<td>40<\/td>\n<td>18<\/td>\n<td>5.5<\/td>\n<td>22<\/td>\n<\/tr>\n<tr>\n<td>RK-0821-RS45<\/td>\n<td>08<\/td>\n<td>5\/16<\/td>\n<td>R1\/2-14<\/td>\n<td>69<\/td>\n<td>42<\/td>\n<td>22<\/td>\n<td>5.5<\/td>\n<td>27<\/td>\n<\/tr>\n<tr>\n<td>RK-1017-RS45<\/td>\n<td>10<\/td>\n<td>3\/8<\/td>\n<td>R3\/8-19<\/td>\n<td>75<\/td>\n<td>45<\/td>\n<td>20<\/td>\n<td>7<\/td>\n<td>22<\/td>\n<\/tr>\n<tr>\n<td>RK-1021-RS45<\/td>\n<td>10<\/td>\n<td>3\/8<\/td>\n<td>R1\/2-14<\/td>\n<td>79<\/td>\n<td>49<\/td>\n<td>24<\/td>\n<td>7<\/td>\n<td>27<\/td>\n<\/tr>\n<tr>\n<td>RK-1317-RS45<\/td>\n<td>12<\/td>\n<td>1\/2<\/td>\n<td>R3\/8-19<\/td>\n<td>85<\/td>\n<td>52<\/td>\n<td>24<\/td>\n<td>9<\/td>\n<td>22<\/td>\n<\/tr>\n<tr>\n<td>RK-1321-RS45<\/td>\n<td>12<\/td>\n<td>1\/2<\/td>\n<td>R1\/2-14<\/td>\n<td>83<\/td>\n<td>59<\/td>\n<td>25<\/td>\n<td>9<\/td>\n<td>27<\/td>\n<\/tr>\n<tr>\n<td>RK-1623-RS45<\/td>\n<td>16<\/td>\n<td>5\/8<\/td>\n<td>R5\/8-14<\/td>\n<td>98<\/td>\n<td>58<\/td>\n<td>28<\/td>\n<td>12<\/td>\n<td>30<\/td>\n<\/tr>\n<tr>\n<td>RK-1626-RS45<\/td>\n<td>16<\/td>\n<td>5\/8<\/td>\n<td>R3\/4-14<\/td>\n<td>103<\/td>\n<td>63<\/td>\n<td>30<\/td>\n<td>12<\/td>\n<td>32<\/td>\n<\/tr>\n<tr>\n<td>RK-1926-RS45<\/td>\n<td>19<\/td>\n<td>3\/4<\/td>\n<td>R3\/4-14<\/td>\n<td>108<\/td>\n<td>64<\/td>\n<td>32<\/td>\n<td>14<\/td>\n<td>32<\/td>\n<\/tr>\n<tr>\n<td>RK-2533-RS45<\/td>\n<td>25<\/td>\n<td>1&#8243;<\/td>\n<td>R1&#8243;-11<\/td>\n<td>140<\/td>\n<td>85<\/td>\n<td>33<\/td>\n<td>19<\/td>\n<td>41<\/td>\n<\/tr>\n<tr>\n<td>RK-3242-RS45<\/td>\n<td>32<\/td>\n<td>1&#8243;1\/4<\/td>\n<td>R1&#8243;1\/4-11<\/td>\n<td>165<\/td>\n<td>105<\/td>\n<td>44<\/td>\n<td>25<\/td>\n<td>50<\/td>\n<\/tr>\n<tr>\n<td>RK-3848-RS45<\/td>\n<td>38<\/td>\n<td>1&#8243;1\/2<\/td>\n<td>R1&#8243;1\/2-11<\/td>\n<td>185<\/td>\n<td>115<\/td>\n<td>47<\/td>\n<td>29<\/td>\n<td>55<\/td>\n<\/tr>\n<tr>\n<td>RK-5060-RS45<\/td>\n<td>50<\/td>\n<td>2&#8243;<\/td>\n<td>R2&#8243;<\/td>\n<td>150<\/td>\n<td>90<\/td>\n<td>35<\/td>\n<td>41<\/td>\n<td>70<\/td>\n<\/tr>\n<tr>\n<td>RK-6475-RS45<\/td>\n<td>64<\/td>\n<td>2&#8243;1\/2<\/td>\n<td>R2&#8243;1\/2<\/td>\n<td>190<\/td>\n<td>120<\/td>\n<td>50<\/td>\n<td>54<\/td>\n<td>90<\/td>\n<\/tr>\n<tr>\n<td>RK-7688-RS45<\/td>\n<td>76<\/td>\n<td>3&#8243;<\/td>\n<td>R3&#8243;<\/td>\n<td>210<\/td>\n<td>140<\/td>\n<td>50<\/td>\n<td>68<\/td>\n<td>96<\/td>\n<\/tr>\n<\/tbody>\n<\/table>\n","protected":false},"featured_media":7023,"template":"","meta":[],"product_cat":[47,112],"product_tag":[161,151,175,174,216,224,206,225],"class_list":{"0":"post-7021","1":"product","2":"type-product","3":"status-publish","4":"has-post-thumbnail","6":"product_cat-tum-urunleri","7":"product_cat-hidrolik-rekorlar","8":"product_tag-1-2","9":"product_tag-1-4","10":"product_tag-3-4","11":"product_tag-3-8","12":"product_tag-hidrolik","13":"product_tag-hidrolik-rekor","14":"product_tag-rekor","15":"product_tag-rekorsan","17":"first","18":"instock","19":"shipping-taxable","20":"product-type-simple"},"_links":{"self":[{"href":"https:\/\/novahidrolik.com.tr\/index.php\/wp-json\/wp\/v2\/product\/7021","targetHints":{"allow":["GET"]}}],"collection":[{"href":"https:\/\/novahidrolik.com.tr\/index.php\/wp-json\/wp\/v2\/product"}],"about":[{"href":"https:\/\/novahidrolik.com.tr\/index.php\/wp-json\/wp\/v2\/types\/product"}],"version-history":[{"count":0,"href":"https:\/\/novahidrolik.com.tr\/index.php\/wp-json\/wp\/v2\/product\/7021\/revisions"}],"wp:featuredmedia":[{"embeddable":true,"href":"https:\/\/novahidrolik.com.tr\/index.php\/wp-json\/wp\/v2\/media\/7023"}],"wp:attachment":[{"href":"https:\/\/novahidrolik.com.tr\/index.php\/wp-json\/wp\/v2\/media?parent=7021"}],"wp:term":[{"taxonomy":"product_cat","embeddable":true,"href":"https:\/\/novahidrolik.com.tr\/index.php\/wp-json\/wp\/v2\/product_cat?post=7021"},{"taxonomy":"product_tag","embeddable":true,"href":"https:\/\/novahidrolik.com.tr\/index.php\/wp-json\/wp\/v2\/product_tag?post=7021"}],"curies":[{"name":"wp","href":"https:\/\/api.w.org\/{rel}","templated":true}]}}