{"id":7026,"date":"2022-01-17T12:43:47","date_gmt":"2022-01-17T09:43:47","guid":{"rendered":"https:\/\/novahidrolik.com.tr\/?post_type=product&#038;p=7026"},"modified":"2022-01-17T12:43:47","modified_gmt":"2022-01-17T09:43:47","slug":"bsp-ice-havsa-somunlu-duz-hortum-rakorlari","status":"publish","type":"product","link":"https:\/\/novahidrolik.com.tr\/index.php\/urun\/bsp-ice-havsa-somunlu-duz-hortum-rakorlari\/","title":{"rendered":"BSP \u0130\u00c7E HAV\u015eA SOMUNLU D\u00dcZ HORTUM RAKORLARI"},"content":{"rendered":"","protected":false},"excerpt":{"rendered":"<table class=\"table table-striped\" cellspacing=\"0\">\n<tbody>\n<tr>\n<td colspan=\"8\"><strong>BSP \u0130\u00c7E HAV\u015eA SOMUNLU D\u00dcZ HORTUM RAKORLARI<\/strong><br \/>\nBSP FEMALE 30\u00b0 FLARE STRAIGHT SWIVEL HOSE FITTINGS<\/td>\n<\/tr>\n<tr>\n<td rowspan=\"2\"><strong>MALZEME KODU<\/strong><br \/>\nMATERIAL CODE<\/td>\n<td colspan=\"2\"><strong>HORTUM \u00d6L\u00c7\u00dcS\u00dc<\/strong><br \/>\nHOSE SIZE<\/td>\n<td rowspan=\"2\"><strong>SOMUN \u00d6L\u00c7\u00dcS\u00dc<\/strong><br \/>\nNUT SIZE<\/td>\n<td rowspan=\"2\"><strong>B<\/strong><\/td>\n<td rowspan=\"2\"><strong>C<\/strong><\/td>\n<td rowspan=\"2\"><strong>\u00d8D<\/strong><\/td>\n<td rowspan=\"2\"><strong>AA<\/strong><\/td>\n<\/tr>\n<tr>\n<td>mm<\/td>\n<td>inch<\/td>\n<\/tr>\n<tr>\n<td>RK-0613-R\u0130SD<\/td>\n<td>06<\/td>\n<td>1\/4<\/td>\n<td>R1\/4-19<\/td>\n<td>40.5<\/td>\n<td>15.5<\/td>\n<td>4<\/td>\n<td>17<\/td>\n<\/tr>\n<tr>\n<td>RK-0617-R\u0130SD<\/td>\n<td>06<\/td>\n<td>1\/4<\/td>\n<td>R3\/8-19<\/td>\n<td>42.5<\/td>\n<td>17.5<\/td>\n<td>4<\/td>\n<td>22<\/td>\n<\/tr>\n<tr>\n<td>RK-0621-R\u0130SD<\/td>\n<td>06<\/td>\n<td>1\/4<\/td>\n<td>R1\/2-14<\/td>\n<td>43.5<\/td>\n<td>18.5<\/td>\n<td>4<\/td>\n<td>27<\/td>\n<\/tr>\n<tr>\n<td>RK-0817-R\u0130SD<\/td>\n<td>08<\/td>\n<td>5\/16<\/td>\n<td>R3\/8-19<\/td>\n<td>44<\/td>\n<td>17<\/td>\n<td>5.5<\/td>\n<td>22<\/td>\n<\/tr>\n<tr>\n<td>RK-0821-R\u0130SD<\/td>\n<td>08<\/td>\n<td>5\/16<\/td>\n<td>R1\/2-14<\/td>\n<td>46<\/td>\n<td>19<\/td>\n<td>5.5<\/td>\n<td>27<\/td>\n<\/tr>\n<tr>\n<td>RK-1017-R\u0130SD<\/td>\n<td>10<\/td>\n<td>3\/8<\/td>\n<td>R3\/8-19<\/td>\n<td>47<\/td>\n<td>17<\/td>\n<td>7<\/td>\n<td>22<\/td>\n<\/tr>\n<tr>\n<td>RK-1021-R\u0130SD<\/td>\n<td>10<\/td>\n<td>3\/8<\/td>\n<td>R1\/2-14<\/td>\n<td>48<\/td>\n<td>18<\/td>\n<td>7<\/td>\n<td>27<\/td>\n<\/tr>\n<tr>\n<td>RK-1321-R\u0130SD<\/td>\n<td>12<\/td>\n<td>1\/2<\/td>\n<td>R1\/2-14<\/td>\n<td>52<\/td>\n<td>19<\/td>\n<td>9<\/td>\n<td>27<\/td>\n<\/tr>\n<tr>\n<td>RK-1626-R\u0130SD<\/td>\n<td>16<\/td>\n<td>5\/8<\/td>\n<td>R3\/4-14<\/td>\n<td>62.5<\/td>\n<td>22.5<\/td>\n<td>12<\/td>\n<td>32<\/td>\n<\/tr>\n<tr>\n<td>RK-1926-R\u0130SD<\/td>\n<td>19<\/td>\n<td>3\/4<\/td>\n<td>R3\/4-14<\/td>\n<td>67<\/td>\n<td>23<\/td>\n<td>14<\/td>\n<td>32<\/td>\n<\/tr>\n<tr>\n<td>RK-2533-R\u0130SD<\/td>\n<td>25<\/td>\n<td>1&#8243;<\/td>\n<td>R1&#8243;-11<\/td>\n<td>81<\/td>\n<td>27<\/td>\n<td>19<\/td>\n<td>41<\/td>\n<\/tr>\n<tr>\n<td>RK-3242-R\u0130SD<\/td>\n<td>32<\/td>\n<td>1&#8243;1\/4<\/td>\n<td>R1&#8243;1\/4-11<\/td>\n<td>88<\/td>\n<td>28.5<\/td>\n<td>25<\/td>\n<td>50<\/td>\n<\/tr>\n<tr>\n<td>RK-3848-R\u0130SD<\/td>\n<td>38<\/td>\n<td>1&#8243;1\/2<\/td>\n<td>R1&#8243;1\/2-11<\/td>\n<td>105.5<\/td>\n<td>33.5<\/td>\n<td>29<\/td>\n<td>55<\/td>\n<\/tr>\n<\/tbody>\n<\/table>\n","protected":false},"featured_media":7028,"template":"","meta":[],"product_cat":[47,112],"product_tag":[161,151,175,174,216,224,206,225],"class_list":{"0":"post-7026","1":"product","2":"type-product","3":"status-publish","4":"has-post-thumbnail","6":"product_cat-tum-urunleri","7":"product_cat-hidrolik-rekorlar","8":"product_tag-1-2","9":"product_tag-1-4","10":"product_tag-3-4","11":"product_tag-3-8","12":"product_tag-hidrolik","13":"product_tag-hidrolik-rekor","14":"product_tag-rekor","15":"product_tag-rekorsan","17":"first","18":"instock","19":"shipping-taxable","20":"product-type-simple"},"_links":{"self":[{"href":"https:\/\/novahidrolik.com.tr\/index.php\/wp-json\/wp\/v2\/product\/7026","targetHints":{"allow":["GET"]}}],"collection":[{"href":"https:\/\/novahidrolik.com.tr\/index.php\/wp-json\/wp\/v2\/product"}],"about":[{"href":"https:\/\/novahidrolik.com.tr\/index.php\/wp-json\/wp\/v2\/types\/product"}],"version-history":[{"count":0,"href":"https:\/\/novahidrolik.com.tr\/index.php\/wp-json\/wp\/v2\/product\/7026\/revisions"}],"wp:featuredmedia":[{"embeddable":true,"href":"https:\/\/novahidrolik.com.tr\/index.php\/wp-json\/wp\/v2\/media\/7028"}],"wp:attachment":[{"href":"https:\/\/novahidrolik.com.tr\/index.php\/wp-json\/wp\/v2\/media?parent=7026"}],"wp:term":[{"taxonomy":"product_cat","embeddable":true,"href":"https:\/\/novahidrolik.com.tr\/index.php\/wp-json\/wp\/v2\/product_cat?post=7026"},{"taxonomy":"product_tag","embeddable":true,"href":"https:\/\/novahidrolik.com.tr\/index.php\/wp-json\/wp\/v2\/product_tag?post=7026"}],"curies":[{"name":"wp","href":"https:\/\/api.w.org\/{rel}","templated":true}]}}