{"id":7034,"date":"2022-01-17T12:51:02","date_gmt":"2022-01-17T09:51:02","guid":{"rendered":"https:\/\/novahidrolik.com.tr\/?post_type=product&#038;p=7034"},"modified":"2022-01-17T12:51:03","modified_gmt":"2022-01-17T09:51:03","slug":"metrik-ice-havsa-duz-komatsu-hortum-rakoru","status":"publish","type":"product","link":"https:\/\/novahidrolik.com.tr\/index.php\/urun\/metrik-ice-havsa-duz-komatsu-hortum-rakoru\/","title":{"rendered":"METR\u0130K \u0130\u00c7E HAV\u015eA D\u00dcZ KOMATSU HORTUM RAKORU"},"content":{"rendered":"","protected":false},"excerpt":{"rendered":"<table class=\"table table-striped\" cellspacing=\"0\">\n<tbody>\n<tr>\n<td colspan=\"8\"><strong>METR\u0130K \u0130\u00c7E HAV\u015eA D\u00dcZ KOMATSU HORTUM RAKORU<\/strong><br \/>\nKOMATSU METRIC FEMALE 30\u00b0 FLARE SWIVEL STRAIGHT HOSE FITTING<\/td>\n<\/tr>\n<tr>\n<td rowspan=\"2\"><strong>MALZEME KODU<\/strong><br \/>\nMATERIAL CODE<\/td>\n<td colspan=\"2\"><strong>HORTUM \u00d6L\u00c7\u00dcS\u00dc<\/strong><br \/>\nHOSE SIZE<\/td>\n<td rowspan=\"2\"><strong>SOMUN \u00d6L\u00c7\u00dcS\u00dc<\/strong><br \/>\nNUT SIZE<\/td>\n<td rowspan=\"2\"><strong>B<\/strong><\/td>\n<td rowspan=\"2\"><strong>C<\/strong><\/td>\n<td rowspan=\"2\"><strong>\u00d8D<\/strong><\/td>\n<td rowspan=\"2\"><strong>AA<\/strong><\/td>\n<\/tr>\n<tr>\n<td>mm<\/td>\n<td>inch<\/td>\n<\/tr>\n<tr>\n<td>RK-0614-M\u0130SD<\/td>\n<td>06<\/td>\n<td>1\/4<\/td>\n<td>M14x1,5<\/td>\n<td>40.5<\/td>\n<td>15.5<\/td>\n<td>4<\/td>\n<td>19<\/td>\n<\/tr>\n<tr>\n<td>RK-0814-M\u0130SD<\/td>\n<td>08<\/td>\n<td>5\/16<\/td>\n<td>M14x1,5<\/td>\n<td>42.5<\/td>\n<td>15.5<\/td>\n<td>5.5<\/td>\n<td>19<\/td>\n<\/tr>\n<tr>\n<td>RK-0818-M\u0130SD<\/td>\n<td>08<\/td>\n<td>5\/16<\/td>\n<td>M18x1,5<\/td>\n<td>44.5<\/td>\n<td>17.5<\/td>\n<td>5.5<\/td>\n<td>22<\/td>\n<\/tr>\n<tr>\n<td>RK-1018-M\u0130SD<\/td>\n<td>10<\/td>\n<td>3\/8<\/td>\n<td>M18x1,5<\/td>\n<td>47.5<\/td>\n<td>17.5<\/td>\n<td>7<\/td>\n<td>22<\/td>\n<\/tr>\n<tr>\n<td>RK-1322-M\u0130SD<\/td>\n<td>12<\/td>\n<td>1\/2<\/td>\n<td>M22x1,5<\/td>\n<td>53<\/td>\n<td>20<\/td>\n<td>9<\/td>\n<td>27<\/td>\n<\/tr>\n<tr>\n<td>RK-1324-M\u0130SD<\/td>\n<td>12<\/td>\n<td>1\/2<\/td>\n<td>M24x1,5<\/td>\n<td>53.5<\/td>\n<td>20.5<\/td>\n<td>9<\/td>\n<td>30<\/td>\n<\/tr>\n<tr>\n<td>RK-1624-M\u0130SD<\/td>\n<td>16<\/td>\n<td>5\/8<\/td>\n<td>M24x1,5<\/td>\n<td>61.5<\/td>\n<td>21.5<\/td>\n<td>12<\/td>\n<td>30<\/td>\n<\/tr>\n<tr>\n<td>RK-1930-M\u0130SD<\/td>\n<td>19<\/td>\n<td>3\/4<\/td>\n<td>M30x1,5<\/td>\n<td>70<\/td>\n<td>26<\/td>\n<td>14<\/td>\n<td>36<\/td>\n<\/tr>\n<tr>\n<td>RK-2533-M\u0130SD<\/td>\n<td>25<\/td>\n<td>1&#8243;<\/td>\n<td>M33x1,5<\/td>\n<td>85<\/td>\n<td>31<\/td>\n<td>19<\/td>\n<td>41<\/td>\n<\/tr>\n<tr>\n<td>RK-3236-M\u0130SD<\/td>\n<td>32<\/td>\n<td>1&#8243;1\/4<\/td>\n<td>M36x1,5<\/td>\n<td>93.5<\/td>\n<td>34<\/td>\n<td>22<\/td>\n<td>46<\/td>\n<\/tr>\n<tr>\n<td>RK-3242-M\u0130SD<\/td>\n<td>32<\/td>\n<td>1&#8243;1\/4<\/td>\n<td>M42x1,5<\/td>\n<td>93.5<\/td>\n<td>34<\/td>\n<td>25<\/td>\n<td>50<\/td>\n<\/tr>\n<\/tbody>\n<\/table>\n","protected":false},"featured_media":7028,"template":"","meta":[],"product_cat":[47,112],"product_tag":[176,161,151,175,174,216,224,206,225],"class_list":{"0":"post-7034","1":"product","2":"type-product","3":"status-publish","4":"has-post-thumbnail","6":"product_cat-tum-urunleri","7":"product_cat-hidrolik-rekorlar","8":"product_tag-176","9":"product_tag-1-2","10":"product_tag-1-4","11":"product_tag-3-4","12":"product_tag-3-8","13":"product_tag-hidrolik","14":"product_tag-hidrolik-rekor","15":"product_tag-rekor","16":"product_tag-rekorsan","18":"first","19":"instock","20":"shipping-taxable","21":"product-type-simple"},"_links":{"self":[{"href":"https:\/\/novahidrolik.com.tr\/index.php\/wp-json\/wp\/v2\/product\/7034","targetHints":{"allow":["GET"]}}],"collection":[{"href":"https:\/\/novahidrolik.com.tr\/index.php\/wp-json\/wp\/v2\/product"}],"about":[{"href":"https:\/\/novahidrolik.com.tr\/index.php\/wp-json\/wp\/v2\/types\/product"}],"version-history":[{"count":0,"href":"https:\/\/novahidrolik.com.tr\/index.php\/wp-json\/wp\/v2\/product\/7034\/revisions"}],"wp:featuredmedia":[{"embeddable":true,"href":"https:\/\/novahidrolik.com.tr\/index.php\/wp-json\/wp\/v2\/media\/7028"}],"wp:attachment":[{"href":"https:\/\/novahidrolik.com.tr\/index.php\/wp-json\/wp\/v2\/media?parent=7034"}],"wp:term":[{"taxonomy":"product_cat","embeddable":true,"href":"https:\/\/novahidrolik.com.tr\/index.php\/wp-json\/wp\/v2\/product_cat?post=7034"},{"taxonomy":"product_tag","embeddable":true,"href":"https:\/\/novahidrolik.com.tr\/index.php\/wp-json\/wp\/v2\/product_tag?post=7034"}],"curies":[{"name":"wp","href":"https:\/\/api.w.org\/{rel}","templated":true}]}}