{"id":7037,"date":"2022-01-17T12:55:04","date_gmt":"2022-01-17T09:55:04","guid":{"rendered":"https:\/\/novahidrolik.com.tr\/?post_type=product&#038;p=7037"},"modified":"2022-01-17T12:55:04","modified_gmt":"2022-01-17T09:55:04","slug":"metrik-boru-somunu","status":"publish","type":"product","link":"https:\/\/novahidrolik.com.tr\/index.php\/urun\/metrik-boru-somunu\/","title":{"rendered":"METR\u0130K BORU SOMUNU"},"content":{"rendered":"","protected":false},"excerpt":{"rendered":"<table class=\"table table-striped\" cellspacing=\"0\">\n<tbody>\n<tr>\n<td colspan=\"5\"><strong>METR\u0130K BORU SOMUNU<\/strong><br \/>\nMETRIC TUBE NUT<\/td>\n<\/tr>\n<tr>\n<td><strong>MALZEME KODU<\/strong><br \/>\nMATERIAL CODE<\/td>\n<td><strong>SOMUN \u00d6L\u00c7\u00dcS\u00dc<\/strong><br \/>\nNUT SIZE<br \/>\nT1<\/td>\n<td><strong>BORU \u00c7API<\/strong><br \/>\nTUBE OD<br \/>\n\u00d8D<\/td>\n<td><strong>B<\/strong><\/td>\n<td><strong>AA<\/strong><\/td>\n<\/tr>\n<tr>\n<td colspan=\"5\"><strong>L T\u0130P\u0130 \/ L TYPE<\/strong><\/td>\n<\/tr>\n<tr>\n<td>\u00a0RK-0106-BS-LL<\/td>\n<td>\u00a0\u00a0\u00a0\u00a0\u00a0\u00a0\u00a0\u00a0 M10x1\u00a0\u00a0\u00a0\u00a0\u00a0\u00a0\u00a0\u00a0\u00a0 6LL<\/td>\n<td>6<\/td>\n<td>12<\/td>\n<td>12<\/td>\n<\/tr>\n<tr>\n<td>RK-0108-BS-LL<\/td>\n<td>\u00a0\u00a0\u00a0\u00a0\u00a0\u00a0\u00a0\u00a0 M12x1\u00a0\u00a0\u00a0\u00a0\u00a0\u00a0\u00a0\u00a0\u00a0 8LL<\/td>\n<td>8<\/td>\n<td>12.5<\/td>\n<td>14<\/td>\n<\/tr>\n<tr>\n<td>RK-0106-BS-L<\/td>\n<td>\u00a0\u00a0\u00a0\u00a0\u00a0\u00a0\u00a0\u00a0 M12x1,5\u00a0\u00a0\u00a0\u00a0\u00a0\u00a0\u00a0\u00a0 6L<\/td>\n<td>6<\/td>\n<td>15<\/td>\n<td>14<\/td>\n<\/tr>\n<tr>\n<td>RK-0108-BS-L<\/td>\n<td>\u00a0\u00a0\u00a0\u00a0\u00a0\u00a0\u00a0\u00a0 M14x1,5\u00a0\u00a0\u00a0\u00a0\u00a0\u00a0\u00a0\u00a0 8L<\/td>\n<td>8<\/td>\n<td>15<\/td>\n<td>17<\/td>\n<\/tr>\n<tr>\n<td>RK-0110-BS-L<\/td>\n<td>\u00a0\u00a0\u00a0\u00a0\u00a0\u00a0\u00a0\u00a0 M16x1,5\u00a0\u00a0\u00a0\u00a0\u00a0\u00a0 10L<\/td>\n<td>10<\/td>\n<td>16<\/td>\n<td>19<\/td>\n<\/tr>\n<tr>\n<td>RK-0112-BS-L<\/td>\n<td>\u00a0\u00a0\u00a0\u00a0\u00a0\u00a0\u00a0\u00a0 M18x1,5\u00a0\u00a0\u00a0\u00a0\u00a0\u00a0 12L<\/td>\n<td>12<\/td>\n<td>16<\/td>\n<td>22<\/td>\n<\/tr>\n<tr>\n<td>RK-0115-BS-L<\/td>\n<td>\u00a0\u00a0\u00a0\u00a0\u00a0\u00a0\u00a0\u00a0 M22x1,5\u00a0\u00a0\u00a0\u00a0\u00a0\u00a0 15L<\/td>\n<td>15<\/td>\n<td>17.5<\/td>\n<td>27<\/td>\n<\/tr>\n<tr>\n<td>RK-0118-BS-L<\/td>\n<td>\u00a0\u00a0\u00a0\u00a0\u00a0\u00a0\u00a0\u00a0 M26x1,5\u00a0\u00a0\u00a0\u00a0\u00a0\u00a0 18L<\/td>\n<td>18<\/td>\n<td>18.5<\/td>\n<td>32<\/td>\n<\/tr>\n<tr>\n<td>RK-0122-BS-L<\/td>\n<td>\u00a0\u00a0\u00a0\u00a0\u00a0\u00a0\u00a0\u00a0 M30x2\u00a0\u00a0\u00a0\u00a0\u00a0\u00a0\u00a0\u00a0\u00a0 22L<\/td>\n<td>22<\/td>\n<td>20.5<\/td>\n<td>36<\/td>\n<\/tr>\n<tr>\n<td>RK-0128-BS-L<\/td>\n<td>\u00a0\u00a0\u00a0\u00a0\u00a0\u00a0\u00a0\u00a0 M36x2\u00a0\u00a0\u00a0\u00a0\u00a0\u00a0\u00a0\u00a0\u00a0 28L<\/td>\n<td>28<\/td>\n<td>21<\/td>\n<td>41<\/td>\n<\/tr>\n<tr>\n<td>RK-0135-BS-L<\/td>\n<td>\u00a0\u00a0\u00a0\u00a0\u00a0\u00a0\u00a0\u00a0 M45x2\u00a0\u00a0\u00a0\u00a0\u00a0\u00a0\u00a0\u00a0\u00a0 35L<\/td>\n<td>35<\/td>\n<td>24<\/td>\n<td>50<\/td>\n<\/tr>\n<tr>\n<td>RK-0142-BS-L<\/td>\n<td>\u00a0\u00a0\u00a0\u00a0\u00a0\u00a0\u00a0\u00a0 M52x2\u00a0\u00a0\u00a0\u00a0\u00a0\u00a0\u00a0\u00a0\u00a0 42L<\/td>\n<td>42<\/td>\n<td>25.5<\/td>\n<td>60<\/td>\n<\/tr>\n<tr>\n<td colspan=\"5\"><strong>S T\u0130P\u0130 \/ S TYPE<\/strong><\/td>\n<\/tr>\n<tr>\n<td>RK-0206-BS-S<\/td>\n<td>\u00a0\u00a0\u00a0\u00a0\u00a0\u00a0\u00a0\u00a0 M14x1,5\u00a0\u00a0\u00a0\u00a0\u00a0\u00a0\u00a0 6S<\/td>\n<td>6<\/td>\n<td>17<\/td>\n<td>17<\/td>\n<\/tr>\n<tr>\n<td>RK-0208-BS-S<\/td>\n<td>\u00a0\u00a0\u00a0\u00a0\u00a0\u00a0\u00a0\u00a0 M16x1,5\u00a0\u00a0\u00a0\u00a0\u00a0\u00a0\u00a0 8S<\/td>\n<td>8<\/td>\n<td>17<\/td>\n<td>19<\/td>\n<\/tr>\n<tr>\n<td>RK-0210-BS-S<\/td>\n<td>\u00a0\u00a0\u00a0\u00a0\u00a0\u00a0\u00a0\u00a0 M18x1,5\u00a0\u00a0\u00a0\u00a0\u00a0\u00a0 10S<\/td>\n<td>10<\/td>\n<td>18<\/td>\n<td>22<\/td>\n<\/tr>\n<tr>\n<td>RK-0212-BS-S<\/td>\n<td>\u00a0\u00a0\u00a0\u00a0\u00a0\u00a0\u00a0\u00a0 M20x1,5\u00a0\u00a0\u00a0\u00a0\u00a0\u00a0 12S<\/td>\n<td>12<\/td>\n<td>18.5<\/td>\n<td>24<\/td>\n<\/tr>\n<tr>\n<td>RK-0214-BS-S<\/td>\n<td>\u00a0\u00a0\u00a0\u00a0\u00a0\u00a0\u00a0\u00a0 M22x1,5\u00a0\u00a0\u00a0\u00a0\u00a0\u00a0 14S<\/td>\n<td>14<\/td>\n<td>21<\/td>\n<td>27<\/td>\n<\/tr>\n<tr>\n<td>RK-0216-BS-S<\/td>\n<td>\u00a0\u00a0\u00a0\u00a0\u00a0\u00a0\u00a0\u00a0 M24x1,5\u00a0\u00a0\u00a0\u00a0\u00a0\u00a0 16S<\/td>\n<td>16<\/td>\n<td>21<\/td>\n<td>30<\/td>\n<\/tr>\n<tr>\n<td>RK-0220-BS-S<\/td>\n<td>\u00a0\u00a0\u00a0\u00a0\u00a0\u00a0\u00a0\u00a0 M30x2\u00a0\u00a0\u00a0\u00a0\u00a0\u00a0\u00a0\u00a0\u00a0 20S<\/td>\n<td>20<\/td>\n<td>24.5<\/td>\n<td>36<\/td>\n<\/tr>\n<tr>\n<td>RK-0225-BS-S<\/td>\n<td>\u00a0\u00a0\u00a0\u00a0\u00a0\u00a0\u00a0\u00a0 M36x2\u00a0\u00a0\u00a0\u00a0\u00a0\u00a0\u00a0\u00a0\u00a0 25S<\/td>\n<td>25<\/td>\n<td>27<\/td>\n<td>46<\/td>\n<\/tr>\n<tr>\n<td>RK-0230-BS-S<\/td>\n<td>\u00a0\u00a0\u00a0\u00a0\u00a0\u00a0\u00a0\u00a0 M42x2\u00a0\u00a0\u00a0\u00a0\u00a0\u00a0\u00a0\u00a0\u00a0 30S<\/td>\n<td>30<\/td>\n<td>29<\/td>\n<td>50<\/td>\n<\/tr>\n<tr>\n<td>RK-0238-BS-S<\/td>\n<td>\u00a0\u00a0\u00a0\u00a0\u00a0\u00a0\u00a0\u00a0 M52x2\u00a0\u00a0\u00a0\u00a0\u00a0\u00a0\u00a0\u00a0\u00a0 38S<\/td>\n<td>38<\/td>\n<td>32.5<\/td>\n<td>60<\/td>\n<\/tr>\n<\/tbody>\n<\/table>\n","protected":false},"featured_media":7039,"template":"","meta":[],"product_cat":[47,112],"product_tag":[233,247,234,248,235,245,236,246,216,224,227,226,229,228,232,230,206,225],"class_list":{"0":"post-7037","1":"product","2":"type-product","3":"status-publish","4":"has-post-thumbnail","6":"product_cat-tum-urunleri","7":"product_cat-hidrolik-rekorlar","8":"product_tag-10l","9":"product_tag-10s","10":"product_tag-12l","11":"product_tag-12s","12":"product_tag-6l","13":"product_tag-6s","14":"product_tag-8l","15":"product_tag-8s","16":"product_tag-hidrolik","17":"product_tag-hidrolik-rekor","18":"product_tag-m10","19":"product_tag-m12","20":"product_tag-m14","21":"product_tag-m16","22":"product_tag-m18","23":"product_tag-m30","24":"product_tag-rekor","25":"product_tag-rekorsan","27":"first","28":"instock","29":"shipping-taxable","30":"product-type-simple"},"_links":{"self":[{"href":"https:\/\/novahidrolik.com.tr\/index.php\/wp-json\/wp\/v2\/product\/7037","targetHints":{"allow":["GET"]}}],"collection":[{"href":"https:\/\/novahidrolik.com.tr\/index.php\/wp-json\/wp\/v2\/product"}],"about":[{"href":"https:\/\/novahidrolik.com.tr\/index.php\/wp-json\/wp\/v2\/types\/product"}],"version-history":[{"count":0,"href":"https:\/\/novahidrolik.com.tr\/index.php\/wp-json\/wp\/v2\/product\/7037\/revisions"}],"wp:featuredmedia":[{"embeddable":true,"href":"https:\/\/novahidrolik.com.tr\/index.php\/wp-json\/wp\/v2\/media\/7039"}],"wp:attachment":[{"href":"https:\/\/novahidrolik.com.tr\/index.php\/wp-json\/wp\/v2\/media?parent=7037"}],"wp:term":[{"taxonomy":"product_cat","embeddable":true,"href":"https:\/\/novahidrolik.com.tr\/index.php\/wp-json\/wp\/v2\/product_cat?post=7037"},{"taxonomy":"product_tag","embeddable":true,"href":"https:\/\/novahidrolik.com.tr\/index.php\/wp-json\/wp\/v2\/product_tag?post=7037"}],"curies":[{"name":"wp","href":"https:\/\/api.w.org\/{rel}","templated":true}]}}