{"id":7041,"date":"2022-01-17T12:58:30","date_gmt":"2022-01-17T09:58:30","guid":{"rendered":"https:\/\/novahidrolik.com.tr\/?post_type=product&#038;p=7041"},"modified":"2022-01-17T12:58:30","modified_gmt":"2022-01-17T09:58:30","slug":"celik-yuksukler","status":"publish","type":"product","link":"https:\/\/novahidrolik.com.tr\/index.php\/urun\/celik-yuksukler\/","title":{"rendered":"\u00c7EL\u0130K Y\u00dcKS\u00dcKLER"},"content":{"rendered":"","protected":false},"excerpt":{"rendered":"<table class=\"table table-striped\" cellspacing=\"0\">\n<tbody>\n<tr>\n<td colspan=\"3\"><strong>\u00c7EL\u0130K Y\u00dcKS\u00dcKLER<\/strong><br \/>\nCUTTING RING<\/td>\n<\/tr>\n<tr>\n<td><strong>MALZEME KODU<\/strong><br \/>\nMATERIAL CODE<\/td>\n<td><strong>BORU \u00c7API<\/strong><br \/>\nTUBE OD<br \/>\n\u00d8D<\/td>\n<td><strong>B<\/strong><\/td>\n<\/tr>\n<tr>\n<td colspan=\"3\"><strong>L T\u0130P\u0130 \/ L TYPE<\/strong><\/td>\n<\/tr>\n<tr>\n<td>\u00a0\u00a0\u00a0\u00a0 RK-0106-\u00c7Y-LL<\/td>\n<td>6<\/td>\n<td>7<\/td>\n<\/tr>\n<tr>\n<td>\u00a0\u00a0\u00a0\u00a0 RK-0108-\u00c7Y-LL<\/td>\n<td>8<\/td>\n<td>7<\/td>\n<\/tr>\n<tr>\n<td>RK-0106-\u00c7Y<\/td>\n<td>6<\/td>\n<td>9.5<\/td>\n<\/tr>\n<tr>\n<td>RK-0108-\u00c7Y<\/td>\n<td>8<\/td>\n<td>9.5<\/td>\n<\/tr>\n<tr>\n<td>RK-0110-\u00c7Y<\/td>\n<td>10<\/td>\n<td>10<\/td>\n<\/tr>\n<tr>\n<td>RK-0112-\u00c7Y<\/td>\n<td>12<\/td>\n<td>10<\/td>\n<\/tr>\n<tr>\n<td>RK-0115-\u00c7Y<\/td>\n<td>15<\/td>\n<td>10<\/td>\n<\/tr>\n<tr>\n<td>RK-0118-\u00c7Y<\/td>\n<td>18<\/td>\n<td>10<\/td>\n<\/tr>\n<tr>\n<td>RK-0122-\u00c7Y<\/td>\n<td>22<\/td>\n<td>11.5<\/td>\n<\/tr>\n<tr>\n<td>RK-0128-\u00c7Y<\/td>\n<td>28<\/td>\n<td>11.5<\/td>\n<\/tr>\n<tr>\n<td>RK-0135-\u00c7Y<\/td>\n<td>35<\/td>\n<td>13.5<\/td>\n<\/tr>\n<tr>\n<td>RK-0142-\u00c7Y<\/td>\n<td>42<\/td>\n<td>13.5<\/td>\n<\/tr>\n<tr>\n<td colspan=\"3\"><strong>S T\u0130P\u0130 \/ S TYPE<\/strong><\/td>\n<\/tr>\n<tr>\n<td>RK-0216-\u00c7Y<\/td>\n<td>16<\/td>\n<td>10.5<\/td>\n<\/tr>\n<tr>\n<td>RK-0220-\u00c7Y<\/td>\n<td>20<\/td>\n<td>12.5<\/td>\n<\/tr>\n<tr>\n<td>RK-0225-\u00c7Y<\/td>\n<td>25<\/td>\n<td>12.5<\/td>\n<\/tr>\n<tr>\n<td>RK-0230-\u00c7Y<\/td>\n<td>30<\/td>\n<td>13.5<\/td>\n<\/tr>\n<tr>\n<td>RK-0238-\u00c7Y<\/td>\n<td>38<\/td>\n<td>13.5<\/td>\n<\/tr>\n<\/tbody>\n<\/table>\n","protected":false},"featured_media":7043,"template":"","meta":[],"product_cat":[47,112],"product_tag":[251,252,253,254,249,250,216,224,206,225],"class_list":{"0":"post-7041","1":"product","2":"type-product","3":"status-publish","4":"has-post-thumbnail","6":"product_cat-tum-urunleri","7":"product_cat-hidrolik-rekorlar","8":"product_tag-251","9":"product_tag-252","10":"product_tag-253","11":"product_tag-254","12":"product_tag-249","13":"product_tag-250","14":"product_tag-hidrolik","15":"product_tag-hidrolik-rekor","16":"product_tag-rekor","17":"product_tag-rekorsan","19":"first","20":"instock","21":"shipping-taxable","22":"product-type-simple"},"_links":{"self":[{"href":"https:\/\/novahidrolik.com.tr\/index.php\/wp-json\/wp\/v2\/product\/7041","targetHints":{"allow":["GET"]}}],"collection":[{"href":"https:\/\/novahidrolik.com.tr\/index.php\/wp-json\/wp\/v2\/product"}],"about":[{"href":"https:\/\/novahidrolik.com.tr\/index.php\/wp-json\/wp\/v2\/types\/product"}],"version-history":[{"count":0,"href":"https:\/\/novahidrolik.com.tr\/index.php\/wp-json\/wp\/v2\/product\/7041\/revisions"}],"wp:featuredmedia":[{"embeddable":true,"href":"https:\/\/novahidrolik.com.tr\/index.php\/wp-json\/wp\/v2\/media\/7043"}],"wp:attachment":[{"href":"https:\/\/novahidrolik.com.tr\/index.php\/wp-json\/wp\/v2\/media?parent=7041"}],"wp:term":[{"taxonomy":"product_cat","embeddable":true,"href":"https:\/\/novahidrolik.com.tr\/index.php\/wp-json\/wp\/v2\/product_cat?post=7041"},{"taxonomy":"product_tag","embeddable":true,"href":"https:\/\/novahidrolik.com.tr\/index.php\/wp-json\/wp\/v2\/product_tag?post=7041"}],"curies":[{"name":"wp","href":"https:\/\/api.w.org\/{rel}","templated":true}]}}