{"id":7057,"date":"2022-01-17T13:12:31","date_gmt":"2022-01-17T10:12:31","guid":{"rendered":"https:\/\/novahidrolik.com.tr\/?post_type=product&#038;p=7057"},"modified":"2022-01-17T13:12:32","modified_gmt":"2022-01-17T10:12:32","slug":"metrik-ortabacak-te","status":"publish","type":"product","link":"https:\/\/novahidrolik.com.tr\/index.php\/urun\/metrik-ortabacak-te\/","title":{"rendered":"METR\u0130K ORTABACAK TE"},"content":{"rendered":"","protected":false},"excerpt":{"rendered":"<table class=\"table table-striped\" cellspacing=\"0\">\n<tbody>\n<tr>\n<td colspan=\"8\"><strong>METR\u0130K ORTABACAK TE<\/strong><br \/>\nMETRIC SWIVEL BRANCH TEE<\/td>\n<\/tr>\n<tr>\n<td><strong>MALZEME KODU<\/strong><br \/>\nMATERIAL CODE<\/td>\n<td><strong>D\u0130\u015e \u00d6L\u00c7\u00dcS\u00dc<\/strong><br \/>\nTHREAD SIZE<br \/>\nT1<\/td>\n<td><strong>BORU \u00c7API<\/strong><br \/>\nTUBE OD<br \/>\n\u00d8D<\/td>\n<td><strong>B<\/strong><\/td>\n<td><strong>C<\/strong><\/td>\n<td><strong>\u00d8D1<\/strong><\/td>\n<td><strong>A1<\/strong><\/td>\n<td><strong>A2<\/strong><\/td>\n<\/tr>\n<tr>\n<td colspan=\"8\"><strong>L T\u0130P\u0130 \/ L TYPE<\/strong><\/td>\n<\/tr>\n<tr>\n<td>RK-0606-MOT-L<\/td>\n<td>M12x1,5\u00a0\u00a0\u00a0\u00a0\u00a0 6L<\/td>\n<td>6<\/td>\n<td>12<\/td>\n<td>26<\/td>\n<td>4<\/td>\n<td>12<\/td>\n<td>14<\/td>\n<\/tr>\n<tr>\n<td>RK-0808-MOT-L<\/td>\n<td>M14x1,5\u00a0\u00a0\u00a0\u00a0\u00a0 8L<\/td>\n<td>8<\/td>\n<td>14<\/td>\n<td>27.5<\/td>\n<td>6<\/td>\n<td>12<\/td>\n<td>17<\/td>\n<\/tr>\n<tr>\n<td>RK-1010-MOT-L<\/td>\n<td>M16x1,5\u00a0\u00a0\u00a0 10L<\/td>\n<td>10<\/td>\n<td>15<\/td>\n<td>29<\/td>\n<td>8<\/td>\n<td>14<\/td>\n<td>19<\/td>\n<\/tr>\n<tr>\n<td>RK-1212-MOT-L<\/td>\n<td>M18x1,5\u00a0\u00a0\u00a0 12L<\/td>\n<td>12<\/td>\n<td>17<\/td>\n<td>29.5<\/td>\n<td>10<\/td>\n<td>17<\/td>\n<td>22<\/td>\n<\/tr>\n<tr>\n<td>RK-1515-MOT-L<\/td>\n<td>M22x1,5\u00a0\u00a0\u00a0 15L<\/td>\n<td>15<\/td>\n<td>21<\/td>\n<td>32.5<\/td>\n<td>12<\/td>\n<td>19<\/td>\n<td>27<\/td>\n<\/tr>\n<tr>\n<td>RK-1818-MOT-L<\/td>\n<td>M26x1,5\u00a0\u00a0\u00a0 18L<\/td>\n<td>18<\/td>\n<td>23.5<\/td>\n<td>35.5<\/td>\n<td>15<\/td>\n<td>24<\/td>\n<td>32<\/td>\n<\/tr>\n<tr>\n<td>RK-2222-MOT-L<\/td>\n<td>M30x2\u00a0\u00a0\u00a0\u00a0\u00a0\u00a0 22L<\/td>\n<td>22<\/td>\n<td>27.5<\/td>\n<td>38.5<\/td>\n<td>19<\/td>\n<td>27<\/td>\n<td>36<\/td>\n<\/tr>\n<tr>\n<td>RK-2828-MOT-L<\/td>\n<td>M36x2\u00a0\u00a0\u00a0\u00a0\u00a0\u00a0 28L<\/td>\n<td>28<\/td>\n<td>30.5<\/td>\n<td>41.5<\/td>\n<td>24<\/td>\n<td>36<\/td>\n<td>41<\/td>\n<\/tr>\n<tr>\n<td>RK-3535-MOT-L<\/td>\n<td>M45x2\u00a0\u00a0\u00a0\u00a0\u00a0\u00a0 35L<\/td>\n<td>35<\/td>\n<td>34.5<\/td>\n<td>51<\/td>\n<td>30<\/td>\n<td>41<\/td>\n<td>50<\/td>\n<\/tr>\n<tr>\n<td>RK-4242-MOT-L<\/td>\n<td>M52x2\u00a0\u00a0\u00a0\u00a0\u00a0\u00a0 42L<\/td>\n<td>42<\/td>\n<td>40<\/td>\n<td>56<\/td>\n<td>36<\/td>\n<td>50<\/td>\n<td>60<\/td>\n<\/tr>\n<tr>\n<td colspan=\"8\"><strong>S T\u0130P\u0130 \/ S TYPE<\/strong><\/td>\n<\/tr>\n<tr>\n<td>RK-0606-MOT-S<\/td>\n<td>M14x1,5\u00a0\u00a0\u00a0\u00a0\u00a0\u00a0\u00a0 6S<\/td>\n<td>6<\/td>\n<td>16<\/td>\n<td>27<\/td>\n<td>4<\/td>\n<td>12<\/td>\n<td>17<\/td>\n<\/tr>\n<tr>\n<td>RK-0808-MOT-S<\/td>\n<td>M16x1,5\u00a0\u00a0\u00a0\u00a0\u00a0\u00a0\u00a0 8S<\/td>\n<td>8<\/td>\n<td>15.5<\/td>\n<td>27.5<\/td>\n<td>5<\/td>\n<td>14<\/td>\n<td>19<\/td>\n<\/tr>\n<tr>\n<td>RK-1010-MOT-S<\/td>\n<td>M18x1,5\u00a0\u00a0\u00a0\u00a0\u00a0 10S<\/td>\n<td>10<\/td>\n<td>17.5<\/td>\n<td>30<\/td>\n<td>7<\/td>\n<td>17<\/td>\n<td>22<\/td>\n<\/tr>\n<tr>\n<td>RK-1212-MOT-S<\/td>\n<td>M20x1,5\u00a0\u00a0\u00a0\u00a0\u00a0 12S<\/td>\n<td>12<\/td>\n<td>21.5<\/td>\n<td>31<\/td>\n<td>8<\/td>\n<td>17<\/td>\n<td>24<\/td>\n<\/tr>\n<tr>\n<td>RK-1616-MOT-S<\/td>\n<td>M24x1,5\u00a0\u00a0\u00a0\u00a0\u00a0 16S<\/td>\n<td>16<\/td>\n<td>24.5<\/td>\n<td>36.5<\/td>\n<td>12<\/td>\n<td>24<\/td>\n<td>30<\/td>\n<\/tr>\n<tr>\n<td>RK-2020-MOT-S<\/td>\n<td>M30x2\u00a0\u00a0\u00a0\u00a0\u00a0\u00a0\u00a0\u00a0 20S<\/td>\n<td>20<\/td>\n<td>26.5<\/td>\n<td>44.5<\/td>\n<td>16<\/td>\n<td>27<\/td>\n<td>36<\/td>\n<\/tr>\n<tr>\n<td>RK-2525-MOT-S<\/td>\n<td>M36x2\u00a0\u00a0\u00a0\u00a0\u00a0\u00a0\u00a0\u00a0 25S<\/td>\n<td>25<\/td>\n<td>30<\/td>\n<td>50<\/td>\n<td>20<\/td>\n<td>36<\/td>\n<td>46<\/td>\n<\/tr>\n<tr>\n<td>RK-3030-MOT-S<\/td>\n<td>M42x2\u00a0\u00a0\u00a0\u00a0\u00a0\u00a0\u00a0\u00a0 30S<\/td>\n<td>30<\/td>\n<td>35.5<\/td>\n<td>55<\/td>\n<td>25<\/td>\n<td>41<\/td>\n<td>50<\/td>\n<\/tr>\n<tr>\n<td>RK-3838-MOT-S<\/td>\n<td>M52x2\u00a0\u00a0\u00a0\u00a0\u00a0\u00a0\u00a0\u00a0 38S<\/td>\n<td>38<\/td>\n<td>41<\/td>\n<td>63<\/td>\n<td>32<\/td>\n<td>50<\/td>\n<td>60<\/td>\n<\/tr>\n<\/tbody>\n<\/table>\n","protected":false},"featured_media":7059,"template":"","meta":[],"product_cat":[47,112],"product_tag":[216,224,226,229,228,232,231,230,206,225],"class_list":{"0":"post-7057","1":"product","2":"type-product","3":"status-publish","4":"has-post-thumbnail","6":"product_cat-tum-urunleri","7":"product_cat-hidrolik-rekorlar","8":"product_tag-hidrolik","9":"product_tag-hidrolik-rekor","10":"product_tag-m12","11":"product_tag-m14","12":"product_tag-m16","13":"product_tag-m18","14":"product_tag-m22","15":"product_tag-m30","16":"product_tag-rekor","17":"product_tag-rekorsan","19":"first","20":"instock","21":"shipping-taxable","22":"product-type-simple"},"_links":{"self":[{"href":"https:\/\/novahidrolik.com.tr\/index.php\/wp-json\/wp\/v2\/product\/7057","targetHints":{"allow":["GET"]}}],"collection":[{"href":"https:\/\/novahidrolik.com.tr\/index.php\/wp-json\/wp\/v2\/product"}],"about":[{"href":"https:\/\/novahidrolik.com.tr\/index.php\/wp-json\/wp\/v2\/types\/product"}],"version-history":[{"count":0,"href":"https:\/\/novahidrolik.com.tr\/index.php\/wp-json\/wp\/v2\/product\/7057\/revisions"}],"wp:featuredmedia":[{"embeddable":true,"href":"https:\/\/novahidrolik.com.tr\/index.php\/wp-json\/wp\/v2\/media\/7059"}],"wp:attachment":[{"href":"https:\/\/novahidrolik.com.tr\/index.php\/wp-json\/wp\/v2\/media?parent=7057"}],"wp:term":[{"taxonomy":"product_cat","embeddable":true,"href":"https:\/\/novahidrolik.com.tr\/index.php\/wp-json\/wp\/v2\/product_cat?post=7057"},{"taxonomy":"product_tag","embeddable":true,"href":"https:\/\/novahidrolik.com.tr\/index.php\/wp-json\/wp\/v2\/product_tag?post=7057"}],"curies":[{"name":"wp","href":"https:\/\/api.w.org\/{rel}","templated":true}]}}