{"id":7077,"date":"2022-01-17T13:29:45","date_gmt":"2022-01-17T10:29:45","guid":{"rendered":"https:\/\/novahidrolik.com.tr\/?post_type=product&#038;p=7077"},"modified":"2022-01-17T13:29:45","modified_gmt":"2022-01-17T10:29:45","slug":"bsp-yanbacak-te","status":"publish","type":"product","link":"https:\/\/novahidrolik.com.tr\/index.php\/urun\/bsp-yanbacak-te\/","title":{"rendered":"BSP YANBACAK TE"},"content":{"rendered":"","protected":false},"excerpt":{"rendered":"<table class=\"table table-striped\" cellspacing=\"0\">\n<tbody>\n<tr>\n<td colspan=\"8\"><strong>BSP YANBACAK TE<\/strong><br \/>\nBSP SWIVEL RUN TEE<\/td>\n<\/tr>\n<tr>\n<td><strong>MALZEME KODU<\/strong><br \/>\nMATERIAL CODE<\/td>\n<td><strong>D\u0130\u015e \u00d6L\u00c7\u00dcS\u00dc<\/strong><br \/>\nTHREAD SIZE<br \/>\nT1<\/td>\n<td><strong>B<\/strong><\/td>\n<td><strong>C<\/strong><\/td>\n<td><strong>\u00d8D<\/strong><\/td>\n<td><strong>\u00d8D1<\/strong><\/td>\n<td><strong>A1<\/strong><\/td>\n<td><strong>A2<\/strong><\/td>\n<\/tr>\n<tr>\n<td>RK-1010-RYT<\/td>\n<td>R1\/8-28<\/td>\n<td>20<\/td>\n<td>20<\/td>\n<td>4<\/td>\n<td>4<\/td>\n<td>12<\/td>\n<td>14<\/td>\n<\/tr>\n<tr>\n<td>RK-1313-RYT<\/td>\n<td>R1\/4-19<\/td>\n<td>21.5<\/td>\n<td>21.5<\/td>\n<td>6<\/td>\n<td>5.5<\/td>\n<td>12<\/td>\n<td>17<\/td>\n<\/tr>\n<tr>\n<td>RK-1717-RYT<\/td>\n<td>R3\/8-19<\/td>\n<td>22.5<\/td>\n<td>22.5<\/td>\n<td>9<\/td>\n<td>8<\/td>\n<td>14<\/td>\n<td>22<\/td>\n<\/tr>\n<tr>\n<td>RK-2121-RYT<\/td>\n<td>R1\/2-14<\/td>\n<td>28.5<\/td>\n<td>28.5<\/td>\n<td>12<\/td>\n<td>10<\/td>\n<td>21<\/td>\n<td>27<\/td>\n<\/tr>\n<tr>\n<td>RK-2626-RYT<\/td>\n<td>R3\/4-14<\/td>\n<td>31<\/td>\n<td>36<\/td>\n<td>15<\/td>\n<td>15<\/td>\n<td>24<\/td>\n<td>32<\/td>\n<\/tr>\n<tr>\n<td>RK-3333-RYT<\/td>\n<td>R1&#8243;-11<\/td>\n<td>42<\/td>\n<td>42<\/td>\n<td>20<\/td>\n<td>20<\/td>\n<td>36<\/td>\n<td>41<\/td>\n<\/tr>\n<tr>\n<td>RK-4242-RYT<\/td>\n<td>R1&#8243;1\/4-11<\/td>\n<td>49<\/td>\n<td>49<\/td>\n<td>26<\/td>\n<td>26<\/td>\n<td>41<\/td>\n<td>50<\/td>\n<\/tr>\n<tr>\n<td>RK-4848-RYT<\/td>\n<td>R1&#8243;1\/2-11<\/td>\n<td>58<\/td>\n<td>58<\/td>\n<td>31<\/td>\n<td>31<\/td>\n<td>50<\/td>\n<td>55<\/td>\n<\/tr>\n<\/tbody>\n<\/table>\n","protected":false},"featured_media":7079,"template":"","meta":[],"product_cat":[47,112],"product_tag":[161,151,150,175,174,216,224,258,206,225],"class_list":{"0":"post-7077","1":"product","2":"type-product","3":"status-publish","4":"has-post-thumbnail","6":"product_cat-tum-urunleri","7":"product_cat-hidrolik-rekorlar","8":"product_tag-1-2","9":"product_tag-1-4","10":"product_tag-1-8","11":"product_tag-3-4","12":"product_tag-3-8","13":"product_tag-hidrolik","14":"product_tag-hidrolik-rekor","15":"product_tag-hidrolik-te","16":"product_tag-rekor","17":"product_tag-rekorsan","19":"first","20":"instock","21":"shipping-taxable","22":"product-type-simple"},"_links":{"self":[{"href":"https:\/\/novahidrolik.com.tr\/index.php\/wp-json\/wp\/v2\/product\/7077","targetHints":{"allow":["GET"]}}],"collection":[{"href":"https:\/\/novahidrolik.com.tr\/index.php\/wp-json\/wp\/v2\/product"}],"about":[{"href":"https:\/\/novahidrolik.com.tr\/index.php\/wp-json\/wp\/v2\/types\/product"}],"version-history":[{"count":0,"href":"https:\/\/novahidrolik.com.tr\/index.php\/wp-json\/wp\/v2\/product\/7077\/revisions"}],"wp:featuredmedia":[{"embeddable":true,"href":"https:\/\/novahidrolik.com.tr\/index.php\/wp-json\/wp\/v2\/media\/7079"}],"wp:attachment":[{"href":"https:\/\/novahidrolik.com.tr\/index.php\/wp-json\/wp\/v2\/media?parent=7077"}],"wp:term":[{"taxonomy":"product_cat","embeddable":true,"href":"https:\/\/novahidrolik.com.tr\/index.php\/wp-json\/wp\/v2\/product_cat?post=7077"},{"taxonomy":"product_tag","embeddable":true,"href":"https:\/\/novahidrolik.com.tr\/index.php\/wp-json\/wp\/v2\/product_tag?post=7077"}],"curies":[{"name":"wp","href":"https:\/\/api.w.org\/{rel}","templated":true}]}}